{"id":341,"date":"2020-05-28T16:22:55","date_gmt":"2020-05-28T14:22:55","guid":{"rendered":"https:\/\/grand-angle.lavenir.net\/welcome-to-my-garden\/?page_id=341"},"modified":"2020-05-29T08:53:15","modified_gmt":"2020-05-29T06:53:15","slug":"a-bruxelles-planter-sa-tente-a-100-metres-du-metro","status":"publish","type":"page","link":"https:\/\/grand-angle.lavenir.net\/welcome-to-my-garden\/a-bruxelles-planter-sa-tente-a-100-metres-du-metro\/","title":{"rendered":"\u00c0 Bruxelles, planter sa tente \u00e0 100 m\u00e8tres du m\u00e9tro"},"content":{"rendered":"<p><div class=\"fusion-fullwidth fullwidth-box fusion-builder-row-1 nonhundred-percent-fullwidth hundred-percent-height hundred-percent-height-center-content non-hundred-percent-height-scrolling\" style=\"--awb-border-radius-top-left:0px;--awb-border-radius-top-right:0px;--awb-border-radius-bottom-right:0px;--awb-border-radius-bottom-left:0px;--awb-background-color:#f2f2f2;--awb-flex-wrap:wrap;\" ><div class=\"fusion-fullwidth-center-content\"><div class=\"fusion-builder-row fusion-row\"><div class=\"fusion-layout-column fusion_builder_column fusion-builder-column-0 fusion_builder_column_1_1 1_1 fusion-one-full fusion-column-first fusion-column-last\" style=\"--awb-bg-size:cover;\"><div class=\"fusion-column-wrapper fusion-column-has-shadow fusion-flex-column-wrapper-legacy\"><div class=\"fusion-text fusion-text-1\"><h6>Le site Welcome to my garden r\u00e9unit voyageurs et propri\u00e9taires de jardin.<\/h6>\n<h6>Et pas uniquement \u00e0 la campagne.<\/h6>\n<h6>Fran\u00e7oise est la premi\u00e8re \u00e0 y ouvrir sa pelouse \u00e0 Bruxelles.<\/h6>\n<\/div><div class=\"fusion-clearfix\"><\/div><\/div><\/div><\/div><\/div><\/div><div class=\"fusion-fullwidth fullwidth-box fusion-builder-row-2 nonhundred-percent-fullwidth non-hundred-percent-height-scrolling\" style=\"--awb-border-radius-top-left:0px;--awb-border-radius-top-right:0px;--awb-border-radius-bottom-right:0px;--awb-border-radius-bottom-left:0px;--awb-padding-top:40px;--awb-flex-wrap:wrap;\" ><div class=\"fusion-builder-row fusion-row\"><div class=\"fusion-layout-column fusion_builder_column fusion-builder-column-1 fusion_builder_column_1_1 1_1 fusion-one-full fusion-column-first fusion-column-last\" style=\"--awb-bg-size:cover;\"><div class=\"fusion-column-wrapper fusion-column-has-shadow fusion-flex-column-wrapper-legacy\"><div class=\"fusion-sharing-box fusion-sharing-box-1 boxed-icons has-taglines layout-floated layout-medium-floated layout-small-floated\" style=\"background-color:rgba(246,246,246,0);padding:0;--awb-layout:row;--awb-alignment-small:space-between;\" data-title=\"\u00c0 Bruxelles, planter sa tente \u00e0 100 m\u00e8tres du m\u00e9tro\" data-description=\"Le site Welcome to my garden r\u00e9unit voyageurs et propri\u00e9taires de jardin. Et pas uniquement \u00e0 la campagne.\u200aFran\u00e7oise est la premi\u00e8re \u00e0 y ouvrir sa pelouse \u00e0 Bruxelles.\u200a\n\" data-link=\"https:\/\/grand-angle.lavenir.net\/welcome-to-my-garden\/a-bruxelles-planter-sa-tente-a-100-metres-du-metro\/\"><div class=\"fusion-social-networks sharingbox-shortcode-icon-wrapper sharingbox-shortcode-icon-wrapper-1 boxed-icons\"><span><a href=\"https:\/\/www.facebook.com\/sharer.php?u=https%3A%2F%2Fgrand-angle.lavenir.net%2Fwelcome-to-my-garden%2Fa-bruxelles-planter-sa-tente-a-100-metres-du-metro%2F&amp;t=%C3%80%20Bruxelles%2C%20planter%20sa%20tente%20%C3%A0%20100%20m%C3%A8tres%20du%20m%C3%A9tro\" target=\"_blank\" rel=\"noreferrer\" title=\"Facebook\" aria-label=\"Facebook\" data-placement=\"top\" data-toggle=\"tooltip\" data-title=\"Facebook\"><i class=\"fusion-social-network-icon fusion-tooltip fusion-facebook awb-icon-facebook\" style=\"color:#ffffff;background-color:#3b5998;border-color:#3b5998;border-radius:50%;\" aria-hidden=\"true\"><\/i><\/a><\/span><span><a href=\"https:\/\/x.com\/intent\/post?text=%C3%80%20Bruxelles%2C%20planter%20sa%20tente%20%C3%A0%20100%20m%C3%A8tres%20du%20m%C3%A9tro&amp;url=https%3A%2F%2Fgrand-angle.lavenir.net%2Fwelcome-to-my-garden%2Fa-bruxelles-planter-sa-tente-a-100-metres-du-metro%2F\" target=\"_blank\" rel=\"noopener noreferrer\" title=\"X\" aria-label=\"X\" data-placement=\"top\" data-toggle=\"tooltip\" data-title=\"X\"><i class=\"fusion-social-network-icon fusion-tooltip fusion-twitter awb-icon-twitter\" style=\"color:#ffffff;background-color:#000000;border-color:#000000;border-radius:50%;\" aria-hidden=\"true\"><\/i><\/a><\/span><\/div><\/div><div class=\"fusion-text fusion-text-2\"><p>Contournant le weigelia, Fran\u00e7oise Van Enst descend son interminable jardin vers le ru qui coule tout au fond, au pied d\u2019une \u00e9paisse haie. \u00ab\u2009J\u2019esp\u00e8re avoir des l\u00e9gumes si les limaces ne mangent pas tout.\u2009\u00bb \u00c0 Auderghem, le confinement a stopp\u00e9 net le vacarme automobile du viaduc Herrmann-Debroux, qui ondule \u00e0 quelques centaines de m\u00e8tres. Le chant des oiseaux s\u2019\u00e9l\u00e8ve dans les feuilles du vieux pommier \u00ab\u2009qui ne donne plus trop.\u2009\u00bb\u200aLe corridor de verdure est s\u00e9par\u00e9 de ceux des voisins par de fr\u00eales grillages qui n\u2019assassinent ni la perspective, ni l\u2019impression d\u2019espace. \u00ab\u2009Mon jardin n\u2019est pas large, mais mesure 50 m de long : il y a la place pour planter une tente.\u2009\u00bb<\/p>\n<h3>Une id\u00e9e de s\u00e9jour originale<\/h3>\n<p>Et justement, l\u2019infirmi\u00e8re de 63 ans vient de s\u2019inscrire sur la jeune plateforme belge Welcome to my garden.\u200aSa pelouse est le premier point de chute bruxellois \u00e0 int\u00e9grer le site.\u200aDepuis lors, d\u2019autres carr\u00e9s de gazon \u00e0 Uccle, Jette ou Evere ont fait le saut vers ce partage du jardin 100 % gratuit.<\/p>\n<p>Dans une Europe sonn\u00e9e, le voyage risque d\u2019\u00eatre cors\u00e9 cet \u00e9t\u00e9.\u200aLe Belge pourrait donc se replier sur ses fronti\u00e8res.\u200aEt si h\u00f4tels et chambres d\u2019h\u00f4tes restent interdits ou dopent leurs prix en raison de frais de d\u00e9sinfection suppl\u00e9mentaires, planter la tente pourrait s\u2019av\u00e9rer pratique pour s\u2019offrir une escapade en Ardenne ou un city trip dans la capitale. M\u00eame pour des Bruxellois \u00e9c\u0153ur\u00e9s par les parcs bond\u00e9s et sous surveillance polici\u00e8re ininterrompue.<\/p>\n<p>Fran\u00e7oise Van Enst ne s\u2019y trompe pas : \u00ab\u2009En confinement, le jardin est pr\u00e9cieux.\u200aMoi, j\u2019ai profit\u00e9 du beau temps dehors.\u200aEt c\u2019est un privil\u00e8ge en ville.\u200aVraiment.\u2009\u00bb<\/p>\n<\/div><div class=\"fusion-image-element in-legacy-container\" style=\"--awb-caption-title-font-family:var(--h2_typography-font-family);--awb-caption-title-font-weight:var(--h2_typography-font-weight);--awb-caption-title-font-style:var(--h2_typography-font-style);--awb-caption-title-size:var(--h2_typography-font-size);--awb-caption-title-transform:var(--h2_typography-text-transform);--awb-caption-title-line-height:var(--h2_typography-line-height);--awb-caption-title-letter-spacing:var(--h2_typography-letter-spacing);\"><span class=\" fusion-imageframe imageframe-none imageframe-1 hover-type-zoomin\"><img decoding=\"async\" width=\"820\" height=\"546\" title=\"garden_collage_01\" src=\"https:\/\/grand-angle.lavenir.net\/welcome-to-my-garden\/wp-content\/uploads\/sites\/113\/2020\/05\/garden_collage_01-1024x682.jpg\" alt class=\"img-responsive wp-image-331\" srcset=\"https:\/\/grand-angle.lavenir.net\/welcome-to-my-garden\/wp-content\/uploads\/sites\/113\/2020\/05\/garden_collage_01-200x133.jpg 200w, https:\/\/grand-angle.lavenir.net\/welcome-to-my-garden\/wp-content\/uploads\/sites\/113\/2020\/05\/garden_collage_01-400x267.jpg 400w, https:\/\/grand-angle.lavenir.net\/welcome-to-my-garden\/wp-content\/uploads\/sites\/113\/2020\/05\/garden_collage_01-600x400.jpg 600w, https:\/\/grand-angle.lavenir.net\/welcome-to-my-garden\/wp-content\/uploads\/sites\/113\/2020\/05\/garden_collage_01-800x533.jpg 800w, https:\/\/grand-angle.lavenir.net\/welcome-to-my-garden\/wp-content\/uploads\/sites\/113\/2020\/05\/garden_collage_01-1200x800.jpg 1200w\" sizes=\"(max-width: 800px) 100vw, 1200px\" \/><\/span><\/div><div class=\"fusion-text fusion-text-3\"><p>L\u2019Auderghemoise trouve l\u2019id\u00e9e originale, surtout dans une r\u00e9gion o\u00f9 \u00ab\u2009l\u2019offre en camping n\u2019est pas tr\u00e8s riche.\u2009\u00bb La capitale stricto sensu ne compte en effet qu\u2019un seul camping, \u00e0 Ixelles.\u200aLes autres options se trouvent en Brabant flamand.\u200a\u00ab\u2009Moi, je suis \u00e0 25 minutes du centre en m\u00e9tro : la station Demey est \u00e0 100 m.\u2009\u00bb<\/p>\n<h3>Dans un esprit solidaire<\/h3>\n<p>C\u2019est l\u2019\u00e9lan solidaire de la crise du coronavirus qui a convaincu celle qui habite le quartier depuis 33 ans.\u200a\u00ab\u2009L\u2019aspect gratuit me pla\u00eet.\u200aAvec ce confinement, quelque chose de neuf se d\u00e9veloppe, un esprit solidaire qui a de plus en plus de sens\u2009\u00bb.\u200aFran\u00e7oise est bien plac\u00e9e pour le savoir : la R\u00e9sidence roi Baudouin, de Woluwe-Saint-Pierre, o\u00f9 elle travaille comme infirmi\u00e8re a \u00e9t\u00e9 touch\u00e9e de plein fouet par la maladie, comme bien d\u2019autres maisons de repos belges. Et puis, grande marcheuse, l\u2019Auderghemoise conna\u00eet la valeur du point de chute chez l\u2019habitant : \u00ab\u2009C\u2019est facile : on frappe \u00e0 la porte, on plante sa tente.\u2009\u00bb<\/p>\n<\/div><div class=\"fusion-image-element in-legacy-container\" style=\"--awb-caption-title-font-family:var(--h2_typography-font-family);--awb-caption-title-font-weight:var(--h2_typography-font-weight);--awb-caption-title-font-style:var(--h2_typography-font-style);--awb-caption-title-size:var(--h2_typography-font-size);--awb-caption-title-transform:var(--h2_typography-text-transform);--awb-caption-title-line-height:var(--h2_typography-line-height);--awb-caption-title-letter-spacing:var(--h2_typography-letter-spacing);\"><span class=\" fusion-imageframe imageframe-none imageframe-2 hover-type-zoomin\"><img decoding=\"async\" width=\"820\" height=\"546\" title=\"garden_01\" src=\"https:\/\/grand-angle.lavenir.net\/welcome-to-my-garden\/wp-content\/uploads\/sites\/113\/2020\/05\/garden_01-1024x682.jpg\" alt class=\"img-responsive wp-image-327\" srcset=\"https:\/\/grand-angle.lavenir.net\/welcome-to-my-garden\/wp-content\/uploads\/sites\/113\/2020\/05\/garden_01-200x133.jpg 200w, https:\/\/grand-angle.lavenir.net\/welcome-to-my-garden\/wp-content\/uploads\/sites\/113\/2020\/05\/garden_01-400x267.jpg 400w, https:\/\/grand-angle.lavenir.net\/welcome-to-my-garden\/wp-content\/uploads\/sites\/113\/2020\/05\/garden_01-600x400.jpg 600w, https:\/\/grand-angle.lavenir.net\/welcome-to-my-garden\/wp-content\/uploads\/sites\/113\/2020\/05\/garden_01-800x533.jpg 800w, https:\/\/grand-angle.lavenir.net\/welcome-to-my-garden\/wp-content\/uploads\/sites\/113\/2020\/05\/garden_01-1200x800.jpg 1200w\" sizes=\"(max-width: 800px) 100vw, 1200px\" \/><\/span><\/div><div class=\"fusion-text fusion-text-4\"><p>Et apr\u00e8s s\u2019\u00eatre rafra\u00eechi au point d\u2019eau disponible sur la terrasse, on ouvre une bi\u00e8re au pied de la vieille vigne.\u200aEt au son du coassement des grenouilles, au milieu des framboisiers, des fleurs sauvages et des pr\u00eales, on savoure la verdure en ville.<\/p>\n<h2>L\u2019exp\u00e9rience de Fran\u00e7oise<\/h2>\n<\/div><div class=\"fusion-image-element in-legacy-container\" style=\"--awb-caption-title-font-family:var(--h2_typography-font-family);--awb-caption-title-font-weight:var(--h2_typography-font-weight);--awb-caption-title-font-style:var(--h2_typography-font-style);--awb-caption-title-size:var(--h2_typography-font-size);--awb-caption-title-transform:var(--h2_typography-text-transform);--awb-caption-title-line-height:var(--h2_typography-line-height);--awb-caption-title-letter-spacing:var(--h2_typography-letter-spacing);\"><span class=\" fusion-imageframe imageframe-none imageframe-3 hover-type-zoomin\"><img decoding=\"async\" width=\"820\" height=\"546\" title=\"garden_02\" src=\"https:\/\/grand-angle.lavenir.net\/welcome-to-my-garden\/wp-content\/uploads\/sites\/113\/2020\/05\/garden_02-1024x682.jpg\" alt class=\"img-responsive wp-image-328\" srcset=\"https:\/\/grand-angle.lavenir.net\/welcome-to-my-garden\/wp-content\/uploads\/sites\/113\/2020\/05\/garden_02-200x133.jpg 200w, https:\/\/grand-angle.lavenir.net\/welcome-to-my-garden\/wp-content\/uploads\/sites\/113\/2020\/05\/garden_02-400x267.jpg 400w, https:\/\/grand-angle.lavenir.net\/welcome-to-my-garden\/wp-content\/uploads\/sites\/113\/2020\/05\/garden_02-600x400.jpg 600w, https:\/\/grand-angle.lavenir.net\/welcome-to-my-garden\/wp-content\/uploads\/sites\/113\/2020\/05\/garden_02-800x533.jpg 800w, https:\/\/grand-angle.lavenir.net\/welcome-to-my-garden\/wp-content\/uploads\/sites\/113\/2020\/05\/garden_02-1200x800.jpg 1200w\" sizes=\"(max-width: 800px) 100vw, 1200px\" \/><\/span><\/div><div class=\"fusion-clearfix\"><\/div><\/div><\/div><\/div><\/div><div class=\"fusion-fullwidth fullwidth-box fusion-builder-row-3 hundred-percent-fullwidth non-hundred-percent-height-scrolling\" style=\"--awb-border-radius-top-left:0px;--awb-border-radius-top-right:0px;--awb-border-radius-bottom-right:0px;--awb-border-radius-bottom-left:0px;--awb-background-color:#f2f2f2;--awb-flex-wrap:wrap;\" ><div class=\"fusion-builder-row fusion-row\"><div class=\"fusion-layout-column fusion_builder_column fusion-builder-column-2 fusion_builder_column_1_3 1_3 fusion-one-third fusion-column-first\" style=\"--awb-bg-size:cover;width:33.3333333333%;width:calc(33.3333333333% - ( ( 4% + 4% ) * 0.333333333333 ) );margin-right: 4%;\"><div class=\"fusion-column-wrapper fusion-column-has-shadow fusion-flex-column-wrapper-legacy\"><div class=\"fusion-text fusion-text-5\"><h3 style=\"text-align: center;\">Promenade verte<\/h3>\n<p style=\"text-align: center;\">Depuis Auderghem, les espaces verts de l\u2019est de Bruxelles sont tr\u00e8s facilement accessibles \u00e0 pied ou \u00e0 v\u00e9lo. \u00c0 deux pas de chez elle, Fran\u00e7oise Van Enst conseille le Rouge Clo\u00eetre ou le parc Tenreuken.\u200a\u00ab\u2009Via la Promenade verte (NDLR : itin\u00e9raire balis\u00e9 de pr\u00e8s de 65 km autour de Bruxelles), on est aussi tr\u00e8s vite au parc de la Woluwe ou en for\u00eat de Soignes.\u2009\u00bb Mais le coup de c\u0153ur de cette adepte, c\u2019est Tervueren, \u00ab\u2009son parc, son mus\u00e9e, vraiment pas loin \u00e0 v\u00e9lo.\u2009\u00bb<\/p>\n<\/div><div class=\"fusion-clearfix\"><\/div><\/div><\/div><div class=\"fusion-layout-column fusion_builder_column fusion-builder-column-3 fusion_builder_column_1_3 1_3 fusion-one-third\" style=\"--awb-bg-size:cover;width:33.3333333333%;width:calc(33.3333333333% - ( ( 4% + 4% ) * 0.333333333333 ) );margin-right: 4%;\"><div class=\"fusion-column-wrapper fusion-column-has-shadow fusion-flex-column-wrapper-legacy\"><div class=\"fusion-text fusion-text-6\"><h3 style=\"text-align: center;\">\u00a0Famille de voyageurs<\/h3>\n<p style=\"text-align: center;\">Les voyages en mode doux, Fran\u00e7oise Van Enst conna\u00eet.\u200a\u00ab\u2009J\u2019ai le projet de rejoindre Saint-Jacques-de-Compostelle \u00e0 pied.\u200aActuellement, je suis arriv\u00e9e \u00e0 Verdun. Nous avons toujours camp\u00e9 en famille.\u200a\u00c0 la ferme si possible. Apr\u00e8s avoir travaill\u00e9 au Rwanda, on est revenus en camion am\u00e9nag\u00e9. On a pass\u00e9 trois mois sur la route.\u2009\u00bb Berc\u00e9s par le roulis du voyage sur les pistes, ses trois fils perp\u00e9tuent la tradition. \u00ab\u2009L\u2019a\u00een\u00e9 est parti vers le Congo mais a d\u00fb s\u2019arr\u00eater au B\u00e9nin en raison de conflits au Nigeria.\u200aUn autre est parti au Portugal \u00e0 v\u00e9lo.\u2009\u00bb<\/p>\n<\/div><div class=\"fusion-clearfix\"><\/div><\/div><\/div><div class=\"fusion-layout-column fusion_builder_column fusion-builder-column-4 fusion_builder_column_1_3 1_3 fusion-one-third fusion-column-last\" style=\"--awb-bg-size:cover;width:33.3333333333%;width:calc(33.3333333333% - ( ( 4% + 4% ) * 0.333333333333 ) );\"><div class=\"fusion-column-wrapper fusion-column-has-shadow fusion-flex-column-wrapper-legacy\"><div class=\"fusion-text fusion-text-7\"><h3 style=\"text-align: center;\">\u00a0Protection des donn\u00e9es<\/h3>\n<p style=\"text-align: center;\">Le site Welcome to my garden a d\u2019abord affich\u00e9 jusqu\u2019au nom de la rue de ses h\u00f4tes, avant de faire machine arri\u00e8re. Le zoom du site est d\u00e9sormais trop lointain pour situer les adresses avec exactitude, obligeant les utilisateurs \u00e0 s\u2019en enqu\u00e9rir aupr\u00e8s des propri\u00e9taires. Mais Fran\u00e7oise ne s\u2019inqui\u00e8te pas de la protection des donn\u00e9es. \u00ab\u2009Indiquer le nom de la rue ne me d\u00e9range pas, d\u2019autant qu\u2019on peut le choisir.\u2009\u00bb Elle y voit m\u00eame une aide : \u00ab\u2009Quand on voyage \u00e0 pied, une diff\u00e9rence de 10 km en fin de journ\u00e9e, ce n\u2019est pas anodin.\u2009\u00bb<\/p>\n<\/div><div class=\"fusion-clearfix\"><\/div><\/div><\/div><\/div><\/div><\/p>\n","protected":false},"excerpt":{"rendered":"","protected":false},"author":1,"featured_media":0,"parent":0,"menu_order":0,"comment_status":"closed","ping_status":"closed","template":"100-width.php","meta":{"footnotes":""},"class_list":["post-341","page","type-page","status-publish","hentry"],"yoast_head":"<!-- This site is optimized with the Yoast SEO plugin v27.1.1 - https:\/\/yoast.com\/product\/yoast-seo-wordpress\/ -->\n<title>\u00c0 Bruxelles, planter sa tente \u00e0 100 m\u00e8tres du m\u00e9tro - Welcome to my garden<\/title>\n<meta name=\"description\" content=\"Le site Welcome to my garden r\u00e9unit voyageurs et propri\u00e9taires de jardin. Et pas uniquement \u00e0 la campagne.\u200aFran\u00e7oise est la premi\u00e8re \u00e0 y ouvrir sa pelouse \u00e0 Bruxelles.\u200a\" \/>\n<meta name=\"robots\" content=\"index, follow, max-snippet:-1, max-image-preview:large, max-video-preview:-1\" \/>\n<link rel=\"canonical\" href=\"https:\/\/grand-angle.lavenir.net\/welcome-to-my-garden\/a-bruxelles-planter-sa-tente-a-100-metres-du-metro\/\" \/>\n<meta property=\"og:locale\" content=\"fr_FR\" \/>\n<meta property=\"og:type\" content=\"article\" \/>\n<meta property=\"og:title\" content=\"\u00c0 Bruxelles, planter sa tente \u00e0 100 m\u00e8tres du m\u00e9tro\" \/>\n<meta property=\"og:description\" content=\"Le site Welcome to my garden r\u00e9unit voyageurs et propri\u00e9taires de jardin. Et pas uniquement \u00e0 la campagne.\u200aFran\u00e7oise est la premi\u00e8re \u00e0 y ouvrir sa pelouse \u00e0 Bruxelles.\u200a\" \/>\n<meta property=\"og:url\" content=\"https:\/\/grand-angle.lavenir.net\/welcome-to-my-garden\/a-bruxelles-planter-sa-tente-a-100-metres-du-metro\/\" \/>\n<meta property=\"og:site_name\" content=\"Welcome to my garden\" \/>\n<meta property=\"article:modified_time\" content=\"2020-05-29T06:53:15+00:00\" \/>\n<meta property=\"og:image\" content=\"https:\/\/grand-angle.lavenir.net\/welcome-to-my-garden\/wp-content\/uploads\/sites\/113\/2020\/05\/garden_05.jpg\" \/>\n\t<meta property=\"og:image:width\" content=\"2000\" \/>\n\t<meta property=\"og:image:height\" content=\"1333\" \/>\n\t<meta property=\"og:image:type\" content=\"image\/jpeg\" \/>\n<meta name=\"twitter:card\" content=\"summary_large_image\" \/>\n<meta name=\"twitter:label1\" content=\"Dur\u00e9e de lecture est.\" \/>\n\t<meta name=\"twitter:data1\" content=\"14 minutes\" \/>\n<script type=\"application\/ld+json\" class=\"yoast-schema-graph\">{\"@context\":\"https:\/\/schema.org\",\"@graph\":[{\"@type\":\"WebPage\",\"@id\":\"https:\/\/grand-angle.lavenir.net\/welcome-to-my-garden\/a-bruxelles-planter-sa-tente-a-100-metres-du-metro\/\",\"url\":\"https:\/\/grand-angle.lavenir.net\/welcome-to-my-garden\/a-bruxelles-planter-sa-tente-a-100-metres-du-metro\/\",\"name\":\"\u00c0 Bruxelles, planter sa tente \u00e0 100 m\u00e8tres du m\u00e9tro - Welcome to my garden\",\"isPartOf\":{\"@id\":\"https:\/\/grand-angle.lavenir.net\/welcome-to-my-garden\/#website\"},\"datePublished\":\"2020-05-28T14:22:55+00:00\",\"dateModified\":\"2020-05-29T06:53:15+00:00\",\"description\":\"Le site Welcome to my garden r\u00e9unit voyageurs et propri\u00e9taires de jardin. Et pas uniquement \u00e0 la campagne.\u200aFran\u00e7oise est la premi\u00e8re \u00e0 y ouvrir sa pelouse \u00e0 Bruxelles.\u200a\",\"breadcrumb\":{\"@id\":\"https:\/\/grand-angle.lavenir.net\/welcome-to-my-garden\/a-bruxelles-planter-sa-tente-a-100-metres-du-metro\/#breadcrumb\"},\"inLanguage\":\"fr-BE\",\"potentialAction\":[{\"@type\":\"ReadAction\",\"target\":[\"https:\/\/grand-angle.lavenir.net\/welcome-to-my-garden\/a-bruxelles-planter-sa-tente-a-100-metres-du-metro\/\"]}]},{\"@type\":\"BreadcrumbList\",\"@id\":\"https:\/\/grand-angle.lavenir.net\/welcome-to-my-garden\/a-bruxelles-planter-sa-tente-a-100-metres-du-metro\/#breadcrumb\",\"itemListElement\":[{\"@type\":\"ListItem\",\"position\":1,\"name\":\"Home\",\"item\":\"https:\/\/grand-angle.lavenir.net\/welcome-to-my-garden\/\"},{\"@type\":\"ListItem\",\"position\":2,\"name\":\"\u00c0 Bruxelles, planter sa tente \u00e0 100 m\u00e8tres du m\u00e9tro\"}]},{\"@type\":\"WebSite\",\"@id\":\"https:\/\/grand-angle.lavenir.net\/welcome-to-my-garden\/#website\",\"url\":\"https:\/\/grand-angle.lavenir.net\/welcome-to-my-garden\/\",\"name\":\"Welcome to my garden\",\"description\":\"Ces nouveaux bourgmestres racontent 1 an au pouvoir\",\"potentialAction\":[{\"@type\":\"SearchAction\",\"target\":{\"@type\":\"EntryPoint\",\"urlTemplate\":\"https:\/\/grand-angle.lavenir.net\/welcome-to-my-garden\/?s={search_term_string}\"},\"query-input\":{\"@type\":\"PropertyValueSpecification\",\"valueRequired\":true,\"valueName\":\"search_term_string\"}}],\"inLanguage\":\"fr-BE\"}]}<\/script>\n<!-- \/ Yoast SEO plugin. -->","yoast_head_json":{"title":"\u00c0 Bruxelles, planter sa tente \u00e0 100 m\u00e8tres du m\u00e9tro - Welcome to my garden","description":"Le site Welcome to my garden r\u00e9unit voyageurs et propri\u00e9taires de jardin. Et pas uniquement \u00e0 la campagne.\u200aFran\u00e7oise est la premi\u00e8re \u00e0 y ouvrir sa pelouse \u00e0 Bruxelles.\u200a","robots":{"index":"index","follow":"follow","max-snippet":"max-snippet:-1","max-image-preview":"max-image-preview:large","max-video-preview":"max-video-preview:-1"},"canonical":"https:\/\/grand-angle.lavenir.net\/welcome-to-my-garden\/a-bruxelles-planter-sa-tente-a-100-metres-du-metro\/","og_locale":"fr_FR","og_type":"article","og_title":"\u00c0 Bruxelles, planter sa tente \u00e0 100 m\u00e8tres du m\u00e9tro","og_description":"Le site Welcome to my garden r\u00e9unit voyageurs et propri\u00e9taires de jardin. Et pas uniquement \u00e0 la campagne.\u200aFran\u00e7oise est la premi\u00e8re \u00e0 y ouvrir sa pelouse \u00e0 Bruxelles.\u200a","og_url":"https:\/\/grand-angle.lavenir.net\/welcome-to-my-garden\/a-bruxelles-planter-sa-tente-a-100-metres-du-metro\/","og_site_name":"Welcome to my garden","article_modified_time":"2020-05-29T06:53:15+00:00","og_image":[{"width":2000,"height":1333,"url":"https:\/\/grand-angle.lavenir.net\/welcome-to-my-garden\/wp-content\/uploads\/sites\/113\/2020\/05\/garden_05.jpg","type":"image\/jpeg"}],"twitter_card":"summary_large_image","twitter_misc":{"Dur\u00e9e de lecture est.":"14 minutes"},"schema":{"@context":"https:\/\/schema.org","@graph":[{"@type":"WebPage","@id":"https:\/\/grand-angle.lavenir.net\/welcome-to-my-garden\/a-bruxelles-planter-sa-tente-a-100-metres-du-metro\/","url":"https:\/\/grand-angle.lavenir.net\/welcome-to-my-garden\/a-bruxelles-planter-sa-tente-a-100-metres-du-metro\/","name":"\u00c0 Bruxelles, planter sa tente \u00e0 100 m\u00e8tres du m\u00e9tro - Welcome to my garden","isPartOf":{"@id":"https:\/\/grand-angle.lavenir.net\/welcome-to-my-garden\/#website"},"datePublished":"2020-05-28T14:22:55+00:00","dateModified":"2020-05-29T06:53:15+00:00","description":"Le site Welcome to my garden r\u00e9unit voyageurs et propri\u00e9taires de jardin. Et pas uniquement \u00e0 la campagne.\u200aFran\u00e7oise est la premi\u00e8re \u00e0 y ouvrir sa pelouse \u00e0 Bruxelles.\u200a","breadcrumb":{"@id":"https:\/\/grand-angle.lavenir.net\/welcome-to-my-garden\/a-bruxelles-planter-sa-tente-a-100-metres-du-metro\/#breadcrumb"},"inLanguage":"fr-BE","potentialAction":[{"@type":"ReadAction","target":["https:\/\/grand-angle.lavenir.net\/welcome-to-my-garden\/a-bruxelles-planter-sa-tente-a-100-metres-du-metro\/"]}]},{"@type":"BreadcrumbList","@id":"https:\/\/grand-angle.lavenir.net\/welcome-to-my-garden\/a-bruxelles-planter-sa-tente-a-100-metres-du-metro\/#breadcrumb","itemListElement":[{"@type":"ListItem","position":1,"name":"Home","item":"https:\/\/grand-angle.lavenir.net\/welcome-to-my-garden\/"},{"@type":"ListItem","position":2,"name":"\u00c0 Bruxelles, planter sa tente \u00e0 100 m\u00e8tres du m\u00e9tro"}]},{"@type":"WebSite","@id":"https:\/\/grand-angle.lavenir.net\/welcome-to-my-garden\/#website","url":"https:\/\/grand-angle.lavenir.net\/welcome-to-my-garden\/","name":"Welcome to my garden","description":"Ces nouveaux bourgmestres racontent 1 an au pouvoir","potentialAction":[{"@type":"SearchAction","target":{"@type":"EntryPoint","urlTemplate":"https:\/\/grand-angle.lavenir.net\/welcome-to-my-garden\/?s={search_term_string}"},"query-input":{"@type":"PropertyValueSpecification","valueRequired":true,"valueName":"search_term_string"}}],"inLanguage":"fr-BE"}]}},"_links":{"self":[{"href":"https:\/\/grand-angle.lavenir.net\/welcome-to-my-garden\/wp-json\/wp\/v2\/pages\/341","targetHints":{"allow":["GET"]}}],"collection":[{"href":"https:\/\/grand-angle.lavenir.net\/welcome-to-my-garden\/wp-json\/wp\/v2\/pages"}],"about":[{"href":"https:\/\/grand-angle.lavenir.net\/welcome-to-my-garden\/wp-json\/wp\/v2\/types\/page"}],"author":[{"embeddable":true,"href":"https:\/\/grand-angle.lavenir.net\/welcome-to-my-garden\/wp-json\/wp\/v2\/users\/1"}],"replies":[{"embeddable":true,"href":"https:\/\/grand-angle.lavenir.net\/welcome-to-my-garden\/wp-json\/wp\/v2\/comments?post=341"}],"version-history":[{"count":0,"href":"https:\/\/grand-angle.lavenir.net\/welcome-to-my-garden\/wp-json\/wp\/v2\/pages\/341\/revisions"}],"wp:attachment":[{"href":"https:\/\/grand-angle.lavenir.net\/welcome-to-my-garden\/wp-json\/wp\/v2\/media?parent=341"}],"curies":[{"name":"wp","href":"https:\/\/api.w.org\/{rel}","templated":true}]}}