{"id":975,"date":"2021-05-04T10:56:24","date_gmt":"2021-05-04T08:56:24","guid":{"rendered":"https:\/\/grand-angle.lavenir.net\/walloreno\/?page_id=975"},"modified":"2021-05-20T12:04:59","modified_gmt":"2021-05-20T10:04:59","slug":"les-outils-a-votre-disposition","status":"publish","type":"page","link":"https:\/\/grand-angle.lavenir.net\/walloreno\/les-outils-a-votre-disposition\/","title":{"rendered":"Les outils \u00e0 votre disposition"},"content":{"rendered":"<p><div class=\"fusion-fullwidth fullwidth-box fusion-builder-row-1 fusion-flex-container nonhundred-percent-fullwidth non-hundred-percent-height-scrolling\" style=\"--awb-border-radius-top-left:0px;--awb-border-radius-top-right:0px;--awb-border-radius-bottom-right:0px;--awb-border-radius-bottom-left:0px;--awb-flex-wrap:wrap;\" ><div class=\"fusion-builder-row fusion-row fusion-flex-align-items-flex-start fusion-flex-content-wrap\" style=\"max-width:1401.92px;margin-left: calc(-4% \/ 2 );margin-right: calc(-4% \/ 2 );\"><div class=\"fusion-layout-column fusion_builder_column fusion-builder-column-0 fusion_builder_column_1_1 1_1 fusion-flex-column\" style=\"--awb-bg-size:cover;--awb-width-large:100%;--awb-margin-top-large:0px;--awb-spacing-right-large:1.92%;--awb-margin-bottom-large:20px;--awb-spacing-left-large:1.92%;--awb-width-medium:100%;--awb-order-medium:0;--awb-spacing-right-medium:1.92%;--awb-spacing-left-medium:1.92%;--awb-width-small:100%;--awb-order-small:0;--awb-spacing-right-small:1.92%;--awb-spacing-left-small:1.92%;\"><div class=\"fusion-column-wrapper fusion-column-has-shadow fusion-flex-justify-content-flex-start fusion-content-layout-column\"><i class=\"fb-icon-element-1 fb-icon-element fontawesome-icon fa-tools fas circle-yes\" style=\"--awb-iconcolor:#8f5796;--awb-iconcolor-hover:#8f5796;--awb-circlecolor:#ffffff;--awb-circlecolor-hover:#ffffff;--awb-circlebordercolor:#8f5796;--awb-circlebordercolor-hover:#8f5796;--awb-circlebordersize:1px;--awb-font-size:28.16px;--awb-width:56.32px;--awb-height:56.32px;--awb-line-height:54.32px;--awb-margin-top:0;--awb-margin-right:0;--awb-margin-bottom:0;--awb-margin-left:0;--awb-align-self:center;\"><\/i><div class=\"fusion-text fusion-text-1\" style=\"--awb-text-color:#4e4e4e;\"><h1 style=\"text-align: center; color: #8f5796;\">Les outils \u00e0 votre disposition<\/h1>\n<p style=\"text-align: center;\">La Wallonie met \u00e0 votre disposition plusieurs outils d&rsquo;accompagnement<\/p>\n<\/div><\/div><\/div><\/div><\/div><div class=\"fusion-fullwidth fullwidth-box fusion-builder-row-2 fusion-flex-container nonhundred-percent-fullwidth non-hundred-percent-height-scrolling\" style=\"--awb-border-radius-top-left:0px;--awb-border-radius-top-right:0px;--awb-border-radius-bottom-right:0px;--awb-border-radius-bottom-left:0px;--awb-flex-wrap:wrap;\" ><div class=\"fusion-builder-row fusion-row fusion-flex-align-items-stretch fusion-flex-justify-content-center fusion-flex-content-wrap\" style=\"max-width:1401.92px;margin-left: calc(-4% \/ 2 );margin-right: calc(-4% \/ 2 );\"><div class=\"fusion-layout-column fusion_builder_column fusion-builder-column-1 fusion_builder_column_1_3 1_3 fusion-flex-column\" style=\"--awb-padding-top:6%;--awb-padding-right:6%;--awb-padding-bottom:6%;--awb-padding-left:6%;--awb-overflow:hidden;--awb-bg-color:#8f5796;--awb-bg-color-hover:#8f5796;--awb-bg-size:cover;--awb-border-radius:5px 5px 5px 5px;--awb-width-large:33.3333333333%;--awb-margin-top-large:0px;--awb-spacing-right-large:5.76%;--awb-margin-bottom-large:20px;--awb-spacing-left-large:5.76%;--awb-width-medium:100%;--awb-order-medium:0;--awb-spacing-right-medium:1.92%;--awb-spacing-left-medium:1.92%;--awb-width-small:100%;--awb-order-small:0;--awb-spacing-right-small:1.92%;--awb-spacing-left-small:1.92%;\"><div class=\"fusion-column-wrapper fusion-column-has-shadow fusion-flex-justify-content-flex-start fusion-content-layout-column\"><i class=\"fb-icon-element-2 fb-icon-element fontawesome-icon fa-clipboard-list fas circle-no\" style=\"--awb-font-size:72px;--awb-margin-top:0;--awb-margin-right:0;--awb-margin-bottom:0;--awb-margin-left:0;--awb-align-self:center;\"><\/i><div class=\"fusion-text fusion-text-2\"><p style=\"text-align: center;\">\u00c9valuer gratuitement en ligne et en quelques clics la performance \u00e9nerg\u00e9tique de votre b\u00e2timent ainsi que les travaux envisageables pour atteindre le label PEB A gr\u00e2ce au <a href=\"https:\/\/www.monquickscan.be\" target=\"_blank\" rel=\"noopener\">Quickscan<\/a> et recevez vos premi\u00e8res recommandations pour bien d\u00e9buter. Cet outil fournit des r\u00e9sultats indicatifs et ne remplace pas un certificat PEB, ni un audit Logement.<\/p>\n<\/div><\/div><\/div><div class=\"fusion-layout-column fusion_builder_column fusion-builder-column-2 fusion_builder_column_1_3 1_3 fusion-flex-column\" style=\"--awb-padding-top:6%;--awb-padding-right:6%;--awb-padding-bottom:6%;--awb-padding-left:6%;--awb-overflow:hidden;--awb-bg-color:#e68b42;--awb-bg-color-hover:#e68b42;--awb-bg-size:cover;--awb-border-radius:5px 5px 5px 5px;--awb-width-large:33.3333333333%;--awb-margin-top-large:0px;--awb-spacing-right-large:5.76%;--awb-margin-bottom-large:20px;--awb-spacing-left-large:5.76%;--awb-width-medium:100%;--awb-order-medium:0;--awb-spacing-right-medium:1.92%;--awb-spacing-left-medium:1.92%;--awb-width-small:100%;--awb-order-small:0;--awb-spacing-right-small:1.92%;--awb-spacing-left-small:1.92%;\"><div class=\"fusion-column-wrapper fusion-column-has-shadow fusion-flex-justify-content-flex-start fusion-content-layout-column\"><i class=\"fb-icon-element-3 fb-icon-element fontawesome-icon fa-store fas circle-no\" style=\"--awb-font-size:72px;--awb-margin-top:0;--awb-margin-right:0;--awb-margin-bottom:0;--awb-margin-left:0;--awb-align-self:center;\"><\/i><div class=\"fusion-text fusion-text-3\"><p style=\"text-align: center;\">Vous rendre dans l\u2019un des <a class=\"white-hover\" style=\"color: #8f5796;\" href=\"https:\/\/energie.wallonie.be\/fr\/guichets-energie-wallonie.html?IDC=6946\" target=\"_blank\" rel=\"noopener\">16 Guichets \u00c9nergie Wallonie<\/a>. Leurs avis sont enti\u00e8rement gratuits et ind\u00e9pendants de toute marque ou entreprise.<\/p>\n<p style=\"text-align: center;\">Vous y trouverez :<\/p>\n<ul>\n<li style=\"text-align: center;\">des brochures d\u2019information et des \u00e9chantillons de mat\u00e9riaux ;<\/li>\n<li style=\"text-align: center;\">des avis techniques et personnalis\u00e9s dans de nombreux domaines tels que l\u2019isolation, la ventilation, les probl\u00e8mes d\u2019humidit\u00e9, le chauffage, l\u2019\u00e9clairage, l\u2019\u00e9lectricit\u00e9&#8230; ;<\/li>\n<li style=\"text-align: center;\">des renseignements sur les diff\u00e9rentes aides financi\u00e8res que vous pouvez solliciter.<\/li>\n<\/ul>\n<\/div><\/div><\/div><div class=\"fusion-layout-column fusion_builder_column fusion-builder-column-3 fusion_builder_column_1_3 1_3 fusion-flex-column\" style=\"--awb-padding-top:6%;--awb-padding-right:6%;--awb-padding-bottom:6%;--awb-padding-left:6%;--awb-overflow:hidden;--awb-bg-color:#93d3e5;--awb-bg-color-hover:#93d3e5;--awb-bg-size:cover;--awb-border-radius:5px 5px 5px 5px;--awb-width-large:33.3333333333%;--awb-margin-top-large:0px;--awb-spacing-right-large:5.76%;--awb-margin-bottom-large:20px;--awb-spacing-left-large:5.76%;--awb-width-medium:100%;--awb-order-medium:0;--awb-spacing-right-medium:1.92%;--awb-spacing-left-medium:1.92%;--awb-width-small:100%;--awb-order-small:0;--awb-spacing-right-small:1.92%;--awb-spacing-left-small:1.92%;\"><div class=\"fusion-column-wrapper fusion-column-has-shadow fusion-flex-justify-content-flex-start fusion-content-layout-column\"><i class=\"fb-icon-element-4 fb-icon-element fontawesome-icon fa-stethoscope fas circle-no\" style=\"--awb-font-size:72px;--awb-margin-top:0;--awb-margin-right:0;--awb-margin-bottom:0;--awb-margin-left:0;--awb-align-self:center;\"><\/i><div class=\"fusion-text fusion-text-4\" style=\"--awb-text-color:#4e4e4e;\"><p style=\"text-align: center;\">Faire r\u00e9aliser un Audit Logement <a class=\"white-hover\" href=\"https:\/\/energie.wallonie.be\/fr\/liste-des-auditeurs-logement.html?IDC=8008\" target=\"_blank\" rel=\"noopener\">par un auditeur agr\u00e9\u00e9<\/a>. Vous aurez ainsi un bilan d\u00e9taill\u00e9 de la performance \u00e9nerg\u00e9tique, de la s\u00e9curit\u00e9 et de la salubrit\u00e9 de votre habitation. En tenant compte de vos projets, l\u2019auditeur vous fournira une liste de recommandations chiffr\u00e9es pour am\u00e9liorer votre bien. Il \u00e9tablira ensuite la feuille de route reprenant les \u00e9tapes de r\u00e9novation \u00e0 suivre pour atteindre le label PEB A<\/p>\n<\/div><\/div><\/div><\/div><\/div><div class=\"fusion-fullwidth fullwidth-box fusion-builder-row-3 fusion-flex-container nonhundred-percent-fullwidth non-hundred-percent-height-scrolling\" style=\"--awb-border-radius-top-left:0px;--awb-border-radius-top-right:0px;--awb-border-radius-bottom-right:0px;--awb-border-radius-bottom-left:0px;--awb-margin-top:0px;--awb-flex-wrap:wrap;\" ><div class=\"fusion-builder-row fusion-row fusion-flex-align-items-flex-start fusion-flex-justify-content-center fusion-flex-content-wrap\" style=\"max-width:1401.92px;margin-left: calc(-4% \/ 2 );margin-right: calc(-4% \/ 2 );\"><div class=\"fusion-layout-column fusion_builder_column fusion-builder-column-4 fusion_builder_column_1_3 1_3 fusion-flex-column\" style=\"--awb-padding-top:6%;--awb-padding-right:6%;--awb-padding-bottom:6%;--awb-padding-left:6%;--awb-overflow:hidden;--awb-bg-color:#47ae4c;--awb-bg-color-hover:#47ae4c;--awb-bg-size:cover;--awb-border-radius:5px 5px 5px 5px;--awb-width-large:33.3333333333%;--awb-margin-top-large:4%;--awb-spacing-right-large:5.76%;--awb-margin-bottom-large:20px;--awb-spacing-left-large:5.76%;--awb-width-medium:100%;--awb-order-medium:0;--awb-spacing-right-medium:1.92%;--awb-spacing-left-medium:1.92%;--awb-width-small:100%;--awb-order-small:0;--awb-spacing-right-small:1.92%;--awb-spacing-left-small:1.92%;\"><div class=\"fusion-column-wrapper fusion-column-has-shadow fusion-flex-justify-content-flex-start fusion-content-layout-column\"><i class=\"fb-icon-element-5 fb-icon-element fontawesome-icon fa-piggy-bank fas circle-no\" style=\"--awb-font-size:72px;--awb-margin-top:0;--awb-margin-right:0;--awb-margin-bottom:0;--awb-margin-left:0;--awb-align-self:center;\"><\/i><div class=\"fusion-text fusion-text-5\"><p style=\"text-align: center;\"><a class=\"white-hover\" style=\"color: #111;\" href=\"https:\/\/www.swcs.be\/renover\/que-proposons-nous\/\" target=\"_blank\" rel=\"noopener\">Financer vos travaux gr\u00e2ce \u00e0 un pr\u00eat \u00e0 taux de 0%<\/a> sous la forme d\u2019un pr\u00eat \u00e0 temp\u00e9rament d\u2019un montant de 1.000 \u00e0 60.000 EUR remboursable en 30 ans maximum.<\/p>\n<\/div><\/div><\/div><div class=\"fusion-layout-column fusion_builder_column fusion-builder-column-5 fusion_builder_column_1_3 1_3 fusion-flex-column\" style=\"--awb-padding-top:6%;--awb-padding-right:6%;--awb-padding-bottom:6%;--awb-padding-left:6%;--awb-overflow:hidden;--awb-bg-color:#e5272d;--awb-bg-color-hover:#e5272d;--awb-bg-size:cover;--awb-border-radius:5px 5px 5px 5px;--awb-width-large:33.3333333333%;--awb-margin-top-large:4%;--awb-spacing-right-large:5.76%;--awb-margin-bottom-large:20px;--awb-spacing-left-large:5.76%;--awb-width-medium:100%;--awb-order-medium:0;--awb-spacing-right-medium:1.92%;--awb-spacing-left-medium:1.92%;--awb-width-small:100%;--awb-order-small:0;--awb-spacing-right-small:1.92%;--awb-spacing-left-small:1.92%;\"><div class=\"fusion-column-wrapper fusion-column-has-shadow fusion-flex-justify-content-flex-start fusion-content-layout-column\"><i class=\"fb-icon-element-6 fb-icon-element fontawesome-icon fa-coins fas circle-no\" style=\"--awb-font-size:72px;--awb-margin-top:0;--awb-margin-right:0;--awb-margin-bottom:0;--awb-margin-left:0;--awb-align-self:center;\"><\/i><div class=\"fusion-text fusion-text-6\"><p style=\"text-align: center;\"><a class=\"white-hover\" style=\"color: #111;\" href=\"https:\/\/energie.wallonie.be\/servlet\/Repository\/55659.pdf?ID=55659\" target=\"_blank\" rel=\"noopener\">B\u00e9n\u00e9ficier de primes Habitation<\/a>. Ces primes sont conditionn\u00e9es \u00e0 la r\u00e9alisation d\u2019un audit pr\u00e9alable. A noter que l\u2019audit fait lui-m\u00eame l\u2019objet d\u2019une prime !<\/p>\n<\/div><\/div><\/div><\/div><\/div><\/p>\n","protected":false},"excerpt":{"rendered":"","protected":false},"author":1,"featured_media":0,"parent":0,"menu_order":0,"comment_status":"closed","ping_status":"closed","template":"100-width.php","meta":{"footnotes":""},"class_list":["post-975","page","type-page","status-publish","hentry"],"yoast_head":"<!-- This site is optimized with the Yoast SEO plugin v27.1.1 - https:\/\/yoast.com\/product\/yoast-seo-wordpress\/ -->\n<title>Les outils \u00e0 votre disposition - R\u00e9novation : visez le label A !<\/title>\n<meta name=\"description\" content=\"La Wallonie met \u00e0 votre disposition plusieurs outils d&#039;accompagnement\" \/>\n<meta name=\"robots\" content=\"index, follow, max-snippet:-1, max-image-preview:large, max-video-preview:-1\" \/>\n<link rel=\"canonical\" href=\"https:\/\/grand-angle.lavenir.net\/walloreno\/les-outils-a-votre-disposition\/\" \/>\n<meta property=\"og:locale\" content=\"fr_FR\" \/>\n<meta property=\"og:type\" content=\"article\" \/>\n<meta property=\"og:title\" content=\"Les outils \u00e0 votre disposition - R\u00e9novation : visez le label A !\" \/>\n<meta property=\"og:description\" content=\"La Wallonie met \u00e0 votre disposition plusieurs outils d&#039;accompagnement\" \/>\n<meta property=\"og:url\" content=\"https:\/\/grand-angle.lavenir.net\/walloreno\/les-outils-a-votre-disposition\/\" \/>\n<meta property=\"og:site_name\" content=\"R\u00e9novation : visez le label A !\" \/>\n<meta property=\"article:modified_time\" content=\"2021-05-20T10:04:59+00:00\" \/>\n<meta property=\"og:image\" content=\"https:\/\/grand-angle.lavenir.net\/walloreno\/wp-content\/uploads\/sites\/136\/2021\/05\/fb-share.gif\" \/>\n\t<meta property=\"og:image:width\" content=\"1874\" \/>\n\t<meta property=\"og:image:height\" content=\"983\" \/>\n\t<meta property=\"og:image:type\" content=\"image\/gif\" \/>\n<meta name=\"twitter:card\" content=\"summary_large_image\" \/>\n<meta name=\"twitter:title\" content=\"Les outils \u00e0 votre disposition - R\u00e9novation : visez le label A !\" \/>\n<meta name=\"twitter:description\" content=\"La Wallonie met \u00e0 votre disposition plusieurs outils d&#039;accompagnement\" \/>\n<meta name=\"twitter:image\" content=\"https:\/\/grand-angle.lavenir.net\/walloreno\/wp-content\/uploads\/sites\/136\/2021\/05\/fb-share.gif\" \/>\n<meta name=\"twitter:label1\" content=\"Dur\u00e9e de lecture est.\" \/>\n\t<meta name=\"twitter:data1\" content=\"7 minutes\" \/>\n<script type=\"application\/ld+json\" class=\"yoast-schema-graph\">{\"@context\":\"https:\/\/schema.org\",\"@graph\":[{\"@type\":\"WebPage\",\"@id\":\"https:\/\/grand-angle.lavenir.net\/walloreno\/les-outils-a-votre-disposition\/\",\"url\":\"https:\/\/grand-angle.lavenir.net\/walloreno\/les-outils-a-votre-disposition\/\",\"name\":\"Les outils \u00e0 votre disposition - R\u00e9novation : visez le label A !\",\"isPartOf\":{\"@id\":\"https:\/\/grand-angle.lavenir.net\/walloreno\/#website\"},\"datePublished\":\"2021-05-04T08:56:24+00:00\",\"dateModified\":\"2021-05-20T10:04:59+00:00\",\"description\":\"La Wallonie met \u00e0 votre disposition plusieurs outils d'accompagnement\",\"breadcrumb\":{\"@id\":\"https:\/\/grand-angle.lavenir.net\/walloreno\/les-outils-a-votre-disposition\/#breadcrumb\"},\"inLanguage\":\"fr-BE\",\"potentialAction\":[{\"@type\":\"ReadAction\",\"target\":[\"https:\/\/grand-angle.lavenir.net\/walloreno\/les-outils-a-votre-disposition\/\"]}]},{\"@type\":\"BreadcrumbList\",\"@id\":\"https:\/\/grand-angle.lavenir.net\/walloreno\/les-outils-a-votre-disposition\/#breadcrumb\",\"itemListElement\":[{\"@type\":\"ListItem\",\"position\":1,\"name\":\"Home\",\"item\":\"https:\/\/grand-angle.lavenir.net\/walloreno\/\"},{\"@type\":\"ListItem\",\"position\":2,\"name\":\"Les outils \u00e0 votre disposition\"}]},{\"@type\":\"WebSite\",\"@id\":\"https:\/\/grand-angle.lavenir.net\/walloreno\/#website\",\"url\":\"https:\/\/grand-angle.lavenir.net\/walloreno\/\",\"name\":\"R\u00e9novation : visez le label A !\",\"description\":\"D\u2019ennemi public \u00e0 employ\u00e9 mod\u00e8le: la vie atypique de Robert Van Oirbeek\",\"potentialAction\":[{\"@type\":\"SearchAction\",\"target\":{\"@type\":\"EntryPoint\",\"urlTemplate\":\"https:\/\/grand-angle.lavenir.net\/walloreno\/?s={search_term_string}\"},\"query-input\":{\"@type\":\"PropertyValueSpecification\",\"valueRequired\":true,\"valueName\":\"search_term_string\"}}],\"inLanguage\":\"fr-BE\"}]}<\/script>\n<!-- \/ Yoast SEO plugin. -->","yoast_head_json":{"title":"Les outils \u00e0 votre disposition - R\u00e9novation : visez le label A !","description":"La Wallonie met \u00e0 votre disposition plusieurs outils d'accompagnement","robots":{"index":"index","follow":"follow","max-snippet":"max-snippet:-1","max-image-preview":"max-image-preview:large","max-video-preview":"max-video-preview:-1"},"canonical":"https:\/\/grand-angle.lavenir.net\/walloreno\/les-outils-a-votre-disposition\/","og_locale":"fr_FR","og_type":"article","og_title":"Les outils \u00e0 votre disposition - R\u00e9novation : visez le label A !","og_description":"La Wallonie met \u00e0 votre disposition plusieurs outils d'accompagnement","og_url":"https:\/\/grand-angle.lavenir.net\/walloreno\/les-outils-a-votre-disposition\/","og_site_name":"R\u00e9novation : visez le label A !","article_modified_time":"2021-05-20T10:04:59+00:00","og_image":[{"width":1874,"height":983,"url":"https:\/\/grand-angle.lavenir.net\/walloreno\/wp-content\/uploads\/sites\/136\/2021\/05\/fb-share.gif","type":"image\/gif"}],"twitter_card":"summary_large_image","twitter_title":"Les outils \u00e0 votre disposition - R\u00e9novation : visez le label A !","twitter_description":"La Wallonie met \u00e0 votre disposition plusieurs outils d'accompagnement","twitter_image":"https:\/\/grand-angle.lavenir.net\/walloreno\/wp-content\/uploads\/sites\/136\/2021\/05\/fb-share.gif","twitter_misc":{"Dur\u00e9e de lecture est.":"7 minutes"},"schema":{"@context":"https:\/\/schema.org","@graph":[{"@type":"WebPage","@id":"https:\/\/grand-angle.lavenir.net\/walloreno\/les-outils-a-votre-disposition\/","url":"https:\/\/grand-angle.lavenir.net\/walloreno\/les-outils-a-votre-disposition\/","name":"Les outils \u00e0 votre disposition - R\u00e9novation : visez le label A !","isPartOf":{"@id":"https:\/\/grand-angle.lavenir.net\/walloreno\/#website"},"datePublished":"2021-05-04T08:56:24+00:00","dateModified":"2021-05-20T10:04:59+00:00","description":"La Wallonie met \u00e0 votre disposition plusieurs outils d'accompagnement","breadcrumb":{"@id":"https:\/\/grand-angle.lavenir.net\/walloreno\/les-outils-a-votre-disposition\/#breadcrumb"},"inLanguage":"fr-BE","potentialAction":[{"@type":"ReadAction","target":["https:\/\/grand-angle.lavenir.net\/walloreno\/les-outils-a-votre-disposition\/"]}]},{"@type":"BreadcrumbList","@id":"https:\/\/grand-angle.lavenir.net\/walloreno\/les-outils-a-votre-disposition\/#breadcrumb","itemListElement":[{"@type":"ListItem","position":1,"name":"Home","item":"https:\/\/grand-angle.lavenir.net\/walloreno\/"},{"@type":"ListItem","position":2,"name":"Les outils \u00e0 votre disposition"}]},{"@type":"WebSite","@id":"https:\/\/grand-angle.lavenir.net\/walloreno\/#website","url":"https:\/\/grand-angle.lavenir.net\/walloreno\/","name":"R\u00e9novation : visez le label A !","description":"D\u2019ennemi public \u00e0 employ\u00e9 mod\u00e8le: la vie atypique de Robert Van Oirbeek","potentialAction":[{"@type":"SearchAction","target":{"@type":"EntryPoint","urlTemplate":"https:\/\/grand-angle.lavenir.net\/walloreno\/?s={search_term_string}"},"query-input":{"@type":"PropertyValueSpecification","valueRequired":true,"valueName":"search_term_string"}}],"inLanguage":"fr-BE"}]}},"_links":{"self":[{"href":"https:\/\/grand-angle.lavenir.net\/walloreno\/wp-json\/wp\/v2\/pages\/975","targetHints":{"allow":["GET"]}}],"collection":[{"href":"https:\/\/grand-angle.lavenir.net\/walloreno\/wp-json\/wp\/v2\/pages"}],"about":[{"href":"https:\/\/grand-angle.lavenir.net\/walloreno\/wp-json\/wp\/v2\/types\/page"}],"author":[{"embeddable":true,"href":"https:\/\/grand-angle.lavenir.net\/walloreno\/wp-json\/wp\/v2\/users\/1"}],"replies":[{"embeddable":true,"href":"https:\/\/grand-angle.lavenir.net\/walloreno\/wp-json\/wp\/v2\/comments?post=975"}],"version-history":[{"count":0,"href":"https:\/\/grand-angle.lavenir.net\/walloreno\/wp-json\/wp\/v2\/pages\/975\/revisions"}],"wp:attachment":[{"href":"https:\/\/grand-angle.lavenir.net\/walloreno\/wp-json\/wp\/v2\/media?parent=975"}],"curies":[{"name":"wp","href":"https:\/\/api.w.org\/{rel}","templated":true}]}}