{"id":45,"date":"2017-09-04T14:22:00","date_gmt":"2017-09-04T12:22:00","guid":{"rendered":"https:\/\/grand-angle.lavenir.net\/usine-athus-40-ans\/?page_id=45"},"modified":"2018-04-12T14:38:25","modified_gmt":"2018-04-12T12:38:25","slug":"il-y-a-40-ans-athus-mourait","status":"publish","type":"page","link":"https:\/\/grand-angle.lavenir.net\/usine-athus-40-ans\/","title":{"rendered":"Il y a 40 ans, Athus mourait"},"content":{"rendered":"<p><div class=\"fusion-fullwidth fullwidth-box fusion-builder-row-1 nonhundred-percent-fullwidth non-hundred-percent-height-scrolling\" style=\"--awb-border-radius-top-left:0px;--awb-border-radius-top-right:0px;--awb-border-radius-bottom-right:0px;--awb-border-radius-bottom-left:0px;--awb-padding-bottom:0px;--awb-margin-top:-78px;--awb-flex-wrap:wrap;\" ><div class=\"fusion-builder-row fusion-row\"><div class=\"fusion-layout-column fusion_builder_column fusion-builder-column-0 fusion_builder_column_1_1 1_1 fusion-one-full fusion-column-first fusion-column-last\" style=\"--awb-padding-top:10px;--awb-padding-right:10px;--awb-padding-bottom:0px;--awb-padding-left:10px;--awb-bg-color:#ffeacc;--awb-bg-color-hover:#ffeacc;--awb-bg-size:cover;--awb-margin-bottom:0px;\"><div class=\"fusion-column-wrapper fusion-flex-column-wrapper-legacy\"><div class=\"fusion-text fusion-text-1\"><h1 style=\"text-align: center; margin: 0 !important;\">Il y a 40 ans, Athus mourait<\/h1>\n<\/div><div class=\"fusion-clearfix\"><\/div><\/div><\/div><\/div><\/div><div class=\"fusion-fullwidth fullwidth-box fusion-builder-row-2 nonhundred-percent-fullwidth non-hundred-percent-height-scrolling\" style=\"--awb-border-radius-top-left:0px;--awb-border-radius-top-right:0px;--awb-border-radius-bottom-right:0px;--awb-border-radius-bottom-left:0px;--awb-background-color:rgba(255,152,0,0.2);--awb-flex-wrap:wrap;\" ><div class=\"fusion-builder-row fusion-row\"><div class=\"fusion-layout-column fusion_builder_column fusion-builder-column-1 fusion_builder_column_1_1 1_1 fusion-one-full fusion-column-first fusion-column-last\" style=\"--awb-bg-size:cover;--awb-margin-bottom:0px;\"><div class=\"fusion-column-wrapper fusion-flex-column-wrapper-legacy\"><div class=\"fusion-text fusion-text-2\"><p>1977, le conseil d\u2019administration de l\u2019usine grand-ducale MMR-A (Mini\u00e8re et M\u00e9tallurgie Rodange-Athus) d\u00e9cide ce se s\u00e9parer du \u00ab\u2009A\u2009\u00bb d\u2019Athus.\u200a Le 5 septembre, un peu plus de 800 travailleurs votent : 691 sont pour le plan social qui leur est pr\u00e9sent\u00e9, 94 sont contre, 24 bulletins nuls. \u00a0Apr\u00e8s 40 jours de luttes et d\u2019actions qui ont fait l\u2019actualit\u00e9 des m\u00e9dias belges et grand-ducaux, les troupes se sont r\u00e9sign\u00e9es. Fini de bloquer les douanes, l\u2019usine, la Nationale 4, la ligne de chemin de fer \u00e0 la hauteur d\u2019Arlon. Il est d\u00e9j\u00e0 loin le cort\u00e8ge fun\u00e8bre du 1er ao\u00fbt, \u00ab\u2009Athus ville morte\u2009\u00bb port\u00e9 par 2\u2009000 manifestants.<\/p>\n<\/div><center><iframe src=\"https:\/\/www.sonuma.be\/player\/frame.php?env=7e1339754bcd060eb24ec5ef8c44f795&video=6726513\" width=\"75%\" height=\"360\" frameborder=\"0\" scrolling=\"no\" allowfullscreen> <\/iframe><\/center><div class=\"fusion-sharing-box fusion-sharing-box-1 boxed-icons has-taglines layout-floated layout-medium-floated layout-small-floated\" style=\"background-color:#ffeacc;--awb-layout:row;--awb-alignment-small:space-between;\" data-title=\"Les m\u00e9tallos pleurent\" data-description=\"Il y a 40 ans, Athus mourait  \r\n\r\n1977, le conseil d\u2019administration de l\u2019usine grand-ducale MMR-A (Mini\u00e8re et M\u00e9tallurgie Rodange-Athus) d\u00e9cide ce se s\u00e9parer du \u00ab\u2009A\u2009\u00bb d\u2019Athus.\u200a Le 5 septembre, un peu plus de 800 travailleurs votent : 691 sont pour le plan social qui leur est pr\u00e9sent\u00e9,\" data-link=\"https:\/\/grand-angle.lavenir.net\/usine-athus-40-ans\/\"><div class=\"fusion-social-networks sharingbox-shortcode-icon-wrapper sharingbox-shortcode-icon-wrapper-1 boxed-icons\"><span><a href=\"https:\/\/www.facebook.com\/sharer.php?u=https%3A%2F%2Fgrand-angle.lavenir.net%2Fusine-athus-40-ans%2F&amp;t=Les%20m%C3%A9tallos%20pleurent\" target=\"_blank\" rel=\"noreferrer\" title=\"Facebook\" aria-label=\"Facebook\" data-placement=\"top\" data-toggle=\"tooltip\" data-title=\"Facebook\"><i class=\"fusion-social-network-icon fusion-tooltip fusion-facebook awb-icon-facebook\" style=\"color:#ffffff;background-color:#3b5998;border-color:#3b5998;border-radius:50%;\" aria-hidden=\"true\"><\/i><\/a><\/span><span><a href=\"https:\/\/x.com\/intent\/post?text=Les%20m%C3%A9tallos%20pleurent&amp;url=https%3A%2F%2Fgrand-angle.lavenir.net%2Fusine-athus-40-ans%2F\" target=\"_blank\" rel=\"noopener noreferrer\" title=\"X\" aria-label=\"X\" data-placement=\"top\" data-toggle=\"tooltip\" data-title=\"X\"><i class=\"fusion-social-network-icon fusion-tooltip fusion-twitter awb-icon-twitter\" style=\"color:#ffffff;background-color:#000000;border-color:#000000;border-radius:50%;\" aria-hidden=\"true\"><\/i><\/a><\/span><\/div><\/div><div class=\"fusion-clearfix\"><\/div><\/div><\/div><\/div><\/div><div class=\"fusion-fullwidth fullwidth-box fusion-builder-row-3 nonhundred-percent-fullwidth non-hundred-percent-height-scrolling\" style=\"--awb-border-radius-top-left:0px;--awb-border-radius-top-right:0px;--awb-border-radius-bottom-right:0px;--awb-border-radius-bottom-left:0px;--awb-flex-wrap:wrap;\" ><div class=\"fusion-builder-row fusion-row\"><div class=\"fusion-layout-column fusion_builder_column fusion-builder-column-2 fusion_builder_column_1_1 1_1 fusion-one-full fusion-column-first fusion-column-last\" style=\"--awb-bg-size:cover;\"><div class=\"fusion-column-wrapper fusion-flex-column-wrapper-legacy\"><div class=\"fusion-text fusion-text-3\"><p>Le 5 septembre, c\u2019est l\u2019enterrement de cette imposante masse m\u00e9tallique qui a fa\u00e7onn\u00e9 le visage et fait battre le c\u0153ur d\u2019Athus depuis 1892.<br \/>\nPourtant, l\u2019usine a fait passer la population de 935 personnes en 1878 \u00e0 7\u2009516 en 1970. Pendant ce temps, l\u2019usine change de nom 8 fois. \u00a0Beaucoup affirment que la fermeture \u00e9tait programm\u00e9e depuis 1967, et pourtant, 1969 a \u00e9t\u00e9 l\u2019ann\u00e9e des records au niveau de la production : 504\u200a milliers de tonnes d\u2019acier, soit 4 % de la production belge pour 2\u200a487 travailleurs (2\u2009258 ouvriers, 229 employ\u00e9s).<br \/>\nEn 1977, 1\u2009500 travailleurs perdent leur job. 200 sont sauv\u00e9s gr\u00e2ce \u00e0 un ou deux services maintenus (torsadeuses, moulin \u00e0 scories et agglom\u00e9ration)<br \/>\nLa ville meurt. Beaucoup d\u00e9m\u00e9nagent. Et aujourd\u2019hui quand on parle \u00e0 ceux qui ont travaill\u00e9 \u00e0 l\u2019usine, qu\u2019ils s\u2019appellent Guy, Claude, Andr\u00e9, Serge et la trentaine d\u2019ouvriers que nous avons rencontr\u00e9s, la nostalgie est intacte. Les copains, comme ils aiment s\u2019appeler, c\u2019\u00e9tait sacr\u00e9. L\u2019usine leur manque encore.<\/p>\n<p>Le 5 septembre, Athus a \u00e9t\u00e9 une des premi\u00e8res usines sacrifi\u00e9es sur l\u2019autel des restructurations. Les ouvriers, otages de l\u2019\u00e9chiquier de la mondialisation de la production d\u2019acier, n\u2019ont rien pu faire. Le 6 septembre, le vide s\u2019installait.<\/p>\n<\/div><center><iframe src=\"https:\/\/www.sonuma.be\/player\/frame.php?env=7e1339754bcd060eb24ec5ef8c44f795&video=6757568\" width=\"100%\" height=\"600\" frameborder=\"0\" scrolling=\"no\" allowfullscreen> <\/iframe><\/center><div class=\"fusion-clearfix\"><\/div><\/div><\/div><\/div><\/div><div class=\"fusion-fullwidth fullwidth-box fusion-builder-row-4 nonhundred-percent-fullwidth non-hundred-percent-height-scrolling\" style=\"--awb-border-radius-top-left:0px;--awb-border-radius-top-right:0px;--awb-border-radius-bottom-right:0px;--awb-border-radius-bottom-left:0px;--awb-flex-wrap:wrap;\" ><div class=\"fusion-builder-row fusion-row\"><div class=\"fusion-layout-column fusion_builder_column fusion-builder-column-3 fusion_builder_column_1_1 1_1 fusion-one-full fusion-column-first fusion-column-last\" style=\"--awb-bg-size:cover;\"><div class=\"fusion-column-wrapper fusion-flex-column-wrapper-legacy\">\t<link rel=\"stylesheet\" href=\"https:\/\/www.lavenir.net\/extra\/content\/ressources\/20170511_timeline-politique\/css\/timeline-athus.css\"> <!-- Resource style -->\n\t<style type=\"text\/css\">\n\t\t.cd-timeline-img {\n\t\t    width: 110px;\n\t\t    margin-left: -55px;\n\t\t    line-height: 60px;\n    \t\ttext-align: center;\n\t\t    font-size: 24px;\n\t\t    font-weight: 700;\n\t\t    color: white;\n\t\t}\n\t\t\n\t\t\/*mobile*\/\n\n\t\t@media screen and (max-width: 1169px) {\n\t\t\t#cd-timeline::before {\n\t\t\t    left: 50%;\n\t\t\t}\n\t\t\t.cd-timeline-img.cd-picture {\n\t\t\t    margin: 0 auto;\n\t\t\t    position: inherit;\n\t\t        line-height: 44px;\n\t\t\t}\n\t\t\t.cd-timeline-content {\n\t\t\t    margin-top: 50px;\n\t\t\t    margin-left: 0;\n\t\t\t}\n\t\t\t.cd-timeline-content::before {\n\t\t\t\tdisplay: none;\n\t\t\t}\n\t\t}\n\t<\/style>\n\n\n\t<section id=\"cd-timeline\" class=\"cd-container\">\n\t\t<div class=\"cd-timeline-block\">\n\t\t\t<div class=\"cd-timeline-img cd-picture\">\n\t\t\t\t1872\n\t\t\t<\/div> <!-- cd-timeline-img -->\n\n\t\t\t<div class=\"cd-timeline-content\">\n\t\t\t\t<h2>CR\u00c9ATION<\/h2>\n\t\t\t\t<p>Le 25 juillet, la Soci\u00e9t\u00e9 anonyme des Hauts Fourneaux d\u2019Athus est cr\u00e9\u00e9e. Les promoteurs sont les barons Fernand et Hyppolyte d\u2019Huart.<br \/>\nIls sont 170 ouvriers en 1877.\n<\/p>\n\t\t\t<\/div> <!-- cd-timeline-content -->\n\t\t<\/div> <!-- cd-timeline-block -->\n\n\t\t<div class=\"cd-timeline-block\">\n\t\t\t<div class=\"cd-timeline-img cd-picture\">\n\t\t\t\t1885\n\t\t\t<\/div> <!-- cd-timeline-img -->\n\n\t\t\t<div class=\"cd-timeline-content\">\n\t\t\t\t\t<h2>CRISE \u00c9CONOMIQUE<\/h2>\n\t\t\t\t\t<p>Premier arr\u00eat des activit\u00e9s.\n<\/p>\n\n\t\t\t<\/div> <!-- cd-timeline-content -->\n\t\t<\/div> <!-- cd-timeline-block -->\n\n\t\t<div class=\"cd-timeline-block\">\n\t\t\t<div class=\"cd-timeline-img cd-picture\">\n\t\t\t\t1911-1913\n\t\t\t<\/div> <!-- cd-timeline-img -->\n\n\t\t\t<div class=\"cd-timeline-content\">\n\t\t\t\t<h2>INVESTISSEMENTS<\/h2>\n\t\t\t\t<p>400 travailleurs. Premi\u00e8re fusion. L\u2019usine devient Soci\u00e9t\u00e9 anonyme d\u2019Athus-Grivegn\u00e9e.<\/p>\n\t\t\t<\/div> <!-- cd-timeline-content -->\n\t\t<\/div> <!-- cd-timeline-block -->\n\n\t\t<div class=\"cd-timeline-block\">\n\t\t\t<div class=\"cd-timeline-img cd-picture\">\n\t\t\t\t1914-1918\n\t\t\t<\/div> <!-- cd-timeline-img -->\n\n\t\t\t<div class=\"cd-timeline-content\">\n\t\t\t\t<h2>ARR\u00caT PENDANT LA GUERRE<\/h2>\n\t\t\t\t<p>D\u00e8s le d\u00e9but de la guerre, la production est suspendue et l\u2019usine mise \u00e0 l\u2019arr\u00eat. \u00c0 l\u2019exception de la centrale \u00e9lectrique indispensable pour l\u2019\u00e9clairage d\u2019Athus. Les Allemands en font un camp de prisonniers de guerre (fran\u00e7ais et russes surtout) puis, \u00e0 partir de 1917, une usine de fabrication de chariots pour l\u2019arm\u00e9e, utilisant des travailleurs forc\u00e9s.<\/p>\n\t\t\t<\/div> <!-- cd-timeline-content -->\n\t\t<\/div> <!-- cd-timeline-block -->\n\n\t\t<div class=\"cd-timeline-block\">\n\t\t\t<div class=\"cd-timeline-img cd-picture\">\n\t\t\t\t1927\n\t\t\t<\/div> <!-- cd-timeline-img -->\n\n\t\t\t<div class=\"cd-timeline-content\">\n\t\t\t\t<h2>SECONDE FUSION<\/h2>\n\t\t\t\t<p>Seconde fusion entre Athus-Grivegn\u00e9e et les Aci\u00e9ries d\u2019Angleur. Nouveau nom : Soci\u00e9t\u00e9 anonyme Angleur-Athus.<br \/>\nLes installations s\u2019\u00e9tendent sur 30 hectares et ne seront plus beaucoup modifi\u00e9es jusqu\u2019\u00e0 la fermeture.<br \/>\nLe si\u00e8ge social quitte les murs d\u2019Athus pour Tilleur. Le centre d\u00e9cisionnel sort de ses murs.\n<\/p>\n\t\t\t<\/div> <!-- cd-timeline-content -->\n\t\t<\/div> <!-- cd-timeline-block -->\n\n\t\t<div class=\"cd-timeline-block\">\n\t\t\t<div class=\"cd-timeline-img cd-picture\">\n\t\t\t\t1945\n\t\t\t<\/div> <!-- cd-timeline-img -->\n\n\t\t\t<div class=\"cd-timeline-content\">\n\t\t\t\t<h2>TROISI\u00c8ME FUSION AVEC L\u2019ARRIV\u00c9E DE COCKERILL<\/h2>\n\t\t\t\t<p>\u00c0 partir de 1950, commence une p\u00e9riode de haute conjoncture et d\u2019extension de l\u2019embauche.<\/p>\n\t\t\t<\/div> <!-- cd-timeline-content -->\n\t\t<\/div> <!-- cd-timeline-block -->\n\n\t\t<div class=\"cd-timeline-block\">\n\t\t\t<div class=\"cd-timeline-img cd-picture\">\n\t\t\t\t1955\n\t\t\t<\/div> <!-- cd-timeline-img -->\n\n\t\t\t<div class=\"cd-timeline-content\">\n\t\t\t\t<h2>L\u2019EXPANSION<\/h2>\n\t\t\t\t<p>Nouvelle fusion au sein de la sid\u00e9rurgie li\u00e9geoise entre Cockerill, Ferblatil et Ougr\u00e9e-Marihaye.\nEt nouvelle d\u00e9nomination : Soci\u00e9t\u00e9 anonyme Cockerill-Ougr\u00e9e.<\/p>\n\t\t\t<\/div> <!-- cd-timeline-content -->\n\t\t<\/div> <!-- cd-timeline-block -->\n\n\n\t\t<div class=\"cd-timeline-block\">\n\t\t\t<div class=\"cd-timeline-img cd-picture\">\n\t\t\t\t1960-1961\n\t\t\t<\/div> <!-- cd-timeline-img -->\n\n\t\t\t<div class=\"cd-timeline-content\">\n\t\t\t\t<h2>LA GR\u00c8VE<\/h2>\n\t\t\t\t<p>nationales dans la grande gr\u00e8ve contre \u00ab La loi unique \u00bb d\u2019assainissement budg\u00e9taire et l\u2019usine est \u00e0 l\u2019arr\u00eat du 23 d\u00e9cembre 1960 au 19 janvier 1961.<\/p>\n\t\t\t<\/div> <!-- cd-timeline-content -->\n\t\t<\/div> <!-- cd-timeline-block -->\n\n\t\t<div class=\"cd-timeline-block\">\n\t\t\t<div class=\"cd-timeline-img cd-picture\">\n\t\t\t\t1970\n\t\t\t<\/div> <!-- cd-timeline-img -->\n\n\t\t\t<div class=\"cd-timeline-content\">\n\t\t\t\t<h2>LE D\u00c9CLIN<\/h2>\n\t\t\t\t<p>Encore une fusion, avec Esp\u00e9rance-Longdoz, mais la d\u00e9nomination sociale en sera simplifi\u00e9e : Soci\u00e9t\u00e9 anonyme Cockerill.<br \/>\nL\u2019ann\u00e9e 1972 sera tr\u00e8s difficile, avec des pertes fi nanci\u00e8res importantes, en d\u00e9pit des baisses de production et des mises en ch\u00f4mage partiel.\n<\/p>\n\t\t\t<\/div> <!-- cd-timeline-content -->\n\t\t<\/div> <!-- cd-timeline-block -->\n\n\t\t<div class=\"cd-timeline-block\">\n\t\t\t<div class=\"cd-timeline-img cd-picture\">\n\t\t\t\t1973\n\t\t\t<\/div> <!-- cd-timeline-img -->\n\n\t\t\t<div class=\"cd-timeline-content\">\n\t\t\t\t<h2>DERNI\u00c8RE CHANCE, DERNIER NOM<\/h2>\n\t\t\t\t<p>Athus fusionne avec Rodange : naissance de la Soci\u00e9t\u00e9 anonyme Mini\u00e8re et M\u00e9tallurgique de Rodagne-Athus, en abr\u00e9g\u00e9 MMRA.<\/p>\n\t\t\t<\/div> <!-- cd-timeline-content -->\n\t\t<\/div> <!-- cd-timeline-block -->\n\n\t\t<div class=\"cd-timeline-block\">\n\t\t\t<div class=\"cd-timeline-img cd-picture\">\n\t\t\t\t1977\n\t\t\t<\/div> <!-- cd-timeline-img -->\n\n\t\t\t<div class=\"cd-timeline-content\">\n\t\t\t\t<h2>FIN DE L\u2019USINE<\/h2>\n\t\t\t\t<p>La fin de l\u2019usine d\u2019Athus avec ses installations v\u00e9tustes, sa sp\u00e9cialisation en ronds \u00e0 b\u00e9ton, para\u00eet \u00e0 certains comme le canard boiteux de la MMRA. Le lundi 1er ao\u00fbt, un cort\u00e8ge impressionnant de marcheurs suivant un cercueil avec l\u2019inscription : \u00ab ci-g\u00eet Athus \u00bb, d\u00e9ambule dans une ville \u00ab morte \u00bb.\nLe 27 juillet, arr\u00eat de l\u2019activit\u00e9. Le 24 ao\u00fbt est d\u00e9voil\u00e9 le plan \u00e9labor\u00e9 par l\u2019Arbed, le grand groupe sid\u00e9rurgique luxembourgeois, qui pr\u00e9voit la fermeture d\u2019Athus, la restructuration de Rodange et son int\u00e9gration dans l\u2019Arbed, avec l\u2019aide financi\u00e8re de l\u2019\u00c9tat luxembourgeois.<\/p>\n<p>Le 4 septembre, la d\u00e9cision finale est prise conjointement par les autorit\u00e9s gouvernementales des deux pays, le repr\u00e9sentant de la CEE (Davignon), les responsables financiers de la MMRA. Le 5 septembre, le conseil d\u2019administration de la MMRA d\u00e9cide et rend public l\u2019arr\u00eat d\u00e9finitif de l\u2019usine d\u2019Athus.\n<\/p>\n\t\t\t<\/div> <!-- cd-timeline-content -->\n\t\t<\/div> <!-- cd-timeline-block -->\n\n\n\n\n\t<\/section> <!-- cd-timeline -->\n\n\n<script src=\"https:\/\/www.lavenir.net\/extra\/content\/ressources\/20170511_timeline-politique\/js\/main.js\"><\/script> <!-- Resource jQuery --><div class=\"fusion-clearfix\"><\/div><\/div><\/div><\/div><\/div><div class=\"fusion-fullwidth fullwidth-box fusion-builder-row-5 nonhundred-percent-fullwidth non-hundred-percent-height-scrolling\" style=\"--awb-border-radius-top-left:0px;--awb-border-radius-top-right:0px;--awb-border-radius-bottom-right:0px;--awb-border-radius-bottom-left:0px;--awb-flex-wrap:wrap;\" ><div class=\"fusion-builder-row fusion-row\"><div class=\"fusion-layout-column fusion_builder_column fusion-builder-column-4 fusion_builder_column_1_2 1_2 fusion-one-half fusion-column-first\" style=\"--awb-bg-size:cover;width:50%;width:calc(50% - ( ( 4% ) * 0.5 ) );margin-right: 4%;\"><div class=\"fusion-column-wrapper fusion-flex-column-wrapper-legacy\"><div class=\"chapitre\">\n<a href=\"https:\/\/grand-angle.lavenir.net\/usine-athus-40-ans\/les-metallos-pleurent\/\">\n<figure class=\"effect-goliath\">\n<img decoding=\"async\" class=\"alignnone\" src=\"https:\/\/grand-angle.lavenir.net\/usine-athus-40-ans\/wp-content\/uploads\/sites\/27\/2017\/09\/chap1.jpg\"><figcaption>\n<h2 data-fontsize=\"24\" data-lineheight=\"36\">Chapitre I<\/h2>\n<p>\nLes m\u00e9tallos pleurent\n<\/p>\n<\/figcaption><\/figure>\n<\/a>\n\n<\/div><div class=\"fusion-clearfix\"><\/div><\/div><\/div><div class=\"fusion-layout-column fusion_builder_column fusion-builder-column-5 fusion_builder_column_1_2 1_2 fusion-one-half fusion-column-last\" style=\"--awb-bg-size:cover;width:50%;width:calc(50% - ( ( 4% ) * 0.5 ) );\"><div class=\"fusion-column-wrapper fusion-flex-column-wrapper-legacy\"><div class=\"chapitre\">\n<a href=\"https:\/\/grand-angle.lavenir.net\/usine-athus-40-ans\/paroles-douvriers\/\">\n<figure class=\"effect-goliath\"><img decoding=\"async\" class=\"alignnone size-large wp-image-18\" src=\"https:\/\/grand-angle.lavenir.net\/usine-athus-40-ans\/wp-content\/uploads\/sites\/27\/2017\/09\/vlcsnap-00003.png\" alt=\"\" ><img decoding=\"async\" class=\"alignnone size-large wp-image-27 hover\" src=\"https:\/\/grand-angle.lavenir.net\/usine-athus-40-ans\/wp-content\/uploads\/sites\/27\/2017\/09\/vlcsnap-00003.png\" alt=\"\" ><figcaption>\n<h2 data-fontsize=\"24\" data-lineheight=\"36\">Chapitre II<\/h2>\n<p>\nParoles d'ouvriers\n<\/p>\n<\/figcaption><\/figure>\n<\/a>\n\n<\/div><div class=\"fusion-clearfix\"><\/div><\/div><\/div><div class=\"fusion-layout-column fusion_builder_column fusion-builder-column-6 fusion_builder_column_1_2 1_2 fusion-one-half fusion-column-first\" style=\"--awb-bg-size:cover;width:50%;width:calc(50% - ( ( 4% ) * 0.5 ) );margin-right: 4%;\"><div class=\"fusion-column-wrapper fusion-flex-column-wrapper-legacy\"><div class=\"chapitre\">\n<a href=\"https:\/\/grand-angle.lavenir.net\/usine-athus-40-ans\/une-ville-florissante\/\">\n<figure class=\"effect-goliath\">\n<img decoding=\"async\" src=\"https:\/\/grand-angle.lavenir.net\/usine-athus-40-ans\/wp-content\/uploads\/sites\/27\/2017\/09\/chap3.jpg\" alt=\"\" >\n<figcaption>\n<h2 data-fontsize=\"24\" data-lineheight=\"36\">Chapitre III<\/h2>\n<p>\nUne ville florissante\n<\/p>\n<\/figcaption><\/figure>\n<\/a>\n<\/div><div class=\"fusion-clearfix\"><\/div><\/div><\/div><div class=\"fusion-layout-column fusion_builder_column fusion-builder-column-7 fusion_builder_column_1_2 1_2 fusion-one-half fusion-column-last\" style=\"--awb-bg-size:cover;width:50%;width:calc(50% - ( ( 4% ) * 0.5 ) );\"><div class=\"fusion-column-wrapper fusion-flex-column-wrapper-legacy\"><div class=\"chapitre\">\n<a href=\"https:\/\/grand-angle.lavenir.net\/usine-athus-40-ans\/metallos-et-footballeurs\/\">\n<figure class=\"effect-goliath\">\n<img decoding=\"async\" src=\"https:\/\/grand-angle.lavenir.net\/usine-athus-40-ans\/wp-content\/uploads\/sites\/27\/2017\/09\/chap4.jpg\" alt=\"\" >\n<figcaption>\n<h2 data-fontsize=\"24\" data-lineheight=\"36\">Chapitre IV<\/h2>\n<p>\nM\u00e9tallos et footballeurs\n<\/p>\n<\/figcaption><\/figure>\n<\/a>\n<\/div><div class=\"fusion-clearfix\"><\/div><\/div><\/div><div class=\"fusion-layout-column fusion_builder_column fusion-builder-column-8 fusion_builder_column_1_2 1_2 fusion-one-half fusion-column-first\" style=\"--awb-bg-size:cover;width:50%;width:calc(50% - ( ( 4% ) * 0.5 ) );margin-right: 4%;\"><div class=\"fusion-column-wrapper fusion-flex-column-wrapper-legacy\"><div class=\"chapitre\">\n<a href=\"https:\/\/grand-angle.lavenir.net\/usine-athus-40-ans\/piege-pour-les-nazis\/\">\n<figure class=\"effect-goliath\">\n<img decoding=\"async\" src=\"https:\/\/grand-angle.lavenir.net\/usine-athus-40-ans\/wp-content\/uploads\/sites\/27\/2017\/09\/chap5.jpg\" alt=\"\" >\n<figcaption>\n<h2 data-fontsize=\"24\" data-lineheight=\"36\">Chapitre V<\/h2>\n<p>\nPi\u00e8ge pour les nazis\n<\/p>\n<\/figcaption><\/figure>\n<\/a>\n<\/div><div class=\"fusion-clearfix\"><\/div><\/div><\/div><div class=\"fusion-layout-column fusion_builder_column fusion-builder-column-9 fusion_builder_column_1_2 1_2 fusion-one-half fusion-column-last\" style=\"--awb-bg-size:cover;width:50%;width:calc(50% - ( ( 4% ) * 0.5 ) );\"><div class=\"fusion-column-wrapper fusion-flex-column-wrapper-legacy\"><div class=\"chapitre\">\n<a href=\"https:\/\/grand-angle.lavenir.net\/usine-athus-40-ans\/loubliee-de-la-reconversion\/\">\n<figure class=\"effect-goliath\">\n<img decoding=\"async\" src=\"https:\/\/grand-angle.lavenir.net\/usine-athus-40-ans\/wp-content\/uploads\/sites\/27\/2017\/09\/chap6.jpg\" alt=\"\" >\n<figcaption>\n<h2 data-fontsize=\"24\" data-lineheight=\"36\">Chapitre VI<\/h2>\n<p>\nL'oubli\u00e9e de la reconversion\n<\/p>\n<\/figcaption><\/figure>\n<\/a>\n<\/div><div class=\"fusion-clearfix\"><\/div><\/div><\/div><\/div><\/div><div class=\"fusion-fullwidth fullwidth-box fusion-builder-row-6 nonhundred-percent-fullwidth non-hundred-percent-height-scrolling\" style=\"--awb-border-radius-top-left:0px;--awb-border-radius-top-right:0px;--awb-border-radius-bottom-right:0px;--awb-border-radius-bottom-left:0px;--awb-flex-wrap:wrap;\" ><div class=\"fusion-builder-row fusion-row\"><div class=\"fusion-layout-column fusion_builder_column fusion-builder-column-10 fusion_builder_column_1_2 1_2 fusion-one-half fusion-column-first\" style=\"--awb-bg-size:cover;width:50%;width:calc(50% - ( ( 4% ) * 0.5 ) );margin-right: 4%;\"><div class=\"fusion-column-wrapper fusion-flex-column-wrapper-legacy\"><div class=\"fusion-text fusion-text-4\"><p style=\"font-size: 12px;\">SOURCES<br \/>\nBiren, A.- M. et Dondeliger,<br \/>\nJ.- P. Histoire de l\u2019usine d\u2019Athus 1872-1977,<br \/>\n365 pages, \u00e9dit\u00e9 par les auteurs, non dat\u00e9.<br \/>\nGoffin, L. Mentalit\u00e9s de sid\u00e9rurgistes en milieu rural.<br \/>\nLe cas d\u2019Athus et du Sud-Luxembourg belge,<br \/>\nEd. Universitaires, Bruxelles, 1979, 240 pages.<br \/>\nGoffin, L. Une histoire de fer et d\u2019acier, Cahiers<br \/>\nde l\u2019Acad\u00e9mie luxembourgeoise, 21\/2005 pp. 5-55.<\/p>\n<\/div><div class=\"fusion-clearfix\"><\/div><\/div><\/div><div class=\"fusion-layout-column fusion_builder_column fusion-builder-column-11 fusion_builder_column_1_2 1_2 fusion-one-half fusion-column-last\" style=\"--awb-bg-size:cover;width:50%;width:calc(50% - ( ( 4% ) * 0.5 ) );\"><div class=\"fusion-column-wrapper fusion-flex-column-wrapper-legacy\"><div class=\"fusion-sharing-box fusion-sharing-box-2 boxed-icons has-taglines layout-floated layout-medium-floated layout-small-floated\" style=\"background-color:#ffffff;--awb-layout:row;--awb-alignment-small:space-between;\" data-title=\"Il y a 40 ans, Athus mourait\" data-description=\"1977, le conseil d\u2019administration de l\u2019usine grand-ducale MMR-A (Mini\u00e8re et M\u00e9tallurgie Rodange-Athus) d\u00e9cide ce se s\u00e9parer du \u00ab\u2009A\u2009\u00bb d\u2019Athus.\u200a Le 5 septembre, un peu plus de 800 travailleurs votent : 691 sont pour le plan social qui leur est pr\u00e9sent\u00e9, 94 sont contre, 24 bulletins nuls. Apr\u00e8s 40 jours de luttes et d\u2019actions qui ont fait l\u2019actualit\u00e9 des m\u00e9dias belges et grand-ducaux, les troupes se sont r\u00e9sign\u00e9es. Fini de bloquer les douanes, l\u2019usine, la Nationale 4, la ligne de chemin de fer \u00e0 la hauteur d\u2019Arlon. Il est d\u00e9j\u00e0 loin le cort\u00e8ge fun\u00e8bre du 1er ao\u00fbt, \u00ab\u2009Athus ville morte\u2009\u00bb port\u00e9 par 2\u2009000 manifestants.\" data-link=\"https:\/\/grand-angle.lavenir.net\/usine-athus-40-ans\"><div class=\"fusion-social-networks sharingbox-shortcode-icon-wrapper sharingbox-shortcode-icon-wrapper-2 boxed-icons\"><span><a href=\"https:\/\/www.facebook.com\/sharer.php?u=https%3A%2F%2Fgrand-angle.lavenir.net%2Fusine-athus-40-ans&amp;t=Il%20y%20a%2040%20ans%2C%20Athus%20mourait\" target=\"_blank\" rel=\"noreferrer\" title=\"Facebook\" aria-label=\"Facebook\" data-placement=\"top\" data-toggle=\"tooltip\" data-title=\"Facebook\"><i class=\"fusion-social-network-icon fusion-tooltip fusion-facebook awb-icon-facebook\" style=\"color:#ffffff;background-color:#3b5998;border-color:#3b5998;border-radius:50%;\" aria-hidden=\"true\"><\/i><\/a><\/span><span><a href=\"https:\/\/x.com\/intent\/post?text=Il%20y%20a%2040%20ans%2C%20Athus%20mourait&amp;url=https%3A%2F%2Fgrand-angle.lavenir.net%2Fusine-athus-40-ans\" target=\"_blank\" rel=\"noopener noreferrer\" title=\"X\" aria-label=\"X\" data-placement=\"top\" data-toggle=\"tooltip\" data-title=\"X\"><i class=\"fusion-social-network-icon fusion-tooltip fusion-twitter awb-icon-twitter\" style=\"color:#ffffff;background-color:#000000;border-color:#000000;border-radius:50%;\" aria-hidden=\"true\"><\/i><\/a><\/span><\/div><\/div><div class=\"fusion-clearfix\"><\/div><\/div><\/div><\/div><\/div><\/p>\n","protected":false},"excerpt":{"rendered":"","protected":false},"author":1,"featured_media":0,"parent":0,"menu_order":0,"comment_status":"closed","ping_status":"closed","template":"100-width.php","meta":{"footnotes":""},"class_list":["post-45","page","type-page","status-publish","hentry"],"_links":{"self":[{"href":"https:\/\/grand-angle.lavenir.net\/usine-athus-40-ans\/wp-json\/wp\/v2\/pages\/45","targetHints":{"allow":["GET"]}}],"collection":[{"href":"https:\/\/grand-angle.lavenir.net\/usine-athus-40-ans\/wp-json\/wp\/v2\/pages"}],"about":[{"href":"https:\/\/grand-angle.lavenir.net\/usine-athus-40-ans\/wp-json\/wp\/v2\/types\/page"}],"author":[{"embeddable":true,"href":"https:\/\/grand-angle.lavenir.net\/usine-athus-40-ans\/wp-json\/wp\/v2\/users\/1"}],"replies":[{"embeddable":true,"href":"https:\/\/grand-angle.lavenir.net\/usine-athus-40-ans\/wp-json\/wp\/v2\/comments?post=45"}],"version-history":[{"count":0,"href":"https:\/\/grand-angle.lavenir.net\/usine-athus-40-ans\/wp-json\/wp\/v2\/pages\/45\/revisions"}],"wp:attachment":[{"href":"https:\/\/grand-angle.lavenir.net\/usine-athus-40-ans\/wp-json\/wp\/v2\/media?parent=45"}],"curies":[{"name":"wp","href":"https:\/\/api.w.org\/{rel}","templated":true}]}}