{"id":17,"date":"2017-12-14T13:52:58","date_gmt":"2017-12-14T12:52:58","guid":{"rendered":"https:\/\/grand-angle.lavenir.net\/reportage-sans-abri-charleroi\/?page_id=17"},"modified":"2017-12-20T12:54:03","modified_gmt":"2017-12-20T11:54:03","slug":"la-solitude-cest-la-merde","status":"publish","type":"page","link":"https:\/\/grand-angle.lavenir.net\/reportage-sans-abri-charleroi\/la-solitude-cest-la-merde\/","title":{"rendered":"\u00abLa solitude, c&rsquo;est la merde\u00bb"},"content":{"rendered":"<p><div class=\"fusion-fullwidth fullwidth-box fusion-builder-row-1 nonhundred-percent-fullwidth non-hundred-percent-height-scrolling\" style=\"--awb-border-radius-top-left:0px;--awb-border-radius-top-right:0px;--awb-border-radius-bottom-right:0px;--awb-border-radius-bottom-left:0px;--awb-flex-wrap:wrap;\" ><div class=\"fusion-builder-row fusion-row\"><div class=\"fusion-layout-column fusion_builder_column fusion-builder-column-0 fusion_builder_column_1_1 1_1 fusion-one-full fusion-column-first fusion-column-last\" style=\"--awb-bg-size:cover;\"><div class=\"fusion-column-wrapper fusion-flex-column-wrapper-legacy\"><div class=\"fusion-text fusion-text-1\"><h1 style=\"text-align: center;\">\u00abLa solitude, c&rsquo;est la merde\u00bb<\/h1>\n<\/div><div class=\"fusion-image-element in-legacy-container\" style=\"--awb-liftup-border-radius:0px;--awb-caption-title-font-family:var(--h2_typography-font-family);--awb-caption-title-font-weight:var(--h2_typography-font-weight);--awb-caption-title-font-style:var(--h2_typography-font-style);--awb-caption-title-size:var(--h2_typography-font-size);--awb-caption-title-transform:var(--h2_typography-text-transform);--awb-caption-title-line-height:var(--h2_typography-line-height);--awb-caption-title-letter-spacing:var(--h2_typography-letter-spacing);\"><div class=\"awb-image-frame awb-image-frame-1 imageframe-liftup\"><span class=\" fusion-imageframe imageframe-dropshadow imageframe-1\" style=\"-webkit-box-shadow: 3px 3px 7px rgba(0,0,0,0.3);box-shadow: 3px 3px 7px rgba(0,0,0,0.3);\"><img decoding=\"async\" width=\"1140\" height=\"768\" title=\"2\" src=\"https:\/\/grand-angle.lavenir.net\/reportage-sans-abri-charleroi\/wp-content\/uploads\/sites\/35\/2017\/12\/2.jpg\" alt class=\"img-responsive wp-image-15\" srcset=\"https:\/\/grand-angle.lavenir.net\/reportage-sans-abri-charleroi\/wp-content\/uploads\/sites\/35\/2017\/12\/2-200x135.jpg 200w, https:\/\/grand-angle.lavenir.net\/reportage-sans-abri-charleroi\/wp-content\/uploads\/sites\/35\/2017\/12\/2-400x269.jpg 400w, https:\/\/grand-angle.lavenir.net\/reportage-sans-abri-charleroi\/wp-content\/uploads\/sites\/35\/2017\/12\/2-600x404.jpg 600w, https:\/\/grand-angle.lavenir.net\/reportage-sans-abri-charleroi\/wp-content\/uploads\/sites\/35\/2017\/12\/2-800x539.jpg 800w, https:\/\/grand-angle.lavenir.net\/reportage-sans-abri-charleroi\/wp-content\/uploads\/sites\/35\/2017\/12\/2.jpg 1140w\" sizes=\"(max-width: 800px) 100vw, 1140px\" \/><\/span><\/div><\/div><div class=\"fusion-text fusion-text-2\"><h2><strong>\u00abLa solitude, c&rsquo;est la merde\u00bb<\/strong><\/h2>\n<p><span class=\"lettrine\">D<\/span>ans le cadre de notre reportage\u00a0dans le milieu des sans-abri \u00e0 Charleroi, on a notamment rencontr\u00e9 le sympathique et atypique Eric Fontaine, un quinquag\u00e9naire \u00e0 la bonne humeur communicative.<\/p>\n<p>\u00ab\u00c0\u00a0mon divorce j&rsquo;ai tout laiss\u00e9 tomber, pr\u00e9cise-t-il. Mon univers s&rsquo;est \u00e9croul\u00e9 et je me suis laiss\u00e9 aller comme un c&#8230; Je ne m&rsquo;en suis pas encore sorti, mais ce qui me sauve c&rsquo;est ma bonne humeur.\u00bb<\/p>\n<p>\u00c0\u00a054 ans, il vit dans un camp, non loin de la gare carolo. On n&rsquo;ira pas jusqu&rsquo;\u00e0 \u00e9crire que c&rsquo;est un choix pour lui de vivre en tente, mais il pr\u00e9f\u00e8re cela \u00e0 un studio o\u00f9 il serait seul, sur le plan psychologique surtout et sur le plan mat\u00e9riel accessoirement.\u00a0\u00abJ&rsquo;ai eu un appart,\u00a0j&rsquo;\u00e9tais tout seul&#8230; La solitude, c&rsquo;est la merde!\u00a0La pr\u00e9carit\u00e9 d&rsquo;esprit est beaucoup plus difficile \u00e0 vivre que la pr\u00e9carit\u00e9 du portefeuille.\u00bb<\/p>\n<h2><strong>\u00abLa valeur d&rsquo;un \u00eatre humain ne se mesure pas \u00e0 la valeur de son portefeuille\u00bb<\/strong><\/h2>\n<p>\u00abIl faut le vivre pour le comprendre,\u00bb confie Eric, avant de l\u00e2cher:\u00a0\u00abOn voit la paille dans l&rsquo;\u0153il\u00a0de son voisin, on ne voit pas la poutre qu&rsquo;on a dans le sien.\u00a0La valeur d&rsquo;un \u00eatre humain ne se mesure pas \u00e0 la valeur de son portefeuille\u00bb.<\/p>\n<p>\u00abTu as un chat qui gratte \u00e0 la porte, tu lui offres un bol de lait. Tu as un sans-abri qui gratte \u00e0 la porte, il re\u00e7oit un coup de pied au cul,\u00a0\u00bb regrette celui qui doit vivre avec\u00a0\u00ab750 euros par mois\u00bb.<\/p>\n<p>La vie en tente?\u00a0\u00abC&rsquo;est vivable. Qu&rsquo;il fasse froid, c&rsquo;est une chose, mais quand il pleut c&rsquo;est le pire de tout. Il y a des gens qui nous aident, des ASBL qui passent nous apporter \u00e0 manger. Franchement, on n&rsquo;est pas malheureux.\u00a0\u00bb<\/p>\n<p>\u00abJ&rsquo;ai un ami, il a un studio, mais il n&rsquo;a rien&#8230; Alors oui, il a un toit, mais dans quelles conditions!\u00a0\u00bb<\/p>\n<p>Eric aimerait quitter la vie en tente, mais pas seul, on l&rsquo;a bien compris. Il veut le faire avec\u00a0une personne \u00e0 qui il tient, qui vit dans le m\u00eame \u00abcamp\u00bb que lui.\u00a0\u00abJe veux la sortir de l\u00e0&#8230;\u00bb<\/p>\n<\/div><div class=\"fusion-clearfix\"><\/div><\/div><\/div><div class=\"fusion-layout-column fusion_builder_column fusion-builder-column-1 fusion_builder_column_1_2 1_2 fusion-one-half fusion-column-first\" style=\"--awb-bg-size:cover;width:50%;width:calc(50% - ( ( 4% ) * 0.5 ) );margin-right: 4%;\"><div class=\"fusion-column-wrapper fusion-flex-column-wrapper-legacy\"><iframe allowfullscreen=\"\" frameborder=\"0\" height=\"220\" src=\"\/\/www.dailymotion.com\/embed\/video\/kqjTN4m6tspwnSpDnmz\" width=\"391\" style=\"max-width:100%;\"><\/iframe><div class=\"fusion-clearfix\"><\/div><\/div><\/div><div class=\"fusion-layout-column fusion_builder_column fusion-builder-column-2 fusion_builder_column_1_2 1_2 fusion-one-half fusion-column-last\" style=\"--awb-bg-size:cover;width:50%;width:calc(50% - ( ( 4% ) * 0.5 ) );\"><div class=\"fusion-column-wrapper fusion-flex-column-wrapper-legacy\"><iframe allowfullscreen=\"\" frameborder=\"0\" height=\"220\" src=\"\/\/www.dailymotion.com\/embed\/video\/k3x1OzS35Hm4dypDsc3\" width=\"391\" style=\"max-width:100%;\"><\/iframe><div class=\"fusion-clearfix\"><\/div><\/div><\/div><\/div><\/div><div class=\"fusion-fullwidth fullwidth-box fusion-builder-row-2 nonhundred-percent-fullwidth non-hundred-percent-height-scrolling\" style=\"--awb-border-radius-top-left:0px;--awb-border-radius-top-right:0px;--awb-border-radius-bottom-right:0px;--awb-border-radius-bottom-left:0px;--awb-background-color:#ffffff;--awb-flex-wrap:wrap;\" ><div class=\"fusion-builder-row fusion-row\"><div class=\"fusion-layout-column fusion_builder_column fusion-builder-column-3 fusion_builder_column_1_1 1_1 fusion-one-full fusion-column-first fusion-column-last\" style=\"--awb-bg-size:cover;\"><div class=\"fusion-column-wrapper fusion-flex-column-wrapper-legacy\"><div class=\"fusion-text fusion-text-3\"><h2><strong>\u00ab \u00c7a pend au nez de tout le monde \u00bb<\/strong><\/h2>\n<p>Marcel Scohy (64 ans) a \u00e9galement v\u00e9cu la vie en \u00abcamp\u00bb, ainsi que dans les abris de nuit. Aujourd&rsquo;hui, il ne vit plus en tente, mais il est contraint \u00e0 vivre dans un squat, o\u00f9 il n&rsquo;a ni \u00e9lectricit\u00e9 ni eau. Quant au chauffage, n&rsquo;en parlons m\u00eame pas.\u00a0Il se contente\u00a0de la pr\u00e9sence de\u00a0vitres pour faire barrage au froid,\u00a0dans ce b\u00e2timent du centre de la ville qu&rsquo;il occupe avec quatre autres personnes&#8230;<\/p>\n<p>Sans-abri\u00a0\u00ab depuis deux ans \u00bb, il ne cache pas sa\u00a0d\u00e9tresse\u00a0lorsqu&rsquo;il se plonge dans son pass\u00e9, quand il avait un vrai toit&#8230;\u00a0La rue, \u00ab\u00e7a pend au nez de tout le monde\u00bb.<\/p>\n<\/div><iframe allowfullscreen=\"\" frameborder=\"0\" height=\"270\" src=\"\/\/www.dailymotion.com\/embed\/video\/k82cLIZQqcIdtOpH3Cx\" width=\"480\" style=\"max-width:100%;\"><\/iframe><div class=\"fusion-clearfix\"><\/div><\/div><\/div><\/div><\/div><div class=\"fusion-fullwidth fullwidth-box fusion-builder-row-3 nonhundred-percent-fullwidth non-hundred-percent-height-scrolling\" style=\"--awb-border-radius-top-left:0px;--awb-border-radius-top-right:0px;--awb-border-radius-bottom-right:0px;--awb-border-radius-bottom-left:0px;--awb-background-color:#f2f2f2;--awb-flex-wrap:wrap;\" ><div class=\"fusion-builder-row fusion-row\"><div class=\"fusion-layout-column fusion_builder_column fusion-builder-column-4 fusion_builder_column_1_1 1_1 fusion-one-full fusion-column-first fusion-column-last\" style=\"--awb-bg-size:cover;\"><div class=\"fusion-column-wrapper fusion-flex-column-wrapper-legacy\"><div class=\"fusion-modal modal fade modal-1 modalintro modalintro\" tabindex=\"-1\" role=\"dialog\" aria-labelledby=\"modal-heading-1\" aria-hidden=\"true\" style=\"--awb-border-color:#ebebeb;--awb-background:#f6f6f6;\"><div class=\"modal-dialog modal-sm\" role=\"document\"><div class=\"modal-content fusion-modal-content\"><div class=\"modal-header\"><button class=\"close\" type=\"button\" data-dismiss=\"modal\" aria-hidden=\"true\" aria-label=\"Close\">&times;<\/button><h3 class=\"modal-title\" id=\"modal-heading-1\" data-dismiss=\"modal\" aria-hidden=\"true\"><\/h3><\/div><div class=\"modal-body fusion-clearfix\">\n<p>Dans la foul\u00e9e de la publication du livre \u00ab\u00a0Sous l&rsquo;arbre \u00e0 palabre\u00a0\u00bb, reprenant des tranches de vie de personnes c\u00f4toyant le monde de la rue, L&rsquo;Avenir est all\u00e9 \u00e0 la rencontre de personnes sans-abri, \u00e0 Charleroi. Certaines ont retrouv\u00e9 un toit, d&rsquo;autres vivent toujours en tente ou dans un squat. Elles t\u00e9moignent, se livrent dans une serie d&rsquo;entretiens, \u00e9voquent leurs conditions de vie&#8230;<\/p>\n<\/div><\/div><\/div><\/div><script>\njQuery( document ).ready(function() {\n\n  var cookieName = \"sansabricharleroivisited\";\n  if( getCookie(cookieName) == \"\" ){\n      setCookie(cookieName, true, 30);\n\n      \/\/Affiche la modal\n      jQuery('.modalintro').modal();\n  }\n\n  function setCookie(cname, cvalue, exdays) {\n      var d = new Date();\n      d.setTime(d.getTime() + (exdays*24*60*60*1000));\n      var expires = \"expires=\"+ d.toUTCString();\n      document.cookie = cname + \"=\" + cvalue + \";\" + expires + \";path=\/\";\n  }\n  function getCookie(cname) {\n      var name = cname + \"=\";\n      var decodedCookie = decodeURIComponent(document.cookie);\n      var ca = decodedCookie.split(';');\n      for(var i = 0; i <ca.length; i++) {\n          var c = ca[i];\n          while (c.charAt(0) == ' ') {\n              c = c.substring(1);\n          }\n          if (c.indexOf(name) == 0) {\n              return c.substring(name.length, c.length);\n          }\n      }\n      return \"\";\n  }\n  \n});\n<\/script><div class=\"fusion-clearfix\"><\/div><\/div><\/div><div class=\"fusion-layout-column fusion_builder_column fusion-builder-column-5 fusion_builder_column_1_1 1_1 fusion-one-full fusion-column-first fusion-column-last\" style=\"--awb-bg-size:cover;\"><div class=\"fusion-column-wrapper fusion-flex-column-wrapper-legacy\"><div class=\"fusion-modal modal fade modal-2 modalsondage modalsondage\" tabindex=\"-1\" role=\"dialog\" aria-labelledby=\"modal-heading-2\" aria-hidden=\"true\" style=\"--awb-border-color:#ebebeb;--awb-background:#f6f6f6;\"><div class=\"modal-dialog modal-lg\" role=\"document\"><div class=\"modal-content fusion-modal-content\"><div class=\"modal-header\"><button class=\"close\" type=\"button\" data-dismiss=\"modal\" aria-hidden=\"true\" aria-label=\"Close\">&times;<\/button><h3 class=\"modal-title\" id=\"modal-heading-2\" data-dismiss=\"modal\" aria-hidden=\"true\">La r\u00e9daction souhaite avoir votre avis sur le sujet que vous venez de lire :<\/h3><\/div><div class=\"modal-body fusion-clearfix\">\n<div id=\"qualifio_insert_place_420155\" class=\"qualifio_iframe_wrapper\"><\/div>\n<p><script type=\"text\/javascript\">\n(function(b,o,n,u,s)) (document,window,'_qual_async','script','\/\/qualifio.lavenir.net\/kit\/qualp.2.min.js');\n_qual_async.push(['createIframe', 'qualifio_insert_place_420155', 'qualifio.lavenir.net', '20', '83796E0F-DE13-5679-56CC-A4B79D82C235', '100%', '1200', '', '', '', 'max-width:810px;margin:0 auto;']);\n<\/script><\/p>\n<\/div><\/div><\/div><\/div><div class=\"fusion-clearfix\"><\/div><\/div><\/div><div class=\"fusion-layout-column fusion_builder_column fusion-builder-column-6 fusion_builder_column_1_6 1_6 fusion-one-sixth fusion-column-first\" style=\"--awb-padding-top:20px;--awb-bg-size:cover;width:16.6666666667%;width:calc(16.6666666667% - ( ( 4% ) * 0.166666666667 ) );margin-right: 4%;\"><div class=\"fusion-column-wrapper fusion-flex-column-wrapper-legacy\"><div class=\"fusion-sharing-box fusion-sharing-box-1 boxed-icons has-taglines layout-floated layout-medium-floated layout-small-floated\" style=\"background-color:#f2f2f2;--awb-layout:row;--awb-alignment-small:space-between;\" data-title=\"Reportage dans le milieu des sans-abri \u00e0 Charleroi\" data-description=\"Dans la foul\u00e9e de la publication du livre &quot;Sous l&#039;arbre \u00e0 palabre&quot;, reprenant des tranches de vie de personnes c\u00f4toyant le monde de la rue, L&#039;Avenir est all\u00e9 \u00e0 la rencontre de personnes sans-abri, \u00e0 Charleroi. Certains ont retrouv\u00e9 un toit, d&#039;autres vivent toujours en tente ou dans un squat. Ils t\u00e9moignent, se livrent dans un serie d&#039;entretiens, \u00e9voquent leurs conditions de vie...\" data-link=\"https:\/\/grand-angle.lavenir.net\/reportage-sans-abri-charleroi\/\"><div class=\"fusion-social-networks sharingbox-shortcode-icon-wrapper sharingbox-shortcode-icon-wrapper-1 boxed-icons\"><span><a href=\"https:\/\/www.facebook.com\/sharer.php?u=https%3A%2F%2Fgrand-angle.lavenir.net%2Freportage-sans-abri-charleroi%2F&amp;t=Reportage%20dans%20le%20milieu%20des%20sans-abri%20%C3%A0%20Charleroi\" target=\"_blank\" rel=\"noreferrer\" title=\"Facebook\" aria-label=\"Facebook\" data-placement=\"top\" data-toggle=\"tooltip\" data-title=\"Facebook\"><i class=\"fusion-social-network-icon fusion-tooltip fusion-facebook awb-icon-facebook\" style=\"color:#ffffff;background-color:#3b5998;border-color:#3b5998;border-radius:50%;\" aria-hidden=\"true\"><\/i><\/a><\/span><span><a href=\"https:\/\/x.com\/intent\/post?text=Reportage%20dans%20le%20milieu%20des%20sans-abri%20%C3%A0%20Charleroi&amp;url=https%3A%2F%2Fgrand-angle.lavenir.net%2Freportage-sans-abri-charleroi%2F\" target=\"_blank\" rel=\"noopener noreferrer\" title=\"X\" aria-label=\"X\" data-placement=\"top\" data-toggle=\"tooltip\" data-title=\"X\"><i class=\"fusion-social-network-icon fusion-tooltip fusion-twitter awb-icon-twitter\" style=\"color:#ffffff;background-color:#000000;border-color:#000000;border-radius:50%;\" aria-hidden=\"true\"><\/i><\/a><\/span><\/div><\/div><div class=\"fusion-clearfix\"><\/div><\/div><\/div><div class=\"fusion-layout-column fusion_builder_column fusion-builder-column-7 fusion_builder_column_5_6 5_6 fusion-five-sixth fusion-column-last\" style=\"--awb-bg-size:cover;width:83.3333333333%;width:calc(83.3333333333% - ( ( 4% ) * 0.833333333333 ) );\"><div class=\"fusion-column-wrapper fusion-flex-column-wrapper-legacy\"><div class=\"fusion-text fusion-text-4\"><h3 style=\"text-align: left;\">Vous avez aim\u00e9 ou d\u00e9test\u00e9 ce reportage ?<\/h3>\n<\/div><div class=\"fusion-alignleft\"><a class=\"fusion-button button-flat fusion-button-default-size button-default fusion-button-default button-1 fusion-button-default-span fusion-button-default-type\" target=\"_self\" href=\"#\" data-toggle=\"modal\" data-target=\".fusion-modal.modalsondage\"><span class=\"fusion-button-text awb-button__text awb-button__text--default\">Donnez-nous votre avis !<\/span><\/a><\/div><div class=\"fusion-clearfix\"><\/div><\/div><\/div><\/div><\/div>\n<\/p>\n","protected":false},"excerpt":{"rendered":"","protected":false},"author":1,"featured_media":0,"parent":0,"menu_order":0,"comment_status":"closed","ping_status":"closed","template":"100-width.php","meta":{"footnotes":""},"class_list":["post-17","page","type-page","status-publish","hentry"],"_links":{"self":[{"href":"https:\/\/grand-angle.lavenir.net\/reportage-sans-abri-charleroi\/wp-json\/wp\/v2\/pages\/17","targetHints":{"allow":["GET"]}}],"collection":[{"href":"https:\/\/grand-angle.lavenir.net\/reportage-sans-abri-charleroi\/wp-json\/wp\/v2\/pages"}],"about":[{"href":"https:\/\/grand-angle.lavenir.net\/reportage-sans-abri-charleroi\/wp-json\/wp\/v2\/types\/page"}],"author":[{"embeddable":true,"href":"https:\/\/grand-angle.lavenir.net\/reportage-sans-abri-charleroi\/wp-json\/wp\/v2\/users\/1"}],"replies":[{"embeddable":true,"href":"https:\/\/grand-angle.lavenir.net\/reportage-sans-abri-charleroi\/wp-json\/wp\/v2\/comments?post=17"}],"version-history":[{"count":0,"href":"https:\/\/grand-angle.lavenir.net\/reportage-sans-abri-charleroi\/wp-json\/wp\/v2\/pages\/17\/revisions"}],"wp:attachment":[{"href":"https:\/\/grand-angle.lavenir.net\/reportage-sans-abri-charleroi\/wp-json\/wp\/v2\/media?parent=17"}],"curies":[{"name":"wp","href":"https:\/\/api.w.org\/{rel}","templated":true}]}}