{"id":2,"date":"2018-05-14T15:14:39","date_gmt":"2018-05-14T13:14:39","guid":{"rendered":"http:\/\/grand-angle.lavenir.net\/la-bretagne-en-combi-vintage\/?page_id=2"},"modified":"2018-05-20T14:22:32","modified_gmt":"2018-05-20T12:22:32","slug":"accueil","status":"publish","type":"page","link":"https:\/\/grand-angle.lavenir.net\/la-bretagne-en-combi-vintage\/","title":{"rendered":"La Bretagne en Combi vintage"},"content":{"rendered":"<p><div class=\"fusion-fullwidth fullwidth-box fusion-builder-row-1 nonhundred-percent-fullwidth non-hundred-percent-height-scrolling\" style=\"--awb-border-radius-top-left:0px;--awb-border-radius-top-right:0px;--awb-border-radius-bottom-right:0px;--awb-border-radius-bottom-left:0px;--awb-margin-top:40px;--awb-flex-wrap:wrap;\" ><div class=\"fusion-builder-row fusion-row\"><div class=\"fusion-layout-column fusion_builder_column fusion-builder-column-0 fusion_builder_column_1_1 1_1 fusion-one-full fusion-column-first fusion-column-last\" style=\"--awb-bg-size:cover;--awb-margin-bottom:0px;\"><div class=\"fusion-column-wrapper fusion-flex-column-wrapper-legacy\"><div class=\"fusion-text fusion-text-1\"><p>Qui n\u2019a pas r\u00eav\u00e9 de voyager \u00e0 bord d\u2019un vieux Combi VW ? Pantalon pattes d\u2019eph, couronne de fleurs dans les cheveux, total <em>hippie\u00a0style<\/em> ? On n\u2019ira pas jusque-l\u00e0 pour ce qui est de l\u2019accoutrement, mais, mode vintage aidant, les Combis VW font d\u00e9sormais fureur et en louer un dans de bonnes conditions n\u2019est plus une difficult\u00e9. \u00c0 pr\u00e8s de 50 balais, nous plongeons savoureusement dans une autre \u00e9poque, empreinte de s\u00e9r\u00e9nit\u00e9, de z\u00e9nitude, avec l\u2019insouciance de nos 20 ans.<\/p>\n<\/div><div class=\"fusion-clearfix\"><\/div><\/div><\/div><\/div><\/div><div class=\"fusion-fullwidth fullwidth-box fusion-builder-row-2 nonhundred-percent-fullwidth non-hundred-percent-height-scrolling\" style=\"--awb-border-radius-top-left:0px;--awb-border-radius-top-right:0px;--awb-border-radius-bottom-right:0px;--awb-border-radius-bottom-left:0px;--awb-flex-wrap:wrap;\" ><div class=\"fusion-builder-row fusion-row\"><div class=\"fusion-layout-column fusion_builder_column fusion-builder-column-1 fusion_builder_column_1_3 1_3 fusion-one-third fusion-column-first\" style=\"--awb-bg-size:cover;width:33.3333333333%;width:calc(33.3333333333% - ( ( 4% + 4% ) * 0.333333333333 ) );margin-right: 4%;\"><div class=\"fusion-column-wrapper fusion-flex-column-wrapper-legacy\"><div class=\"chapitre\">\n  <a href=\"\/\/grand-angle.lavenir.net\/la-bretagne-en-combi-vintage\/un-combi-nomme-blue-vers-le-mont-saint-michel\/\">\n    <figure class=\"effect-goliath\">\n      <img decoding=\"async\" class=\"alignnone\" src=\"\/\/grand-angle.lavenir.net\/la-bretagne-en-combi-vintage\/wp-content\/uploads\/sites\/49\/2018\/05\/chap1.jpg\">\n      <figcaption>\n        <h2 data-fontsize=\"24\" data-lineheight=\"36\">Chapitre I<\/h2>\n        <p>\n          Un Combi vers le Mont-Saint-Michel\n        <\/p>\n      <\/figcaption>\n    <\/figure>\n  <\/a>\n<\/div><div class=\"fusion-clearfix\"><\/div><\/div><\/div><div class=\"fusion-layout-column fusion_builder_column fusion-builder-column-2 fusion_builder_column_1_3 1_3 fusion-one-third\" style=\"--awb-bg-size:cover;width:33.3333333333%;width:calc(33.3333333333% - ( ( 4% + 4% ) * 0.333333333333 ) );margin-right: 4%;\"><div class=\"fusion-column-wrapper fusion-flex-column-wrapper-legacy\"><div class=\"chapitre\">\n  <a href=\"\/\/grand-angle.lavenir.net\/la-bretagne-en-combi-vintage\/le-long-de-la-cote-darmor\/\">\n    <figure class=\"effect-goliath\">\n      <img decoding=\"async\" class=\"alignnone\" src=\"\/\/grand-angle.lavenir.net\/la-bretagne-en-combi-vintage\/wp-content\/uploads\/sites\/49\/2018\/05\/chap2.jpg\">\n      <figcaption>\n        <h2 data-fontsize=\"24\" data-lineheight=\"36\">Chapitre II<\/h2>\n        <p>\n          Le long de la C\u00f4te d\u2019Armor\n        <\/p>\n      <\/figcaption>\n    <\/figure>\n  <\/a>\n<!--\n  <div class=\"date dateSamedi\">\n\t<p>Disponible ce samedi<\/p>\n  <\/div>\n-->\n<\/div><div class=\"fusion-clearfix\"><\/div><\/div><\/div><div class=\"fusion-layout-column fusion_builder_column fusion-builder-column-3 fusion_builder_column_1_3 1_3 fusion-one-third fusion-column-last\" style=\"--awb-bg-size:cover;width:33.3333333333%;width:calc(33.3333333333% - ( ( 4% + 4% ) * 0.333333333333 ) );\"><div class=\"fusion-column-wrapper fusion-flex-column-wrapper-legacy\"><div class=\"chapitre\">\n  <a href=\"\/\/grand-angle.lavenir.net\/la-bretagne-en-combi-vintage\/du-finistere-au-morbihan\/\">\n    <figure class=\"effect-goliath\">\n      <img decoding=\"async\" class=\"alignnone\" src=\"\/\/grand-angle.lavenir.net\/la-bretagne-en-combi-vintage\/wp-content\/uploads\/sites\/49\/2018\/05\/chap3.jpg\">\n      <figcaption>\n        <h2 data-fontsize=\"24\" data-lineheight=\"36\">Chapitre III<\/h2>\n        <p>\n          Du Finist\u00e8re au Morbihan\n        <\/p>\n      <\/figcaption>\n    <\/figure>\n  <\/a>\n<!--\n  <div class=\"date dateDimanche\">\n\t<p>Disponible ce dimanche<\/p>\n  <\/div>\n-->\n<\/div><div class=\"fusion-clearfix\"><\/div><\/div><\/div><div class=\"fusion-layout-column fusion_builder_column fusion-builder-column-4 fusion_builder_column_1_1 1_1 fusion-one-full fusion-column-first fusion-column-last\" style=\"--awb-bg-size:cover;\"><div class=\"fusion-column-wrapper fusion-flex-column-wrapper-legacy\"><script type=\"text\/javascript\"> \n  function getTimestamp(date){\n    return new Date(date.substring(0, 4),date.substring(4, 6),date.substring(6, 8)).getTime();\n  }\n  var now = new Date();\n      now = new Date(now.getFullYear(), now.getMonth()+1, now.getDate()).getTime();\n  if( getTimestamp('20180519')<=now ){\n    $('.dateSamedi').css('display', 'none');\n  }\n  if( getTimestamp('20180520')<=now ){\n    $('.dateDimanche').css('display', 'none');\n  }\n<\/script><div class=\"fusion-clearfix\"><\/div><\/div><\/div><\/div><\/div><div class=\"fusion-fullwidth fullwidth-box fusion-builder-row-3 nonhundred-percent-fullwidth non-hundred-percent-height-scrolling\" style=\"--awb-border-radius-top-left:0px;--awb-border-radius-top-right:0px;--awb-border-radius-bottom-right:0px;--awb-border-radius-bottom-left:0px;--awb-padding-bottom:0px;--awb-margin-bottom:0px;--awb-background-color:#f2f2f2;--awb-flex-wrap:wrap;\" ><div class=\"fusion-builder-row fusion-row\"><div class=\"fusion-layout-column fusion_builder_column fusion-builder-column-5 fusion_builder_column_1_1 1_1 fusion-one-full fusion-column-first fusion-column-last\" style=\"--awb-bg-size:cover;\"><div class=\"fusion-column-wrapper fusion-flex-column-wrapper-legacy\"><div class=\"fusion-modal modal fade modal-1 modalsondage modalsondage\" tabindex=\"-1\" role=\"dialog\" aria-labelledby=\"modal-heading-1\" aria-hidden=\"true\" style=\"--awb-border-color:#ebebeb;--awb-background:#f6f6f6;\"><div class=\"modal-dialog modal-lg\" role=\"document\"><div class=\"modal-content fusion-modal-content\"><div class=\"modal-header\"><button class=\"close\" type=\"button\" data-dismiss=\"modal\" aria-hidden=\"true\" aria-label=\"Close\">&times;<\/button><h3 class=\"modal-title\" id=\"modal-heading-1\" data-dismiss=\"modal\" aria-hidden=\"true\">La r\u00e9daction souhaite avoir votre avis sur le sujet que vous venez de lire :<\/h3><\/div><div class=\"modal-body fusion-clearfix\">\n<div id=\"qualifio_insert_place_475703\" class=\"qualifio_iframe_wrapper\"><\/div>\n<p><script type=\"text\/javascript\">\n(function(b,o,n,u,s)) (document,window,'_qual_async','script','\/\/qualifio.lavenir.net\/kit\/qualp.2.min.js');\n_qual_async.push(['init', 'ws\/load.cfm', 'qualifio-', false]);\n_qual_async.push(['createIframe', 'qualifio_insert_place_475703', 'qualifio.lavenir.net', '20', '7BCCFAC9-0B6A-EEC7-FFF1-62470E199F5A', '100%', '1200', '', '', '', 'max-width:810px;margin:0 auto;']);\n<\/script><\/div><\/div><\/div><\/div><div class=\"fusion-clearfix\"><\/div><\/div><\/div><div class=\"fusion-layout-column fusion_builder_column fusion-builder-column-6 fusion_builder_column_1_6 1_6 fusion-one-sixth fusion-column-first\" style=\"--awb-padding-bottom:0px;--awb-bg-size:cover;--awb-margin-bottom:0px;width:16.6666666667%;width:calc(16.6666666667% - ( ( 4% ) * 0.166666666667 ) );margin-right: 4%;\"><div class=\"fusion-column-wrapper fusion-flex-column-wrapper-legacy\"><div class=\"fusion-column-content-centered\"><div class=\"fusion-column-content\"><div class=\"fusion-sharing-box fusion-sharing-box-1 boxed-icons has-taglines layout-floated layout-medium-floated layout-small-floated\" style=\"background-color:#f2f2f2;--awb-layout:row;--awb-alignment-small:space-between;\" data-title=\"La Bretagne en Combi vintage\" data-description=\"Qui n\u2019a pas r\u00eav\u00e9 de voyager \u00e0 bord d\u2019un vieux Combi VW ? Pantalon pattes d\u2019eph, couronne de fleurs dans les cheveux, total hippie style ? On n\u2019ira pas jusque-l\u00e0 pour ce qui est de l\u2019accoutrement, mais, mode vintage aidant, les Combis VW font d\u00e9sormais fureur et en louer un dans de bonnes conditions n\u2019est plus une difficult\u00e9. \u00c0 pr\u00e8s de 50 balais, nous plongeons savoureusement dans une autre \u00e9poque, empreinte de s\u00e9r\u00e9nit\u00e9, de z\u00e9nitude, avec l\u2019insouciance de nos 20 ans.\" data-link=\"https:\/\/www.lavenir.net\/cnt\/DMF20180517_01172121\" data-image=\"https:\/\/grand-angle.lavenir.net\/la-bretagne-en-combi-vintage\/wp-content\/uploads\/sites\/49\/2018\/05\/chap1-last.jpg\"><div class=\"fusion-social-networks sharingbox-shortcode-icon-wrapper sharingbox-shortcode-icon-wrapper-1 boxed-icons\"><span><a href=\"https:\/\/www.facebook.com\/sharer.php?u=https%3A%2F%2Fwww.lavenir.net%2Fcnt%2FDMF20180517_01172121&amp;t=La%20Bretagne%20en%20Combi%20vintage\" target=\"_blank\" rel=\"noreferrer\" title=\"Facebook\" aria-label=\"Facebook\" data-placement=\"top\" data-toggle=\"tooltip\" data-title=\"Facebook\"><i class=\"fusion-social-network-icon fusion-tooltip fusion-facebook awb-icon-facebook\" style=\"color:#ffffff;background-color:#3b5998;border-color:#3b5998;border-radius:50%;\" aria-hidden=\"true\"><\/i><\/a><\/span><span><a href=\"https:\/\/x.com\/intent\/post?text=La%20Bretagne%20en%20Combi%20vintage&amp;url=https%3A%2F%2Fwww.lavenir.net%2Fcnt%2FDMF20180517_01172121\" target=\"_blank\" rel=\"noopener noreferrer\" title=\"X\" aria-label=\"X\" data-placement=\"top\" data-toggle=\"tooltip\" data-title=\"X\"><i class=\"fusion-social-network-icon fusion-tooltip fusion-twitter awb-icon-twitter\" style=\"color:#ffffff;background-color:#000000;border-color:#000000;border-radius:50%;\" aria-hidden=\"true\"><\/i><\/a><\/span><\/div><\/div><\/div><\/div><div class=\"fusion-clearfix\"><\/div><\/div><\/div><div class=\"fusion-layout-column fusion_builder_column fusion-builder-column-7 fusion_builder_column_5_6 5_6 fusion-five-sixth fusion-column-last\" style=\"--awb-bg-size:cover;width:83.3333333333%;width:calc(83.3333333333% - ( ( 4% ) * 0.833333333333 ) );\"><div class=\"fusion-column-wrapper fusion-flex-column-wrapper-legacy\"><div class=\"fusion-column-content-centered\"><div class=\"fusion-column-content\"><div class=\"fusion-text fusion-text-2\"><p style=\"text-align: center;\">Vous avez aim\u00e9 ou d\u00e9test\u00e9 ce reportage ?<\/p>\n<\/div><div class=\"fusion-aligncenter\"><a class=\"fusion-button button-flat fusion-button-default-size button-default fusion-button-default button-1 fusion-button-default-span fusion-button-default-type\" target=\"_self\" href=\"#\" data-toggle=\"modal\" data-target=\".fusion-modal.modalsondage\"><span class=\"fusion-button-text awb-button__text awb-button__text--default\">Donnez-nous votre avis !<\/span><\/a><\/div><\/div><\/div><div class=\"fusion-clearfix\"><\/div><\/div><\/div><\/div><\/div><\/p>\n","protected":false},"excerpt":{"rendered":"","protected":false},"author":1,"featured_media":0,"parent":0,"menu_order":0,"comment_status":"closed","ping_status":"open","template":"100-width.php","meta":{"footnotes":""},"class_list":["post-2","page","type-page","status-publish","hentry"],"_links":{"self":[{"href":"https:\/\/grand-angle.lavenir.net\/la-bretagne-en-combi-vintage\/wp-json\/wp\/v2\/pages\/2","targetHints":{"allow":["GET"]}}],"collection":[{"href":"https:\/\/grand-angle.lavenir.net\/la-bretagne-en-combi-vintage\/wp-json\/wp\/v2\/pages"}],"about":[{"href":"https:\/\/grand-angle.lavenir.net\/la-bretagne-en-combi-vintage\/wp-json\/wp\/v2\/types\/page"}],"author":[{"embeddable":true,"href":"https:\/\/grand-angle.lavenir.net\/la-bretagne-en-combi-vintage\/wp-json\/wp\/v2\/users\/1"}],"replies":[{"embeddable":true,"href":"https:\/\/grand-angle.lavenir.net\/la-bretagne-en-combi-vintage\/wp-json\/wp\/v2\/comments?post=2"}],"version-history":[{"count":0,"href":"https:\/\/grand-angle.lavenir.net\/la-bretagne-en-combi-vintage\/wp-json\/wp\/v2\/pages\/2\/revisions"}],"wp:attachment":[{"href":"https:\/\/grand-angle.lavenir.net\/la-bretagne-en-combi-vintage\/wp-json\/wp\/v2\/media?parent=2"}],"curies":[{"name":"wp","href":"https:\/\/api.w.org\/{rel}","templated":true}]}}