{"id":47,"date":"2017-03-13T14:51:05","date_gmt":"2017-03-13T13:51:05","guid":{"rendered":"http:\/\/grand-angle.lavenir.net\/hier\/?page_id=47"},"modified":"2017-03-13T14:51:05","modified_gmt":"2017-03-13T13:51:05","slug":"a-hannut-paul-et-mady-scouts-pour-toujours","status":"publish","type":"page","link":"https:\/\/grand-angle.lavenir.net\/hier\/a-hannut-paul-et-mady-scouts-pour-toujours\/","title":{"rendered":"\u00c0 Hannut, Paul et Mady, scouts pour toujours"},"content":{"rendered":"<div class=\"fusion-fullwidth fullwidth-box fusion-builder-row-1 nonhundred-percent-fullwidth non-hundred-percent-height-scrolling\" style=\"--awb-border-radius-top-left:0px;--awb-border-radius-top-right:0px;--awb-border-radius-bottom-right:0px;--awb-border-radius-bottom-left:0px;--awb-flex-wrap:wrap;\" ><div class=\"fusion-builder-row fusion-row\"><div class=\"fusion-layout-column fusion_builder_column fusion-builder-column-0 fusion_builder_column_1_1 1_1 fusion-one-full fusion-column-first fusion-column-last\" style=\"--awb-bg-size:cover;\"><div class=\"fusion-column-wrapper fusion-flex-column-wrapper-legacy\"><div class=\"fusion-text fusion-text-1\"><h2 style=\"text-align: center;\">\u00c0 Hannut, Paul et Mady, scouts pour toujours<\/h2>\n<\/div><div class=\"fusion-image-element fusion-image-align-center in-legacy-container\" style=\"text-align:center;--awb-caption-title-font-family:var(--h2_typography-font-family);--awb-caption-title-font-weight:var(--h2_typography-font-weight);--awb-caption-title-font-style:var(--h2_typography-font-style);--awb-caption-title-size:var(--h2_typography-font-size);--awb-caption-title-transform:var(--h2_typography-text-transform);--awb-caption-title-line-height:var(--h2_typography-line-height);--awb-caption-title-letter-spacing:var(--h2_typography-letter-spacing);\"><div class=\"imageframe-align-center\"><span class=\" fusion-imageframe imageframe-none imageframe-1 hover-type-zoomin\"><img decoding=\"async\" width=\"756\" height=\"506\" title=\"hannut-paul-et-mady\" src=\"https:\/\/grand-angle.lavenir.net\/hier\/wp-content\/uploads\/sites\/7\/2017\/03\/hannut-paul-et-mady.jpg\" alt class=\"img-responsive wp-image-50\" srcset=\"https:\/\/grand-angle.lavenir.net\/hier\/wp-content\/uploads\/sites\/7\/2017\/03\/hannut-paul-et-mady-200x134.jpg 200w, https:\/\/grand-angle.lavenir.net\/hier\/wp-content\/uploads\/sites\/7\/2017\/03\/hannut-paul-et-mady-400x268.jpg 400w, https:\/\/grand-angle.lavenir.net\/hier\/wp-content\/uploads\/sites\/7\/2017\/03\/hannut-paul-et-mady-600x402.jpg 600w, https:\/\/grand-angle.lavenir.net\/hier\/wp-content\/uploads\/sites\/7\/2017\/03\/hannut-paul-et-mady.jpg 756w\" sizes=\"(max-width: 800px) 100vw, 756px\" \/><\/span><\/div><\/div><div class=\"fusion-text fusion-text-2\"><div class=\"vc_row wpb_row section vc_row-fluid \">\n<div class=\" full_section_inner clearfix\">\n<div class=\"wpb_column vc_column_container vc_col-sm-12\">\n<div class=\"vc_column-inner \">\n<div class=\"wpb_wrapper\">\n<div class=\"wpb_text_column wpb_content_element \">\n<div class=\"wpb_wrapper\">\n<p><b>Paul et Mady se sont rencontr\u00e9s gr\u00e2ce<\/b><b>aux mouvements<\/b> <strong>de jeunesse. Une activit\u00e9 tr\u00e8s en vogue pour les jeunes \u00e0 Hannut.<\/strong><\/p>\n<p><i>\u00abMon totem, c\u2019\u00e9tait Sanglier sensible. Je suis scout dans l\u2019\u00e2me. j\u2019ai m\u00eame failli rater mes \u00e9tudes avec les mouvements de jeunesse<\/i>\u00bb, sourit Paul, d\u00e9sormais \u00e2g\u00e9 de 84 ans. Des mouvements de jeunesse, il y en avait pour tous les go\u00fbts sur Hannut, plut\u00f4t catholique, plut\u00f4t rouge, peu importe, et c\u2019\u00e9tait ce qui faisait bouger les jeunes \u00e0 l\u2019\u00e9poque dans la ville. \u00ab<i> Quand les scouts d\u00e9filaient avec des trompettes, les autres d\u00e9filaient avec des tambours<\/i>\u00bb, raconte-t-il, amus\u00e9. Les uns \u00e9taient sur la rue Albert Ier, les autres sur la rue Z\u00e9nobe Gramme. Pendant ses \u00e9tudes d\u2019instituteur, Paul \u00e9tait \u00e0 l\u2019internat \u00e0 Jodoigne. \u00ab<i> \u00c0 la place d\u2019\u00e9tudier, je pr\u00e9parais le camp et les week-ends. On avait des r\u00e9unions chaque semaine <\/i>\u00bb, se souvient-il.<\/p>\n<p><img decoding=\"async\" class=\"size-full wp-image-49 alignright\" src=\"https:\/\/grand-angle.lavenir.net\/hier\/wp-content\/uploads\/sites\/7\/2017\/03\/hannut-paul-et-mady-couple-300x254.jpg\" alt=\"\" width=\"300\" height=\"254\" srcset=\"https:\/\/grand-angle.lavenir.net\/hier\/wp-content\/uploads\/sites\/7\/2017\/03\/hannut-paul-et-mady-couple-300x254-200x169.jpg 200w, https:\/\/grand-angle.lavenir.net\/hier\/wp-content\/uploads\/sites\/7\/2017\/03\/hannut-paul-et-mady-couple-300x254.jpg 300w\" sizes=\"(max-width: 300px) 100vw, 300px\" \/>C\u2019est d\u2019ailleurs gr\u00e2ce \u00e0 des camps qu\u2019ils animaient tous les deux que Mady et Paul se sont rencontr\u00e9s. \u00ab<i>On s\u2019\u00e9tait d\u00e9j\u00e0 vus lors d\u2019un mariage il y avait 10 ans, puis quand on s\u2019est retrouv\u00e9 \u00e7a a fait tilt. <\/i>\u00bb Et ce n\u2019est pas parce qu\u2019il s\u2019est mari\u00e9 que Paul a abandonn\u00e9 son passe-temps d\u2019adolescent. \u00ab<i>J\u2019ai particip\u00e9 \u00e0 beaucoup d\u2019activit\u00e9s comme un camp d\u2019aide aux enfants des prisonniers ou d\u2019autres camps d\u2019anciens.\u00bb<\/i><\/p>\n<p>Dans son album photo, Paul a tr\u00e8s consciencieusement not\u00e9 ses souvenirs en dessous des photos dentel\u00e9es. Sous une photo de retrouvailles d\u2019anciens scouts, on peut donc lire\u2026 \u00ab<i>P<\/i><i>atrouille des corbeaux dont le cri \u00e9tait \u00abcorps toujours\u2026 BEAU! <\/i>\u00bb.<\/p>\n<p><b>L\u2019\u00e9glise comme garde-fou<\/b><\/p>\n<p>\u00c0 part la fameuse foire aux cochons du lundi, ce qui rythmait principalement l\u2019ann\u00e9e \u00e0 Hannut, c\u2019\u00e9tait la messe, les f\u00eates des saints et les processions. \u00ab<i>Apr\u00e8s la messe, les jeunes allaient au patronage ou au scout. Le dimanche, les hommes allaient jouer au couillon, les femmes allaient chercher des petits p\u00e2t\u00e9s chez Kinet. Je me souviens encore de leurs \u00e9clairs au chocolat et leur cornet glac\u00e9\u2026 <\/i>\u00bb<\/p>\n<p>Les mouvements de jeunesse, c\u2019\u00e9tait aussi l\u2019occasion pour le cur\u00e9 d\u2019emp\u00eacher les jeunes d\u2019aller au cin\u00e9ma qu\u2019il consid\u00e9rait nocif pour ces t\u00eates blondes. \u00ab<i> Il y avait pourtant trois cin\u00e9mas sur Hannut. Cela ne nous emp\u00eachait pas d\u2019encha\u00eener les s\u00e9ances dans un puis l\u2019autre cin\u00e9ma toute l\u2019apr\u00e8s-midi\u2026 Des fois, nous allions m\u00eame jusque Huy pour la derni\u00e8re s\u00e9ance \u00e0 22 h!<\/i>\u00bb<\/p>\n<p><b>Saint-Christophe et les bals<\/b><\/p>\n<p>La f\u00eate de Saint-Jacques et encore plus la f\u00eate de Saint-Christophe \u00e9tait des retrouvailles immanquables pour les Hannutois. \u00ab<i> Je me souviens tr\u00e8s bien du gymkhana, c\u2019\u00e9tait un jeu automobile que nous avions fait en tant que jeunes mari\u00e9s. Nous devions faire des \u00e9preuves en voiture, comme des man\u0153uvres sans toucher des bassines pleines d\u2019eau, ou encore rester sur une bascule \u00e0 l\u2019\u00e9quilibre pendant 10 secondes <\/i>!\u00bb<\/p>\n<p>Beaucoup de bals \u00e9taient organis\u00e9s en ce temps-l\u00e0, m\u00eame si Paul doit bien avouer ne pas aimer danser. \u00ab<i>C\u2019\u00e9tait l\u2019occasion de se retrouver en famille avant d\u2019y aller. On buvait l\u2019ap\u00e9ro puis on descendait les dames avec leur longue robe jusqu\u2019\u00e0 la salle avant d\u2019aller garer la voiture dans une grange en s\u00e9curit\u00e9. Puis il fallait revenir \u00e0 pied\u2026 Moi, j\u2019accompagnais mes fr\u00e8re et s\u0153ur puis je me contentais de regarder par la lucarne\u2026 <\/i>\u00bb Parfois, les festivit\u00e9s ne se terminaient que pour la messe de 5 h o\u00f9 les joyeux lurons allaient sans rechigner, comme pour essuyer leurs p\u00e9ch\u00e9s nocturnes.<\/p>\n<p>Apr\u00e8s s\u2019\u00eatre mari\u00e9, le couple a v\u00e9cu 18 ans \u00e0 Hannut. Avant de retourner dans le village natal de Mady \u00e0 Abolens\u2026<\/p>\n<p>Bien avant de regarder ses s\u00e9ries en streaming, Hannut brossait les scouts pour aller au cin\u00e9ma.<\/p>\n<p><strong>L\u00e9gende photo :<\/strong> la vie de Paul, alias Sanglier sensible, a toujours \u00e9t\u00e9 rythm\u00e9e par les activit\u00e9s scoutes.<\/p>\n<\/div>\n<\/div>\n<\/div>\n<\/div>\n<\/div>\n<\/div>\n<\/div>\n<div class=\"vc_row wpb_row section vc_row-fluid \"><\/div>\n<\/div><div class=\"fusion-clearfix\"><\/div><\/div><\/div><div class=\"fusion-layout-column fusion_builder_column fusion-builder-column-1 fusion_builder_column_1_2 1_2 fusion-one-half fusion-column-first\" style=\"--awb-bg-size:cover;width:50%;width:calc(50% - ( ( 4% ) * 0.5 ) );margin-right: 4%;\"><div class=\"fusion-column-wrapper fusion-flex-column-wrapper-legacy\"><div class=\"fusion-text fusion-text-3\"><div class=\"wpb_column vc_column_container vc_col-sm-6\">\n<div class=\"vc_column-inner \">\n<div class=\"wpb_wrapper\">\n<div class=\"wpb_text_column wpb_content_element \">\n<div class=\"wpb_wrapper\">\n<h2>\u00c0 Abolens, les plaisirs de la ferme<\/h2>\n<p><b>Mady vient d\u2019Abolens. Dans son petit village non loin de Hannut<\/b><strong>, les enfants, souvent fils de fermier, s\u2019amusaient de rien.<\/strong><\/p>\n<p><i>\u00abDe tous les coins de la terre, c\u2019est Abolens que je pr\u00e9f\u00e8re!<\/i>\u00bb Dans la salle Honneur et Patrie, la seule du petit village, r\u00e9sonne encore ce refrain compos\u00e9 par les villageois eux-m\u00eames, c\u00e9l\u00e9brant leur bonheur simple, vivant en quasi autarcie, fort de leurs vaches, leurs poules et leurs c\u00e9r\u00e9ales qu\u2019ils \u00e9levaient et cultivaient tous. Deux petites \u00e9piceries fournissaient les quelques centaines d\u2019habitants \u2013 et quelques caf\u00e9s abreuvaient ces maris harass\u00e9s par leur journ\u00e9e de travail. \u00abHonneur et Patrie\u00bb, c\u2019\u00e9tait le c\u0153ur m\u00eame d\u2019Abolens o\u00f9 se jouaient pi\u00e8ces de th\u00e9\u00e2tre en wallon, sketchs et orchestre. \u00ab<i>Quand la pi\u00e8ce \u00e9tait finie, on bougeait les chaises et on dansait <\/i>\u00bb, sourit Mady. Mady vient d\u2019une famille de cinq enfants. Ses temps libres, ils \u00e9taient souvent rythm\u00e9s par la famille et les promenades dans les champs entre enfants voisins. \u00ab<i>Il n\u2019y avait qu\u2019une \u00e9cole et un seul ma\u00eetre pour 40 enfants. Forc\u00e9ment, on connaissait tout le monde<\/i>\u00bb<\/p>\n<p>Cela n\u2019emp\u00eachait pas Abolens d\u2019\u00eatre connu au-del\u00e0 de ses fronti\u00e8res. \u00ab<i> Il y avait beaucoup de colombophiles \u00e0 Abolens. Ils allaient jusqu\u2019\u00e0 la gare de Hannut apporter leurs pigeons<\/i>\u00bb, raconte-t-elle. Puis il y avait la fameuse Farnibol, une danse folklorique qui \u00e9tait port\u00e9e de village en village par des danseurs v\u00eatus d\u2019un bol\u00e9ro rouge et d\u2019un chemisier blanc. Cr\u00e9\u00e9e par le pr\u00eatre Gr\u00e9goire, c\u2019\u00e9tait une fa\u00e7on d\u2019amener la f\u00eate dans les villages o\u00f9 rien ne se passait. Ce qu\u2019ils \u00e9taient bien, \u00e0 Abolens.<\/p>\n<p><strong>L\u00e9gende de la photo :<\/strong>\u00a0toutes les activit\u00e9s d\u2019Abolens tournaient autour de la salle \u00abHonneur et Patrie\u00bb o\u00f9 on jouait, dansait et chantait.<\/p>\n<\/div>\n<\/div>\n<\/div>\n<\/div>\n<\/div>\n<\/div><div class=\"fusion-clearfix\"><\/div><\/div><\/div><div class=\"fusion-layout-column fusion_builder_column fusion-builder-column-2 fusion_builder_column_1_2 1_2 fusion-one-half fusion-column-last\" style=\"--awb-bg-size:cover;width:50%;width:calc(50% - ( ( 4% ) * 0.5 ) );\"><div class=\"fusion-column-wrapper fusion-flex-column-wrapper-legacy\"><div class=\"fusion-image-element fusion-image-align-center in-legacy-container\" style=\"text-align:center;--awb-caption-title-font-family:var(--h2_typography-font-family);--awb-caption-title-font-weight:var(--h2_typography-font-weight);--awb-caption-title-font-style:var(--h2_typography-font-style);--awb-caption-title-size:var(--h2_typography-font-size);--awb-caption-title-transform:var(--h2_typography-text-transform);--awb-caption-title-line-height:var(--h2_typography-line-height);--awb-caption-title-letter-spacing:var(--h2_typography-letter-spacing);\"><div class=\"imageframe-align-center\"><span class=\" fusion-imageframe imageframe-none imageframe-2 hover-type-zoomin\"><img decoding=\"async\" width=\"756\" height=\"407\" title=\"hannut-abolens\" src=\"https:\/\/grand-angle.lavenir.net\/hier\/wp-content\/uploads\/sites\/7\/2017\/03\/hannut-abolens.jpg\" alt class=\"img-responsive wp-image-48\" srcset=\"https:\/\/grand-angle.lavenir.net\/hier\/wp-content\/uploads\/sites\/7\/2017\/03\/hannut-abolens-200x108.jpg 200w, https:\/\/grand-angle.lavenir.net\/hier\/wp-content\/uploads\/sites\/7\/2017\/03\/hannut-abolens-400x215.jpg 400w, https:\/\/grand-angle.lavenir.net\/hier\/wp-content\/uploads\/sites\/7\/2017\/03\/hannut-abolens-600x323.jpg 600w, https:\/\/grand-angle.lavenir.net\/hier\/wp-content\/uploads\/sites\/7\/2017\/03\/hannut-abolens.jpg 756w\" sizes=\"(max-width: 800px) 100vw, 600px\" \/><\/span><\/div><\/div><div class=\"fusion-clearfix\"><\/div><\/div><\/div><\/div><\/div>\n","protected":false},"excerpt":{"rendered":"","protected":false},"author":1,"featured_media":0,"parent":0,"menu_order":0,"comment_status":"closed","ping_status":"closed","template":"","meta":{"footnotes":""},"class_list":["post-47","page","type-page","status-publish","hentry"],"_links":{"self":[{"href":"https:\/\/grand-angle.lavenir.net\/hier\/wp-json\/wp\/v2\/pages\/47","targetHints":{"allow":["GET"]}}],"collection":[{"href":"https:\/\/grand-angle.lavenir.net\/hier\/wp-json\/wp\/v2\/pages"}],"about":[{"href":"https:\/\/grand-angle.lavenir.net\/hier\/wp-json\/wp\/v2\/types\/page"}],"author":[{"embeddable":true,"href":"https:\/\/grand-angle.lavenir.net\/hier\/wp-json\/wp\/v2\/users\/1"}],"replies":[{"embeddable":true,"href":"https:\/\/grand-angle.lavenir.net\/hier\/wp-json\/wp\/v2\/comments?post=47"}],"version-history":[{"count":0,"href":"https:\/\/grand-angle.lavenir.net\/hier\/wp-json\/wp\/v2\/pages\/47\/revisions"}],"wp:attachment":[{"href":"https:\/\/grand-angle.lavenir.net\/hier\/wp-json\/wp\/v2\/media?parent=47"}],"curies":[{"name":"wp","href":"https:\/\/api.w.org\/{rel}","templated":true}]}}