{"id":41,"date":"2017-03-13T14:48:23","date_gmt":"2017-03-13T13:48:23","guid":{"rendered":"http:\/\/grand-angle.lavenir.net\/hier\/?page_id=41"},"modified":"2017-03-13T14:48:23","modified_gmt":"2017-03-13T13:48:23","slug":"foot-et-kermesse-pour-fernand-a-stree","status":"publish","type":"page","link":"https:\/\/grand-angle.lavenir.net\/hier\/foot-et-kermesse-pour-fernand-a-stree\/","title":{"rendered":"Foot et Kermesse pour Fernand \u00e0 Str\u00e9e"},"content":{"rendered":"<div class=\"fusion-fullwidth fullwidth-box fusion-builder-row-1 nonhundred-percent-fullwidth non-hundred-percent-height-scrolling\" style=\"--awb-border-radius-top-left:0px;--awb-border-radius-top-right:0px;--awb-border-radius-bottom-right:0px;--awb-border-radius-bottom-left:0px;--awb-flex-wrap:wrap;\" ><div class=\"fusion-builder-row fusion-row\"><div class=\"fusion-layout-column fusion_builder_column fusion-builder-column-0 fusion_builder_column_1_1 1_1 fusion-one-full fusion-column-first fusion-column-last\" style=\"--awb-bg-size:cover;\"><div class=\"fusion-column-wrapper fusion-flex-column-wrapper-legacy\"><div class=\"fusion-text fusion-text-1\"><h2 style=\"text-align: center;\">Foot et Kermesse pour Fernand \u00e0 Str\u00e9e<\/h2>\n<\/div><div class=\"fusion-image-element fusion-image-align-center in-legacy-container\" style=\"text-align:center;--awb-caption-title-font-family:var(--h2_typography-font-family);--awb-caption-title-font-weight:var(--h2_typography-font-weight);--awb-caption-title-font-style:var(--h2_typography-font-style);--awb-caption-title-size:var(--h2_typography-font-size);--awb-caption-title-transform:var(--h2_typography-text-transform);--awb-caption-title-line-height:var(--h2_typography-line-height);--awb-caption-title-letter-spacing:var(--h2_typography-letter-spacing);\"><div class=\"imageframe-align-center\"><span class=\" fusion-imageframe imageframe-none imageframe-1 hover-type-zoomin\"><img decoding=\"async\" width=\"1012\" height=\"709\" title=\"stree-avant-classe-e1481565738965\" src=\"https:\/\/grand-angle.lavenir.net\/hier\/wp-content\/uploads\/sites\/7\/2017\/03\/stree-avant-classe-e1481565738965.jpg\" alt class=\"img-responsive wp-image-42\" srcset=\"https:\/\/grand-angle.lavenir.net\/hier\/wp-content\/uploads\/sites\/7\/2017\/03\/stree-avant-classe-e1481565738965-200x140.jpg 200w, https:\/\/grand-angle.lavenir.net\/hier\/wp-content\/uploads\/sites\/7\/2017\/03\/stree-avant-classe-e1481565738965-400x280.jpg 400w, https:\/\/grand-angle.lavenir.net\/hier\/wp-content\/uploads\/sites\/7\/2017\/03\/stree-avant-classe-e1481565738965-600x420.jpg 600w, https:\/\/grand-angle.lavenir.net\/hier\/wp-content\/uploads\/sites\/7\/2017\/03\/stree-avant-classe-e1481565738965-800x560.jpg 800w, https:\/\/grand-angle.lavenir.net\/hier\/wp-content\/uploads\/sites\/7\/2017\/03\/stree-avant-classe-e1481565738965.jpg 1012w\" sizes=\"(max-width: 800px) 100vw, 1012px\" \/><\/span><\/div><\/div><div class=\"fusion-text fusion-text-2\"><div class=\"vc_row wpb_row section vc_row-fluid \">\n<div class=\" full_section_inner clearfix\">\n<div class=\"wpb_column vc_column_container vc_col-sm-12\">\n<div class=\"vc_column-inner \">\n<div class=\"wpb_wrapper\">\n<div class=\"wpb_text_column wpb_content_element \">\n<div class=\"wpb_wrapper\">\n<p><strong>Elles \u00e9taient belles, les ann\u00e9es d\u2019enfance de Fernand Mossoux et des jeunes de Str\u00e9e. Une jeunesse dor\u00e9e dont il a la nostalgie\u2026<\/strong><\/p>\n<p>&nbsp;<\/p>\n<p>\u00ab On jouait dans la nature. On grimpait dans les arbres, on faisait des cabanes. Il y avait un \u00e9rable majestueux avec des branches assez basses\u2026 On se lan\u00e7ait des d\u00e9fis avec les copains pour celui qui allait le plus haut\u200a\u00bb. C\u2019est un guilleret sourire qui se dessine sur le visage de cet homme d\u00e9sormais \u00e2g\u00e9 de 80 ans. Aujourd\u2019hui, Fernand Mossoux a list\u00e9 toutes ces petits bonheurs de l\u2019\u00e9poque et dans les yeux de cet ancien instituteur brille une douce nostalgie. \u00ab\u200aEvidemment, on jouait aussi au foot dans la prairie aux Trixhes. On avait des vieilles chaussures pour ne pas que nos nouvelles s\u2019ab\u00eement contre le ballon en cuir \u00e9pais. J\u2019ai atterri tr\u00e8s vite dans le club de Str\u00e9e o\u00f9 j\u2019ai jou\u00e9 aussi bien en tant que d\u00e9fenseur ou attaquant jusqu\u2019il y a encore quelques ann\u00e9es.\u200a\u00bb<br \/>\n<strong>L\u2019incontournable f\u00eate du village<\/strong><br \/>\nC\u2019\u00e9tait en octobre, il faisait d\u00e9j\u00e0 froid, mais rien ne g\u00e2chait le plaisir des Stratois qui attendaient avec impatience la kermesse du village rue du Centre \u2013 d\u00e9sormais appel\u00e9e Bois Rosine. \u00ab\u200aOn r\u00e9unissait toute la famille pour qui on faisait de la tarte au riz ou au corin de prunes. Puis on allait \u00e0 la f\u00eate tous ensemble.\u200a\u00bb La f\u00eate durait plusieurs jours et le comit\u00e9 \u00e9tait tr\u00e8s attentifs \u00e0 ce que toutes les tranches de la population s\u2019y retrouve. \u00ab\u200aLe samedi, on passait chez les pensionn\u00e9s avec des g\u00e2teaux. Les enfants du village recevait des tickets gratuits pour aller sur les carrousels. Le soir, il y avait un bal qui se terminait aux petites heures\u2026 Mais je n\u2019y allais jamais, j\u2019avais foot le dimanche\u2009! Le lundi \u00e9tait r\u00e9serv\u00e9 aux mari\u00e9s de l\u2019ann\u00e9e et \u00e0 la famille. Nous avions cong\u00e9 \u00e0 l\u2019\u00e9cole pour participer aux jeux populaires. Le mardi c\u2019\u00e9tait le bal des vieux\u200a\u00bb, rit-il. Parfois les Stratois passaient \u00e0 la f\u00eate des Gottes un mois plus t\u00f4t. \u00ab\u200aIl y avait une grande course cycliste qui rassemblait beaucoup de gens de la r\u00e9gion. Moi, j\u2019allais supporter les copains.\u200a\u00bb<br \/>\nFernand se souvient aussi des cin\u00e9mas ambulants de l\u2019\u00e9poque. \u00ab\u200aOn allait \u00e0 la salle Bois Rosine pour regarder Laurel et Hardy. L\u00e0-bas, il y jouait aussi souvent des pi\u00e8ces de th\u00e9\u00e2tre en wallon et des op\u00e9rettes. Mon p\u00e8re \u00e9tait souffleur, mon oncle com\u00e9dien. La salle \u00e9tait syst\u00e9matiquement comble.\u200a\u00bb<\/p>\n<p><strong>Papoter chez le bourrelier<\/strong><br \/>\nTous les jours apr\u00e8s l\u2019\u00e9cole, Fernand passait chez son ami Sylvain le bourrelier. \u00ab\u200aSon m\u00e9tier consistait \u00e0 concevoir les licous pour les chevaux de trait. Chez lui, \u00e7a sentait bon le cuir\u2026\u200a\u00bb Plusieurs ch\u00f4meurs se donnaient rendez-vous l\u00e0-bas pour papoter autour du po\u00eale \u00e0 bois. Fernand avait \u00e0 peine 10 ans, mais ces souvenirs-l\u00e0 restent grav\u00e9s dans sa m\u00e9moire, \u00e0 cot\u00e9 des soir\u00e9es d\u2019\u00e9t\u00e9 qu\u2019ils passaient avec ses voisins \u00e0 jouer aux bouchons jusqu\u2019au coucher du soleil dans le jardin. Des petites joies quotidiennes au c\u0153ur de la rue des Trixhes.<br \/>\nBien avant de r\u00e9server ses vacances sur internet, Str\u00e9e profitait de l\u2019engouement des comit\u00e9s de son village.<\/p>\n<p><strong>L\u00e9gende photo :<\/strong>\u00a0entre son m\u00e9tier d\u2019instituteur et son sport favori, Fernand Mossoux ne s\u2019est jamais lass\u00e9 de son petit village.<\/p>\n<\/div>\n<\/div>\n<\/div>\n<\/div>\n<\/div>\n<\/div>\n<\/div>\n<\/div><div class=\"fusion-clearfix\"><\/div><\/div><\/div><div class=\"fusion-layout-column fusion_builder_column fusion-builder-column-1 fusion_builder_column_1_2 1_2 fusion-one-half fusion-column-first\" style=\"--awb-bg-size:cover;width:50%;width:calc(50% - ( ( 4% ) * 0.5 ) );margin-right: 4%;\"><div class=\"fusion-column-wrapper fusion-flex-column-wrapper-legacy\"><div class=\"fusion-text fusion-text-3\"><div class=\"wpb_column vc_column_container vc_col-sm-6\">\n<div class=\"vc_column-inner \">\n<div class=\"wpb_wrapper\">\n<div class=\"wpb_text_column wpb_content_element \">\n<div class=\"wpb_wrapper\">\n<h2>La fanfare \u00e0 toutes les occasions<\/h2>\n<p><b>Une des grandes fiert\u00e9s de Str\u00e9e, c\u2019\u00e9tait sa fanfare.<\/b><strong> Une trentaine de musiciens qui \u00e9taient l\u00e0 pour animer chaque occasion.<\/strong><\/p>\n<p><i>\u00abLe samedi, c\u2019\u00e9tait le jour de la r\u00e9p\u00e9tition de la fanfare. Mon p\u00e8re, mon oncle, mon cousin, tous allaient y jouer. Elle s\u2019appelait la Lyre condrusienne, le chef d\u2019orchestre, c\u2019\u00e9tait notre professeur de musique. J\u2019allais souvent les \u00e9couter. M\u00eame si, \u00e0 force, \u00e7a devenait un peu lassant<\/i>\u00bb, rit Fernand.<\/p>\n<p>Une sortie immanquable de la fanfare, c\u2019\u00e9tait la f\u00eate de la moisson. \u00ab<i>Tout le monde venait aider le fermier qui \u00e9tait le dernier \u00e0 r\u00e9colter ses champs. On d\u00e9corait la derni\u00e8re charr\u00e9e de gerbes de la saison et les chevaux qui la tiraient. Le comit\u00e9 des f\u00eates avait \u00e9galement pr\u00e9vu d\u2019autres chars qui repr\u00e9sentaient diff\u00e9rents m\u00e9tiers que l\u2019on mettait ainsi \u00e0 l\u2019honneur. Il y avait des joueurs d\u2019accord\u00e9on sur les chars, la fanfare suivait et les gens sortaient de chez eux pour suivre le cort\u00e8ge. On se retrouvait sur la place du village ou dans la cour d\u2019une ferme et on buvait du p\u00e9ket<\/i>\u00bb, sourit-il.<\/p>\n<p>La fanfare, elle \u00e9tait l\u00e0 aussi lors de f\u00eates catholiques, entre autres, la Procession. \u00ab<i> Les maisons \u00e9taient d\u00e9cor\u00e9es de draps blancs, les jeunes filles lan\u00e7aient des p\u00e9tales de fleur sur le passage du cort\u00e8ge dans le village. <\/i>\u00bb<\/p>\n<p>Pas \u00e9tonnant que cette fameuse fanfare stratoise ait fait plusieurs concours \u00e0 l\u2019\u00e9poque\u2026<\/p>\n<p><strong>L\u00e9gende de la photo :<\/strong>\u00a0plusieurs personnes de la famille Mossoux participaient \u00e0 cette fameuse fanfare qui avait bonne r\u00e9putation dans la r\u00e9gion<\/p>\n<\/div>\n<\/div>\n<\/div>\n<\/div>\n<\/div>\n<\/div><div class=\"fusion-clearfix\"><\/div><\/div><\/div><div class=\"fusion-layout-column fusion_builder_column fusion-builder-column-2 fusion_builder_column_1_2 1_2 fusion-one-half fusion-column-last\" style=\"--awb-bg-size:cover;width:50%;width:calc(50% - ( ( 4% ) * 0.5 ) );\"><div class=\"fusion-column-wrapper fusion-flex-column-wrapper-legacy\"><div class=\"fusion-image-element fusion-image-align-center in-legacy-container\" style=\"text-align:center;--awb-caption-title-font-family:var(--h2_typography-font-family);--awb-caption-title-font-weight:var(--h2_typography-font-weight);--awb-caption-title-font-style:var(--h2_typography-font-style);--awb-caption-title-size:var(--h2_typography-font-size);--awb-caption-title-transform:var(--h2_typography-text-transform);--awb-caption-title-line-height:var(--h2_typography-line-height);--awb-caption-title-letter-spacing:var(--h2_typography-letter-spacing);\"><div class=\"imageframe-align-center\"><span class=\" fusion-imageframe imageframe-none imageframe-2 hover-type-zoomin\"><img decoding=\"async\" width=\"756\" height=\"438\" title=\"stree-avant-fanfare\" src=\"https:\/\/grand-angle.lavenir.net\/hier\/wp-content\/uploads\/sites\/7\/2017\/03\/stree-avant-fanfare.jpg\" alt class=\"img-responsive wp-image-45\" srcset=\"https:\/\/grand-angle.lavenir.net\/hier\/wp-content\/uploads\/sites\/7\/2017\/03\/stree-avant-fanfare-200x116.jpg 200w, https:\/\/grand-angle.lavenir.net\/hier\/wp-content\/uploads\/sites\/7\/2017\/03\/stree-avant-fanfare-400x232.jpg 400w, https:\/\/grand-angle.lavenir.net\/hier\/wp-content\/uploads\/sites\/7\/2017\/03\/stree-avant-fanfare-600x348.jpg 600w, https:\/\/grand-angle.lavenir.net\/hier\/wp-content\/uploads\/sites\/7\/2017\/03\/stree-avant-fanfare.jpg 756w\" sizes=\"(max-width: 800px) 100vw, 600px\" \/><\/span><\/div><\/div><div class=\"fusion-clearfix\"><\/div><\/div><\/div><div class=\"fusion-layout-column fusion_builder_column fusion-builder-column-3 fusion_builder_column_1_2 1_2 fusion-one-half fusion-column-first\" style=\"--awb-bg-size:cover;width:50%;width:calc(50% - ( ( 4% ) * 0.5 ) );margin-right: 4%;\"><div class=\"fusion-column-wrapper fusion-flex-column-wrapper-legacy\"><div class=\"fusion-image-element fusion-image-align-center in-legacy-container\" style=\"text-align:center;--awb-caption-title-font-family:var(--h2_typography-font-family);--awb-caption-title-font-weight:var(--h2_typography-font-weight);--awb-caption-title-font-style:var(--h2_typography-font-style);--awb-caption-title-size:var(--h2_typography-font-size);--awb-caption-title-transform:var(--h2_typography-text-transform);--awb-caption-title-line-height:var(--h2_typography-line-height);--awb-caption-title-letter-spacing:var(--h2_typography-letter-spacing);\"><div class=\"imageframe-align-center\"><span class=\" fusion-imageframe imageframe-none imageframe-3 hover-type-zoomin\"><img decoding=\"async\" width=\"833\" height=\"1200\" title=\"vierset-1\" src=\"https:\/\/grand-angle.lavenir.net\/hier\/wp-content\/uploads\/sites\/7\/2017\/03\/vierset-1.jpg\" alt class=\"img-responsive wp-image-44\" srcset=\"https:\/\/grand-angle.lavenir.net\/hier\/wp-content\/uploads\/sites\/7\/2017\/03\/vierset-1-200x288.jpg 200w, https:\/\/grand-angle.lavenir.net\/hier\/wp-content\/uploads\/sites\/7\/2017\/03\/vierset-1-400x576.jpg 400w, https:\/\/grand-angle.lavenir.net\/hier\/wp-content\/uploads\/sites\/7\/2017\/03\/vierset-1-600x864.jpg 600w, https:\/\/grand-angle.lavenir.net\/hier\/wp-content\/uploads\/sites\/7\/2017\/03\/vierset-1-800x1152.jpg 800w, https:\/\/grand-angle.lavenir.net\/hier\/wp-content\/uploads\/sites\/7\/2017\/03\/vierset-1.jpg 833w\" sizes=\"(max-width: 800px) 100vw, 600px\" \/><\/span><\/div><\/div><div class=\"fusion-clearfix\"><\/div><\/div><\/div><div class=\"fusion-layout-column fusion_builder_column fusion-builder-column-4 fusion_builder_column_1_2 1_2 fusion-one-half fusion-column-last\" style=\"--awb-bg-size:cover;width:50%;width:calc(50% - ( ( 4% ) * 0.5 ) );\"><div class=\"fusion-column-wrapper fusion-flex-column-wrapper-legacy\"><div class=\"fusion-text fusion-text-4\"><h2>Les carriers chez Ad\u00e8le et Alphonse<\/h2>\n<p><strong>Les parents de Jean-Marie Danthinne tenaient l\u2019\u00e9picerie et la boulangerie de Vierset. Ils \u00e9taient au c\u0153ur du village et au c\u0153ur des potins.<\/strong><\/p>\n<p>\u00ab\u2009Les carriers remontaient apr\u00e8s leur journ\u00e9e de travail se r\u00e9chauffer devant les fours de mon p\u00e8re et en profitaient pour lui raconter toutes leurs histoires\u200a\u00bb, se rappelle Jean-Marie Danthinne. Il aidait alors son papa \u00e0 l\u2019atelier. \u00ab\u200aUn d\u2019entre eux nous expliquait qu\u2019il remplissait son thermos de p\u00e9ket afin d\u2019y tremper sa tartine. D\u2019autres nous avouaient avoir d\u00e9j\u00e0 utilis\u00e9 tout leur salaire de la quinzaine aux caf\u00e9s le long de la route dans la vall\u00e9e du Hoyoux\u2026 Des caf\u00e9s o\u00f9 de jolies jeunes filles les accueillaient souvent \u00e9galement pour les d\u00e9lasser de leur dure journ\u00e9e de travail dans les carri\u00e8res\u2026\u200a\u00bb<\/p>\n<p><img decoding=\"async\" class=\"alignnone size-full wp-image-43\" src=\"https:\/\/grand-angle.lavenir.net\/hier\/wp-content\/uploads\/sites\/7\/2017\/03\/vierset-2-300x225.jpg\" alt=\"\" width=\"300\" height=\"225\" srcset=\"https:\/\/grand-angle.lavenir.net\/hier\/wp-content\/uploads\/sites\/7\/2017\/03\/vierset-2-300x225-200x150.jpg 200w, https:\/\/grand-angle.lavenir.net\/hier\/wp-content\/uploads\/sites\/7\/2017\/03\/vierset-2-300x225.jpg 300w\" sizes=\"(max-width: 300px) 100vw, 300px\" \/><\/p>\n<div class=\" full_section_inner clearfix\">\n<div class=\"wpb_column vc_column_container vc_col-sm-4\">\n<div class=\"vc_column-inner \">\n<div class=\"wpb_wrapper\">\n<div class=\"wpb_text_column wpb_content_element \">\n<div class=\"wpb_wrapper\">\n<p>Ad\u00e8le, la maman de Jean-Marie, \u00e9tait tr\u00e8s sensible aux malheurs de ces hommes \u00e0 qui elle faisait souvent cr\u00e9dit. \u00ab\u200aC\u2019est d\u2019ailleurs comme \u00e7a que j\u2019ai rencontr\u00e9 mon \u00e9pouse, rit Jean-Marie. Sa famille, une famille d\u2019immigr\u00e9s italiens, \u00e9tait tr\u00e8s pauvre lorsqu\u2019elle est arriv\u00e9e sur Vierset-Barse. Son nom \u00e9tait inscrit dans le fameux cahier de maman. Elle habitait quelques maisons en bas de chez moi\u2026 Elle est venue me voir au football des ann\u00e9es plus tard. C\u2019est ainsi que nous avons commenc\u00e9 \u00e0 courtiser.\u200a\u00bb<\/p>\n<p><strong>L\u2019impressionnant ch\u00e2teau de Vierset<\/strong><\/p>\n<p>La procession, peu importe que l\u2019on soit croyant ou pas, personne ne la manquait \u00e0 Vierset. \u00ab\u200aC\u2019\u00e9tait l\u2019occasion de rentrer dans la cour du ch\u00e2teau\u200a\u00bb, sourit Jean-Marie. La fanfare y jouait et se promenait dans le village. \u00ab\u200aTous les 500 m\u00e8tres, on les accueillait avec un petit verre de p\u00e9ket. Quand ils revenaient sur la place, ce qu\u2019on entendait au d\u00e9but et \u00e0 la fin n\u2019\u00e9tait plus la m\u00eame chose. c\u2019\u00e9tait faux de chez faux\u2009!\u200a\u00bb, rit-il. Plus tard, le ch\u00e2teau a \u00e9t\u00e9 repris par une association flamande qui organisait des camps de vacances pour ses jeunes. \u00ab\u200aCela faisait de l\u2019animation dans le village. Les gar\u00e7ons lorgnaient \u00e0 travers les grilles pour apercevoir de jolies Flamandes.\u200a\u00bb La boulangerie Danthinne \u00e9tait \u00e9galement mise \u00e0 contribution. \u00ab\u200aIl n\u2019y avait pas au ch\u00e2teau un four suffisamment grand qui permettait de cuire leur pain et leurs g\u00e2teaux. Alors on les aidait\u2026\u200a\u00bb<\/p>\n<p><strong>L\u2019incontournable man\u00e8ge de la kermesse<\/strong><\/p>\n<p>Le deuxi\u00e8me dimanche du mois d\u2019octobre, c\u2019\u00e9tait la f\u00eate au village. \u00ab\u200aTout le monde voulait aller sur le fameux man\u00e8ge qui s\u2019y trouvait chaque ann\u00e9e. Un beau man\u00e8ge avec des chevaux en bois. Par contre, le forain ne venait que si la f\u00eate durait deux week-ends, car \u00e7a lui prenait trop longtemps de tout monter\u2026 Alors notre kermesse s\u2019est organis\u00e9e sur deux semaines.\u200a\u00bb<\/p>\n<p>Bien avant d\u2019aller faire ses courses au Proxy\u200aDelhaize, Vierset d\u00e9gustait la tarte au riz des Danthinne en y racontant ses aventures.<\/p>\n<p><strong>L\u00e9gende de la photo :<\/strong> Alphonse, le p\u00e8re de Jean-Marie, aid\u00e9 par son \u00e9pouse et ses enfants ont tenu leur boulangerie jusqu\u2019en 2005.<\/p>\n<\/div>\n<\/div>\n<\/div>\n<\/div>\n<\/div>\n<\/div>\n<\/div><div class=\"fusion-clearfix\"><\/div><\/div><\/div><\/div><\/div>\n","protected":false},"excerpt":{"rendered":"","protected":false},"author":1,"featured_media":0,"parent":0,"menu_order":0,"comment_status":"closed","ping_status":"closed","template":"","meta":{"footnotes":""},"class_list":["post-41","page","type-page","status-publish","hentry"],"_links":{"self":[{"href":"https:\/\/grand-angle.lavenir.net\/hier\/wp-json\/wp\/v2\/pages\/41","targetHints":{"allow":["GET"]}}],"collection":[{"href":"https:\/\/grand-angle.lavenir.net\/hier\/wp-json\/wp\/v2\/pages"}],"about":[{"href":"https:\/\/grand-angle.lavenir.net\/hier\/wp-json\/wp\/v2\/types\/page"}],"author":[{"embeddable":true,"href":"https:\/\/grand-angle.lavenir.net\/hier\/wp-json\/wp\/v2\/users\/1"}],"replies":[{"embeddable":true,"href":"https:\/\/grand-angle.lavenir.net\/hier\/wp-json\/wp\/v2\/comments?post=41"}],"version-history":[{"count":0,"href":"https:\/\/grand-angle.lavenir.net\/hier\/wp-json\/wp\/v2\/pages\/41\/revisions"}],"wp:attachment":[{"href":"https:\/\/grand-angle.lavenir.net\/hier\/wp-json\/wp\/v2\/media?parent=41"}],"curies":[{"name":"wp","href":"https:\/\/api.w.org\/{rel}","templated":true}]}}