{"id":15,"date":"2017-03-13T14:09:34","date_gmt":"2017-03-13T13:09:34","guid":{"rendered":"http:\/\/grand-angle.lavenir.net\/hier\/?page_id=15"},"modified":"2017-03-13T14:09:34","modified_gmt":"2017-03-13T13:09:34","slug":"huy-on-allait-nager-en-meuse","status":"publish","type":"page","link":"https:\/\/grand-angle.lavenir.net\/hier\/huy-on-allait-nager-en-meuse\/","title":{"rendered":"Huy: \u00abOn allait nager en Meuse\u00bb"},"content":{"rendered":"<div class=\"fusion-fullwidth fullwidth-box fusion-builder-row-1 nonhundred-percent-fullwidth non-hundred-percent-height-scrolling\" style=\"--awb-border-radius-top-left:0px;--awb-border-radius-top-right:0px;--awb-border-radius-bottom-right:0px;--awb-border-radius-bottom-left:0px;--awb-flex-wrap:wrap;\" ><div class=\"fusion-builder-row fusion-row\"><div class=\"fusion-layout-column fusion_builder_column fusion-builder-column-0 fusion_builder_column_1_1 1_1 fusion-one-full fusion-column-first fusion-column-last\" style=\"--awb-bg-size:cover;\"><div class=\"fusion-column-wrapper fusion-flex-column-wrapper-legacy\"><div class=\"fusion-text fusion-text-1\"><h2>Huy: \u00abOn allait nager en Meuse\u00bb<\/h2>\n<\/div><div class=\"fusion-image-element fusion-image-align-center in-legacy-container\" style=\"text-align:center;--awb-caption-title-font-family:var(--h2_typography-font-family);--awb-caption-title-font-weight:var(--h2_typography-font-weight);--awb-caption-title-font-style:var(--h2_typography-font-style);--awb-caption-title-size:var(--h2_typography-font-size);--awb-caption-title-transform:var(--h2_typography-text-transform);--awb-caption-title-line-height:var(--h2_typography-line-height);--awb-caption-title-letter-spacing:var(--h2_typography-letter-spacing);\"><div class=\"imageframe-align-center\"><span class=\" fusion-imageframe imageframe-none imageframe-1 hover-type-zoomin\"><img decoding=\"async\" width=\"756\" height=\"548\" title=\"Huy-avant\" src=\"https:\/\/grand-angle.lavenir.net\/hier\/wp-content\/uploads\/sites\/7\/2017\/03\/Huy-avant.jpg\" alt class=\"img-responsive wp-image-16\" srcset=\"https:\/\/grand-angle.lavenir.net\/hier\/wp-content\/uploads\/sites\/7\/2017\/03\/Huy-avant-200x145.jpg 200w, https:\/\/grand-angle.lavenir.net\/hier\/wp-content\/uploads\/sites\/7\/2017\/03\/Huy-avant-400x290.jpg 400w, https:\/\/grand-angle.lavenir.net\/hier\/wp-content\/uploads\/sites\/7\/2017\/03\/Huy-avant-600x435.jpg 600w, https:\/\/grand-angle.lavenir.net\/hier\/wp-content\/uploads\/sites\/7\/2017\/03\/Huy-avant.jpg 756w\" sizes=\"(max-width: 800px) 100vw, 756px\" \/><\/span><\/div><\/div><div class=\"fusion-text fusion-text-2\"><div class=\"vc_row wpb_row section vc_row-fluid \">\n<div class=\" full_section_inner clearfix\">\n<div class=\"wpb_column vc_column_container vc_col-sm-12\">\n<div class=\"vc_column-inner \">\n<div class=\"wpb_wrapper\">\n<div class=\"wpb_text_column wpb_content_element \">\n<div class=\"wpb_wrapper\">\n<p><strong>De 1942 \u00e0 1963, Camille (84) tenait avec ses parents un petit magasin de tissu en face de l\u2019h\u00f4tel de ville. Elle ch\u00e9rit encore profond\u00e9ment sa ville.<\/strong><\/p>\n<p><i>\u00abTu sais, il faut toujours se marier avec quelqu\u2019un de sa rue.<\/i>\u00bb Ce credo, Camille Ancion, bonne maman de trois petites-filles, n\u2019a eu de cesse de le r\u00e9p\u00e9ter \u00e0 celles qui voulaient bien l\u2019entendre.<\/p>\n<p>Hutoise de g\u00e9n\u00e9ration en g\u00e9n\u00e9ration, mari\u00e9e \u00e0 un Hutois pure souche \u00e9galement, elle ne jure que par sa ville, et c\u2019est avec \u00e9merveillement et nostalgie qu\u2019elle relit inlassablement tous les livres, recueils de photo et articles que l\u2019on \u00e9crit \u00e0 son sujet.<\/p>\n<p>\u00ab<i>J\u2019habitais sur la Grand-Place, au-dessus de mon magasin. Il \u00e9tait situ\u00e9 \u00e0 la place de la banque, \u00e0 c\u00f4t\u00e9 du Jazz Matazz. \u00c0 l\u2019\u00e9poque, c\u2019\u00e9tait un Shoe post\u2026 On y vendait du tissu d\u2019ameublement avec ma maman.<\/i>\u00bb<\/p>\n<p>Fille unique, elle doit bien avouer qu\u2019elle ne sortait pas beaucoup \u00e0 l\u2019\u00e9poque. \u00ab<i>Mais ma famille \u00e9largie poss\u00e9dait neuf commerces dans toute la ville. O\u00f9 que j\u2019aille, c\u2019\u00e9tait chez moi<\/i>\u00bb, sourit-elle.<\/p>\n<p>Elle allait souvent au cin\u00e9ma \u00abLe Palace\u00bb, rue des R\u00f4tisseurs, avec ses parents, tous les week-ends. Elle se souvient aussi de l\u2019Harmonie, \u00e0 la place de l\u2019IPES, un grand espace o\u00f9 les jeunes se retrouvaient. \u00ab<i>C\u2019\u00e9tait une soci\u00e9t\u00e9 de musique, il y avait des concerts, des spectacles, des chorales. Puis un baby-foot et des tables de ping-pong pour les gar\u00e7ons. Pendant quelques ann\u00e9es, il y a eu aussi une patinoire pour faire du patin \u00e0 roulette! C\u2019\u00e9tait gai<\/i>.\u00bb<\/p>\n<p>Camille aimait l\u2019animation de la Grand-Place le jour du march\u00e9, et les baignades interdites des jeunes en Meuse \u00e0 \u00abl\u2019hospice des vieillards\u00bb, comme ils appelaient ce lieu \u00e0 Tihange.<\/p>\n<p>Puis elle a rencontr\u00e9 Jean. Il \u00e9tait \u00e0 peine plus \u00e2g\u00e9 qu\u2019elle. \u00ab<i>On \u00e9tait \u00e0 l\u2019\u00e9cole gardienne ensemble. Puis on s\u2019est perdu de vue. <\/i>\u00bb Jean faisait partie d\u2019une famille de trois gar\u00e7ons, tous footballeurs, et m\u00eame plut\u00f4t bons, \u00e0 leurs heures perdues. \u00ab<i>Je le croisais tout le temps, partout. Il allait \u00e0 l\u2019\u00e9cole moyenne, et \u00e0 l\u2019\u00e9poque, les jeunes se retrouvaient Rue des Augustins, en face de chez Roger, avant d\u2019aller au cours. On se faisait un signe de t\u00eate. Jusqu\u2019au jour o\u00f9 on s\u2019est retrouv\u00e9 au m\u00eame mariage\u2026<\/i>\u00bb<\/p>\n<p>Bien avant d\u2019organiser des \u00abEvents Facebook\u00bb, Huy se promenait d\u2019une rive \u00e0 l\u2019autre.<\/p>\n<p>L\u00e9gende de la photo :\u00a0\u00c0 l\u2019\u00e9poque, tous les mercredis, le march\u00e9 prenait ses aises sur la Grand-Place m\u00eame<\/p>\n<\/div>\n<\/div>\n<\/div>\n<\/div>\n<\/div>\n<\/div>\n<\/div>\n<\/div><div class=\"fusion-clearfix\"><\/div><\/div><\/div><div class=\"fusion-layout-column fusion_builder_column fusion-builder-column-1 fusion_builder_column_1_2 1_2 fusion-one-half fusion-column-first\" style=\"--awb-bg-size:cover;width:50%;width:calc(50% - ( ( 4% ) * 0.5 ) );margin-right: 4%;\"><div class=\"fusion-column-wrapper fusion-flex-column-wrapper-legacy\"><div class=\"fusion-text fusion-text-3\"><div class=\"wpb_column vc_column_container vc_col-sm-6\">\n<div class=\"vc_column-inner \">\n<div class=\"wpb_wrapper\">\n<div class=\"wpb_text_column wpb_content_element \">\n<div class=\"wpb_wrapper\">\n<h2>Avant l\u2019Avenue des Ardennes\u2026<\/h2>\n<p><strong>La rue principale de Huy, \u00e0 l\u2019\u00e9poque de Camille,c\u2019\u00e9tait la Rue du Pont et la rue Sous-le-Ch\u00e2teau. C\u2019\u00e9tait avant 1967\u2026<\/strong><\/p>\n<p>\u00c9conomiquement parlant, Huy a toujours \u00e9t\u00e9 le centre n\u00e9vralgique des communes voisines. C\u2019est pourquoi la Grand-Place et les rues des alentours n\u2019\u00e9taient que commerces en tout genre. \u00ab<i>Autour du commerce de ma maman, il y avait beaucoup de commerces de v\u00eatements, des chapelleries, des boutiques de tissus, des maroquineries\u2026 Puis quelques magasins alimentaires. Je me souviens tr\u00e8s bien de la boulangerie Lapierre, au coin de la rue des Brasseurs, on allait syst\u00e9matiquement y chercher notre pain! Maintenant, ce ne sont plus que des caf\u00e9s et des restaurants.\u00bb<\/i><\/p>\n<p>La chambre de Camille donnait sur la Grand-Place. \u00c0 l\u2019arri\u00e8re de sa maison, \u00e0 l\u2019\u00e9poque, jusqu\u2019\u00e0 la fermeture du magasin en 1963, elle avait un petit jardin, puis l\u2019abattoir. \u00ab<i>Tout a \u00e9t\u00e9 d\u00e9truit lorsqu\u2019on a d\u00e9cid\u00e9 de faire la grande perc\u00e9e<\/i>.\u00bb Le passage des camions dans la rue du Pont devenait impossible, il n\u2019\u00e9tait pas rare qu\u2019un ou l\u2019autre arrache les fa\u00e7ades des maisons en voulant se croiser. Dans les rues de Huy et ailleurs, on parle m\u00eame d\u2019asphyxie \u00e0 l\u2019\u00e9poque.<\/p>\n<p>\u00ab<i>Alors, on a d\u00e9m\u00e9nag\u00e9 rue Griange<\/i>\u00bb, continue Camille, quelque peu d\u00e9sol\u00e9e, comme beaucoup de Hutois, de la disparition de son joli quartier d\u2019antan pour ce qui allait quasiment devenir une autoroute. \u00c0 l\u2019\u00e9poque, les travaux \u00e9taient gigantesques et ont dur\u00e9 des ann\u00e9es. Le Hoyoux, qui faisait un peu office d\u2019\u00e9gouts a \u00e9t\u00e9 vo\u00fbt\u00e9 en partie. Une premi\u00e8re partie a \u00e9t\u00e9 inaugur\u00e9e en 1969, faisant de Huy un carrefour monstrueux entre la Hesbaye, le Condroz et Namur. Depuis lors, l\u2019Avenue des Ardennes a \u00e9t\u00e9 r\u00e9am\u00e9nag\u00e9e avec une piste cyclable notamment, il y a de \u00e7a une dizaine d\u2019ann\u00e9es.<\/p>\n<p>L\u00e9gende photo du haut :\u00a0La rue du Pont, rive droite, \u00e9tait la rue principale entre les deux rives. Tr\u00e8s \u00e9troite, elle a vite pos\u00e9 probl\u00e8me quand la voiture a fait son apparition.<\/p>\n<p>L\u00e9gende photo du bas :\u00a0La rue Neuve, \u00e0 l\u2019\u00e9poque, n\u2019\u00e9tait qu\u2019une petite art\u00e8re pleine de commerces. Le Pontia, le pont principal reliant la rive droite et la rive gauche, a souvent \u00e9t\u00e9 d\u00e9truit et reconstruit. \u00ab\u2009Rue Neuve, il y avait le Cam\u00e9o, un cin\u00e9ma qui passait des films un peu plus l\u00e9gers\u2009\u00bb, se souvient Camille.<\/p>\n<\/div>\n<\/div>\n<\/div>\n<\/div>\n<\/div>\n<\/div><div class=\"fusion-clearfix\"><\/div><\/div><\/div><div class=\"fusion-layout-column fusion_builder_column fusion-builder-column-2 fusion_builder_column_1_2 1_2 fusion-one-half fusion-column-last\" style=\"--awb-bg-size:cover;width:50%;width:calc(50% - ( ( 4% ) * 0.5 ) );\"><div class=\"fusion-column-wrapper fusion-flex-column-wrapper-legacy\"><div class=\"fusion-image-element fusion-image-align-center in-legacy-container\" style=\"text-align:center;--awb-caption-title-font-family:var(--h2_typography-font-family);--awb-caption-title-font-weight:var(--h2_typography-font-weight);--awb-caption-title-font-style:var(--h2_typography-font-style);--awb-caption-title-size:var(--h2_typography-font-size);--awb-caption-title-transform:var(--h2_typography-text-transform);--awb-caption-title-line-height:var(--h2_typography-line-height);--awb-caption-title-letter-spacing:var(--h2_typography-letter-spacing);\"><div class=\"imageframe-align-center\"><span class=\" fusion-imageframe imageframe-none imageframe-2 hover-type-zoomin\"><img decoding=\"async\" width=\"756\" height=\"501\" title=\"huy-rue-du-pont\" src=\"https:\/\/grand-angle.lavenir.net\/hier\/wp-content\/uploads\/sites\/7\/2017\/03\/huy-rue-du-pont.jpg\" alt class=\"img-responsive wp-image-18\" srcset=\"https:\/\/grand-angle.lavenir.net\/hier\/wp-content\/uploads\/sites\/7\/2017\/03\/huy-rue-du-pont-200x133.jpg 200w, https:\/\/grand-angle.lavenir.net\/hier\/wp-content\/uploads\/sites\/7\/2017\/03\/huy-rue-du-pont-400x265.jpg 400w, https:\/\/grand-angle.lavenir.net\/hier\/wp-content\/uploads\/sites\/7\/2017\/03\/huy-rue-du-pont-600x398.jpg 600w, https:\/\/grand-angle.lavenir.net\/hier\/wp-content\/uploads\/sites\/7\/2017\/03\/huy-rue-du-pont.jpg 756w\" sizes=\"(max-width: 800px) 100vw, 600px\" \/><\/span><\/div><\/div><div class=\"fusion-image-element fusion-image-align-center in-legacy-container\" style=\"text-align:center;--awb-caption-title-font-family:var(--h2_typography-font-family);--awb-caption-title-font-weight:var(--h2_typography-font-weight);--awb-caption-title-font-style:var(--h2_typography-font-style);--awb-caption-title-size:var(--h2_typography-font-size);--awb-caption-title-transform:var(--h2_typography-text-transform);--awb-caption-title-line-height:var(--h2_typography-line-height);--awb-caption-title-letter-spacing:var(--h2_typography-letter-spacing);\"><div class=\"imageframe-align-center\"><span class=\" fusion-imageframe imageframe-none imageframe-3 hover-type-zoomin\"><img decoding=\"async\" width=\"1754\" height=\"1316\" title=\"S\u00e9rie Huy Ancion\" src=\"https:\/\/grand-angle.lavenir.net\/hier\/wp-content\/uploads\/sites\/7\/2017\/03\/1457017_201608181008480898335.jpg\" alt class=\"img-responsive wp-image-17\" srcset=\"https:\/\/grand-angle.lavenir.net\/hier\/wp-content\/uploads\/sites\/7\/2017\/03\/1457017_201608181008480898335-200x150.jpg 200w, https:\/\/grand-angle.lavenir.net\/hier\/wp-content\/uploads\/sites\/7\/2017\/03\/1457017_201608181008480898335-400x300.jpg 400w, https:\/\/grand-angle.lavenir.net\/hier\/wp-content\/uploads\/sites\/7\/2017\/03\/1457017_201608181008480898335-600x450.jpg 600w, https:\/\/grand-angle.lavenir.net\/hier\/wp-content\/uploads\/sites\/7\/2017\/03\/1457017_201608181008480898335-800x600.jpg 800w, https:\/\/grand-angle.lavenir.net\/hier\/wp-content\/uploads\/sites\/7\/2017\/03\/1457017_201608181008480898335-1200x900.jpg 1200w, https:\/\/grand-angle.lavenir.net\/hier\/wp-content\/uploads\/sites\/7\/2017\/03\/1457017_201608181008480898335.jpg 1754w\" sizes=\"(max-width: 800px) 100vw, 600px\" \/><\/span><\/div><\/div><div class=\"fusion-clearfix\"><\/div><\/div><\/div><\/div><\/div>\n","protected":false},"excerpt":{"rendered":"","protected":false},"author":1,"featured_media":0,"parent":0,"menu_order":0,"comment_status":"closed","ping_status":"closed","template":"","meta":{"footnotes":""},"class_list":["post-15","page","type-page","status-publish","hentry"],"_links":{"self":[{"href":"https:\/\/grand-angle.lavenir.net\/hier\/wp-json\/wp\/v2\/pages\/15","targetHints":{"allow":["GET"]}}],"collection":[{"href":"https:\/\/grand-angle.lavenir.net\/hier\/wp-json\/wp\/v2\/pages"}],"about":[{"href":"https:\/\/grand-angle.lavenir.net\/hier\/wp-json\/wp\/v2\/types\/page"}],"author":[{"embeddable":true,"href":"https:\/\/grand-angle.lavenir.net\/hier\/wp-json\/wp\/v2\/users\/1"}],"replies":[{"embeddable":true,"href":"https:\/\/grand-angle.lavenir.net\/hier\/wp-json\/wp\/v2\/comments?post=15"}],"version-history":[{"count":0,"href":"https:\/\/grand-angle.lavenir.net\/hier\/wp-json\/wp\/v2\/pages\/15\/revisions"}],"wp:attachment":[{"href":"https:\/\/grand-angle.lavenir.net\/hier\/wp-json\/wp\/v2\/media?parent=15"}],"curies":[{"name":"wp","href":"https:\/\/api.w.org\/{rel}","templated":true}]}}