{"id":115,"date":"2019-09-13T15:38:38","date_gmt":"2019-09-13T13:38:38","guid":{"rendered":"https:\/\/grand-angle.lavenir.net\/gadenne\/?page_id=115"},"modified":"2019-09-20T13:10:15","modified_gmt":"2019-09-20T11:10:15","slug":"de-fermier-a-bourgmestre-bien-aime","status":"publish","type":"page","link":"https:\/\/grand-angle.lavenir.net\/gadenne\/de-fermier-a-bourgmestre-bien-aime\/","title":{"rendered":"De fermier \u00e0 bourgmestre bien-aim\u00e9"},"content":{"rendered":"<p><div class=\"fusion-fullwidth fullwidth-box fusion-builder-row-1 nonhundred-percent-fullwidth non-hundred-percent-height-scrolling\" style=\"--awb-border-radius-top-left:0px;--awb-border-radius-top-right:0px;--awb-border-radius-bottom-right:0px;--awb-border-radius-bottom-left:0px;--awb-flex-wrap:wrap;\" ><div class=\"fusion-builder-row fusion-row\"><div class=\"fusion-layout-column fusion_builder_column fusion-builder-column-0 fusion_builder_column_1_1 1_1 fusion-one-full fusion-column-first fusion-column-last\" style=\"--awb-bg-size:cover;\"><div class=\"fusion-column-wrapper fusion-column-has-shadow fusion-flex-column-wrapper-legacy\"><div class=\"fusion-sharing-box fusion-sharing-box-1 boxed-icons has-taglines layout-floated layout-medium-floated layout-small-floated\" style=\"background-color:rgba(246,246,246,0);padding:0;--awb-layout:row;--awb-alignment-small:space-between;\" data-title=\"De fermier \u00e0 bourgmestre bien-aim\u00e9\" data-description=\"Bien qu\u2019il soit n\u00e9 dans une famille de politiciens, rien ne pr\u00e9destinait Alfred Gadenne \u00e0 une telle carri\u00e8re. Il fut pourtant un ma\u00efeur des plus appr\u00e9ci\u00e9s de Mouscron.\" data-link=\"https:\/\/grand-angle.lavenir.net\/gadenne\/de-fermier-a-bourgmestre-bien-aime\/\"><div class=\"fusion-social-networks sharingbox-shortcode-icon-wrapper sharingbox-shortcode-icon-wrapper-1 boxed-icons\"><span><a href=\"https:\/\/www.facebook.com\/sharer.php?u=https%3A%2F%2Fgrand-angle.lavenir.net%2Fgadenne%2Fde-fermier-a-bourgmestre-bien-aime%2F&amp;t=De%20fermier%20%C3%A0%20bourgmestre%20bien-aim%C3%A9\" target=\"_blank\" rel=\"noreferrer\" title=\"Facebook\" aria-label=\"Facebook\" data-placement=\"top\" data-toggle=\"tooltip\" data-title=\"Facebook\"><i class=\"fusion-social-network-icon fusion-tooltip fusion-facebook awb-icon-facebook\" style=\"color:#ffffff;background-color:#3b5998;border-color:#3b5998;border-radius:50%;\" aria-hidden=\"true\"><\/i><\/a><\/span><span><a href=\"https:\/\/x.com\/intent\/post?text=De%20fermier%20%C3%A0%20bourgmestre%20bien-aim%C3%A9&amp;url=https%3A%2F%2Fgrand-angle.lavenir.net%2Fgadenne%2Fde-fermier-a-bourgmestre-bien-aime%2F\" target=\"_blank\" rel=\"noopener noreferrer\" title=\"X\" aria-label=\"X\" data-placement=\"top\" data-toggle=\"tooltip\" data-title=\"X\"><i class=\"fusion-social-network-icon fusion-tooltip fusion-twitter awb-icon-twitter\" style=\"color:#ffffff;background-color:#000000;border-color:#000000;border-radius:50%;\" aria-hidden=\"true\"><\/i><\/a><\/span><\/div><\/div><div class=\"fusion-clearfix\"><\/div><\/div><\/div><div class=\"fusion-layout-column fusion_builder_column fusion-builder-column-1 fusion_builder_column_1_1 1_1 fusion-one-full fusion-column-first fusion-column-last\" style=\"--awb-padding-top:10px;--awb-padding-right:20px;--awb-padding-bottom:10px;--awb-padding-left:20px;--awb-bg-color:#eee;--awb-bg-color-hover:#eee;--awb-bg-size:cover;--awb-box-shadow:0px 0px 5px 2px rgba(0,0,0,0.32);;\"><div class=\"fusion-column-wrapper fusion-column-has-shadow fusion-flex-column-wrapper-legacy\"><div class=\"fusion-text fusion-text-1\"><p><strong>Bien qu\u2019il soit n\u00e9 dans une famille de politiciens, rien ne pr\u00e9destinait Alfred Gadenne \u00e0 une telle carri\u00e8re. Il fut pourtant un ma\u00efeur des plus appr\u00e9ci\u00e9s de Mouscron.<\/strong><\/p>\n<\/div><div class=\"fusion-clearfix\"><\/div><\/div><\/div><div class=\"fusion-layout-column fusion_builder_column fusion-builder-column-2 fusion_builder_column_1_1 1_1 fusion-one-full fusion-column-first fusion-column-last\" style=\"--awb-bg-size:cover;\"><div class=\"fusion-column-wrapper fusion-column-has-shadow fusion-flex-column-wrapper-legacy\"><div class=\"fusion-text fusion-text-2\"><p>De sa naissance en janvier 46 \u00e0 sa mort tragique le 11 septembre 2017, Alfred Gadenne n\u2019aura connu qu\u2019une maison, la ferme familiale situ\u00e9e \u00e0 proximit\u00e9 du cimeti\u00e8re de Luigne, village de la Commune de Mouscron. Une ferme qu\u2019il reprit assez logiquement et qu\u2019il g\u00e9ra en m\u00eame temps qu\u2019un commerce de charbon.<\/p>\n<h2 style=\"text-align: center;\">La mort pr\u00e9matur\u00e9e de son fr\u00e8re a tout chang\u00e9<\/h2>\n<p>Bien qu\u2019issu d\u2019une famille de politiciens &#8211; son grand-p\u00e8re et son p\u00e8re ayant \u00e9t\u00e9 bourgmestre de Luingne -, Alfred Gadenne n\u2019\u00e9tait pas pr\u00e9destin\u00e9 \u00e0 une telle carri\u00e8re. C\u2019est plut\u00f4t \u00e0 son fr\u00e8re cadet que l\u2019on pensait pour prendre la rel\u00e8ve. Mais une mort trop rapide le priva de sa destin\u00e9e. Alfred Gadenne accepta donc de se lancer.<\/p>\n<p>Apr\u00e8s quelques ann\u00e9es, il devint \u00e9chevin des Travaux, sous l\u2019\u00e9gide de Jean-Pierre Detremmerie. Jouissant d\u2019une popularit\u00e9 sans pareil, Alfred Gadenne aurait d\u00e9j\u00e0 pu devenir bourgmestre en 2000 car il r\u00e9alisait le meilleur score. Mais il accepta de continuer son r\u00f4le en retrait. Six ans plus tard, il r\u00e9alisa un meilleur score encore et prit l\u2019\u00e9charpe mayorale.<\/p>\n<h2 style=\"text-align: center;\">\u00ab\u2009un vieux Belge avec des valeurs traditionnelles l\u2019attachement \u00e0 sa terre, la loyaut\u00e9 envers sa ville et les gens\u2009\u00bb<\/h2>\n<p>Devenu d\u00e9put\u00e9 entre-temps, il privil\u00e9gia Mouscron en 2014 quand il fallut faire un choix.<\/p>\n<p>Bourgmestre atypique, Alfred Gadenne \u00e9tait un politicien \u00e0 l\u2019ancienne. Lors d\u2019un repas, il nous confia \u00eatre \u00ab\u2009un vieux Belge avec des valeurs traditionnelles l\u2019attachement \u00e0 sa terre, la loyaut\u00e9 envers sa ville et les gens\u2009\u00bb.<\/p>\n<p>Tr\u00e8s proche de ses concitoyens, l\u2019homme politique avait de grandes difficult\u00e9s \u00e0 dire \u00ab\u2009non\u2009\u00bb. Il voulait rendre service \u00e0 toute personne qui lui demandait de l\u2019aide. Plus que repr\u00e9senter sa ville, et son esprit si particulier, il l\u2019incarnait. Le Luingnois \u00e9tait \u00e9galement r\u00e9put\u00e9 pour \u00ab\u2009ses petites manies\u2009\u00bb, comme il se plaisait \u00e0 le dire. Comme le fait d\u2019aller ouvrir et fermer, chaque matin et chaque soir, les portes du cimeti\u00e8re de la cit\u00e9 des Cleugnottes. Deux particularit\u00e9s qui lui seront malheureusement fatales, un triste soir de septembre.<\/p>\n<\/div><div class=\"fusion-clearfix\"><\/div><\/div><\/div><\/div><\/div><div class=\"fusion-fullwidth fullwidth-box fusion-builder-row-2 nonhundred-percent-fullwidth non-hundred-percent-height-scrolling\" style=\"--awb-border-radius-top-left:0px;--awb-border-radius-top-right:0px;--awb-border-radius-bottom-right:0px;--awb-border-radius-bottom-left:0px;--awb-flex-wrap:wrap;\" ><div class=\"fusion-builder-row fusion-row\"><div class=\"fusion-layout-column fusion_builder_column fusion-builder-column-3 fusion_builder_column_1_1 1_1 fusion-one-full fusion-column-first fusion-column-last\" style=\"--awb-bg-size:cover;\"><div class=\"fusion-column-wrapper fusion-flex-column-wrapper-legacy\"><style>\n.chapitre figure {\n\tposition: relative;\n\toverflow: hidden;\n\tmargin: 10px 1%;\n\t\/*max-width: 480px;\n\tmax-height: 360px;*\/\n\tbackground: #3085a3;\n\ttext-align: center;\n\tcursor: pointer;\n}\n\n.chapitre figure img {\n\tposition: relative;\n\tdisplay: block;\n\tmin-height: 100%;\n\tmax-width: 100%;\n\topacity: 0.8;\n}\n\n.chapitre figure figcaption {\n\tpadding: 2em;\n\tcolor: #fff;\n\ttext-transform: uppercase;\n\tfont-size: 1.25em;\n\t-webkit-backface-visibility: hidden;\n\tbackface-visibility: hidden;\n}\n\n.chapitre figure figcaption::before,\n.chapitre figure figcaption::after {\n\tpointer-events: none;\n}\n\n.chapitre figure figcaption,\n.chapitre figure figcaption > a {\n\tposition: absolute;\n\ttop: 0;\n\tleft: 0;\n\twidth: 100%;\n\theight: 100%;\n}\n.chapitre figure figcaption a {\n\tz-index: 1000;\n\twhite-space: nowrap;\n\tdisplay: block;\n}\nfigure.effect-goliath {\n\tbackground: #E9A825;\n\tbackground: #f05858;;\n}\n\nfigure.effect-goliath img.hover {\nopacity: 0;\nposition: absolute;\ntop: 0;\nleft: 0;\n\n}\nfigure.effect-goliath img,\nfigure.effect-goliath h2 {\n\t-webkit-transition: -webkit-transform 0.35s;\n\ttransition:  opacity 0.35s,transform 0.35s;\n}\n\nfigure.effect-goliath img {\n\t-webkit-backface-visibility: hidden;\n\tbackface-visibility: hidden;\n}\n\nfigure.effect-goliath h2,\nfigure.effect-goliath p {\n\tposition: absolute;\n\tbottom: 0;\n\tleft: 0;\n\tpadding: 10px;\n}\nfigure.effect-goliath h2 {\n\tposition: absolute;\n\tbottom: 0;\n\tleft: 0;\n\tpadding: 30px;\n\tcolor: #FFF;\n\tfont-weight: bold !important;\n\tfont-size: 24px !important;\n\ttext-shadow: 0px 0px 4px rgba(0,0,0,0.9);\n\tmargin: 0;\n\t\/* padding-bottom: 10px; *\/\n}\n\nfigure.effect-goliath p {\n\ttext-transform: none;\n\tfont-size: 90%;\n\topacity: 0;\n\t-webkit-transition: opacity 0.35s, -webkit-transform 0.35s;\n\ttransition: opacity 0.35s, transform 0.35s;\n\t-webkit-transform: translate3d(0,50px,0);\n\ttransform: translate3d(0,50px,0);\n       margin-bottom: 0px;\n}\n\nfigure.effect-goliath:hover img {\n\t-webkit-transform: translate3d(0,-75px,0);\n\ttransform: translate3d(0,-75px,0);\n}\nfigure.effect-goliath:hover img.hover {\n       opacity: 1;\n}\n\nfigure.effect-goliath:hover h2 {\n\t-webkit-transform: translate3d(0,-100px,0);\n\ttransform: translate3d(0,-100px,0);\n}\n\nfigure.effect-goliath:hover p {\n\topacity: 1;\n\t-webkit-transform: translate3d(0,0,0);\n\ttransform: translate3d(0,0,0);\n}\n<\/style><div class=\"fusion-sharing-box fusion-sharing-box-2 boxed-icons has-taglines layout-floated layout-medium-floated layout-small-floated\" style=\"background-color:rgba(255,255,255,0);padding:0;--awb-layout:row;--awb-alignment-small:space-between;\" data-title=\"Alfred Gadenne, le bourgmestre assassin\u00e9 par vengeance\" data-description=\"Le 11 septembre 2017, le ma\u00efeur \u00e9tait retrouv\u00e9 \u00e9gorg\u00e9 dans son cimeti\u00e8re de Luingne (Mouscron). Tu\u00e9 par un de ses condisciples, Nathan Duponcheel.\" data-link=\"https:\/\/grand-angle.lavenir.net\/gadenne\/\"><div class=\"fusion-social-networks sharingbox-shortcode-icon-wrapper sharingbox-shortcode-icon-wrapper-2 boxed-icons\"><span><a href=\"https:\/\/www.facebook.com\/sharer.php?u=https%3A%2F%2Fgrand-angle.lavenir.net%2Fgadenne%2F&amp;t=Alfred%20Gadenne%2C%20le%20bourgmestre%20assassin%C3%A9%20par%20vengeance\" target=\"_blank\" rel=\"noreferrer\" title=\"Facebook\" aria-label=\"Facebook\" data-placement=\"top\" data-toggle=\"tooltip\" data-title=\"Facebook\"><i class=\"fusion-social-network-icon fusion-tooltip fusion-facebook awb-icon-facebook\" style=\"color:#ffffff;background-color:#3b5998;border-color:#3b5998;border-radius:50%;\" aria-hidden=\"true\"><\/i><\/a><\/span><span><a href=\"https:\/\/x.com\/intent\/post?text=Alfred%20Gadenne%2C%20le%20bourgmestre%20assassin%C3%A9%20par%20vengeance&amp;url=https%3A%2F%2Fgrand-angle.lavenir.net%2Fgadenne%2F\" target=\"_blank\" rel=\"noopener noreferrer\" title=\"X\" aria-label=\"X\" data-placement=\"top\" data-toggle=\"tooltip\" data-title=\"X\"><i class=\"fusion-social-network-icon fusion-tooltip fusion-twitter awb-icon-twitter\" style=\"color:#ffffff;background-color:#000000;border-color:#000000;border-radius:50%;\" aria-hidden=\"true\"><\/i><\/a><\/span><\/div><\/div><div class=\"fusion-clearfix\"><\/div><\/div><\/div><div class=\"fusion-layout-column fusion_builder_column fusion-builder-column-4 fusion_builder_column_1_2 1_2 fusion-one-half fusion-column-first\" style=\"--awb-bg-size:cover;width:50%;width:calc(50% - ( ( 4% ) * 0.5 ) );margin-right: 4%;\"><div class=\"fusion-column-wrapper fusion-flex-column-wrapper-legacy\"><div class=\"chapitre\">\n  <a href=\"https:\/\/grand-angle.lavenir.net\/gadenne\/\">\n    <figure class=\"effect-goliath\">\n      <img decoding=\"async\" class=\"alignnone\" src=\"https:\/\/grand-angle.lavenir.net\/gadenne\/wp-content\/uploads\/sites\/85\/2019\/09\/112201_201210051130586395000-copy-copy.jpg\">\n      <figcaption>\n        <h2 data-fontsize=\"24\" data-lineheight=\"36\">Chapitre I<\/h2>\n        <p>\n          Alfred Gadenne, assassin\u00e9 dans son cimeti\u00e8re\n        <\/p>\n      <\/figcaption>\n    <\/figure>\n  <\/a>\n<\/div><div class=\"fusion-clearfix\"><\/div><\/div><\/div><div class=\"fusion-layout-column fusion_builder_column fusion-builder-column-5 fusion_builder_column_1_2 1_2 fusion-one-half fusion-column-last\" style=\"--awb-bg-size:cover;width:50%;width:calc(50% - ( ( 4% ) * 0.5 ) );\"><div class=\"fusion-column-wrapper fusion-flex-column-wrapper-legacy\"><div class=\"chapitre\">\n  <a href=\"https:\/\/grand-angle.lavenir.net\/gadenne\/il-a-brise-son-bracelet-et-sest-arme-dun-couteau\/\">\n    <figure class=\"effect-goliath\">\n      <img decoding=\"async\" class=\"alignnone\" src=\"https:\/\/grand-angle.lavenir.net\/gadenne\/wp-content\/uploads\/sites\/85\/2019\/09\/17jan-1.jpg\">\n      <figcaption>\n        <h2 data-fontsize=\"24\" data-lineheight=\"36\">Chapitre II<\/h2>\n        <p>\n          Il a bris\u00e9 son bracelet et s\u2019est arm\u00e9 d\u2019un couteau\n        <\/p>\n      <\/figcaption>\n    <\/figure>\n  <\/a>\n<\/div><div class=\"fusion-clearfix\"><\/div><\/div><\/div><div class=\"fusion-layout-column fusion_builder_column fusion-builder-column-6 fusion_builder_column_1_2 1_2 fusion-one-half fusion-column-first\" style=\"--awb-bg-size:cover;width:50%;width:calc(50% - ( ( 4% ) * 0.5 ) );margin-right: 4%;\"><div class=\"fusion-column-wrapper fusion-flex-column-wrapper-legacy\"><div class=\"chapitre\">\n  <a href=\"https:\/\/grand-angle.lavenir.net\/gadenne\/de-fermier-a-bourgmestre-bien-aime\/\">\n    <figure class=\"effect-goliath\">\n      <img decoding=\"async\" class=\"alignnone\" src=\"https:\/\/grand-angle.lavenir.net\/gadenne\/wp-content\/uploads\/sites\/85\/2019\/09\/chapgadenne-copy.jpg\">\n      <figcaption>\n        <h2 data-fontsize=\"24\" data-lineheight=\"36\">Chapitre III<\/h2>\n        <p>\n          De fermier \u00e0 bourgmestre bien-aim\u00e9\n        <\/p>\n      <\/figcaption>\n    <\/figure>\n  <\/a>\n<\/div><div class=\"fusion-clearfix\"><\/div><\/div><\/div><div class=\"fusion-layout-column fusion_builder_column fusion-builder-column-7 fusion_builder_column_1_2 1_2 fusion-one-half fusion-column-last\" style=\"--awb-bg-size:cover;width:50%;width:calc(50% - ( ( 4% ) * 0.5 ) );\"><div class=\"fusion-column-wrapper fusion-flex-column-wrapper-legacy\"><div class=\"chapitre\">\n  <a href=\"https:\/\/grand-angle.lavenir.net\/gadenne\/nathan-duponcheel-ne-sest-jamais-remis-de-la-mort-de-son-pere\/\">\n    <figure class=\"effect-goliath\">\n      <img decoding=\"async\" class=\"alignnone\" src=\"https:\/\/grand-angle.lavenir.net\/gadenne\/wp-content\/uploads\/sites\/85\/2019\/09\/Montage01-copy.jpg\">\n      <figcaption>\n        <h2 data-fontsize=\"24\" data-lineheight=\"36\">Chapitre IV<\/h2>\n        <p>\n          Nathan Duponcheel ne s\u2019est jamais remis de la mort de son p\u00e8re\n        <\/p>\n      <\/figcaption>\n    <\/figure>\n  <\/a>\n<\/div><div class=\"fusion-clearfix\"><\/div><\/div><\/div><div class=\"fusion-layout-column fusion_builder_column fusion-builder-column-8 fusion_builder_column_1_2 1_2 fusion-one-half fusion-column-first\" style=\"--awb-bg-size:cover;width:50%;width:calc(50% - ( ( 4% ) * 0.5 ) );margin-right: 4%;\"><div class=\"fusion-column-wrapper fusion-flex-column-wrapper-legacy\"><div class=\"chapitre\">\n  <a href=\"https:\/\/grand-angle.lavenir.net\/gadenne\/%e2%80%89un-bourgmestre-comme-lui-on-nen-aura-plus%e2%80%89\/\">\n    <figure class=\"effect-goliath\">\n      <img decoding=\"async\" class=\"alignnone\" src=\"https:\/\/grand-angle.lavenir.net\/gadenne\/wp-content\/uploads\/sites\/85\/2019\/09\/chapemotions-copy-2-copy-copy1.jpg\">\n      <figcaption>\n        <h2 data-fontsize=\"24\" data-lineheight=\"36\">Chapitre V<\/h2>\n        <p>\n          \u00ab\u2009Un bourgmestre comme lui, on n\u2019en aura plus\u2009\u00bb\n        <\/p>\n      <\/figcaption>\n    <\/figure>\n  <\/a>\n<\/div><div class=\"fusion-clearfix\"><\/div><\/div><\/div><div class=\"fusion-layout-column fusion_builder_column fusion-builder-column-9 fusion_builder_column_1_2 1_2 fusion-one-half fusion-column-last\" style=\"--awb-bg-size:cover;width:50%;width:calc(50% - ( ( 4% ) * 0.5 ) );\"><div class=\"fusion-column-wrapper fusion-flex-column-wrapper-legacy\"><div class=\"chapitre\">\n  <a href=\"https:\/\/grand-angle.lavenir.net\/gadenne\/un-proces-unique-en-belgique\/\">\n    <figure class=\"effect-goliath\">\n      <img decoding=\"async\" class=\"alignnone\" src=\"https:\/\/grand-angle.lavenir.net\/gadenne\/wp-content\/uploads\/sites\/85\/2019\/09\/276131_201411151303151819375-copy-1.jpg\">\n      <figcaption>\n        <h2 data-fontsize=\"24\" data-lineheight=\"36\">Chapitre VI<\/h2>\n        <p>\n          Un proc\u00e8s unique en Belgique\n        <\/p>\n      <\/figcaption>\n    <\/figure>\n  <\/a>\n<\/div><div class=\"fusion-clearfix\"><\/div><\/div><\/div><\/div><\/div>\n<\/p>\n","protected":false},"excerpt":{"rendered":"","protected":false},"author":1,"featured_media":0,"parent":0,"menu_order":0,"comment_status":"closed","ping_status":"closed","template":"100-width.php","meta":{"footnotes":""},"class_list":["post-115","page","type-page","status-publish","hentry"],"yoast_head":"<!-- This site is optimized with the Yoast SEO plugin v27.1.1 - https:\/\/yoast.com\/product\/yoast-seo-wordpress\/ -->\n<title>De fermier \u00e0 bourgmestre bien-aim\u00e9 - Alfred Gadenne, le bourgmestre assassin\u00e9 par vengeance<\/title>\n<meta name=\"description\" content=\"Bien qu\u2019il soit n\u00e9 dans une famille de politiciens, rien ne pr\u00e9destinait Alfred Gadenne \u00e0 une telle carri\u00e8re. Il fut pourtant un ma\u00efeur des plus appr\u00e9ci\u00e9s de Mouscron.\" \/>\n<meta name=\"robots\" content=\"index, follow, max-snippet:-1, max-image-preview:large, max-video-preview:-1\" \/>\n<link rel=\"canonical\" href=\"https:\/\/grand-angle.lavenir.net\/gadenne\/de-fermier-a-bourgmestre-bien-aime\/\" \/>\n<meta property=\"og:locale\" content=\"fr_FR\" \/>\n<meta property=\"og:type\" content=\"article\" \/>\n<meta property=\"og:title\" content=\"De fermier \u00e0 bourgmestre bien-aim\u00e9 - Alfred Gadenne, le bourgmestre assassin\u00e9 par vengeance\" \/>\n<meta property=\"og:description\" content=\"Bien qu\u2019il soit n\u00e9 dans une famille de politiciens, rien ne pr\u00e9destinait Alfred Gadenne \u00e0 une telle carri\u00e8re. Il fut pourtant un ma\u00efeur des plus appr\u00e9ci\u00e9s de Mouscron.\" \/>\n<meta property=\"og:url\" content=\"https:\/\/grand-angle.lavenir.net\/gadenne\/de-fermier-a-bourgmestre-bien-aime\/\" \/>\n<meta property=\"og:site_name\" content=\"Alfred Gadenne, le bourgmestre assassin\u00e9 par vengeance\" \/>\n<meta property=\"article:modified_time\" content=\"2019-09-20T11:10:15+00:00\" \/>\n<meta property=\"og:image\" content=\"https:\/\/grand-angle.lavenir.net\/gadenne\/wp-content\/uploads\/sites\/85\/2019\/09\/chapgadenne-copy.jpg\" \/>\n\t<meta property=\"og:image:width\" content=\"2000\" \/>\n\t<meta property=\"og:image:height\" content=\"1328\" \/>\n\t<meta property=\"og:image:type\" content=\"image\/jpeg\" \/>\n<meta name=\"twitter:card\" content=\"summary_large_image\" \/>\n<meta name=\"twitter:label1\" content=\"Dur\u00e9e de lecture est.\" \/>\n\t<meta name=\"twitter:data1\" content=\"5 minutes\" \/>\n<script type=\"application\/ld+json\" class=\"yoast-schema-graph\">{\"@context\":\"https:\/\/schema.org\",\"@graph\":[{\"@type\":\"WebPage\",\"@id\":\"https:\/\/grand-angle.lavenir.net\/gadenne\/de-fermier-a-bourgmestre-bien-aime\/\",\"url\":\"https:\/\/grand-angle.lavenir.net\/gadenne\/de-fermier-a-bourgmestre-bien-aime\/\",\"name\":\"De fermier \u00e0 bourgmestre bien-aim\u00e9 - Alfred Gadenne, le bourgmestre assassin\u00e9 par vengeance\",\"isPartOf\":{\"@id\":\"https:\/\/grand-angle.lavenir.net\/gadenne\/#website\"},\"datePublished\":\"2019-09-13T13:38:38+00:00\",\"dateModified\":\"2019-09-20T11:10:15+00:00\",\"description\":\"Bien qu\u2019il soit n\u00e9 dans une famille de politiciens, rien ne pr\u00e9destinait Alfred Gadenne \u00e0 une telle carri\u00e8re. Il fut pourtant un ma\u00efeur des plus appr\u00e9ci\u00e9s de Mouscron.\",\"breadcrumb\":{\"@id\":\"https:\/\/grand-angle.lavenir.net\/gadenne\/de-fermier-a-bourgmestre-bien-aime\/#breadcrumb\"},\"inLanguage\":\"fr-BE\",\"potentialAction\":[{\"@type\":\"ReadAction\",\"target\":[\"https:\/\/grand-angle.lavenir.net\/gadenne\/de-fermier-a-bourgmestre-bien-aime\/\"]}]},{\"@type\":\"BreadcrumbList\",\"@id\":\"https:\/\/grand-angle.lavenir.net\/gadenne\/de-fermier-a-bourgmestre-bien-aime\/#breadcrumb\",\"itemListElement\":[{\"@type\":\"ListItem\",\"position\":1,\"name\":\"Home\",\"item\":\"https:\/\/grand-angle.lavenir.net\/gadenne\/\"},{\"@type\":\"ListItem\",\"position\":2,\"name\":\"De fermier \u00e0 bourgmestre bien-aim\u00e9\"}]},{\"@type\":\"WebSite\",\"@id\":\"https:\/\/grand-angle.lavenir.net\/gadenne\/#website\",\"url\":\"https:\/\/grand-angle.lavenir.net\/gadenne\/\",\"name\":\"Alfred Gadenne, le bourgmestre assassin\u00e9 par vengeance\",\"description\":\"Le bourgmestre assassin\u00e9 dans son cimeti\u00e8re\",\"potentialAction\":[{\"@type\":\"SearchAction\",\"target\":{\"@type\":\"EntryPoint\",\"urlTemplate\":\"https:\/\/grand-angle.lavenir.net\/gadenne\/?s={search_term_string}\"},\"query-input\":{\"@type\":\"PropertyValueSpecification\",\"valueRequired\":true,\"valueName\":\"search_term_string\"}}],\"inLanguage\":\"fr-BE\"}]}<\/script>\n<!-- \/ Yoast SEO plugin. -->","yoast_head_json":{"title":"De fermier \u00e0 bourgmestre bien-aim\u00e9 - Alfred Gadenne, le bourgmestre assassin\u00e9 par vengeance","description":"Bien qu\u2019il soit n\u00e9 dans une famille de politiciens, rien ne pr\u00e9destinait Alfred Gadenne \u00e0 une telle carri\u00e8re. Il fut pourtant un ma\u00efeur des plus appr\u00e9ci\u00e9s de Mouscron.","robots":{"index":"index","follow":"follow","max-snippet":"max-snippet:-1","max-image-preview":"max-image-preview:large","max-video-preview":"max-video-preview:-1"},"canonical":"https:\/\/grand-angle.lavenir.net\/gadenne\/de-fermier-a-bourgmestre-bien-aime\/","og_locale":"fr_FR","og_type":"article","og_title":"De fermier \u00e0 bourgmestre bien-aim\u00e9 - Alfred Gadenne, le bourgmestre assassin\u00e9 par vengeance","og_description":"Bien qu\u2019il soit n\u00e9 dans une famille de politiciens, rien ne pr\u00e9destinait Alfred Gadenne \u00e0 une telle carri\u00e8re. Il fut pourtant un ma\u00efeur des plus appr\u00e9ci\u00e9s de Mouscron.","og_url":"https:\/\/grand-angle.lavenir.net\/gadenne\/de-fermier-a-bourgmestre-bien-aime\/","og_site_name":"Alfred Gadenne, le bourgmestre assassin\u00e9 par vengeance","article_modified_time":"2019-09-20T11:10:15+00:00","og_image":[{"width":2000,"height":1328,"url":"https:\/\/grand-angle.lavenir.net\/gadenne\/wp-content\/uploads\/sites\/85\/2019\/09\/chapgadenne-copy.jpg","type":"image\/jpeg"}],"twitter_card":"summary_large_image","twitter_misc":{"Dur\u00e9e de lecture est.":"5 minutes"},"schema":{"@context":"https:\/\/schema.org","@graph":[{"@type":"WebPage","@id":"https:\/\/grand-angle.lavenir.net\/gadenne\/de-fermier-a-bourgmestre-bien-aime\/","url":"https:\/\/grand-angle.lavenir.net\/gadenne\/de-fermier-a-bourgmestre-bien-aime\/","name":"De fermier \u00e0 bourgmestre bien-aim\u00e9 - Alfred Gadenne, le bourgmestre assassin\u00e9 par vengeance","isPartOf":{"@id":"https:\/\/grand-angle.lavenir.net\/gadenne\/#website"},"datePublished":"2019-09-13T13:38:38+00:00","dateModified":"2019-09-20T11:10:15+00:00","description":"Bien qu\u2019il soit n\u00e9 dans une famille de politiciens, rien ne pr\u00e9destinait Alfred Gadenne \u00e0 une telle carri\u00e8re. Il fut pourtant un ma\u00efeur des plus appr\u00e9ci\u00e9s de Mouscron.","breadcrumb":{"@id":"https:\/\/grand-angle.lavenir.net\/gadenne\/de-fermier-a-bourgmestre-bien-aime\/#breadcrumb"},"inLanguage":"fr-BE","potentialAction":[{"@type":"ReadAction","target":["https:\/\/grand-angle.lavenir.net\/gadenne\/de-fermier-a-bourgmestre-bien-aime\/"]}]},{"@type":"BreadcrumbList","@id":"https:\/\/grand-angle.lavenir.net\/gadenne\/de-fermier-a-bourgmestre-bien-aime\/#breadcrumb","itemListElement":[{"@type":"ListItem","position":1,"name":"Home","item":"https:\/\/grand-angle.lavenir.net\/gadenne\/"},{"@type":"ListItem","position":2,"name":"De fermier \u00e0 bourgmestre bien-aim\u00e9"}]},{"@type":"WebSite","@id":"https:\/\/grand-angle.lavenir.net\/gadenne\/#website","url":"https:\/\/grand-angle.lavenir.net\/gadenne\/","name":"Alfred Gadenne, le bourgmestre assassin\u00e9 par vengeance","description":"Le bourgmestre assassin\u00e9 dans son cimeti\u00e8re","potentialAction":[{"@type":"SearchAction","target":{"@type":"EntryPoint","urlTemplate":"https:\/\/grand-angle.lavenir.net\/gadenne\/?s={search_term_string}"},"query-input":{"@type":"PropertyValueSpecification","valueRequired":true,"valueName":"search_term_string"}}],"inLanguage":"fr-BE"}]}},"_links":{"self":[{"href":"https:\/\/grand-angle.lavenir.net\/gadenne\/wp-json\/wp\/v2\/pages\/115","targetHints":{"allow":["GET"]}}],"collection":[{"href":"https:\/\/grand-angle.lavenir.net\/gadenne\/wp-json\/wp\/v2\/pages"}],"about":[{"href":"https:\/\/grand-angle.lavenir.net\/gadenne\/wp-json\/wp\/v2\/types\/page"}],"author":[{"embeddable":true,"href":"https:\/\/grand-angle.lavenir.net\/gadenne\/wp-json\/wp\/v2\/users\/1"}],"replies":[{"embeddable":true,"href":"https:\/\/grand-angle.lavenir.net\/gadenne\/wp-json\/wp\/v2\/comments?post=115"}],"version-history":[{"count":0,"href":"https:\/\/grand-angle.lavenir.net\/gadenne\/wp-json\/wp\/v2\/pages\/115\/revisions"}],"wp:attachment":[{"href":"https:\/\/grand-angle.lavenir.net\/gadenne\/wp-json\/wp\/v2\/media?parent=115"}],"curies":[{"name":"wp","href":"https:\/\/api.w.org\/{rel}","templated":true}]}}