{"id":69,"date":"2017-03-09T14:45:33","date_gmt":"2017-03-09T13:45:33","guid":{"rendered":"https:\/\/grand-angle.lavenir.net\/forges-clabecq-20ans\/?page_id=69"},"modified":"2018-04-20T12:31:50","modified_gmt":"2018-04-20T10:31:50","slug":"une-lutte-syndicale-hors-du-commun","status":"publish","type":"page","link":"https:\/\/grand-angle.lavenir.net\/forges-clabecq-20ans\/une-lutte-syndicale-hors-du-commun\/","title":{"rendered":"Une lutte syndicale hors du commun"},"content":{"rendered":"<p><div class=\"fusion-fullwidth fullwidth-box fusion-builder-row-1 nonhundred-percent-fullwidth non-hundred-percent-height-scrolling center\" style=\"--awb-border-radius-top-left:0px;--awb-border-radius-top-right:0px;--awb-border-radius-bottom-right:0px;--awb-border-radius-bottom-left:0px;--awb-padding-top:20px;--awb-padding-bottom:20px;--awb-flex-wrap:wrap;\" ><div class=\"fusion-builder-row fusion-row\"><div class=\"fusion-layout-column fusion_builder_column fusion-builder-column-0 fusion_builder_column_1_1 1_1 fusion-one-full fusion-column-first fusion-column-last\" style=\"--awb-bg-size:cover;\"><div class=\"fusion-column-wrapper fusion-flex-column-wrapper-legacy\"><div class=\"fusion-text fusion-text-1\"><p>Les Forges de Clabecq \u00e9taient une v\u00e9ritable institution dans l\u2019ouest du Brabant wallon. Forte d\u2019une histoire de plus de 200 ans, les Forges ont compt\u00e9 plus de 6 000 travailleurs au plus fort de son activit\u00e9. Mais le 3 janvier 1997, la faillite est officialis\u00e9e, et c\u2019est presque 2 000 ouvriers, employ\u00e9s et cadres qui se retrouvent sur le carreau.<\/p>\n<p style=\"margin-bottom: 30px;\">Ce qu&rsquo;on retiendra de cette \u00e9pisode de la faillite, c&rsquo;est la r\u00e9ponse des travailleurs. Men\u00e9 par un contre-pouvoir syndical particuli\u00e8rement puissant, les travailleurs des Forges se feront entendre \u00e0 travers tout le pays. Les marches pour l&#8217;emploi, grand moment de solidarit\u00e9 entre citoyens de tout secteur, marqueront l&rsquo;histoire de la lutte syndicale. Mais ces actions auront un coup: la reprise par Duferco quelques mois plus tard se fera au d\u00e9triment de nombreux syndicalistes de tout bord, volontairement \u00e9cart\u00e9s du processus de recrutement.<\/p>\n<\/div><div class=\"fusion-text fusion-text-2\"><blockquote>\n<h1 style=\"text-align: center;\"><span style=\"color: #a0ce4e;\"><strong>Raymond Langendries<\/strong> <span style=\"font-size: 0.75em;\">(ancien bourgmestre)<\/span> : \u00abJ\u2019ai fait \u00e9vacuer la maison communale quand ils ont march\u00e9 sur la ville\u00bb<\/span><\/h1>\n<\/blockquote>\n<\/div><div class=\"fusion-clearfix\"><\/div><\/div><\/div><div class=\"fusion-layout-column fusion_builder_column fusion-builder-column-1 fusion_builder_column_1_2 1_2 fusion-one-half fusion-column-first\" style=\"--awb-bg-size:cover;width:50%;width:calc(50% - ( ( 4% ) * 0.5 ) );margin-right: 4%;\"><div class=\"fusion-column-wrapper fusion-flex-column-wrapper-legacy\"><div class=\"fusion-image-element in-legacy-container\" style=\"--awb-bottom-shadow-color:rgba(0,0,0,0.4);--awb-caption-title-font-family:var(--h2_typography-font-family);--awb-caption-title-font-weight:var(--h2_typography-font-weight);--awb-caption-title-font-style:var(--h2_typography-font-style);--awb-caption-title-size:var(--h2_typography-font-size);--awb-caption-title-transform:var(--h2_typography-text-transform);--awb-caption-title-line-height:var(--h2_typography-line-height);--awb-caption-title-letter-spacing:var(--h2_typography-letter-spacing);\"><div class=\"awb-image-frame awb-image-frame-1 awb-bottomshadow\"><span class=\" fusion-imageframe imageframe-bottomshadow imageframe-1 hover-type-zoomin\"><img decoding=\"async\" width=\"1024\" height=\"672\" title=\"belgaimage-MARCHE-SUR-LA-VILLE-1024&#215;672\" src=\"https:\/\/grand-angle.lavenir.net\/forges-clabecq-20ans\/wp-content\/uploads\/sites\/4\/2017\/03\/belgaimage-MARCHE-SUR-LA-VILLE-1024x672.jpg\" alt class=\"img-responsive wp-image-71\" srcset=\"https:\/\/grand-angle.lavenir.net\/forges-clabecq-20ans\/wp-content\/uploads\/sites\/4\/2017\/03\/belgaimage-MARCHE-SUR-LA-VILLE-1024x672-200x131.jpg 200w, https:\/\/grand-angle.lavenir.net\/forges-clabecq-20ans\/wp-content\/uploads\/sites\/4\/2017\/03\/belgaimage-MARCHE-SUR-LA-VILLE-1024x672-400x263.jpg 400w, https:\/\/grand-angle.lavenir.net\/forges-clabecq-20ans\/wp-content\/uploads\/sites\/4\/2017\/03\/belgaimage-MARCHE-SUR-LA-VILLE-1024x672-600x394.jpg 600w, https:\/\/grand-angle.lavenir.net\/forges-clabecq-20ans\/wp-content\/uploads\/sites\/4\/2017\/03\/belgaimage-MARCHE-SUR-LA-VILLE-1024x672-800x525.jpg 800w\" sizes=\"(max-width: 800px) 100vw, 600px\" \/><\/span><svg xmlns=\"http:\/\/www.w3.org\/2000\/svg\" version=\"1.1\" width=\"100%\" viewBox=\"0 0 600 28\" preserveAspectRatio=\"none\"><g clip-path=\"url(#a)\"><mask id=\"b\" style=\"mask-type:luminance\" maskUnits=\"userSpaceOnUse\" x=\"0\" y=\"0\" width=\"600\" height=\"28\"><path d=\"M0 0h600v28H0V0Z\" fill=\"#fff\"\/><\/mask><g filter=\"url(#c)\" mask=\"url(#b)\"><path d=\"M16.439-18.667h567.123v30.8S438.961-8.4 300-8.4C161.04-8.4 16.438 12.133 16.438 12.133v-30.8Z\" fill=\"#000\"\/><\/g><\/g><defs><clipPath id=\"a\"><path fill=\"#fff\" d=\"M0 0h600v28H0z\"\/><\/clipPath><filter id=\"c\" x=\"5.438\" y=\"-29.667\" width=\"589.123\" height=\"52.8\" filterUnits=\"userSpaceOnUse\" color-interpolation-filters=\"sRGB\"><feFlood flood-opacity=\"0\" result=\"BackgroundImageFix\"\/><feBlend in=\"SourceGraphic\" in2=\"BackgroundImageFix\" result=\"shape\"\/><feGaussianBlur stdDeviation=\"5.5\" result=\"effect1_foregroundBlur_3983_183\"\/><\/filter><\/defs><\/svg><\/div><\/div><div class=\"fusion-clearfix\"><\/div><\/div><\/div><div class=\"fusion-layout-column fusion_builder_column fusion-builder-column-2 fusion_builder_column_1_2 1_2 fusion-one-half fusion-column-last\" style=\"--awb-bg-size:cover;width:50%;width:calc(50% - ( ( 4% ) * 0.5 ) );\"><div class=\"fusion-column-wrapper fusion-flex-column-wrapper-legacy\"><iframe src=\"\/\/www.dailymotion.com\/embed\/video\/x59holr\" width=\"640\" height=\"360\" frameborder=\"0\" scrolling=\"no\" allowfullscreen style=\" margin: 40px auto; display:block;\"><\/iframe>\n<p>Source&nbsp;: <em><a href=\"http:\/\/www.museedelaporte.be\">www.mus\u00e9edelaporte.be<\/a><\/em><\/p><div class=\"fusion-clearfix\"><\/div><\/div><\/div><\/div><\/div><div class=\"fusion-fullwidth fullwidth-box fusion-builder-row-2 nonhundred-percent-fullwidth non-hundred-percent-height-scrolling\" style=\"--awb-border-radius-top-left:0px;--awb-border-radius-top-right:0px;--awb-border-radius-bottom-right:0px;--awb-border-radius-bottom-left:0px;--awb-padding-top:20px;--awb-padding-bottom:20px;--awb-flex-wrap:wrap;\" ><div class=\"fusion-builder-row fusion-row\"><div class=\"fusion-layout-column fusion_builder_column fusion-builder-column-3 fusion_builder_column_1_1 1_1 fusion-one-full fusion-column-first fusion-column-last\" style=\"--awb-bg-size:cover;\"><div class=\"fusion-column-wrapper fusion-flex-column-wrapper-legacy\"><div class=\"fusion-section-separator section-separator slant fusion-section-separator-1\" style=\"--awb-spacer-height:99px;--awb-svg-margin-left:0;--awb-svg-margin-right:0;--awb-divider-height:99px;--awb-spacer-padding-top:inherit;--awb-sep-padding:0;--awb-svg-padding:0;\"><div class=\"fusion-section-separator-svg\"><svg class=\"fusion-slant-candy\" xmlns=\"http:\/\/www.w3.org\/2000\/svg\" version=\"1.1\" width=\"100%\" height=\"100\" viewBox=\"0 0 100 100\" preserveAspectRatio=\"none\" fill=\"rgba(160,206,78,1)\"><path d=\"M100 0 L100 100 L0 0 Z\"><\/path><\/svg><\/div><div class=\"fusion-section-separator-spacer\"><div class=\"fusion-section-separator-spacer-height\"><\/div><\/div><\/div><div class=\"fusion-text fusion-text-3\"><p style=\"text-align: left; margin-left: 50px;\"><strong>Roberto d\u2019Orazio : ic\u00f4ne de la lutte syndicale et personnage controvers\u00e9<\/strong><\/p>\n<\/div><div class=\"fusion-clearfix\"><\/div><\/div><\/div><\/div><\/div><div class=\"fusion-fullwidth fullwidth-box fusion-builder-row-3 nonhundred-percent-fullwidth non-hundred-percent-height-scrolling\" style=\"--awb-border-radius-top-left:0px;--awb-border-radius-top-right:0px;--awb-border-radius-bottom-right:0px;--awb-border-radius-bottom-left:0px;--awb-flex-wrap:wrap;\" ><div class=\"fusion-builder-row fusion-row\"><div class=\"fusion-layout-column fusion_builder_column fusion-builder-column-4 fusion_builder_column_1_3 1_3 fusion-one-third fusion-column-first\" style=\"--awb-bg-size:cover;width:33.3333333333%;width:calc(33.3333333333% - ( ( 4% + 4% ) * 0.333333333333 ) );margin-right: 4%;\"><div class=\"fusion-column-wrapper fusion-flex-column-wrapper-legacy\"><div class=\"fusion-column-content-centered\"><div class=\"fusion-column-content\"><div class=\"fusion-image-element in-legacy-container\" style=\"--awb-caption-title-font-family:var(--h2_typography-font-family);--awb-caption-title-font-weight:var(--h2_typography-font-weight);--awb-caption-title-font-style:var(--h2_typography-font-style);--awb-caption-title-size:var(--h2_typography-font-size);--awb-caption-title-transform:var(--h2_typography-text-transform);--awb-caption-title-line-height:var(--h2_typography-line-height);--awb-caption-title-letter-spacing:var(--h2_typography-letter-spacing);\"><span class=\" fusion-imageframe imageframe-none imageframe-2 hover-type-none\"><img decoding=\"async\" width=\"1024\" height=\"837\" title=\"Roberto-Dorazio-1024&#215;837\" src=\"https:\/\/grand-angle.lavenir.net\/forges-clabecq-20ans\/wp-content\/uploads\/sites\/4\/2017\/03\/Roberto-Dorazio-1024x837.jpg\" alt class=\"img-responsive wp-image-73\" srcset=\"https:\/\/grand-angle.lavenir.net\/forges-clabecq-20ans\/wp-content\/uploads\/sites\/4\/2017\/03\/Roberto-Dorazio-1024x837-200x163.jpg 200w, https:\/\/grand-angle.lavenir.net\/forges-clabecq-20ans\/wp-content\/uploads\/sites\/4\/2017\/03\/Roberto-Dorazio-1024x837-400x327.jpg 400w, https:\/\/grand-angle.lavenir.net\/forges-clabecq-20ans\/wp-content\/uploads\/sites\/4\/2017\/03\/Roberto-Dorazio-1024x837-600x490.jpg 600w, https:\/\/grand-angle.lavenir.net\/forges-clabecq-20ans\/wp-content\/uploads\/sites\/4\/2017\/03\/Roberto-Dorazio-1024x837-800x654.jpg 800w\" sizes=\"(max-width: 800px) 100vw, 400px\" \/><\/span><\/div><\/div><\/div><div class=\"fusion-clearfix\"><\/div><\/div><\/div><div class=\"fusion-layout-column fusion_builder_column fusion-builder-column-5 fusion_builder_column_1_3 1_3 fusion-one-third\" style=\"--awb-bg-size:cover;width:33.3333333333%;width:calc(33.3333333333% - ( ( 4% + 4% ) * 0.333333333333 ) );margin-right: 4%;\"><div class=\"fusion-column-wrapper fusion-flex-column-wrapper-legacy\"><div class=\"fusion-text fusion-text-4\"><p>Roberto D\u2019Orazio a travaill\u00e9 pendant plus de 30 ans aux Forges en tant qu\u2019\u00e9lectricien. D\u00e9l\u00e9gu\u00e9 syndical \u00e0 la FGTB, il f\u00fbt l\u2019un des personnages les plus embl\u00e9matiques de l\u2019\u00e9pisode de la faillite. Syndicaliste aux qualit\u00e9s oratoires \u00e9videntes, c\u2019est une personnalit\u00e9 particuli\u00e8rement controvers\u00e9e.<\/p>\n<p>Si certains rappellent qu\u2019il se baladait dans les Forges avec ses \u00ab gorilles \u00bb et qu\u2019il n\u2019h\u00e9sitait pas \u00e0 menacer ou faire preuve de violence, d\u2019autres insistent sur son combat et le r\u00f4le qu\u2019il a jou\u00e9 pour sauvegarder l\u2019emploi \u00e0 Clabecq.<\/p>\n<\/div><div class=\"fusion-clearfix\"><\/div><\/div><\/div><div class=\"fusion-layout-column fusion_builder_column fusion-builder-column-6 fusion_builder_column_1_3 1_3 fusion-one-third fusion-column-last\" style=\"--awb-bg-size:cover;width:33.3333333333%;width:calc(33.3333333333% - ( ( 4% + 4% ) * 0.333333333333 ) );\"><div class=\"fusion-column-wrapper fusion-flex-column-wrapper-legacy\"><div class=\"fusion-text fusion-text-5\"><p>Figure m\u00e9diatique de la fin des Forges, tout le monde dans la r\u00e9gion a entendu parler de Roberto D\u2019Orazio. Le syndicalisme \u00e9tait pour lui un deuxi\u00e8me m\u00e9tier. S\u2019il a toujours r\u00e9fut\u00e9 d\u2019appartenir \u00e0 un parti politique, ses discours et son id\u00e9ologie sont proches de ce que proposent les partis dits \u00ab travaillistes \u00bb. Au moment de la reprise par Duferco, lui et beaucoup d\u2019autres syndicalistes n\u2019ont pas \u00e9t\u00e9 repris pour travailler \u00e0 partir de la fin de l\u2019ann\u00e9e 1997. 20 ans apr\u00e8s les \u00e9v\u00e9nements, ses qualit\u00e9s de tribun restent intactes et sa capacit\u00e9 \u00e0 s\u2019enflammer dans ses exclamations sont toujours aussi v\u00e9loces.<\/p>\n<\/div><div class=\"fusion-clearfix\"><\/div><\/div><\/div><\/div><\/div><div class=\"fusion-fullwidth fullwidth-box fusion-builder-row-4 hundred-percent-fullwidth non-hundred-percent-height-scrolling\" style=\"--awb-border-radius-top-left:0px;--awb-border-radius-top-right:0px;--awb-border-radius-bottom-right:0px;--awb-border-radius-bottom-left:0px;--awb-padding-top:40px;--awb-padding-right:0px;--awb-padding-bottom:20px;--awb-padding-left:0px;--awb-flex-wrap:wrap;\" ><div class=\"fusion-builder-row fusion-row\"><div class=\"fusion-layout-column fusion_builder_column fusion-builder-column-7 fusion_builder_column_1_1 1_1 fusion-one-full fusion-column-first fusion-column-last fusion-animated\" style=\"--awb-bg-size:cover;\" data-animationType=\"fadeInLeft\" data-animationDuration=\"0.3\" data-animationOffset=\"top-into-view\"><div class=\"fusion-column-wrapper fusion-flex-column-wrapper-legacy\"><div class=\"fusion-section-separator section-separator slant fusion-section-separator-2\" style=\"--awb-spacer-height:99px;--awb-svg-margin-left:0;--awb-svg-margin-right:0;--awb-divider-height:99px;--awb-spacer-padding-top:inherit;--awb-sep-padding:0;--awb-svg-padding:0;--awb-svg-tag-margin-bottom:-3px;--awb-sep-svg-display:block;\"><div class=\"fusion-section-separator-svg\"><svg class=\"fusion-slant-candy\" xmlns=\"http:\/\/www.w3.org\/2000\/svg\" version=\"1.1\" width=\"100%\" height=\"100\" viewBox=\"0 0 100 100\" preserveAspectRatio=\"none\" fill=\"rgba(160,206,78,1)\"><path d=\"M0 0 L0 100 L100 100 Z\"><\/path><\/svg><\/div><div class=\"fusion-section-separator-spacer\"><div class=\"fusion-section-separator-spacer-height\"><\/div><\/div><\/div>[rev_slider alias=\u00a0\u00bbdorazio\u00a0\u00bb \/]<div class=\"fusion-clearfix\"><\/div><\/div><\/div><\/div><\/div><div class=\"fusion-fullwidth fullwidth-box fusion-builder-row-5 nonhundred-percent-fullwidth non-hundred-percent-height-scrolling\" style=\"--awb-border-radius-top-left:0px;--awb-border-radius-top-right:0px;--awb-border-radius-bottom-right:0px;--awb-border-radius-bottom-left:0px;--awb-padding-top:20px;--awb-padding-bottom:20px;--awb-margin-top:50px;--awb-flex-wrap:wrap;\" ><div class=\"fusion-builder-row fusion-row\"><div class=\"fusion-layout-column fusion_builder_column fusion-builder-column-8 fusion_builder_column_1_2 1_2 fusion-one-half fusion-column-first\" style=\"--awb-bg-size:cover;width:50%;width:calc(50% - ( ( 4% ) * 0.5 ) );margin-right: 4%;\"><div class=\"fusion-column-wrapper fusion-flex-column-wrapper-legacy\"><div class=\"fusion-text fusion-text-6\"><h2><strong>Les syndicalistes ont-il d\u00e9pass\u00e9 la limite ? <\/strong><\/h2>\n<p>Des vitres bris\u00e9es, des autoroutes bloqu\u00e9es, les manifestations de D&rsquo;Orazio ne se sont pas toujours faites sans mal. Et quand on lui demande s&rsquo;il a d\u00e9pass\u00e9 les limites, voici sa r\u00e9ponse :<\/p>\n<\/div><div class=\"fusion-soundcloud\"><iframe scrolling=\"no\" frameborder=\"no\" width=\"100%\" height=\"166\" allow=\"autoplay\" src=\"https:\/\/w.soundcloud.com\/player\/?url=https:\/\/api.soundcloud.com\/tracks\/303467629&amp;auto_play=false&amp;hide_related=true&amp;show_comments=false&amp;show_user=false&amp;show_reposts=false&amp;visual=false&amp;color=a0ce4e\" title=\"soundcloud\"><\/iframe><\/div><div class=\"fusion-clearfix\"><\/div><\/div><\/div><div class=\"fusion-layout-column fusion_builder_column fusion-builder-column-9 fusion_builder_column_1_2 1_2 fusion-one-half fusion-column-last\" style=\"--awb-bg-size:cover;width:50%;width:calc(50% - ( ( 4% ) * 0.5 ) );\"><div class=\"fusion-column-wrapper fusion-flex-column-wrapper-legacy\"><div class=\"fusion-text fusion-text-7\"><p>Ils \u00e9taient plus de <strong style=\"font-size: 2em;\">50.000<\/strong> le dimanche de f\u00e9vrier 97 \u00e0 avoir r\u00e9pondu \u00e0 l&rsquo;appel lanc\u00e9 deux mois plus t\u00f4t par les travailleurs des Forges, \u00e0 Clabecq, lors de la faillite de leur usine<\/p>\n<\/div><iframe src=\"\/\/www.sonuma.be\/player\/frame.php?env=7e1339754bcd060eb24ec5ef8c44f795&video=4633406\" width=\"100%\" height=\"360\" frameborder=\"0\" scrolling=\"no\" allowfullscreen> <\/iframe><div class=\"fusion-clearfix\"><\/div><\/div><\/div><\/div><\/div><\/p>\n","protected":false},"excerpt":{"rendered":"","protected":false},"author":1,"featured_media":0,"parent":0,"menu_order":0,"comment_status":"closed","ping_status":"closed","template":"100-width.php","meta":{"footnotes":""},"class_list":["post-69","page","type-page","status-publish","hentry"],"_links":{"self":[{"href":"https:\/\/grand-angle.lavenir.net\/forges-clabecq-20ans\/wp-json\/wp\/v2\/pages\/69","targetHints":{"allow":["GET"]}}],"collection":[{"href":"https:\/\/grand-angle.lavenir.net\/forges-clabecq-20ans\/wp-json\/wp\/v2\/pages"}],"about":[{"href":"https:\/\/grand-angle.lavenir.net\/forges-clabecq-20ans\/wp-json\/wp\/v2\/types\/page"}],"author":[{"embeddable":true,"href":"https:\/\/grand-angle.lavenir.net\/forges-clabecq-20ans\/wp-json\/wp\/v2\/users\/1"}],"replies":[{"embeddable":true,"href":"https:\/\/grand-angle.lavenir.net\/forges-clabecq-20ans\/wp-json\/wp\/v2\/comments?post=69"}],"version-history":[{"count":0,"href":"https:\/\/grand-angle.lavenir.net\/forges-clabecq-20ans\/wp-json\/wp\/v2\/pages\/69\/revisions"}],"wp:attachment":[{"href":"https:\/\/grand-angle.lavenir.net\/forges-clabecq-20ans\/wp-json\/wp\/v2\/media?parent=69"}],"curies":[{"name":"wp","href":"https:\/\/api.w.org\/{rel}","templated":true}]}}