{"id":2,"date":"2017-03-09T13:45:51","date_gmt":"2017-03-09T12:45:51","guid":{"rendered":"https:\/\/grand-angle.lavenir.net\/forges-clabecq-20ans\/?page_id=2"},"modified":"2017-03-09T14:10:11","modified_gmt":"2017-03-09T13:10:11","slug":"forges-clabecq-20-ans","status":"publish","type":"page","link":"https:\/\/grand-angle.lavenir.net\/forges-clabecq-20ans\/","title":{"rendered":"Forges de Clabecq : 20 ans apr\u00e8s, que reste-t-il ?"},"content":{"rendered":"<p><div class=\"fusion-fullwidth fullwidth-box fusion-builder-row-1 nonhundred-percent-fullwidth non-hundred-percent-height-scrolling\" style=\"--awb-border-radius-top-left:0px;--awb-border-radius-top-right:0px;--awb-border-radius-bottom-right:0px;--awb-border-radius-bottom-left:0px;--awb-padding-top:20px;--awb-padding-bottom:20px;--awb-background-color:#a0ce4e;--awb-flex-wrap:wrap;\" ><div class=\"fusion-builder-row fusion-row\"><div class=\"fusion-layout-column fusion_builder_column fusion-builder-column-0 fusion_builder_column_1_1 1_1 fusion-one-full fusion-column-first fusion-column-last\" style=\"--awb-bg-size:cover;\"><div class=\"fusion-column-wrapper fusion-flex-column-wrapper-legacy\"><div class=\"fusion-counters-box counters-box row fusion-clearfix fusion-columns-1\" style=\"--awb-body-color:#ffffff;--awb-body-size:18;--awb-border-color:#a0ce4e;--awb-color:#ffffff;--awb-border-color:#a0ce4e;\"><div class=\"fusion-counter-box fusion-column col-counter-box counter-box-wrapper col-lg-12 col-md-12 col-sm-12\" data-animationOffset=\"top-into-view\"><div class=\"counter-box-container\"><div class=\"content-box-percentage content-box-counter\"><span class=\"display-counter\" data-value=\"20\" data-direction=\"up\" data-decimals=\"0\">0<\/span><span class=\"unit\"> ans<\/span><\/div><div class=\"counter-box-content\"><\/div><\/div><\/div><\/div><div class=\"clearfix\"><\/div><div class=\"fusion-text fusion-text-1\"><p><span style=\"color: #ffffff;\">C\u2019\u00e9tait il y a 20 ans, le 3 janvier 1997 exactement que la faillite des Forges de Clabecq a \u00e9t\u00e9 prononc\u00e9e. 20 ans apr\u00e8s, que reste-t-il\u2009? C\u2019est la question \u00e0 laquelle nous allons tenter de r\u00e9pondre dans ce webdocumentaire.<\/span><\/p>\n<p><span style=\"color: #ffffff;\">Les Forges ont marqu\u00e9 toute une r\u00e9gion. Leur d\u00e9veloppement sur plus de 200 ans a model\u00e9 le paysage de Tubize, de Clabecq et la r\u00e9gion. L\u2019architecture urbaine de Tubize t\u00e9moigne encore aujourd\u2019hui de ce pass\u00e9 industriel. La population \u00e9galement. Immigration italienne, maghr\u00e9bine, l\u2019impact de l\u2019industrie a touch\u00e9 des milliers de gens. Au plus fort de son activit\u00e9, les Forges faisaient travailler plus de 6\u2009000 personnes. Tout le monde dans la r\u00e9gion a un fr\u00e8re, un p\u00e8re, un mari ou encore un fils qui a travaill\u00e9 aux Forges.<\/span><\/p>\n<p><span style=\"color: #ffffff;\">Raconter l\u2019histoire d\u2019un grand nom de la sid\u00e9rurgie belge, c\u2019est raconter l\u2019histoire des travailleurs, des habitants, de toute une vie locale qui tournait autour de ce centre \u00e9conomique. Aujourd\u2019hui encore, ce pass\u00e9 industriel a laiss\u00e9 des traces dans le paysage et dans la vie des gens.<\/span><\/p>\n<\/div><div class=\"fusion-button-wrapper\"><a class=\"fusion-button button-flat fusion-button-default-size button-default fusion-button-default button-1 fusion-button-default-span fusion-button-default-type\" target=\"_self\" href=\"https:\/\/grand-angle.lavenir.net-clabecq\/pourquoi-les-forges-sont-elles-nees-a-clabecq\/\"><span class=\"fusion-button-text awb-button__text awb-button__text--default\">D\u00e9couvrir la suite<\/span><\/a><\/div><div class=\"fusion-clearfix\"><\/div><\/div><\/div><\/div><\/div><div class=\"fusion-fullwidth fullwidth-box fusion-builder-row-2 nonhundred-percent-fullwidth non-hundred-percent-height-scrolling\" style=\"--awb-border-radius-top-left:0px;--awb-border-radius-top-right:0px;--awb-border-radius-bottom-right:0px;--awb-border-radius-bottom-left:0px;--awb-padding-top:20px;--awb-padding-bottom:20px;--awb-flex-wrap:wrap;\" ><div class=\"fusion-builder-row fusion-row\"><div class=\"fusion-layout-column fusion_builder_column fusion-builder-column-1 fusion_builder_column_1_1 1_1 fusion-one-full fusion-column-first fusion-column-last\" style=\"--awb-bg-size:cover;\"><div class=\"fusion-column-wrapper fusion-flex-column-wrapper-legacy\"><div class=\"fusion-sharing-box fusion-sharing-box-1 has-taglines layout-floated layout-medium-floated layout-small-floated\" style=\"background-color:#f6f6f6;--awb-layout:row;--awb-alignment-small:space-between;\" data-title=\"Forges de Clabecq : 20 ans apr\u00e8s, que reste-t-il ?\" data-description=\"C\u2019\u00e9tait il y a 20 ans, le 3 janvier 1997 exactement que la faillite des Forges de Clabecq a \u00e9t\u00e9 prononc\u00e9e. 20 ans apr\u00e8s, que reste-t-il\u2009? C\u2019est la question \u00e0 laquelle nous allons tenter de r\u00e9pondre dans ce webdocumentaire.\" data-link=\"https:\/\/grand-angle.lavenir.net-clabecq\/\"><h4 class=\"tagline\" style=\"color:#333333;\">Partagez ce reportage<\/h4><div class=\"fusion-social-networks sharingbox-shortcode-icon-wrapper sharingbox-shortcode-icon-wrapper-1\"><span><a href=\"https:\/\/www.facebook.com\/sharer.php?u=https%3A%2F%2Fgrand-angle.lavenir.net-clabecq%2F&amp;t=Forges%20de%20Clabecq%20%3A%2020%20ans%20apr%C3%A8s%2C%20que%20reste-t-il%20%3F\" target=\"_blank\" rel=\"noreferrer\" title=\"Facebook\" aria-label=\"Facebook\" data-placement=\"top\" data-toggle=\"tooltip\" data-title=\"Facebook\"><i class=\"fusion-social-network-icon fusion-tooltip fusion-facebook awb-icon-facebook\" style=\"color:#bebdbd;\" aria-hidden=\"true\"><\/i><\/a><\/span><span><a href=\"https:\/\/x.com\/intent\/post?text=Forges%20de%20Clabecq%20%3A%2020%20ans%20apr%C3%A8s%2C%20que%20reste-t-il%20%3F&amp;url=https%3A%2F%2Fgrand-angle.lavenir.net-clabecq%2F\" target=\"_blank\" rel=\"noopener noreferrer\" title=\"X\" aria-label=\"X\" data-placement=\"top\" data-toggle=\"tooltip\" data-title=\"X\"><i class=\"fusion-social-network-icon fusion-tooltip fusion-twitter awb-icon-twitter\" style=\"color:#bebdbd;\" aria-hidden=\"true\"><\/i><\/a><\/span><\/div><\/div><div class=\"fusion-clearfix\"><\/div><\/div><\/div><\/div><\/div><\/p>\n","protected":false},"excerpt":{"rendered":"","protected":false},"author":1,"featured_media":0,"parent":0,"menu_order":0,"comment_status":"closed","ping_status":"open","template":"100-width.php","meta":{"footnotes":""},"class_list":["post-2","page","type-page","status-publish","hentry"],"_links":{"self":[{"href":"https:\/\/grand-angle.lavenir.net\/forges-clabecq-20ans\/wp-json\/wp\/v2\/pages\/2","targetHints":{"allow":["GET"]}}],"collection":[{"href":"https:\/\/grand-angle.lavenir.net\/forges-clabecq-20ans\/wp-json\/wp\/v2\/pages"}],"about":[{"href":"https:\/\/grand-angle.lavenir.net\/forges-clabecq-20ans\/wp-json\/wp\/v2\/types\/page"}],"author":[{"embeddable":true,"href":"https:\/\/grand-angle.lavenir.net\/forges-clabecq-20ans\/wp-json\/wp\/v2\/users\/1"}],"replies":[{"embeddable":true,"href":"https:\/\/grand-angle.lavenir.net\/forges-clabecq-20ans\/wp-json\/wp\/v2\/comments?post=2"}],"version-history":[{"count":0,"href":"https:\/\/grand-angle.lavenir.net\/forges-clabecq-20ans\/wp-json\/wp\/v2\/pages\/2\/revisions"}],"wp:attachment":[{"href":"https:\/\/grand-angle.lavenir.net\/forges-clabecq-20ans\/wp-json\/wp\/v2\/media?parent=2"}],"curies":[{"name":"wp","href":"https:\/\/api.w.org\/{rel}","templated":true}]}}