{"id":1740,"date":"2022-10-26T09:45:05","date_gmt":"2022-10-26T07:45:05","guid":{"rendered":"https:\/\/grand-angle.lavenir.net\/en-tournee-avec-angele\/?page_id=1740"},"modified":"2022-12-20T10:24:49","modified_gmt":"2022-12-20T09:24:49","slug":"comment-angele-travaille-t-elle-sa-voix-angie-sa-coach-nous-explique","status":"publish","type":"page","link":"https:\/\/grand-angle.lavenir.net\/en-tournee-avec-angele\/comment-angele-travaille-t-elle-sa-voix-angie-sa-coach-nous-explique\/","title":{"rendered":"Comment Ang\u00e8le travaille-t-elle sa voix ? Angie, sa coach, nous explique"},"content":{"rendered":"<p><div class=\"fusion-fullwidth fullwidth-box fusion-builder-row-1 fusion-flex-container nonhundred-percent-fullwidth non-hundred-percent-height-scrolling first-container\" style=\"--awb-border-radius-top-left:0px;--awb-border-radius-top-right:0px;--awb-border-radius-bottom-right:0px;--awb-border-radius-bottom-left:0px;--awb-background-color:#ff0291;--awb-flex-wrap:wrap;\" ><div class=\"fusion-builder-row fusion-row fusion-flex-align-items-flex-start fusion-flex-content-wrap\" style=\"max-width:842.4px;margin-left: calc(-4% \/ 2 );margin-right: calc(-4% \/ 2 );\"><div class=\"fusion-layout-column fusion_builder_column fusion-builder-column-0 fusion_builder_column_1_1 1_1 fusion-flex-column\" style=\"--awb-bg-size:cover;--awb-width-large:100%;--awb-margin-top-large:0px;--awb-spacing-right-large:1.92%;--awb-margin-bottom-large:20px;--awb-spacing-left-large:1.92%;--awb-width-medium:100%;--awb-order-medium:0;--awb-spacing-right-medium:1.92%;--awb-spacing-left-medium:1.92%;--awb-width-small:100%;--awb-order-small:0;--awb-spacing-right-small:1.92%;--awb-spacing-left-small:1.92%;\"><div class=\"fusion-column-wrapper fusion-column-has-shadow fusion-flex-justify-content-flex-start fusion-content-layout-column\"><div class=\"fusion-text fusion-text-1\" style=\"--awb-text-color:#ffffff;\"><p><strong>Comme un sportif de haut niveau doit r\u00e9guli\u00e8rement faire travailler ses muscles, renforcer son c\u0153ur et sa respiration, Ang\u00e8le doit travailler son endurance, son souffle et sa voix. Pour l\u2019aider, elle a une coach vocale\u00a0: Angie Berthias Cazaux. Nous avons pu l\u2019interviewer.<\/strong><\/p>\n<\/div><div class=\"fusion-image-element \" style=\"--awb-caption-title-font-family:var(--h2_typography-font-family);--awb-caption-title-font-weight:var(--h2_typography-font-weight);--awb-caption-title-font-style:var(--h2_typography-font-style);--awb-caption-title-size:var(--h2_typography-font-size);--awb-caption-title-transform:var(--h2_typography-text-transform);--awb-caption-title-line-height:var(--h2_typography-line-height);--awb-caption-title-letter-spacing:var(--h2_typography-letter-spacing);\"><span class=\" fusion-imageframe imageframe-dropshadow imageframe-1 hover-type-zoomin\" style=\"border:1px solid #ffffff;-webkit-box-shadow: 3px 3px 7px rgba(0,0,0,0.38);box-shadow: 3px 3px 7px rgba(0,0,0,0.38);\"><img decoding=\"async\" width=\"810\" height=\"608\" alt=\"Angie, c\u2019est la coach vocale d\u2019Ang\u00e8le\" title=\"Voix : Angie, c\u2019est la coach vocale d\u2019Ang\u00e8le\" src=\"https:\/\/grand-angle.lavenir.net\/en-tournee-avec-angele\/wp-content\/uploads\/sites\/170\/2022\/10\/angieangele-1024x768.jpg\" class=\"img-responsive wp-image-1672\" srcset=\"https:\/\/grand-angle.lavenir.net\/en-tournee-avec-angele\/wp-content\/uploads\/sites\/170\/2022\/10\/angieangele-200x150.jpg 200w, https:\/\/grand-angle.lavenir.net\/en-tournee-avec-angele\/wp-content\/uploads\/sites\/170\/2022\/10\/angieangele-400x300.jpg 400w, https:\/\/grand-angle.lavenir.net\/en-tournee-avec-angele\/wp-content\/uploads\/sites\/170\/2022\/10\/angieangele-600x450.jpg 600w, https:\/\/grand-angle.lavenir.net\/en-tournee-avec-angele\/wp-content\/uploads\/sites\/170\/2022\/10\/angieangele-800x600.jpg 800w, https:\/\/grand-angle.lavenir.net\/en-tournee-avec-angele\/wp-content\/uploads\/sites\/170\/2022\/10\/angieangele-1200x900.jpg 1200w\" sizes=\"(max-width: 1024px) 100vw, (max-width: 640px) 100vw, 800px\" \/><\/span><\/div><div class=\"fusion-text fusion-text-2\"><p><strong>\u00c0 quel moment as-tu commenc\u00e9 \u00e0 faire du coaching vocal avec Ang\u00e8le pour sa tourn\u00e9e\u00a0?<\/strong><\/p>\n<p>On a fait un grand travail en amont. Pendant le confinement, d\u00e9j\u00e0, j\u2019\u00e9tais en contact \u00e0 distance pour qu\u2019elle puisse travailler sa voix. On a fait des exercices de musculation, d\u2019\u00e9tirement du corps\u2026 mais aussi de la voix.<\/p>\n<p>Et puis, il y a le travail sur la voix en tant que telle. Naturellement, Ang\u00e8le a un souffle dans la voix, tr\u00e8s joli, velout\u00e9, enveloppant. Selon l\u2019\u00e9nergie du morceau ou la livraison qu\u2019elle veut donner, on \u00ab\u00a0timbre\u00a0\u00bb ou pas. Sur un morceau rock, par exemple, on passe en \u00ab\u00a0pleine voix\u00a0\u00bb. C\u2019est le cas sur le duo avec Dua Lipa,\u00a0<em>Fever<\/em>. Certaines techniques font qu\u2019on peut chanter fort comme dans le parl\u00e9 ou moins fort, comme dans le chuchot\u00e9.<\/p>\n<p>Enfin, il y a le travail d\u2019interpr\u00e9tation, la mani\u00e8re de chanter, comme quand on raconte une histoire. Si un adulte raconte un histoire vite fait, l\u2019enfant aura du mal \u00e0 \u00e9couter et appr\u00e9ciera moins que s\u2019il la raconte lentement, en mettant des expressions, en variant le ton dans la voix\u2026<\/p>\n<p><strong>Tu \u00e9tais pr\u00e9sente pendant tout le travail de cr\u00e9ation et de r\u00e9p\u00e9tition du show\u00a0?<\/strong><\/p>\n<p>J\u2019ai assist\u00e9 aux r\u00e9p\u00e9titions, pour rectifier si besoin les mouvements propos\u00e9s, pour ne pas que les chor\u00e9graphies et les d\u00e9placements ne mettent en danger le r\u00e9sultat vocal.<\/p>\n<p>On a veill\u00e9 \u00e0 varier les \u00e9nergies d\u2019un morceau \u00e0 l\u2019autre. C\u2019est important pour le public autant que pour l\u2019artiste. Au bout de trois chansons uptempo (au rythme rapide), le public comme l\u2019artiste ont besoin de souffler, de se reposer.<\/p>\n<p><strong>Et pendant la tourn\u00e9e, qu\u2019est-ce qu\u2019Ang\u00e8le doit faire\u00a0?<\/strong><\/p>\n<blockquote>\n<p>Comme un sportif, il faut qu\u2019elle s\u2019entra\u00eene et fasse attention. Elle doit faire des \u00e9tirements corporels et une pr\u00e9paration physique. Par exemple, de la corde \u00e0 sauter pour l\u2019endurance, et pour g\u00e9rer la respiration.<\/p>\n<\/blockquote>\n<p>Elle doit aussi faire un \u00e9chauffement vocal et de la musculation de la voix tous les jours de concert. Si elle monte sur sc\u00e8ne sans s\u2019\u00eatre \u00e9chauff\u00e9e, elle va finir par se blesser les cordes vocales. Et puis, elle \u00e9chaufferait sa voix sur les premiers morceaux, ce serait inconfortable et c\u2019est source de stress.<\/p>\n<p>Il s\u2019agit aussi de se concentrer pour que sa voix soit intacte. Pendant le maquillage et la coiffure, elle peut se laisser aller, se laisser prendre en charge et lib\u00e9rer sa t\u00eate ou bien se concentrer, avant de monter sur sc\u00e8ne. Ang\u00e8le a une grosse capactit\u00e9 de concentration, donc \u00e7a se passe bien.<\/p>\n<p>Elle doit aussi faire attention \u00e0 son r\u00e9gime alimentaire\u2026 et \u00e0 son sommeil, pour r\u00e9cup\u00e9rer.<\/p>\n<p>Et puis, il y a le stress. L\u2019artiste est hypercontent de retrouver le public, mais il y a toujours cette angoisse\u00a0: \u00ab\u00a0<em>Si je n\u2019y arrive pas, si je me trompe<\/em>\u00a0\u00bb. Cela a des effets sur la voix et sur la respiration. S\u2019il y a du stress et que le rythme cardiaque s\u2019acc\u00e9l\u00e8re, le souffle se bloque. \u00c7a aussi, \u00e7a se travaille.<\/p>\n<p>C\u2019est pour cela qu\u2019on commence bien en amont. Les r\u00e9p\u00e9titions donnent de l\u2019assurance\u00a0: tout peut arriver sur sc\u00e8ne en r\u00e9p\u00e9tition, et on voit comment \u00e9viter les probl\u00e8mes\u00a0: que faire pour ne pas s\u2019emm\u00ealer les pieds en marchant, se rendre compte que la chor\u00e9graphie d\u2019un morceau est fatigante et qu\u2019il vaut mieux ralentir le tempo du morceau suivant\u2026<\/p>\n<p><strong>Et entre les concerts\u00a0?<\/strong><\/p>\n<p>Ang\u00e8le doit continuer \u00e0 travailler sa voix. Id\u00e9alement, il faut une journ\u00e9e et demi vraiment \u00ab\u00a0off\u00a0\u00bb, o\u00f9 elle repose le corps et la voix. Sinon, elle doit faire des \u00e9chauffements, au jour le jour, et les adapter en fonction de sa fatigue. Quoi qu\u2019il arrive, elle doit faire un peu de cardio, par exemple la corde \u00e0 sauter, tous les jours. M\u00eame \u00e9puis\u00e9e, fatigu\u00e9e, il faut toujours faire un peu d\u2019\u00e9chauffement quand m\u00eame. Comme un sportif, en fait.<\/p>\n<p><strong>C\u2019est un m\u00e9tier exigeant\u00a0!<\/strong><\/p>\n<p>Oui\u00a0! Le public a l\u2019impression que c\u2019est simple et que \u00e7a roule tout seul, mais non. Tous les d\u00e9tails sont importants, et on rectifie au fur et \u00e0 mesure. C\u2019est beaucoup de travail, vraiment. Et ce qui fait que \u00e7a fonctionne, c\u2019est qu\u2019on a tous conscience de l\u2019exigence du travail et on est tous \u00e0 fond, avec, comme locomotive, l\u2019artiste. Ang\u00e8le est assidue au travail et c\u2019est aussi pour \u00e7a que \u00e7a tient la route. Elle est pr\u00e9voyante, elle ne l\u00e2che pas l\u2019affaire.<\/p>\n<\/div><\/div><\/div><\/div><\/div><div class=\"fusion-fullwidth fullwidth-box fusion-builder-row-2 fusion-flex-container fusion-parallax-fixed nonhundred-percent-fullwidth hundred-percent-height hundred-percent-height-center-content non-hundred-percent-height-scrolling parallax\" style=\"--awb-border-radius-top-left:0px;--awb-border-radius-top-right:0px;--awb-border-radius-bottom-right:0px;--awb-border-radius-bottom-left:0px;--awb-background-image:url(&quot;https:\/\/grand-angle.lavenir.net\/en-tournee-avec-angele\/wp-content\/uploads\/sites\/170\/2022\/10\/VABE_704755_202207171035009533090.jpg&quot;);--awb-background-size:cover;--awb-flex-wrap:wrap;background-attachment:fixed;\" ><div class=\"fusion-builder-row fusion-row fusion-flex-align-items-flex-start fusion-flex-content-wrap\" style=\"max-width:842.4px;margin-left: calc(-4% \/ 2 );margin-right: calc(-4% \/ 2 );\"><div class=\"fusion-layout-column fusion_builder_column fusion-builder-column-1 fusion_builder_column_1_1 1_1 fusion-flex-column\" style=\"--awb-bg-size:cover;--awb-width-large:100%;--awb-margin-top-large:0px;--awb-spacing-right-large:1.92%;--awb-margin-bottom-large:20px;--awb-spacing-left-large:1.92%;--awb-width-medium:100%;--awb-order-medium:0;--awb-spacing-right-medium:1.92%;--awb-spacing-left-medium:1.92%;--awb-width-small:100%;--awb-order-small:0;--awb-spacing-right-small:1.92%;--awb-spacing-left-small:1.92%;\"><div class=\"fusion-column-wrapper fusion-column-has-shadow fusion-flex-justify-content-flex-start fusion-content-layout-column\"><\/div><\/div><\/div><\/div><\/p>\n","protected":false},"excerpt":{"rendered":"","protected":false},"author":1,"featured_media":1687,"parent":0,"menu_order":0,"comment_status":"closed","ping_status":"closed","template":"100-width.php","meta":{"footnotes":""},"class_list":["post-1740","page","type-page","status-publish","has-post-thumbnail","hentry"],"yoast_head":"<!-- This site is optimized with the Yoast SEO plugin v27.1.1 - https:\/\/yoast.com\/product\/yoast-seo-wordpress\/ -->\n<title>Comment Ang\u00e8le travaille-t-elle sa voix ? Angie, sa coach, nous explique<\/title>\n<meta name=\"description\" content=\"Comme un sportif de haut niveau doit r\u00e9guli\u00e8rement faire travailler ses muscles, renforcer son c\u0153ur et sa respiration, Ang\u00e8le doit travailler son endurance, son souffle et sa voix. Pour l\u2019aider, elle a une coach vocale : Angie Berthias Cazaux. Nous avons pu l\u2019interviewer.\" \/>\n<meta name=\"robots\" content=\"index, follow, max-snippet:-1, max-image-preview:large, max-video-preview:-1\" \/>\n<link rel=\"canonical\" href=\"https:\/\/grand-angle.lavenir.net\/en-tournee-avec-angele\/comment-angele-travaille-t-elle-sa-voix-angie-sa-coach-nous-explique\/\" \/>\n<meta property=\"og:locale\" content=\"fr_FR\" \/>\n<meta property=\"og:type\" content=\"article\" \/>\n<meta property=\"og:title\" content=\"Comment Ang\u00e8le travaille-t-elle sa voix ? Angie, sa coach, nous explique\" \/>\n<meta property=\"og:description\" content=\"Comme un sportif de haut niveau doit r\u00e9guli\u00e8rement faire travailler ses muscles, renforcer son c\u0153ur et sa respiration, Ang\u00e8le doit travailler son endurance, son souffle et sa voix. Pour l\u2019aider, elle a une coach vocale : Angie Berthias Cazaux. Nous avons pu l\u2019interviewer.\" \/>\n<meta property=\"og:url\" content=\"https:\/\/grand-angle.lavenir.net\/en-tournee-avec-angele\/comment-angele-travaille-t-elle-sa-voix-angie-sa-coach-nous-explique\/\" \/>\n<meta property=\"og:site_name\" content=\"En tourn\u00e9e avec Ang\u00e8le\" \/>\n<meta property=\"article:modified_time\" content=\"2022-12-20T09:24:49+00:00\" \/>\n<meta property=\"og:image\" content=\"https:\/\/grand-angle.lavenir.net\/en-tournee-avec-angele\/wp-content\/uploads\/sites\/170\/2022\/10\/VABE_704758_202207171035046251916.jpg\" \/>\n\t<meta property=\"og:image:width\" content=\"2000\" \/>\n\t<meta property=\"og:image:height\" content=\"1333\" \/>\n\t<meta property=\"og:image:type\" content=\"image\/jpeg\" \/>\n<meta name=\"twitter:card\" content=\"summary_large_image\" \/>\n<meta name=\"twitter:title\" content=\"Comment Ang\u00e8le travaille-t-elle sa voix ? Angie, sa coach, nous explique\" \/>\n<meta name=\"twitter:description\" content=\"Comme un sportif de haut niveau doit r\u00e9guli\u00e8rement faire travailler ses muscles, renforcer son c\u0153ur et sa respiration, Ang\u00e8le doit travailler son endurance, son souffle et sa voix. Pour l\u2019aider, elle a une coach vocale : Angie Berthias Cazaux. Nous avons pu l\u2019interviewer.\" \/>\n<meta name=\"twitter:image\" content=\"https:\/\/grand-angle.lavenir.net\/en-tournee-avec-angele\/wp-content\/uploads\/sites\/170\/2022\/10\/VABE_704758_202207171035046251916.jpg\" \/>\n<meta name=\"twitter:label1\" content=\"Dur\u00e9e de lecture est.\" \/>\n\t<meta name=\"twitter:data1\" content=\"7 minutes\" \/>\n<script type=\"application\/ld+json\" class=\"yoast-schema-graph\">{\"@context\":\"https:\/\/schema.org\",\"@graph\":[{\"@type\":\"WebPage\",\"@id\":\"https:\/\/grand-angle.lavenir.net\/en-tournee-avec-angele\/comment-angele-travaille-t-elle-sa-voix-angie-sa-coach-nous-explique\/\",\"url\":\"https:\/\/grand-angle.lavenir.net\/en-tournee-avec-angele\/comment-angele-travaille-t-elle-sa-voix-angie-sa-coach-nous-explique\/\",\"name\":\"Comment Ang\u00e8le travaille-t-elle sa voix ? Angie, sa coach, nous explique\",\"isPartOf\":{\"@id\":\"https:\/\/grand-angle.lavenir.net\/en-tournee-avec-angele\/#website\"},\"primaryImageOfPage\":{\"@id\":\"https:\/\/grand-angle.lavenir.net\/en-tournee-avec-angele\/comment-angele-travaille-t-elle-sa-voix-angie-sa-coach-nous-explique\/#primaryimage\"},\"image\":{\"@id\":\"https:\/\/grand-angle.lavenir.net\/en-tournee-avec-angele\/comment-angele-travaille-t-elle-sa-voix-angie-sa-coach-nous-explique\/#primaryimage\"},\"thumbnailUrl\":\"https:\/\/grand-angle.lavenir.net\/en-tournee-avec-angele\/wp-content\/uploads\/sites\/170\/2022\/10\/VABE_704758_202207171035046251916.jpg\",\"datePublished\":\"2022-10-26T07:45:05+00:00\",\"dateModified\":\"2022-12-20T09:24:49+00:00\",\"description\":\"Comme un sportif de haut niveau doit r\u00e9guli\u00e8rement faire travailler ses muscles, renforcer son c\u0153ur et sa respiration, Ang\u00e8le doit travailler son endurance, son souffle et sa voix. Pour l\u2019aider, elle a une coach vocale : Angie Berthias Cazaux. Nous avons pu l\u2019interviewer.\",\"breadcrumb\":{\"@id\":\"https:\/\/grand-angle.lavenir.net\/en-tournee-avec-angele\/comment-angele-travaille-t-elle-sa-voix-angie-sa-coach-nous-explique\/#breadcrumb\"},\"inLanguage\":\"fr-BE\",\"potentialAction\":[{\"@type\":\"ReadAction\",\"target\":[\"https:\/\/grand-angle.lavenir.net\/en-tournee-avec-angele\/comment-angele-travaille-t-elle-sa-voix-angie-sa-coach-nous-explique\/\"]}]},{\"@type\":\"ImageObject\",\"inLanguage\":\"fr-BE\",\"@id\":\"https:\/\/grand-angle.lavenir.net\/en-tournee-avec-angele\/comment-angele-travaille-t-elle-sa-voix-angie-sa-coach-nous-explique\/#primaryimage\",\"url\":\"https:\/\/grand-angle.lavenir.net\/en-tournee-avec-angele\/wp-content\/uploads\/sites\/170\/2022\/10\/VABE_704758_202207171035046251916.jpg\",\"contentUrl\":\"https:\/\/grand-angle.lavenir.net\/en-tournee-avec-angele\/wp-content\/uploads\/sites\/170\/2022\/10\/VABE_704758_202207171035046251916.jpg\",\"width\":2000,\"height\":1333,\"caption\":\"Ang\u00e8le au festival de Dour\"},{\"@type\":\"BreadcrumbList\",\"@id\":\"https:\/\/grand-angle.lavenir.net\/en-tournee-avec-angele\/comment-angele-travaille-t-elle-sa-voix-angie-sa-coach-nous-explique\/#breadcrumb\",\"itemListElement\":[{\"@type\":\"ListItem\",\"position\":1,\"name\":\"Home\",\"item\":\"https:\/\/grand-angle.lavenir.net\/en-tournee-avec-angele\/\"},{\"@type\":\"ListItem\",\"position\":2,\"name\":\"Comment Ang\u00e8le travaille-t-elle sa voix ? Angie, sa coach, nous explique\"}]},{\"@type\":\"WebSite\",\"@id\":\"https:\/\/grand-angle.lavenir.net\/en-tournee-avec-angele\/#website\",\"url\":\"https:\/\/grand-angle.lavenir.net\/en-tournee-avec-angele\/\",\"name\":\"En tourn\u00e9e avec Ang\u00e8le\",\"description\":\"\",\"potentialAction\":[{\"@type\":\"SearchAction\",\"target\":{\"@type\":\"EntryPoint\",\"urlTemplate\":\"https:\/\/grand-angle.lavenir.net\/en-tournee-avec-angele\/?s={search_term_string}\"},\"query-input\":{\"@type\":\"PropertyValueSpecification\",\"valueRequired\":true,\"valueName\":\"search_term_string\"}}],\"inLanguage\":\"fr-BE\"}]}<\/script>\n<!-- \/ Yoast SEO plugin. -->","yoast_head_json":{"title":"Comment Ang\u00e8le travaille-t-elle sa voix ? Angie, sa coach, nous explique","description":"Comme un sportif de haut niveau doit r\u00e9guli\u00e8rement faire travailler ses muscles, renforcer son c\u0153ur et sa respiration, Ang\u00e8le doit travailler son endurance, son souffle et sa voix. Pour l\u2019aider, elle a une coach vocale : Angie Berthias Cazaux. Nous avons pu l\u2019interviewer.","robots":{"index":"index","follow":"follow","max-snippet":"max-snippet:-1","max-image-preview":"max-image-preview:large","max-video-preview":"max-video-preview:-1"},"canonical":"https:\/\/grand-angle.lavenir.net\/en-tournee-avec-angele\/comment-angele-travaille-t-elle-sa-voix-angie-sa-coach-nous-explique\/","og_locale":"fr_FR","og_type":"article","og_title":"Comment Ang\u00e8le travaille-t-elle sa voix ? Angie, sa coach, nous explique","og_description":"Comme un sportif de haut niveau doit r\u00e9guli\u00e8rement faire travailler ses muscles, renforcer son c\u0153ur et sa respiration, Ang\u00e8le doit travailler son endurance, son souffle et sa voix. Pour l\u2019aider, elle a une coach vocale : Angie Berthias Cazaux. Nous avons pu l\u2019interviewer.","og_url":"https:\/\/grand-angle.lavenir.net\/en-tournee-avec-angele\/comment-angele-travaille-t-elle-sa-voix-angie-sa-coach-nous-explique\/","og_site_name":"En tourn\u00e9e avec Ang\u00e8le","article_modified_time":"2022-12-20T09:24:49+00:00","og_image":[{"width":2000,"height":1333,"url":"https:\/\/grand-angle.lavenir.net\/en-tournee-avec-angele\/wp-content\/uploads\/sites\/170\/2022\/10\/VABE_704758_202207171035046251916.jpg","type":"image\/jpeg"}],"twitter_card":"summary_large_image","twitter_title":"Comment Ang\u00e8le travaille-t-elle sa voix ? Angie, sa coach, nous explique","twitter_description":"Comme un sportif de haut niveau doit r\u00e9guli\u00e8rement faire travailler ses muscles, renforcer son c\u0153ur et sa respiration, Ang\u00e8le doit travailler son endurance, son souffle et sa voix. Pour l\u2019aider, elle a une coach vocale : Angie Berthias Cazaux. Nous avons pu l\u2019interviewer.","twitter_image":"https:\/\/grand-angle.lavenir.net\/en-tournee-avec-angele\/wp-content\/uploads\/sites\/170\/2022\/10\/VABE_704758_202207171035046251916.jpg","twitter_misc":{"Dur\u00e9e de lecture est.":"7 minutes"},"schema":{"@context":"https:\/\/schema.org","@graph":[{"@type":"WebPage","@id":"https:\/\/grand-angle.lavenir.net\/en-tournee-avec-angele\/comment-angele-travaille-t-elle-sa-voix-angie-sa-coach-nous-explique\/","url":"https:\/\/grand-angle.lavenir.net\/en-tournee-avec-angele\/comment-angele-travaille-t-elle-sa-voix-angie-sa-coach-nous-explique\/","name":"Comment Ang\u00e8le travaille-t-elle sa voix ? Angie, sa coach, nous explique","isPartOf":{"@id":"https:\/\/grand-angle.lavenir.net\/en-tournee-avec-angele\/#website"},"primaryImageOfPage":{"@id":"https:\/\/grand-angle.lavenir.net\/en-tournee-avec-angele\/comment-angele-travaille-t-elle-sa-voix-angie-sa-coach-nous-explique\/#primaryimage"},"image":{"@id":"https:\/\/grand-angle.lavenir.net\/en-tournee-avec-angele\/comment-angele-travaille-t-elle-sa-voix-angie-sa-coach-nous-explique\/#primaryimage"},"thumbnailUrl":"https:\/\/grand-angle.lavenir.net\/en-tournee-avec-angele\/wp-content\/uploads\/sites\/170\/2022\/10\/VABE_704758_202207171035046251916.jpg","datePublished":"2022-10-26T07:45:05+00:00","dateModified":"2022-12-20T09:24:49+00:00","description":"Comme un sportif de haut niveau doit r\u00e9guli\u00e8rement faire travailler ses muscles, renforcer son c\u0153ur et sa respiration, Ang\u00e8le doit travailler son endurance, son souffle et sa voix. Pour l\u2019aider, elle a une coach vocale : Angie Berthias Cazaux. Nous avons pu l\u2019interviewer.","breadcrumb":{"@id":"https:\/\/grand-angle.lavenir.net\/en-tournee-avec-angele\/comment-angele-travaille-t-elle-sa-voix-angie-sa-coach-nous-explique\/#breadcrumb"},"inLanguage":"fr-BE","potentialAction":[{"@type":"ReadAction","target":["https:\/\/grand-angle.lavenir.net\/en-tournee-avec-angele\/comment-angele-travaille-t-elle-sa-voix-angie-sa-coach-nous-explique\/"]}]},{"@type":"ImageObject","inLanguage":"fr-BE","@id":"https:\/\/grand-angle.lavenir.net\/en-tournee-avec-angele\/comment-angele-travaille-t-elle-sa-voix-angie-sa-coach-nous-explique\/#primaryimage","url":"https:\/\/grand-angle.lavenir.net\/en-tournee-avec-angele\/wp-content\/uploads\/sites\/170\/2022\/10\/VABE_704758_202207171035046251916.jpg","contentUrl":"https:\/\/grand-angle.lavenir.net\/en-tournee-avec-angele\/wp-content\/uploads\/sites\/170\/2022\/10\/VABE_704758_202207171035046251916.jpg","width":2000,"height":1333,"caption":"Ang\u00e8le au festival de Dour"},{"@type":"BreadcrumbList","@id":"https:\/\/grand-angle.lavenir.net\/en-tournee-avec-angele\/comment-angele-travaille-t-elle-sa-voix-angie-sa-coach-nous-explique\/#breadcrumb","itemListElement":[{"@type":"ListItem","position":1,"name":"Home","item":"https:\/\/grand-angle.lavenir.net\/en-tournee-avec-angele\/"},{"@type":"ListItem","position":2,"name":"Comment Ang\u00e8le travaille-t-elle sa voix ? Angie, sa coach, nous explique"}]},{"@type":"WebSite","@id":"https:\/\/grand-angle.lavenir.net\/en-tournee-avec-angele\/#website","url":"https:\/\/grand-angle.lavenir.net\/en-tournee-avec-angele\/","name":"En tourn\u00e9e avec Ang\u00e8le","description":"","potentialAction":[{"@type":"SearchAction","target":{"@type":"EntryPoint","urlTemplate":"https:\/\/grand-angle.lavenir.net\/en-tournee-avec-angele\/?s={search_term_string}"},"query-input":{"@type":"PropertyValueSpecification","valueRequired":true,"valueName":"search_term_string"}}],"inLanguage":"fr-BE"}]}},"_links":{"self":[{"href":"https:\/\/grand-angle.lavenir.net\/en-tournee-avec-angele\/wp-json\/wp\/v2\/pages\/1740","targetHints":{"allow":["GET"]}}],"collection":[{"href":"https:\/\/grand-angle.lavenir.net\/en-tournee-avec-angele\/wp-json\/wp\/v2\/pages"}],"about":[{"href":"https:\/\/grand-angle.lavenir.net\/en-tournee-avec-angele\/wp-json\/wp\/v2\/types\/page"}],"author":[{"embeddable":true,"href":"https:\/\/grand-angle.lavenir.net\/en-tournee-avec-angele\/wp-json\/wp\/v2\/users\/1"}],"replies":[{"embeddable":true,"href":"https:\/\/grand-angle.lavenir.net\/en-tournee-avec-angele\/wp-json\/wp\/v2\/comments?post=1740"}],"version-history":[{"count":0,"href":"https:\/\/grand-angle.lavenir.net\/en-tournee-avec-angele\/wp-json\/wp\/v2\/pages\/1740\/revisions"}],"wp:featuredmedia":[{"embeddable":true,"href":"https:\/\/grand-angle.lavenir.net\/en-tournee-avec-angele\/wp-json\/wp\/v2\/media\/1687"}],"wp:attachment":[{"href":"https:\/\/grand-angle.lavenir.net\/en-tournee-avec-angele\/wp-json\/wp\/v2\/media?parent=1740"}],"curies":[{"name":"wp","href":"https:\/\/api.w.org\/{rel}","templated":true}]}}