{"id":1733,"date":"2022-10-25T11:48:28","date_gmt":"2022-10-25T09:48:28","guid":{"rendered":"https:\/\/grand-angle.lavenir.net\/en-tournee-avec-angele\/?page_id=1733"},"modified":"2022-12-20T10:20:06","modified_gmt":"2022-12-20T09:20:06","slug":"creer-un-show-ca-prend-plusieurs-mois","status":"publish","type":"page","link":"https:\/\/grand-angle.lavenir.net\/en-tournee-avec-angele\/creer-un-show-ca-prend-plusieurs-mois\/","title":{"rendered":"Cr\u00e9er un show, \u00e7a prend plusieurs mois"},"content":{"rendered":"<p><div class=\"fusion-fullwidth fullwidth-box fusion-builder-row-1 fusion-flex-container nonhundred-percent-fullwidth non-hundred-percent-height-scrolling first-container\" style=\"--awb-border-radius-top-left:0px;--awb-border-radius-top-right:0px;--awb-border-radius-bottom-right:0px;--awb-border-radius-bottom-left:0px;--awb-background-color:#fe4250;--awb-flex-wrap:wrap;\" ><div class=\"fusion-builder-row fusion-row fusion-flex-align-items-flex-start fusion-flex-content-wrap\" style=\"max-width:842.4px;margin-left: calc(-4% \/ 2 );margin-right: calc(-4% \/ 2 );\"><div class=\"fusion-layout-column fusion_builder_column fusion-builder-column-0 fusion_builder_column_1_1 1_1 fusion-flex-column\" style=\"--awb-bg-size:cover;--awb-width-large:100%;--awb-margin-top-large:0px;--awb-spacing-right-large:1.92%;--awb-margin-bottom-large:20px;--awb-spacing-left-large:1.92%;--awb-width-medium:100%;--awb-order-medium:0;--awb-spacing-right-medium:1.92%;--awb-spacing-left-medium:1.92%;--awb-width-small:100%;--awb-order-small:0;--awb-spacing-right-small:1.92%;--awb-spacing-left-small:1.92%;\"><div class=\"fusion-column-wrapper fusion-column-has-shadow fusion-flex-justify-content-flex-start fusion-content-layout-column\"><div class=\"fusion-text fusion-text-1\" style=\"--awb-text-color:#121212;\"><p><strong>Il faut des mois pour pr\u00e9parer une tourn\u00e9e et cr\u00e9er un show. Au d\u00e9part, l\u2019\u00e9quipe de production s\u2019est r\u00e9unie avec Ang\u00e8le et ses managers pour poser les premi\u00e8res bases. Ils ont choisi un directeur musical, un chor\u00e9graphe metteur en sc\u00e8ne, un cr\u00e9ateur lumi\u00e8res et vid\u00e9os&#8230;<\/strong><\/p>\n<\/div><div class=\"fusion-image-element \" style=\"text-align:center;--awb-caption-title-font-family:var(--h2_typography-font-family);--awb-caption-title-font-weight:var(--h2_typography-font-weight);--awb-caption-title-font-style:var(--h2_typography-font-style);--awb-caption-title-size:var(--h2_typography-font-size);--awb-caption-title-transform:var(--h2_typography-text-transform);--awb-caption-title-line-height:var(--h2_typography-line-height);--awb-caption-title-letter-spacing:var(--h2_typography-letter-spacing);\"><span class=\" fusion-imageframe imageframe-dropshadow imageframe-1 hover-type-zoomin\" style=\"-webkit-box-shadow: 3px 3px 7px rgba(0,0,0,0.81);box-shadow: 3px 3px 7px rgba(0,0,0,0.81);\"><img decoding=\"async\" width=\"810\" height=\"539\" alt=\"Show : Rencontre avec Boom, musicien et directeur musical d&#039;Ang\u00e8le, et avec Mehdi, chor\u00e9graphe et metteur en sc\u00e8ne\" title=\"Show : Rencontre avec Boom, musicien et directeur musical d&rsquo;Ang\u00e8le, et avec Mehdi, chor\u00e9graphe et metteur en sc\u00e8ne\" src=\"https:\/\/grand-angle.lavenir.net\/en-tournee-avec-angele\/wp-content\/uploads\/sites\/170\/2022\/10\/VABE_704754_202207171034593595557-1024x682.jpg\" class=\"img-responsive wp-image-1683\" srcset=\"https:\/\/grand-angle.lavenir.net\/en-tournee-avec-angele\/wp-content\/uploads\/sites\/170\/2022\/10\/VABE_704754_202207171034593595557-200x133.jpg 200w, https:\/\/grand-angle.lavenir.net\/en-tournee-avec-angele\/wp-content\/uploads\/sites\/170\/2022\/10\/VABE_704754_202207171034593595557-400x267.jpg 400w, https:\/\/grand-angle.lavenir.net\/en-tournee-avec-angele\/wp-content\/uploads\/sites\/170\/2022\/10\/VABE_704754_202207171034593595557-600x400.jpg 600w, https:\/\/grand-angle.lavenir.net\/en-tournee-avec-angele\/wp-content\/uploads\/sites\/170\/2022\/10\/VABE_704754_202207171034593595557-800x533.jpg 800w, https:\/\/grand-angle.lavenir.net\/en-tournee-avec-angele\/wp-content\/uploads\/sites\/170\/2022\/10\/VABE_704754_202207171034593595557-1200x800.jpg 1200w\" sizes=\"(max-width: 1024px) 100vw, (max-width: 640px) 100vw, 800px\" \/><\/span><\/div><div class=\"fusion-text fusion-text-2\"><p>Boom est le directeur musical (son pr\u00e9nom, c\u2019est Franck, mais tout le monde l\u2019appelle par son nom de famille, ici). Il s\u2019occupe de la musique\u2009: de quelle mani\u00e8re elle sera jou\u00e9e sur sc\u00e8ne, par qui\u2026 Il explique\u2009: \u00ab\u2009Je dois proposer une formule live de la musique de l\u2019album en tenant compte des r\u00eaves et des id\u00e9es d\u2019Ang\u00e8le.\u2009\u00bb Il faut faire le tri entre ce qui est r\u00e9alisable ou pas.<\/p>\n<h2>Flou<\/h2>\n<p>Les choses vont devenir de plus en plus nettes au fil des semaines. Des musiciens sont engag\u00e9s \u2009: \u00ab\u2009On est quatre au total\u2009: Kelyan au clavier, Aur\u00e9lien \u00e0 la batterie, Ha\u00efl\u00e9 aux guitares et moi \u00e0 la basse. C\u2019est important d\u2019avoir des musiciens capables de jouer devant 5 \u00e0 20\u200a000 personnes. Capables aussi de s\u2019adapter, de changer de tonalit\u00e9 juste avant le show, par exemple.\u2009\u00bb<\/p>\n<p>Les musiciens vont alors se pr\u00e9parer. \u00ab\u2009Dans un premier temps, chacun travaille seul avec des bandes. On n\u2019utilise plus de partitions. Ensuite, on se r\u00e9unit pendant quinze jours pour cr\u00e9er ensemble.\u2009\u00bb<\/p>\n<p>Apr\u00e8s, tout le monde travaille plusieurs jours dans une salle de concert pour mettre au point le spectacle avec les d\u00e9cors, les lumi\u00e8res, les vid\u00e9os, les danseurs, les musiciens et Ang\u00e8le\u200a! C\u2019est ce qu\u2019on appelle la r\u00e9sidence. L\u00e0 encore, il peut y avoir des changements.<\/p>\n<\/div><div class=\"video-container\">\n<script type=\"text\/javascript\" src=\"https:\/\/www.ultimedia.com\/deliver\/generic\/js\/mdtk\/01836272\/src\/q5sll5r\/zone\/1\/autoplay\/no\/showtitle\/1\"><\/script>\n<\/div><div class=\"fusion-text fusion-text-3\"><h2>Fever<\/h2>\n<p>Ensuite, c\u2019est la fi\u00e8vre des concerts\u200a! \u00ab\u2009On bosse au clic. \u00c7a veut dire qu\u2019on a des oreillettes dans lesquelles chacun a des infos personnalis\u00e9es\u2009: une note, un d\u00e9compte pour que tout le monde commence en m\u00eame temps sur le \u2018clic\u2019, une voix qui dit \u2018couplet\u2019 ou \u2018refrain\u2019&#8230;\u2009\u00bb<\/p>\n<p>En cours de tourn\u00e9e, il peut y avoir des changements dans l\u2019ordre des morceaux, ou dans la mani\u00e8re de les jouer, par exemple. \u00ab\u2009\u00c0 partir d\u2019aujourd\u2019hui, on va acc\u00e9l\u00e9rer \u2018Tout oublier\u2019, pour la dynamique. Donc, ils sont en train d\u2019adapter la vid\u00e9o. Chris adapte aussi son programme Ableton, qui envoie les bons sons dans nos oreillettes et qui lance les morceaux, les vid\u00e9os et les lumi\u00e8res.\u00a0\u00bb<\/p>\n<\/div><div class=\"fusion-text fusion-text-4 img-legend\"><blockquote>\n<p>\u00c0 l&rsquo;avant-plan, Boom, le directeur musical. Cette photo a \u00e9t\u00e9 prise en r\u00e9p\u00e9tition<\/p>\n<\/blockquote>\n<\/div><\/div><\/div><\/div><\/div><div class=\"fusion-fullwidth fullwidth-box fusion-builder-row-2 fusion-flex-container fusion-parallax-fixed nonhundred-percent-fullwidth hundred-percent-height hundred-percent-height-center-content non-hundred-percent-height-scrolling parallax\" style=\"--awb-border-radius-top-left:0px;--awb-border-radius-top-right:0px;--awb-border-radius-bottom-right:0px;--awb-border-radius-bottom-left:0px;--awb-background-image:url(&quot;https:\/\/grand-angle.lavenir.net\/en-tournee-avec-angele\/wp-content\/uploads\/sites\/170\/2022\/10\/VABE_707415_202208041332215274920.jpg&quot;);--awb-background-size:cover;--awb-flex-wrap:wrap;background-attachment:fixed;\" ><div class=\"fusion-builder-row fusion-row fusion-flex-align-items-flex-start fusion-flex-content-wrap\" style=\"max-width:842.4px;margin-left: calc(-4% \/ 2 );margin-right: calc(-4% \/ 2 );\"><div class=\"fusion-layout-column fusion_builder_column fusion-builder-column-1 fusion_builder_column_1_1 1_1 fusion-flex-column\" style=\"--awb-bg-size:cover;--awb-width-large:100%;--awb-margin-top-large:0px;--awb-spacing-right-large:1.92%;--awb-margin-bottom-large:20px;--awb-spacing-left-large:1.92%;--awb-width-medium:100%;--awb-order-medium:0;--awb-spacing-right-medium:1.92%;--awb-spacing-left-medium:1.92%;--awb-width-small:100%;--awb-order-small:0;--awb-spacing-right-small:1.92%;--awb-spacing-left-small:1.92%;\"><div class=\"fusion-column-wrapper fusion-column-has-shadow fusion-flex-justify-content-flex-start fusion-content-layout-column\"><\/div><\/div><\/div><\/div><div class=\"fusion-fullwidth fullwidth-box fusion-builder-row-3 nonhundred-percent-fullwidth non-hundred-percent-height-scrolling\" style=\"--awb-border-radius-top-left:0px;--awb-border-radius-top-right:0px;--awb-border-radius-bottom-right:0px;--awb-border-radius-bottom-left:0px;--awb-padding-top:20px;--awb-background-color:#fe4250;--awb-flex-wrap:wrap;\" ><div class=\"fusion-builder-row fusion-row\"><div class=\"fusion-layout-column fusion_builder_column fusion-builder-column-2 fusion_builder_column_1_1 1_1 fusion-one-full fusion-column-first fusion-column-last yellow-container\" style=\"--awb-padding-right:20px;--awb-padding-bottom:20px;--awb-padding-left:20px;--awb-bg-color:#a811d8;--awb-bg-color-hover:#a811d8;--awb-bg-size:cover;\"><div class=\"fusion-column-wrapper fusion-column-has-shadow fusion-flex-column-wrapper-legacy\"><div class=\"fusion-text fusion-text-5\"><h2 style=\"text-align: center;\"><strong>Le show d\u2019Ang\u00e8le est mis en sc\u00e8ne par Mehdi, qui cr\u00e9e aussi les chor\u00e9graphies<\/strong><\/h2>\n<p><img decoding=\"async\" class=\"round aligncenter wp-image-1734 \" src=\"https:\/\/grand-angle.lavenir.net\/en-tournee-avec-angele\/wp-content\/uploads\/sites\/170\/2022\/10\/VABE_704759_202207171035052501987-1-300x300.jpg\" alt=\"\" width=\"300\" height=\"300\" srcset=\"https:\/\/grand-angle.lavenir.net\/en-tournee-avec-angele\/wp-content\/uploads\/sites\/170\/2022\/10\/VABE_704759_202207171035052501987-1-66x66.jpg 66w, https:\/\/grand-angle.lavenir.net\/en-tournee-avec-angele\/wp-content\/uploads\/sites\/170\/2022\/10\/VABE_704759_202207171035052501987-1-200x200.jpg 200w, https:\/\/grand-angle.lavenir.net\/en-tournee-avec-angele\/wp-content\/uploads\/sites\/170\/2022\/10\/VABE_704759_202207171035052501987-1-300x300.jpg 300w, https:\/\/grand-angle.lavenir.net\/en-tournee-avec-angele\/wp-content\/uploads\/sites\/170\/2022\/10\/VABE_704759_202207171035052501987-1-400x400.jpg 400w, https:\/\/grand-angle.lavenir.net\/en-tournee-avec-angele\/wp-content\/uploads\/sites\/170\/2022\/10\/VABE_704759_202207171035052501987-1-600x600.jpg 600w, https:\/\/grand-angle.lavenir.net\/en-tournee-avec-angele\/wp-content\/uploads\/sites\/170\/2022\/10\/VABE_704759_202207171035052501987-1-768x768.jpg 768w, https:\/\/grand-angle.lavenir.net\/en-tournee-avec-angele\/wp-content\/uploads\/sites\/170\/2022\/10\/VABE_704759_202207171035052501987-1.jpg 800w\" sizes=\"(max-width: 300px) 100vw, 300px\" \/><br \/>\nMehdi est le metteur en sc\u00e8ne et le chor\u00e9graphe de la tourn\u00e9e. Pour cr\u00e9er le spectacle, il s\u2019est inspir\u00e9 des mouvements naturels d\u2019Ang\u00e8le, de ses textes et de sa musique.<\/p>\n<p>Tandis qu\u2019Ang\u00e8le saute \u00e0 la corde dans la pi\u00e8ce d\u2019\u00e0 c\u00f4t\u00e9 pour travailler son souffle, Mehdi nous raconte son travail de cr\u00e9ation\u2009: \u00ab\u2009Ang\u00e8le raconte des histoires dans ses chansons. Je dois mettre en valeur son message avec les corps ou avec des effets de mise en sc\u00e8ne. On ne bougera donc pas de la m\u00eame mani\u00e8re sur D\u00e9mons et sur Bruxelles Je t\u2019aime.\u2009\u00bb<\/p>\n<p>Il poursuit\u2009: \u00ab\u2009Le moteur de la cr\u00e9ation, c\u2019est la musique. L\u2019intention, les \u00e9motions que la musique nous donne. On traduit cela en \u00e9nergie, mais aussi en couleurs. Avec la costumi\u00e8re, on a une r\u00e9flexion sur les tenues, pour qu\u2019elles soient adapt\u00e9es \u00e0 nos mouvements, pour faire de bons choix de mati\u00e8res. On a cherch\u00e9 \u00e0 faire \u00e9l\u00e9gant et moderne car les tenues d\u2019Ang\u00e8le sont sign\u00e9es Chanel (une marque de haute couture). \u00bb<\/p>\n<h2>Solo<\/h2>\n<p>\u00ab\u2009Pour les d\u00e9placements sur la sc\u00e8ne, je dois tenir compte de tous les m\u00e9tiers. Des \u00e9crans bougent, je dois veiller \u00e0 ne mettre personne en danger. Et si un musicien joue un solo, je dois le mettre en relief.\u2009\u00bb<\/p>\n<p>La mise en sc\u00e8ne concerne tous ceux qui sont sur le plateau\u2009: Ang\u00e8le, les musiciens, les six danseurs\u2026 et les \u00e9ventuels guests (invit\u00e9s). Ce soir-l\u00e0, par exemple, Damso est l\u00e0 pour son duo sur D\u00e9mons. Mehdi adapte donc la mise en sc\u00e8ne avec tout le monde.<\/p>\n<\/div><div class=\"fusion-clearfix\"><\/div><\/div><\/div><\/div><\/div><div class=\"fusion-fullwidth fullwidth-box fusion-builder-row-4 nonhundred-percent-fullwidth non-hundred-percent-height-scrolling\" style=\"--awb-border-radius-top-left:0px;--awb-border-radius-top-right:0px;--awb-border-radius-bottom-right:0px;--awb-border-radius-bottom-left:0px;--awb-padding-top:20px;--awb-background-color:#fe4250;--awb-flex-wrap:wrap;\" ><div class=\"fusion-builder-row fusion-row\"><div class=\"fusion-layout-column fusion_builder_column fusion-builder-column-3 fusion_builder_column_1_1 1_1 fusion-one-full fusion-column-first fusion-column-last yellow-container\" style=\"--awb-padding-right:20px;--awb-padding-bottom:20px;--awb-padding-left:20px;--awb-bg-color:#a811d8;--awb-bg-color-hover:#a811d8;--awb-bg-size:cover;\"><div class=\"fusion-column-wrapper fusion-column-has-shadow fusion-flex-column-wrapper-legacy\"><div class=\"fusion-text fusion-text-6\"><h2 style=\"text-align: center;\"><strong>Un artiste en r\u00e9sidence, qu\u2019est-ce que \u00e7a veut dire ? \ud83c\udfe0<br \/>\n<\/strong><\/h2>\n<p>Pour mettre au point un concert, toute l\u2019\u00e9quipe va en r\u00e9sidence quelques jours dans une salle. C\u2019est le moment o\u00f9 le puzzle va \u00eatre mont\u00e9.<\/p>\n<p>Chacun vient avec sa pi\u00e8ce et on s\u2019organise pour que tout colle parfaitement bien ensemble\u2009: les d\u00e9cors, les lumi\u00e8res et les vid\u00e9os, le son, la musique, les chor\u00e9graphies et la mise en sc\u00e8ne\u2026<\/p>\n<p>Les morceaux sont jou\u00e9s, travaill\u00e9s, am\u00e9lior\u00e9s heure apr\u00e8s heure. Les techniciens et les artistes travaillent d\u2019arrache-pied, le jour et parfois la nuit. Tout doit \u00eatre pr\u00eat pour le premier concert de la tourn\u00e9e,\u00a0 qui cl\u00f4ture la r\u00e9sidence, l\u00e0 o\u00f9 elle a eu lieu.<\/p>\n<\/div><div class=\"fusion-clearfix\"><\/div><\/div><\/div><\/div><\/div><\/p>\n","protected":false},"excerpt":{"rendered":"","protected":false},"author":1,"featured_media":1682,"parent":0,"menu_order":0,"comment_status":"closed","ping_status":"closed","template":"100-width.php","meta":{"footnotes":""},"class_list":["post-1733","page","type-page","status-publish","has-post-thumbnail","hentry"],"yoast_head":"<!-- This site is optimized with the Yoast SEO plugin v27.1.1 - https:\/\/yoast.com\/product\/yoast-seo-wordpress\/ -->\n<title>Cr\u00e9er un show, \u00e7a prend plusieurs mois<\/title>\n<meta name=\"description\" content=\"En pleine tourn\u00e9e, l\u2019\u00e9quipe d\u2019Ang\u00e8le nous a accueillis en backstage (dans les coulisses). Avant son retour en Belgique (le 10 d\u00e9cembre \u00e0 Anvers, et du 19 au 22 \u00e0 Forest National), nous t\u2019expliquons comment un concert voit le jour.\" \/>\n<meta name=\"robots\" content=\"index, follow, max-snippet:-1, max-image-preview:large, max-video-preview:-1\" \/>\n<link rel=\"canonical\" href=\"https:\/\/grand-angle.lavenir.net\/en-tournee-avec-angele\/creer-un-show-ca-prend-plusieurs-mois\/\" \/>\n<meta property=\"og:locale\" content=\"fr_FR\" \/>\n<meta property=\"og:type\" content=\"article\" \/>\n<meta property=\"og:title\" content=\"Cr\u00e9er un show, \u00e7a prend plusieurs mois\" \/>\n<meta property=\"og:description\" content=\"En pleine tourn\u00e9e, l\u2019\u00e9quipe d\u2019Ang\u00e8le nous a accueillis en backstage (dans les coulisses). Avant son retour en Belgique (le 10 d\u00e9cembre \u00e0 Anvers, et du 19 au 22 \u00e0 Forest National), nous t\u2019expliquons comment un concert voit le jour.\" \/>\n<meta property=\"og:url\" content=\"https:\/\/grand-angle.lavenir.net\/en-tournee-avec-angele\/creer-un-show-ca-prend-plusieurs-mois\/\" \/>\n<meta property=\"og:site_name\" content=\"En tourn\u00e9e avec Ang\u00e8le\" \/>\n<meta property=\"article:modified_time\" content=\"2022-12-20T09:20:06+00:00\" \/>\n<meta property=\"og:image\" content=\"https:\/\/grand-angle.lavenir.net\/en-tournee-avec-angele\/wp-content\/uploads\/sites\/170\/2022\/10\/VABE_707389_202208041331257461271.jpg\" \/>\n\t<meta property=\"og:image:width\" content=\"2000\" \/>\n\t<meta property=\"og:image:height\" content=\"1333\" \/>\n\t<meta property=\"og:image:type\" content=\"image\/jpeg\" \/>\n<meta name=\"twitter:card\" content=\"summary_large_image\" \/>\n<meta name=\"twitter:title\" content=\"Cr\u00e9er un show, \u00e7a prend plusieurs mois\" \/>\n<meta name=\"twitter:description\" content=\"En pleine tourn\u00e9e, l\u2019\u00e9quipe d\u2019Ang\u00e8le nous a accueillis en backstage (dans les coulisses). Avant son retour en Belgique (le 10 d\u00e9cembre \u00e0 Anvers, et du 19 au 22 \u00e0 Forest National), nous t\u2019expliquons comment un concert voit le jour.\" \/>\n<meta name=\"twitter:image\" content=\"https:\/\/grand-angle.lavenir.net\/en-tournee-avec-angele\/wp-content\/uploads\/sites\/170\/2022\/10\/VABE_707389_202208041331257461271.jpg\" \/>\n<meta name=\"twitter:label1\" content=\"Dur\u00e9e de lecture est.\" \/>\n\t<meta name=\"twitter:data1\" content=\"10 minutes\" \/>\n<script type=\"application\/ld+json\" class=\"yoast-schema-graph\">{\"@context\":\"https:\/\/schema.org\",\"@graph\":[{\"@type\":\"WebPage\",\"@id\":\"https:\/\/grand-angle.lavenir.net\/en-tournee-avec-angele\/creer-un-show-ca-prend-plusieurs-mois\/\",\"url\":\"https:\/\/grand-angle.lavenir.net\/en-tournee-avec-angele\/creer-un-show-ca-prend-plusieurs-mois\/\",\"name\":\"Cr\u00e9er un show, \u00e7a prend plusieurs mois\",\"isPartOf\":{\"@id\":\"https:\/\/grand-angle.lavenir.net\/en-tournee-avec-angele\/#website\"},\"primaryImageOfPage\":{\"@id\":\"https:\/\/grand-angle.lavenir.net\/en-tournee-avec-angele\/creer-un-show-ca-prend-plusieurs-mois\/#primaryimage\"},\"image\":{\"@id\":\"https:\/\/grand-angle.lavenir.net\/en-tournee-avec-angele\/creer-un-show-ca-prend-plusieurs-mois\/#primaryimage\"},\"thumbnailUrl\":\"https:\/\/grand-angle.lavenir.net\/en-tournee-avec-angele\/wp-content\/uploads\/sites\/170\/2022\/10\/VABE_704753_202207171034588126801.jpg\",\"datePublished\":\"2022-10-25T09:48:28+00:00\",\"dateModified\":\"2022-12-20T09:20:06+00:00\",\"description\":\"En pleine tourn\u00e9e, l\u2019\u00e9quipe d\u2019Ang\u00e8le nous a accueillis en backstage (dans les coulisses). Avant son retour en Belgique (le 10 d\u00e9cembre \u00e0 Anvers, et du 19 au 22 \u00e0 Forest National), nous t\u2019expliquons comment un concert voit le jour.\",\"breadcrumb\":{\"@id\":\"https:\/\/grand-angle.lavenir.net\/en-tournee-avec-angele\/creer-un-show-ca-prend-plusieurs-mois\/#breadcrumb\"},\"inLanguage\":\"fr-BE\",\"potentialAction\":[{\"@type\":\"ReadAction\",\"target\":[\"https:\/\/grand-angle.lavenir.net\/en-tournee-avec-angele\/creer-un-show-ca-prend-plusieurs-mois\/\"]}]},{\"@type\":\"ImageObject\",\"inLanguage\":\"fr-BE\",\"@id\":\"https:\/\/grand-angle.lavenir.net\/en-tournee-avec-angele\/creer-un-show-ca-prend-plusieurs-mois\/#primaryimage\",\"url\":\"https:\/\/grand-angle.lavenir.net\/en-tournee-avec-angele\/wp-content\/uploads\/sites\/170\/2022\/10\/VABE_704753_202207171034588126801.jpg\",\"contentUrl\":\"https:\/\/grand-angle.lavenir.net\/en-tournee-avec-angele\/wp-content\/uploads\/sites\/170\/2022\/10\/VABE_704753_202207171034588126801.jpg\",\"width\":2000,\"height\":1333,\"caption\":\"Ang\u00e8le au festival de Dour\"},{\"@type\":\"BreadcrumbList\",\"@id\":\"https:\/\/grand-angle.lavenir.net\/en-tournee-avec-angele\/creer-un-show-ca-prend-plusieurs-mois\/#breadcrumb\",\"itemListElement\":[{\"@type\":\"ListItem\",\"position\":1,\"name\":\"Home\",\"item\":\"https:\/\/grand-angle.lavenir.net\/en-tournee-avec-angele\/\"},{\"@type\":\"ListItem\",\"position\":2,\"name\":\"Cr\u00e9er un show, \u00e7a prend plusieurs mois\"}]},{\"@type\":\"WebSite\",\"@id\":\"https:\/\/grand-angle.lavenir.net\/en-tournee-avec-angele\/#website\",\"url\":\"https:\/\/grand-angle.lavenir.net\/en-tournee-avec-angele\/\",\"name\":\"En tourn\u00e9e avec Ang\u00e8le\",\"description\":\"\",\"potentialAction\":[{\"@type\":\"SearchAction\",\"target\":{\"@type\":\"EntryPoint\",\"urlTemplate\":\"https:\/\/grand-angle.lavenir.net\/en-tournee-avec-angele\/?s={search_term_string}\"},\"query-input\":{\"@type\":\"PropertyValueSpecification\",\"valueRequired\":true,\"valueName\":\"search_term_string\"}}],\"inLanguage\":\"fr-BE\"}]}<\/script>\n<!-- \/ Yoast SEO plugin. -->","yoast_head_json":{"title":"Cr\u00e9er un show, \u00e7a prend plusieurs mois","description":"En pleine tourn\u00e9e, l\u2019\u00e9quipe d\u2019Ang\u00e8le nous a accueillis en backstage (dans les coulisses). Avant son retour en Belgique (le 10 d\u00e9cembre \u00e0 Anvers, et du 19 au 22 \u00e0 Forest National), nous t\u2019expliquons comment un concert voit le jour.","robots":{"index":"index","follow":"follow","max-snippet":"max-snippet:-1","max-image-preview":"max-image-preview:large","max-video-preview":"max-video-preview:-1"},"canonical":"https:\/\/grand-angle.lavenir.net\/en-tournee-avec-angele\/creer-un-show-ca-prend-plusieurs-mois\/","og_locale":"fr_FR","og_type":"article","og_title":"Cr\u00e9er un show, \u00e7a prend plusieurs mois","og_description":"En pleine tourn\u00e9e, l\u2019\u00e9quipe d\u2019Ang\u00e8le nous a accueillis en backstage (dans les coulisses). Avant son retour en Belgique (le 10 d\u00e9cembre \u00e0 Anvers, et du 19 au 22 \u00e0 Forest National), nous t\u2019expliquons comment un concert voit le jour.","og_url":"https:\/\/grand-angle.lavenir.net\/en-tournee-avec-angele\/creer-un-show-ca-prend-plusieurs-mois\/","og_site_name":"En tourn\u00e9e avec Ang\u00e8le","article_modified_time":"2022-12-20T09:20:06+00:00","og_image":[{"width":2000,"height":1333,"url":"https:\/\/grand-angle.lavenir.net\/en-tournee-avec-angele\/wp-content\/uploads\/sites\/170\/2022\/10\/VABE_707389_202208041331257461271.jpg","type":"image\/jpeg"}],"twitter_card":"summary_large_image","twitter_title":"Cr\u00e9er un show, \u00e7a prend plusieurs mois","twitter_description":"En pleine tourn\u00e9e, l\u2019\u00e9quipe d\u2019Ang\u00e8le nous a accueillis en backstage (dans les coulisses). Avant son retour en Belgique (le 10 d\u00e9cembre \u00e0 Anvers, et du 19 au 22 \u00e0 Forest National), nous t\u2019expliquons comment un concert voit le jour.","twitter_image":"https:\/\/grand-angle.lavenir.net\/en-tournee-avec-angele\/wp-content\/uploads\/sites\/170\/2022\/10\/VABE_707389_202208041331257461271.jpg","twitter_misc":{"Dur\u00e9e de lecture est.":"10 minutes"},"schema":{"@context":"https:\/\/schema.org","@graph":[{"@type":"WebPage","@id":"https:\/\/grand-angle.lavenir.net\/en-tournee-avec-angele\/creer-un-show-ca-prend-plusieurs-mois\/","url":"https:\/\/grand-angle.lavenir.net\/en-tournee-avec-angele\/creer-un-show-ca-prend-plusieurs-mois\/","name":"Cr\u00e9er un show, \u00e7a prend plusieurs mois","isPartOf":{"@id":"https:\/\/grand-angle.lavenir.net\/en-tournee-avec-angele\/#website"},"primaryImageOfPage":{"@id":"https:\/\/grand-angle.lavenir.net\/en-tournee-avec-angele\/creer-un-show-ca-prend-plusieurs-mois\/#primaryimage"},"image":{"@id":"https:\/\/grand-angle.lavenir.net\/en-tournee-avec-angele\/creer-un-show-ca-prend-plusieurs-mois\/#primaryimage"},"thumbnailUrl":"https:\/\/grand-angle.lavenir.net\/en-tournee-avec-angele\/wp-content\/uploads\/sites\/170\/2022\/10\/VABE_704753_202207171034588126801.jpg","datePublished":"2022-10-25T09:48:28+00:00","dateModified":"2022-12-20T09:20:06+00:00","description":"En pleine tourn\u00e9e, l\u2019\u00e9quipe d\u2019Ang\u00e8le nous a accueillis en backstage (dans les coulisses). Avant son retour en Belgique (le 10 d\u00e9cembre \u00e0 Anvers, et du 19 au 22 \u00e0 Forest National), nous t\u2019expliquons comment un concert voit le jour.","breadcrumb":{"@id":"https:\/\/grand-angle.lavenir.net\/en-tournee-avec-angele\/creer-un-show-ca-prend-plusieurs-mois\/#breadcrumb"},"inLanguage":"fr-BE","potentialAction":[{"@type":"ReadAction","target":["https:\/\/grand-angle.lavenir.net\/en-tournee-avec-angele\/creer-un-show-ca-prend-plusieurs-mois\/"]}]},{"@type":"ImageObject","inLanguage":"fr-BE","@id":"https:\/\/grand-angle.lavenir.net\/en-tournee-avec-angele\/creer-un-show-ca-prend-plusieurs-mois\/#primaryimage","url":"https:\/\/grand-angle.lavenir.net\/en-tournee-avec-angele\/wp-content\/uploads\/sites\/170\/2022\/10\/VABE_704753_202207171034588126801.jpg","contentUrl":"https:\/\/grand-angle.lavenir.net\/en-tournee-avec-angele\/wp-content\/uploads\/sites\/170\/2022\/10\/VABE_704753_202207171034588126801.jpg","width":2000,"height":1333,"caption":"Ang\u00e8le au festival de Dour"},{"@type":"BreadcrumbList","@id":"https:\/\/grand-angle.lavenir.net\/en-tournee-avec-angele\/creer-un-show-ca-prend-plusieurs-mois\/#breadcrumb","itemListElement":[{"@type":"ListItem","position":1,"name":"Home","item":"https:\/\/grand-angle.lavenir.net\/en-tournee-avec-angele\/"},{"@type":"ListItem","position":2,"name":"Cr\u00e9er un show, \u00e7a prend plusieurs mois"}]},{"@type":"WebSite","@id":"https:\/\/grand-angle.lavenir.net\/en-tournee-avec-angele\/#website","url":"https:\/\/grand-angle.lavenir.net\/en-tournee-avec-angele\/","name":"En tourn\u00e9e avec Ang\u00e8le","description":"","potentialAction":[{"@type":"SearchAction","target":{"@type":"EntryPoint","urlTemplate":"https:\/\/grand-angle.lavenir.net\/en-tournee-avec-angele\/?s={search_term_string}"},"query-input":{"@type":"PropertyValueSpecification","valueRequired":true,"valueName":"search_term_string"}}],"inLanguage":"fr-BE"}]}},"_links":{"self":[{"href":"https:\/\/grand-angle.lavenir.net\/en-tournee-avec-angele\/wp-json\/wp\/v2\/pages\/1733","targetHints":{"allow":["GET"]}}],"collection":[{"href":"https:\/\/grand-angle.lavenir.net\/en-tournee-avec-angele\/wp-json\/wp\/v2\/pages"}],"about":[{"href":"https:\/\/grand-angle.lavenir.net\/en-tournee-avec-angele\/wp-json\/wp\/v2\/types\/page"}],"author":[{"embeddable":true,"href":"https:\/\/grand-angle.lavenir.net\/en-tournee-avec-angele\/wp-json\/wp\/v2\/users\/1"}],"replies":[{"embeddable":true,"href":"https:\/\/grand-angle.lavenir.net\/en-tournee-avec-angele\/wp-json\/wp\/v2\/comments?post=1733"}],"version-history":[{"count":0,"href":"https:\/\/grand-angle.lavenir.net\/en-tournee-avec-angele\/wp-json\/wp\/v2\/pages\/1733\/revisions"}],"wp:featuredmedia":[{"embeddable":true,"href":"https:\/\/grand-angle.lavenir.net\/en-tournee-avec-angele\/wp-json\/wp\/v2\/media\/1682"}],"wp:attachment":[{"href":"https:\/\/grand-angle.lavenir.net\/en-tournee-avec-angele\/wp-json\/wp\/v2\/media?parent=1733"}],"curies":[{"name":"wp","href":"https:\/\/api.w.org\/{rel}","templated":true}]}}