{"id":1380,"date":"2022-07-28T15:54:24","date_gmt":"2022-07-28T13:54:24","guid":{"rendered":"https:\/\/grand-angle.lavenir.net\/a-saint-gilles-tous-bleurs-de-l-union\/?page_id=1380"},"modified":"2022-10-18T17:02:06","modified_gmt":"2022-10-18T15:02:06","slug":"de-lhuile-de-la-litiere-des-chats-morts-mais-des-sourires","status":"publish","type":"page","link":"https:\/\/grand-angle.lavenir.net\/en-tournee-avec-angele\/","title":{"rendered":"En tourn\u00e9e avec Ang\u00e8le"},"content":{"rendered":"","protected":false},"excerpt":{"rendered":"","protected":false},"author":1,"featured_media":1678,"parent":0,"menu_order":0,"comment_status":"closed","ping_status":"closed","template":"100-width.php","meta":{"footnotes":""},"class_list":["post-1380","page","type-page","status-publish","has-post-thumbnail","hentry"],"yoast_head":"<!-- This site is optimized with the Yoast SEO plugin v27.1.1 - https:\/\/yoast.com\/product\/yoast-seo-wordpress\/ -->\n<title>En tourn\u00e9e avec Ang\u00e8le<\/title>\n<meta name=\"description\" content=\"En pleine tourn\u00e9e, l\u2019\u00e9quipe d\u2019Ang\u00e8le nous a accueillis en backstage (dans les coulisses). Avant son retour en Belgique (le 10 d\u00e9cembre \u00e0 Anvers, et du 19 au 22 \u00e0 Forest National), nous t\u2019expliquons comment un concert voit le jour.\" \/>\n<meta name=\"robots\" content=\"index, follow, max-snippet:-1, max-image-preview:large, max-video-preview:-1\" \/>\n<link rel=\"canonical\" href=\"https:\/\/grand-angle.lavenir.net\/en-tournee-avec-angele\/\" \/>\n<meta property=\"og:locale\" content=\"fr_FR\" \/>\n<meta property=\"og:type\" content=\"article\" \/>\n<meta property=\"og:title\" content=\"En tourn\u00e9e avec Ang\u00e8le\" \/>\n<meta property=\"og:description\" content=\"En pleine tourn\u00e9e, l\u2019\u00e9quipe d\u2019Ang\u00e8le nous a accueillis en backstage (dans les coulisses). Avant son retour en Belgique (le 10 d\u00e9cembre \u00e0 Anvers, et du 19 au 22 \u00e0 Forest National), nous t\u2019expliquons comment un concert voit le jour.\" \/>\n<meta property=\"og:url\" content=\"https:\/\/grand-angle.lavenir.net\/en-tournee-avec-angele\/\" \/>\n<meta property=\"og:site_name\" content=\"En tourn\u00e9e avec Ang\u00e8le\" \/>\n<meta property=\"article:modified_time\" content=\"2022-10-18T15:02:06+00:00\" \/>\n<meta property=\"og:image\" content=\"https:\/\/grand-angle.lavenir.net\/en-tournee-avec-angele\/wp-content\/uploads\/sites\/170\/2022\/10\/VABE_696347_202205170813055474509-3.jpg\" \/>\n\t<meta property=\"og:image:width\" content=\"2000\" \/>\n\t<meta property=\"og:image:height\" content=\"1333\" \/>\n\t<meta property=\"og:image:type\" content=\"image\/jpeg\" \/>\n<meta name=\"twitter:card\" content=\"summary_large_image\" \/>\n<meta name=\"twitter:title\" content=\"En tourn\u00e9e avec Ang\u00e8le\" \/>\n<meta name=\"twitter:description\" content=\"En pleine tourn\u00e9e, l\u2019\u00e9quipe d\u2019Ang\u00e8le nous a accueillis en backstage (dans les coulisses). Avant son retour en Belgique (le 10 d\u00e9cembre \u00e0 Anvers, et du 19 au 22 \u00e0 Forest National), nous t\u2019expliquons comment un concert voit le jour.\" \/>\n<meta name=\"twitter:image\" content=\"https:\/\/grand-angle.lavenir.net\/en-tournee-avec-angele\/wp-content\/uploads\/sites\/170\/2022\/10\/VABE_696347_202205170813055474509-3.jpg\" \/>\n<script type=\"application\/ld+json\" class=\"yoast-schema-graph\">{\"@context\":\"https:\/\/schema.org\",\"@graph\":[{\"@type\":\"WebPage\",\"@id\":\"https:\/\/grand-angle.lavenir.net\/en-tournee-avec-angele\/\",\"url\":\"https:\/\/grand-angle.lavenir.net\/en-tournee-avec-angele\/\",\"name\":\"En tourn\u00e9e avec Ang\u00e8le\",\"isPartOf\":{\"@id\":\"https:\/\/grand-angle.lavenir.net\/en-tournee-avec-angele\/#website\"},\"primaryImageOfPage\":{\"@id\":\"https:\/\/grand-angle.lavenir.net\/en-tournee-avec-angele\/#primaryimage\"},\"image\":{\"@id\":\"https:\/\/grand-angle.lavenir.net\/en-tournee-avec-angele\/#primaryimage\"},\"thumbnailUrl\":\"https:\/\/grand-angle.lavenir.net\/en-tournee-avec-angele\/wp-content\/uploads\/sites\/170\/2022\/10\/VABE_696347_202205170813055474509-3.jpg\",\"datePublished\":\"2022-07-28T13:54:24+00:00\",\"dateModified\":\"2022-10-18T15:02:06+00:00\",\"description\":\"En pleine tourn\u00e9e, l\u2019\u00e9quipe d\u2019Ang\u00e8le nous a accueillis en backstage (dans les coulisses). Avant son retour en Belgique (le 10 d\u00e9cembre \u00e0 Anvers, et du 19 au 22 \u00e0 Forest National), nous t\u2019expliquons comment un concert voit le jour.\",\"breadcrumb\":{\"@id\":\"https:\/\/grand-angle.lavenir.net\/en-tournee-avec-angele\/#breadcrumb\"},\"inLanguage\":\"fr-BE\",\"potentialAction\":[{\"@type\":\"ReadAction\",\"target\":[\"https:\/\/grand-angle.lavenir.net\/en-tournee-avec-angele\/\"]}]},{\"@type\":\"ImageObject\",\"inLanguage\":\"fr-BE\",\"@id\":\"https:\/\/grand-angle.lavenir.net\/en-tournee-avec-angele\/#primaryimage\",\"url\":\"https:\/\/grand-angle.lavenir.net\/en-tournee-avec-angele\/wp-content\/uploads\/sites\/170\/2022\/10\/VABE_696347_202205170813055474509-3.jpg\",\"contentUrl\":\"https:\/\/grand-angle.lavenir.net\/en-tournee-avec-angele\/wp-content\/uploads\/sites\/170\/2022\/10\/VABE_696347_202205170813055474509-3.jpg\",\"width\":2000,\"height\":1333,\"caption\":\"concert ang\u00e8le van laeken bruxelles forest national\"},{\"@type\":\"BreadcrumbList\",\"@id\":\"https:\/\/grand-angle.lavenir.net\/en-tournee-avec-angele\/#breadcrumb\",\"itemListElement\":[{\"@type\":\"ListItem\",\"position\":1,\"name\":\"Home\",\"item\":\"https:\/\/grand-angle.lavenir.net\/en-tournee-avec-angele\/\"},{\"@type\":\"ListItem\",\"position\":2,\"name\":\"En tourn\u00e9e avec Ang\u00e8le\"}]},{\"@type\":\"WebSite\",\"@id\":\"https:\/\/grand-angle.lavenir.net\/en-tournee-avec-angele\/#website\",\"url\":\"https:\/\/grand-angle.lavenir.net\/en-tournee-avec-angele\/\",\"name\":\"En tourn\u00e9e avec Ang\u00e8le\",\"description\":\"\",\"potentialAction\":[{\"@type\":\"SearchAction\",\"target\":{\"@type\":\"EntryPoint\",\"urlTemplate\":\"https:\/\/grand-angle.lavenir.net\/en-tournee-avec-angele\/?s={search_term_string}\"},\"query-input\":{\"@type\":\"PropertyValueSpecification\",\"valueRequired\":true,\"valueName\":\"search_term_string\"}}],\"inLanguage\":\"fr-BE\"}]}<\/script>\n<!-- \/ Yoast SEO plugin. -->","yoast_head_json":{"title":"En tourn\u00e9e avec Ang\u00e8le","description":"En pleine tourn\u00e9e, l\u2019\u00e9quipe d\u2019Ang\u00e8le nous a accueillis en backstage (dans les coulisses). Avant son retour en Belgique (le 10 d\u00e9cembre \u00e0 Anvers, et du 19 au 22 \u00e0 Forest National), nous t\u2019expliquons comment un concert voit le jour.","robots":{"index":"index","follow":"follow","max-snippet":"max-snippet:-1","max-image-preview":"max-image-preview:large","max-video-preview":"max-video-preview:-1"},"canonical":"https:\/\/grand-angle.lavenir.net\/en-tournee-avec-angele\/","og_locale":"fr_FR","og_type":"article","og_title":"En tourn\u00e9e avec Ang\u00e8le","og_description":"En pleine tourn\u00e9e, l\u2019\u00e9quipe d\u2019Ang\u00e8le nous a accueillis en backstage (dans les coulisses). Avant son retour en Belgique (le 10 d\u00e9cembre \u00e0 Anvers, et du 19 au 22 \u00e0 Forest National), nous t\u2019expliquons comment un concert voit le jour.","og_url":"https:\/\/grand-angle.lavenir.net\/en-tournee-avec-angele\/","og_site_name":"En tourn\u00e9e avec Ang\u00e8le","article_modified_time":"2022-10-18T15:02:06+00:00","og_image":[{"width":2000,"height":1333,"url":"https:\/\/grand-angle.lavenir.net\/en-tournee-avec-angele\/wp-content\/uploads\/sites\/170\/2022\/10\/VABE_696347_202205170813055474509-3.jpg","type":"image\/jpeg"}],"twitter_card":"summary_large_image","twitter_title":"En tourn\u00e9e avec Ang\u00e8le","twitter_description":"En pleine tourn\u00e9e, l\u2019\u00e9quipe d\u2019Ang\u00e8le nous a accueillis en backstage (dans les coulisses). Avant son retour en Belgique (le 10 d\u00e9cembre \u00e0 Anvers, et du 19 au 22 \u00e0 Forest National), nous t\u2019expliquons comment un concert voit le jour.","twitter_image":"https:\/\/grand-angle.lavenir.net\/en-tournee-avec-angele\/wp-content\/uploads\/sites\/170\/2022\/10\/VABE_696347_202205170813055474509-3.jpg","schema":{"@context":"https:\/\/schema.org","@graph":[{"@type":"WebPage","@id":"https:\/\/grand-angle.lavenir.net\/en-tournee-avec-angele\/","url":"https:\/\/grand-angle.lavenir.net\/en-tournee-avec-angele\/","name":"En tourn\u00e9e avec Ang\u00e8le","isPartOf":{"@id":"https:\/\/grand-angle.lavenir.net\/en-tournee-avec-angele\/#website"},"primaryImageOfPage":{"@id":"https:\/\/grand-angle.lavenir.net\/en-tournee-avec-angele\/#primaryimage"},"image":{"@id":"https:\/\/grand-angle.lavenir.net\/en-tournee-avec-angele\/#primaryimage"},"thumbnailUrl":"https:\/\/grand-angle.lavenir.net\/en-tournee-avec-angele\/wp-content\/uploads\/sites\/170\/2022\/10\/VABE_696347_202205170813055474509-3.jpg","datePublished":"2022-07-28T13:54:24+00:00","dateModified":"2022-10-18T15:02:06+00:00","description":"En pleine tourn\u00e9e, l\u2019\u00e9quipe d\u2019Ang\u00e8le nous a accueillis en backstage (dans les coulisses). Avant son retour en Belgique (le 10 d\u00e9cembre \u00e0 Anvers, et du 19 au 22 \u00e0 Forest National), nous t\u2019expliquons comment un concert voit le jour.","breadcrumb":{"@id":"https:\/\/grand-angle.lavenir.net\/en-tournee-avec-angele\/#breadcrumb"},"inLanguage":"fr-BE","potentialAction":[{"@type":"ReadAction","target":["https:\/\/grand-angle.lavenir.net\/en-tournee-avec-angele\/"]}]},{"@type":"ImageObject","inLanguage":"fr-BE","@id":"https:\/\/grand-angle.lavenir.net\/en-tournee-avec-angele\/#primaryimage","url":"https:\/\/grand-angle.lavenir.net\/en-tournee-avec-angele\/wp-content\/uploads\/sites\/170\/2022\/10\/VABE_696347_202205170813055474509-3.jpg","contentUrl":"https:\/\/grand-angle.lavenir.net\/en-tournee-avec-angele\/wp-content\/uploads\/sites\/170\/2022\/10\/VABE_696347_202205170813055474509-3.jpg","width":2000,"height":1333,"caption":"concert ang\u00e8le van laeken bruxelles forest national"},{"@type":"BreadcrumbList","@id":"https:\/\/grand-angle.lavenir.net\/en-tournee-avec-angele\/#breadcrumb","itemListElement":[{"@type":"ListItem","position":1,"name":"Home","item":"https:\/\/grand-angle.lavenir.net\/en-tournee-avec-angele\/"},{"@type":"ListItem","position":2,"name":"En tourn\u00e9e avec Ang\u00e8le"}]},{"@type":"WebSite","@id":"https:\/\/grand-angle.lavenir.net\/en-tournee-avec-angele\/#website","url":"https:\/\/grand-angle.lavenir.net\/en-tournee-avec-angele\/","name":"En tourn\u00e9e avec Ang\u00e8le","description":"","potentialAction":[{"@type":"SearchAction","target":{"@type":"EntryPoint","urlTemplate":"https:\/\/grand-angle.lavenir.net\/en-tournee-avec-angele\/?s={search_term_string}"},"query-input":{"@type":"PropertyValueSpecification","valueRequired":true,"valueName":"search_term_string"}}],"inLanguage":"fr-BE"}]}},"_links":{"self":[{"href":"https:\/\/grand-angle.lavenir.net\/en-tournee-avec-angele\/wp-json\/wp\/v2\/pages\/1380","targetHints":{"allow":["GET"]}}],"collection":[{"href":"https:\/\/grand-angle.lavenir.net\/en-tournee-avec-angele\/wp-json\/wp\/v2\/pages"}],"about":[{"href":"https:\/\/grand-angle.lavenir.net\/en-tournee-avec-angele\/wp-json\/wp\/v2\/types\/page"}],"author":[{"embeddable":true,"href":"https:\/\/grand-angle.lavenir.net\/en-tournee-avec-angele\/wp-json\/wp\/v2\/users\/1"}],"replies":[{"embeddable":true,"href":"https:\/\/grand-angle.lavenir.net\/en-tournee-avec-angele\/wp-json\/wp\/v2\/comments?post=1380"}],"version-history":[{"count":0,"href":"https:\/\/grand-angle.lavenir.net\/en-tournee-avec-angele\/wp-json\/wp\/v2\/pages\/1380\/revisions"}],"wp:featuredmedia":[{"embeddable":true,"href":"https:\/\/grand-angle.lavenir.net\/en-tournee-avec-angele\/wp-json\/wp\/v2\/media\/1678"}],"wp:attachment":[{"href":"https:\/\/grand-angle.lavenir.net\/en-tournee-avec-angele\/wp-json\/wp\/v2\/media?parent=1380"}],"curies":[{"name":"wp","href":"https:\/\/api.w.org\/{rel}","templated":true}]}}