{"id":430,"date":"2023-06-29T11:45:58","date_gmt":"2023-06-29T09:45:58","guid":{"rendered":"https:\/\/grand-angle.lavenir.net\/debrief\/?page_id=430"},"modified":"2023-06-29T11:45:58","modified_gmt":"2023-06-29T09:45:58","slug":"debrief-de-juin-2023-deces-de-claude-barzotti-les-belgian-cats-au-sommet-de-leurope-le-chanteur-dac-dc-a-namur-un-sous-marin-pulverise","status":"publish","type":"page","link":"https:\/\/grand-angle.lavenir.net\/debrief\/debrief-de-juin-2023-deces-de-claude-barzotti-les-belgian-cats-au-sommet-de-leurope-le-chanteur-dac-dc-a-namur-un-sous-marin-pulverise\/","title":{"rendered":"D\u00e9brief de juin 2023 : D\u00e9c\u00e8s de Claude Barzotti, les Belgian Cats au sommet de l\u2019Europe, le chanteur d\u2019AC\/DC \u00e0 Namur, un sous-marin pulv\u00e9ris\u00e9"},"content":{"rendered":"<p><div class=\"fusion-fullwidth fullwidth-box fusion-builder-row-1 hundred-percent-fullwidth non-hundred-percent-height-scrolling\" style=\"--awb-border-radius-top-left:0px;--awb-border-radius-top-right:0px;--awb-border-radius-bottom-right:0px;--awb-border-radius-bottom-left:0px;--awb-flex-wrap:wrap;\" ><div class=\"fusion-builder-row fusion-row\"><div class=\"fusion-layout-column fusion_builder_column fusion-builder-column-0 fusion_builder_column_1_1 1_1 fusion-one-full fusion-column-first fusion-column-last\" style=\"--awb-bg-size:cover;\"><div class=\"fusion-column-wrapper fusion-column-has-shadow fusion-flex-column-wrapper-legacy\"><div class=\"fusion-sharing-box fusion-sharing-box-1 boxed-icons has-taglines layout-floated layout-medium-floated layout-small-stacked\" style=\"background-color:#f2f2f2;--awb-separator-border-sizes:0px;--awb-layout:row;--awb-alignment-small:space-between;--awb-stacked-align-small:center;\" data-title=\"D\u00e9brief de juin 2023 : D\u00e9c\u00e8s de Claude Barzotti, les Belgian Cats au sommet de l\u2019Europe, le chanteur d\u2019AC\/DC \u00e0 Namur, un sous-marin pulv\u00e9ris\u00e9\" data-description=\"Le D\u00e9brief du mois de juin 2023 \r\n- Le d\u00e9brief du mois de mai 2023 -\" data-link=\"https:\/\/grand-angle.lavenir.net\/debrief\/debrief-de-juin-2023-deces-de-claude-barzotti-les-belgian-cats-au-sommet-de-leurope-le-chanteur-dac-dc-a-namur-un-sous-marin-pulverise\/\"><div class=\"fusion-social-networks sharingbox-shortcode-icon-wrapper sharingbox-shortcode-icon-wrapper-1 boxed-icons\"><span><a href=\"https:\/\/www.facebook.com\/sharer.php?u=https%3A%2F%2Fgrand-angle.lavenir.net%2Fdebrief%2Fdebrief-de-juin-2023-deces-de-claude-barzotti-les-belgian-cats-au-sommet-de-leurope-le-chanteur-dac-dc-a-namur-un-sous-marin-pulverise%2F&amp;t=D%C3%A9brief%20de%20juin%202023%20%3A%20D%C3%A9c%C3%A8s%20de%20Claude%20Barzotti%2C%20les%20Belgian%20Cats%20au%20sommet%20de%20l%E2%80%99Europe%2C%20le%20chanteur%20d%E2%80%99AC%2FDC%20%C3%A0%20Namur%2C%20un%20sous-marin%20pulv%C3%A9ris%C3%A9\" target=\"_blank\" rel=\"noreferrer\" title=\"Facebook\" aria-label=\"Facebook\" data-placement=\"top\" data-toggle=\"tooltip\" data-title=\"Facebook\"><i class=\"fusion-social-network-icon fusion-tooltip fusion-facebook awb-icon-facebook\" style=\"color:#ffffff;background-color:#3b5998;border-color:#3b5998;border-radius:50%;\" aria-hidden=\"true\"><\/i><\/a><\/span><span><a href=\"https:\/\/x.com\/intent\/post?text=D%C3%A9brief%20de%20juin%202023%20%3A%20D%C3%A9c%C3%A8s%20de%20Claude%20Barzotti%2C%20les%20Belgian%20Cats%20au%20sommet%20de%20l%E2%80%99Europe%2C%20le%20chanteur%20d%E2%80%99AC%2FDC%20%C3%A0%20Namur%2C%20un%20sous-marin%20pulv%C3%A9ris%C3%A9&amp;url=https%3A%2F%2Fgrand-angle.lavenir.net%2Fdebrief%2Fdebrief-de-juin-2023-deces-de-claude-barzotti-les-belgian-cats-au-sommet-de-leurope-le-chanteur-dac-dc-a-namur-un-sous-marin-pulverise%2F\" target=\"_blank\" rel=\"noopener noreferrer\" title=\"X\" aria-label=\"X\" data-placement=\"top\" data-toggle=\"tooltip\" data-title=\"X\"><i class=\"fusion-social-network-icon fusion-tooltip fusion-twitter awb-icon-twitter\" style=\"color:#ffffff;background-color:#000000;border-color:#000000;border-radius:50%;\" aria-hidden=\"true\"><\/i><\/a><\/span><\/div><\/div><div class=\"fusion-text fusion-text-1\"><h1 style=\"text-align: center;\">Le D\u00e9brief du mois de juin 2023<\/h1>\n<\/div><div class=\"fusion-text fusion-text-2\"><p style=\"text-align: center;\">&#8211; <a href=\"https:\/\/grand-angle.lavenir.net\/debrief\/debrief-de-mai-2023-olivier-vandecasteele-libere-dimitri-fourny-condamne-tina-turner-decedee-standard-ecoeure\/\" target=\"_blank\" rel=\"noopener noreferrer\">Le d\u00e9brief du mois de mai 2023<\/a> &#8211;<\/p>\n<\/div><div class=\"fusion-clearfix\"><\/div><\/div><\/div><\/div><\/div><div class=\"fusion-fullwidth fullwidth-box fusion-builder-row-2 hundred-percent-fullwidth non-hundred-percent-height-scrolling fusion-no-small-visibility fusion-no-medium-visibility\" style=\"--awb-border-radius-top-left:0px;--awb-border-radius-top-right:0px;--awb-border-radius-bottom-right:0px;--awb-border-radius-bottom-left:0px;--awb-flex-wrap:wrap;\" ><div class=\"fusion-builder-row fusion-row\"><div class=\"fusion-layout-column fusion_builder_column fusion-builder-column-1 fusion_builder_column_1_1 1_1 fusion-one-full fusion-column-first fusion-column-last\" style=\"--awb-bg-size:cover;\"><div class=\"fusion-column-wrapper fusion-column-has-shadow fusion-flex-column-wrapper-legacy\"><div class=\"flourish-embed flourish-cards\" data-src=\"visualisation\/14282773\"><script src=https:\/\/public.flourish.studio\/resources\/embed.js><\/script><\/div><div class=\"fusion-clearfix\"><\/div><\/div><\/div><\/div><\/div><div class=\"fusion-fullwidth fullwidth-box fusion-builder-row-3 hundred-percent-fullwidth non-hundred-percent-height-scrolling fusion-no-large-visibility\" style=\"--awb-border-radius-top-left:0px;--awb-border-radius-top-right:0px;--awb-border-radius-bottom-right:0px;--awb-border-radius-bottom-left:0px;--awb-flex-wrap:wrap;\" ><div class=\"fusion-builder-row fusion-row\"><div class=\"fusion-layout-column fusion_builder_column fusion-builder-column-2 fusion_builder_column_1_1 1_1 fusion-one-full fusion-column-first fusion-column-last\" style=\"--awb-bg-size:cover;\"><div class=\"fusion-column-wrapper fusion-column-has-shadow fusion-flex-column-wrapper-legacy\"><div class=\"flourish-embed flourish-cards\" data-src=\"visualisation\/14282803\"><script src=https:\/\/public.flourish.studio\/resources\/embed.js><\/script><\/div><div class=\"fusion-clearfix\"><\/div><\/div><\/div><\/div><\/div><\/p>\n","protected":false},"excerpt":{"rendered":"","protected":false},"author":1,"featured_media":431,"parent":0,"menu_order":0,"comment_status":"closed","ping_status":"closed","template":"100-width.php","meta":{"footnotes":""},"class_list":["post-430","page","type-page","status-publish","has-post-thumbnail","hentry"],"yoast_head":"<!-- This site is optimized with the Yoast SEO plugin v27.1.1 - https:\/\/yoast.com\/product\/yoast-seo-wordpress\/ -->\n<title>D\u00e9brief de juin 2023 : D\u00e9c\u00e8s de Claude Barzotti, les Belgian Cats au sommet de l\u2019Europe, le chanteur d\u2019AC\/DC \u00e0 Namur, un sous-marin pulv\u00e9ris\u00e9<\/title>\n<meta name=\"description\" content=\"De la m\u00e9daille d\u2019or des basketteuses belges aux d\u00e9c\u00e8s de Claude Barzotti, William Dunker, St\u00e9phane Demol ou encore de Silvio Berlusconi en passant la venue de Brian Johnson \u00e0 Namur, la tentative de coup d\u2019\u00e9tat en Russie et l\u2019affaire Hadja Lahbib, la r\u00e9daction a s\u00e9lectionn\u00e9 les infos du mois de juin 2023 dans l\u2019actualit\u00e9 internationale, belge, sportive et r\u00e9gionale.\" \/>\n<meta name=\"robots\" content=\"index, follow, max-snippet:-1, max-image-preview:large, max-video-preview:-1\" \/>\n<link rel=\"canonical\" href=\"https:\/\/grand-angle.lavenir.net\/debrief\/debrief-de-juin-2023-deces-de-claude-barzotti-les-belgian-cats-au-sommet-de-leurope-le-chanteur-dac-dc-a-namur-un-sous-marin-pulverise\/\" \/>\n<meta property=\"og:locale\" content=\"fr_FR\" \/>\n<meta property=\"og:type\" content=\"article\" \/>\n<meta property=\"og:title\" content=\"D\u00e9brief de juin 2023 : D\u00e9c\u00e8s de Claude Barzotti, les Belgian Cats au sommet de l\u2019Europe, le chanteur d\u2019AC\/DC \u00e0 Namur, un sous-marin pulv\u00e9ris\u00e9\" \/>\n<meta property=\"og:description\" content=\"De la m\u00e9daille d\u2019or des basketteuses belges aux d\u00e9c\u00e8s de Claude Barzotti, William Dunker, St\u00e9phane Demol ou encore de Silvio Berlusconi en passant la venue de Brian Johnson \u00e0 Namur, la tentative de coup d\u2019\u00e9tat en Russie et l\u2019affaire Hadja Lahbib, la r\u00e9daction a s\u00e9lectionn\u00e9 les infos du mois de juin 2023 dans l\u2019actualit\u00e9 internationale, belge, sportive et r\u00e9gionale.\" \/>\n<meta property=\"og:url\" content=\"https:\/\/grand-angle.lavenir.net\/debrief\/debrief-de-juin-2023-deces-de-claude-barzotti-les-belgian-cats-au-sommet-de-leurope-le-chanteur-dac-dc-a-namur-un-sous-marin-pulverise\/\" \/>\n<meta property=\"og:site_name\" content=\"Le D\u00e9brief du mois\" \/>\n<meta property=\"og:image\" content=\"https:\/\/grand-angle.lavenir.net\/debrief\/wp-content\/uploads\/sites\/100\/2023\/06\/DEBRIEF-DU-MOIS-Juin-1.jpg\" \/>\n\t<meta property=\"og:image:width\" content=\"600\" \/>\n\t<meta property=\"og:image:height\" content=\"400\" \/>\n\t<meta property=\"og:image:type\" content=\"image\/jpeg\" \/>\n<meta name=\"twitter:card\" content=\"summary_large_image\" \/>\n<meta name=\"twitter:title\" content=\"D\u00e9brief de juin 2023 : D\u00e9c\u00e8s de Claude Barzotti, les Belgian Cats au sommet de l\u2019Europe, le chanteur d\u2019AC\/DC \u00e0 Namur, un sous-marin pulv\u00e9ris\u00e9\" \/>\n<meta name=\"twitter:description\" content=\"De la m\u00e9daille d\u2019or des basketteuses belges aux d\u00e9c\u00e8s de Claude Barzotti, William Dunker, St\u00e9phane Demol ou encore de Silvio Berlusconi en passant la venue de Brian Johnson \u00e0 Namur, la tentative de coup d\u2019\u00e9tat en Russie et l\u2019affaire Hadja Lahbib, la r\u00e9daction a s\u00e9lectionn\u00e9 les infos du mois de juin 2023 dans l\u2019actualit\u00e9 internationale, belge, sportive et r\u00e9gionale.\" \/>\n<meta name=\"twitter:image\" content=\"https:\/\/grand-angle.lavenir.net\/debrief\/wp-content\/uploads\/sites\/100\/2023\/06\/DEBRIEF-DU-MOIS-Juin-1.jpg\" \/>\n<meta name=\"twitter:label1\" content=\"Dur\u00e9e de lecture est.\" \/>\n\t<meta name=\"twitter:data1\" content=\"3 minutes\" \/>\n<script type=\"application\/ld+json\" class=\"yoast-schema-graph\">{\"@context\":\"https:\/\/schema.org\",\"@graph\":[{\"@type\":\"WebPage\",\"@id\":\"https:\/\/grand-angle.lavenir.net\/debrief\/debrief-de-juin-2023-deces-de-claude-barzotti-les-belgian-cats-au-sommet-de-leurope-le-chanteur-dac-dc-a-namur-un-sous-marin-pulverise\/\",\"url\":\"https:\/\/grand-angle.lavenir.net\/debrief\/debrief-de-juin-2023-deces-de-claude-barzotti-les-belgian-cats-au-sommet-de-leurope-le-chanteur-dac-dc-a-namur-un-sous-marin-pulverise\/\",\"name\":\"D\u00e9brief de juin 2023 : D\u00e9c\u00e8s de Claude Barzotti, les Belgian Cats au sommet de l\u2019Europe, le chanteur d\u2019AC\/DC \u00e0 Namur, un sous-marin pulv\u00e9ris\u00e9\",\"isPartOf\":{\"@id\":\"https:\/\/grand-angle.lavenir.net\/debrief\/#website\"},\"primaryImageOfPage\":{\"@id\":\"https:\/\/grand-angle.lavenir.net\/debrief\/debrief-de-juin-2023-deces-de-claude-barzotti-les-belgian-cats-au-sommet-de-leurope-le-chanteur-dac-dc-a-namur-un-sous-marin-pulverise\/#primaryimage\"},\"image\":{\"@id\":\"https:\/\/grand-angle.lavenir.net\/debrief\/debrief-de-juin-2023-deces-de-claude-barzotti-les-belgian-cats-au-sommet-de-leurope-le-chanteur-dac-dc-a-namur-un-sous-marin-pulverise\/#primaryimage\"},\"thumbnailUrl\":\"https:\/\/grand-angle.lavenir.net\/debrief\/wp-content\/uploads\/sites\/100\/2023\/06\/DEBRIEF-DU-MOIS-Juin-1.jpg\",\"datePublished\":\"2023-06-29T09:45:58+00:00\",\"description\":\"De la m\u00e9daille d\u2019or des basketteuses belges aux d\u00e9c\u00e8s de Claude Barzotti, William Dunker, St\u00e9phane Demol ou encore de Silvio Berlusconi en passant la venue de Brian Johnson \u00e0 Namur, la tentative de coup d\u2019\u00e9tat en Russie et l\u2019affaire Hadja Lahbib, la r\u00e9daction a s\u00e9lectionn\u00e9 les infos du mois de juin 2023 dans l\u2019actualit\u00e9 internationale, belge, sportive et r\u00e9gionale.\",\"breadcrumb\":{\"@id\":\"https:\/\/grand-angle.lavenir.net\/debrief\/debrief-de-juin-2023-deces-de-claude-barzotti-les-belgian-cats-au-sommet-de-leurope-le-chanteur-dac-dc-a-namur-un-sous-marin-pulverise\/#breadcrumb\"},\"inLanguage\":\"fr-BE\",\"potentialAction\":[{\"@type\":\"ReadAction\",\"target\":[\"https:\/\/grand-angle.lavenir.net\/debrief\/debrief-de-juin-2023-deces-de-claude-barzotti-les-belgian-cats-au-sommet-de-leurope-le-chanteur-dac-dc-a-namur-un-sous-marin-pulverise\/\"]}]},{\"@type\":\"ImageObject\",\"inLanguage\":\"fr-BE\",\"@id\":\"https:\/\/grand-angle.lavenir.net\/debrief\/debrief-de-juin-2023-deces-de-claude-barzotti-les-belgian-cats-au-sommet-de-leurope-le-chanteur-dac-dc-a-namur-un-sous-marin-pulverise\/#primaryimage\",\"url\":\"https:\/\/grand-angle.lavenir.net\/debrief\/wp-content\/uploads\/sites\/100\/2023\/06\/DEBRIEF-DU-MOIS-Juin-1.jpg\",\"contentUrl\":\"https:\/\/grand-angle.lavenir.net\/debrief\/wp-content\/uploads\/sites\/100\/2023\/06\/DEBRIEF-DU-MOIS-Juin-1.jpg\",\"width\":600,\"height\":400},{\"@type\":\"BreadcrumbList\",\"@id\":\"https:\/\/grand-angle.lavenir.net\/debrief\/debrief-de-juin-2023-deces-de-claude-barzotti-les-belgian-cats-au-sommet-de-leurope-le-chanteur-dac-dc-a-namur-un-sous-marin-pulverise\/#breadcrumb\",\"itemListElement\":[{\"@type\":\"ListItem\",\"position\":1,\"name\":\"Home\",\"item\":\"https:\/\/grand-angle.lavenir.net\/debrief\/\"},{\"@type\":\"ListItem\",\"position\":2,\"name\":\"D\u00e9brief de juin 2023 : D\u00e9c\u00e8s de Claude Barzotti, les Belgian Cats au sommet de l\u2019Europe, le chanteur d\u2019AC\/DC \u00e0 Namur, un sous-marin pulv\u00e9ris\u00e9\"}]},{\"@type\":\"WebSite\",\"@id\":\"https:\/\/grand-angle.lavenir.net\/debrief\/#website\",\"url\":\"https:\/\/grand-angle.lavenir.net\/debrief\/\",\"name\":\"Le D\u00e9brief du mois\",\"description\":\"\",\"potentialAction\":[{\"@type\":\"SearchAction\",\"target\":{\"@type\":\"EntryPoint\",\"urlTemplate\":\"https:\/\/grand-angle.lavenir.net\/debrief\/?s={search_term_string}\"},\"query-input\":{\"@type\":\"PropertyValueSpecification\",\"valueRequired\":true,\"valueName\":\"search_term_string\"}}],\"inLanguage\":\"fr-BE\"}]}<\/script>\n<!-- \/ Yoast SEO plugin. -->","yoast_head_json":{"title":"D\u00e9brief de juin 2023 : D\u00e9c\u00e8s de Claude Barzotti, les Belgian Cats au sommet de l\u2019Europe, le chanteur d\u2019AC\/DC \u00e0 Namur, un sous-marin pulv\u00e9ris\u00e9","description":"De la m\u00e9daille d\u2019or des basketteuses belges aux d\u00e9c\u00e8s de Claude Barzotti, William Dunker, St\u00e9phane Demol ou encore de Silvio Berlusconi en passant la venue de Brian Johnson \u00e0 Namur, la tentative de coup d\u2019\u00e9tat en Russie et l\u2019affaire Hadja Lahbib, la r\u00e9daction a s\u00e9lectionn\u00e9 les infos du mois de juin 2023 dans l\u2019actualit\u00e9 internationale, belge, sportive et r\u00e9gionale.","robots":{"index":"index","follow":"follow","max-snippet":"max-snippet:-1","max-image-preview":"max-image-preview:large","max-video-preview":"max-video-preview:-1"},"canonical":"https:\/\/grand-angle.lavenir.net\/debrief\/debrief-de-juin-2023-deces-de-claude-barzotti-les-belgian-cats-au-sommet-de-leurope-le-chanteur-dac-dc-a-namur-un-sous-marin-pulverise\/","og_locale":"fr_FR","og_type":"article","og_title":"D\u00e9brief de juin 2023 : D\u00e9c\u00e8s de Claude Barzotti, les Belgian Cats au sommet de l\u2019Europe, le chanteur d\u2019AC\/DC \u00e0 Namur, un sous-marin pulv\u00e9ris\u00e9","og_description":"De la m\u00e9daille d\u2019or des basketteuses belges aux d\u00e9c\u00e8s de Claude Barzotti, William Dunker, St\u00e9phane Demol ou encore de Silvio Berlusconi en passant la venue de Brian Johnson \u00e0 Namur, la tentative de coup d\u2019\u00e9tat en Russie et l\u2019affaire Hadja Lahbib, la r\u00e9daction a s\u00e9lectionn\u00e9 les infos du mois de juin 2023 dans l\u2019actualit\u00e9 internationale, belge, sportive et r\u00e9gionale.","og_url":"https:\/\/grand-angle.lavenir.net\/debrief\/debrief-de-juin-2023-deces-de-claude-barzotti-les-belgian-cats-au-sommet-de-leurope-le-chanteur-dac-dc-a-namur-un-sous-marin-pulverise\/","og_site_name":"Le D\u00e9brief du mois","og_image":[{"width":600,"height":400,"url":"https:\/\/grand-angle.lavenir.net\/debrief\/wp-content\/uploads\/sites\/100\/2023\/06\/DEBRIEF-DU-MOIS-Juin-1.jpg","type":"image\/jpeg"}],"twitter_card":"summary_large_image","twitter_title":"D\u00e9brief de juin 2023 : D\u00e9c\u00e8s de Claude Barzotti, les Belgian Cats au sommet de l\u2019Europe, le chanteur d\u2019AC\/DC \u00e0 Namur, un sous-marin pulv\u00e9ris\u00e9","twitter_description":"De la m\u00e9daille d\u2019or des basketteuses belges aux d\u00e9c\u00e8s de Claude Barzotti, William Dunker, St\u00e9phane Demol ou encore de Silvio Berlusconi en passant la venue de Brian Johnson \u00e0 Namur, la tentative de coup d\u2019\u00e9tat en Russie et l\u2019affaire Hadja Lahbib, la r\u00e9daction a s\u00e9lectionn\u00e9 les infos du mois de juin 2023 dans l\u2019actualit\u00e9 internationale, belge, sportive et r\u00e9gionale.","twitter_image":"https:\/\/grand-angle.lavenir.net\/debrief\/wp-content\/uploads\/sites\/100\/2023\/06\/DEBRIEF-DU-MOIS-Juin-1.jpg","twitter_misc":{"Dur\u00e9e de lecture est.":"3 minutes"},"schema":{"@context":"https:\/\/schema.org","@graph":[{"@type":"WebPage","@id":"https:\/\/grand-angle.lavenir.net\/debrief\/debrief-de-juin-2023-deces-de-claude-barzotti-les-belgian-cats-au-sommet-de-leurope-le-chanteur-dac-dc-a-namur-un-sous-marin-pulverise\/","url":"https:\/\/grand-angle.lavenir.net\/debrief\/debrief-de-juin-2023-deces-de-claude-barzotti-les-belgian-cats-au-sommet-de-leurope-le-chanteur-dac-dc-a-namur-un-sous-marin-pulverise\/","name":"D\u00e9brief de juin 2023 : D\u00e9c\u00e8s de Claude Barzotti, les Belgian Cats au sommet de l\u2019Europe, le chanteur d\u2019AC\/DC \u00e0 Namur, un sous-marin pulv\u00e9ris\u00e9","isPartOf":{"@id":"https:\/\/grand-angle.lavenir.net\/debrief\/#website"},"primaryImageOfPage":{"@id":"https:\/\/grand-angle.lavenir.net\/debrief\/debrief-de-juin-2023-deces-de-claude-barzotti-les-belgian-cats-au-sommet-de-leurope-le-chanteur-dac-dc-a-namur-un-sous-marin-pulverise\/#primaryimage"},"image":{"@id":"https:\/\/grand-angle.lavenir.net\/debrief\/debrief-de-juin-2023-deces-de-claude-barzotti-les-belgian-cats-au-sommet-de-leurope-le-chanteur-dac-dc-a-namur-un-sous-marin-pulverise\/#primaryimage"},"thumbnailUrl":"https:\/\/grand-angle.lavenir.net\/debrief\/wp-content\/uploads\/sites\/100\/2023\/06\/DEBRIEF-DU-MOIS-Juin-1.jpg","datePublished":"2023-06-29T09:45:58+00:00","description":"De la m\u00e9daille d\u2019or des basketteuses belges aux d\u00e9c\u00e8s de Claude Barzotti, William Dunker, St\u00e9phane Demol ou encore de Silvio Berlusconi en passant la venue de Brian Johnson \u00e0 Namur, la tentative de coup d\u2019\u00e9tat en Russie et l\u2019affaire Hadja Lahbib, la r\u00e9daction a s\u00e9lectionn\u00e9 les infos du mois de juin 2023 dans l\u2019actualit\u00e9 internationale, belge, sportive et r\u00e9gionale.","breadcrumb":{"@id":"https:\/\/grand-angle.lavenir.net\/debrief\/debrief-de-juin-2023-deces-de-claude-barzotti-les-belgian-cats-au-sommet-de-leurope-le-chanteur-dac-dc-a-namur-un-sous-marin-pulverise\/#breadcrumb"},"inLanguage":"fr-BE","potentialAction":[{"@type":"ReadAction","target":["https:\/\/grand-angle.lavenir.net\/debrief\/debrief-de-juin-2023-deces-de-claude-barzotti-les-belgian-cats-au-sommet-de-leurope-le-chanteur-dac-dc-a-namur-un-sous-marin-pulverise\/"]}]},{"@type":"ImageObject","inLanguage":"fr-BE","@id":"https:\/\/grand-angle.lavenir.net\/debrief\/debrief-de-juin-2023-deces-de-claude-barzotti-les-belgian-cats-au-sommet-de-leurope-le-chanteur-dac-dc-a-namur-un-sous-marin-pulverise\/#primaryimage","url":"https:\/\/grand-angle.lavenir.net\/debrief\/wp-content\/uploads\/sites\/100\/2023\/06\/DEBRIEF-DU-MOIS-Juin-1.jpg","contentUrl":"https:\/\/grand-angle.lavenir.net\/debrief\/wp-content\/uploads\/sites\/100\/2023\/06\/DEBRIEF-DU-MOIS-Juin-1.jpg","width":600,"height":400},{"@type":"BreadcrumbList","@id":"https:\/\/grand-angle.lavenir.net\/debrief\/debrief-de-juin-2023-deces-de-claude-barzotti-les-belgian-cats-au-sommet-de-leurope-le-chanteur-dac-dc-a-namur-un-sous-marin-pulverise\/#breadcrumb","itemListElement":[{"@type":"ListItem","position":1,"name":"Home","item":"https:\/\/grand-angle.lavenir.net\/debrief\/"},{"@type":"ListItem","position":2,"name":"D\u00e9brief de juin 2023 : D\u00e9c\u00e8s de Claude Barzotti, les Belgian Cats au sommet de l\u2019Europe, le chanteur d\u2019AC\/DC \u00e0 Namur, un sous-marin pulv\u00e9ris\u00e9"}]},{"@type":"WebSite","@id":"https:\/\/grand-angle.lavenir.net\/debrief\/#website","url":"https:\/\/grand-angle.lavenir.net\/debrief\/","name":"Le D\u00e9brief du mois","description":"","potentialAction":[{"@type":"SearchAction","target":{"@type":"EntryPoint","urlTemplate":"https:\/\/grand-angle.lavenir.net\/debrief\/?s={search_term_string}"},"query-input":{"@type":"PropertyValueSpecification","valueRequired":true,"valueName":"search_term_string"}}],"inLanguage":"fr-BE"}]}},"_links":{"self":[{"href":"https:\/\/grand-angle.lavenir.net\/debrief\/wp-json\/wp\/v2\/pages\/430","targetHints":{"allow":["GET"]}}],"collection":[{"href":"https:\/\/grand-angle.lavenir.net\/debrief\/wp-json\/wp\/v2\/pages"}],"about":[{"href":"https:\/\/grand-angle.lavenir.net\/debrief\/wp-json\/wp\/v2\/types\/page"}],"author":[{"embeddable":true,"href":"https:\/\/grand-angle.lavenir.net\/debrief\/wp-json\/wp\/v2\/users\/1"}],"replies":[{"embeddable":true,"href":"https:\/\/grand-angle.lavenir.net\/debrief\/wp-json\/wp\/v2\/comments?post=430"}],"version-history":[{"count":0,"href":"https:\/\/grand-angle.lavenir.net\/debrief\/wp-json\/wp\/v2\/pages\/430\/revisions"}],"wp:featuredmedia":[{"embeddable":true,"href":"https:\/\/grand-angle.lavenir.net\/debrief\/wp-json\/wp\/v2\/media\/431"}],"wp:attachment":[{"href":"https:\/\/grand-angle.lavenir.net\/debrief\/wp-json\/wp\/v2\/media?parent=430"}],"curies":[{"name":"wp","href":"https:\/\/api.w.org\/{rel}","templated":true}]}}