{"id":398,"date":"2022-08-30T13:35:16","date_gmt":"2022-08-30T11:35:16","guid":{"rendered":"https:\/\/grand-angle.lavenir.net\/debrief\/?page_id=398"},"modified":"2022-08-30T13:35:39","modified_gmt":"2022-08-30T11:35:39","slug":"le-debrief-du-mois-daout-2022-salman-rushdie-poignarde-thiam-encore-en-or-rentree-inedite","status":"publish","type":"page","link":"https:\/\/grand-angle.lavenir.net\/debrief\/le-debrief-du-mois-daout-2022-salman-rushdie-poignarde-thiam-encore-en-or-rentree-inedite\/","title":{"rendered":"Le d\u00e9brief du mois d\u2019ao\u00fbt 2022\u2009: Salman Rushdie poignard\u00e9, Thiam encore en or, rentr\u00e9e in\u00e9dite"},"content":{"rendered":"<p><div class=\"fusion-fullwidth fullwidth-box fusion-builder-row-1 hundred-percent-fullwidth non-hundred-percent-height-scrolling\" style=\"--awb-border-radius-top-left:0px;--awb-border-radius-top-right:0px;--awb-border-radius-bottom-right:0px;--awb-border-radius-bottom-left:0px;--awb-flex-wrap:wrap;\" ><div class=\"fusion-builder-row fusion-row\"><div class=\"fusion-layout-column fusion_builder_column fusion-builder-column-0 fusion_builder_column_1_1 1_1 fusion-one-full fusion-column-first fusion-column-last\" style=\"--awb-bg-size:cover;\"><div class=\"fusion-column-wrapper fusion-column-has-shadow fusion-flex-column-wrapper-legacy\"><div class=\"fusion-sharing-box fusion-sharing-box-1 boxed-icons has-taglines layout-floated layout-medium-floated layout-small-stacked\" style=\"background-color:#f2f2f2;--awb-separator-border-sizes:0px;--awb-layout:row;--awb-alignment-small:space-between;--awb-stacked-align-small:center;\" data-title=\"Le d\u00e9brief du mois d\u2019ao\u00fbt 2022\u2009: Salman Rushdie poignard\u00e9, Thiam encore en or, rentr\u00e9e in\u00e9dite\" data-description=\"Le D\u00e9brief du mois d&#039;ao\u00fbt 2022 \r\n- Le d\u00e9brief du mois de juillet 2022 - \r\n\r\n\r\nSalman Rushdie poignard\u00e9, le plein de m\u00e9dailles belges \u00e0 l\u2019Euro d\u2019athl\u00e9tisme, une rentr\u00e9e scolaire \u00ab\u2009historique\u2009\u00bb,\u2026 : la r\u00e9daction a s\u00e9lectionn\u00e9 les infos du mois d\u2019ao\u00fbt 2022 dans l\u2019actualit\u00e9 internationale, belge, sportive\" data-link=\"https:\/\/grand-angle.lavenir.net\/debrief\/le-debrief-du-mois-daout-2022-salman-rushdie-poignarde-thiam-encore-en-or-rentree-inedite\/\"><div class=\"fusion-social-networks sharingbox-shortcode-icon-wrapper sharingbox-shortcode-icon-wrapper-1 boxed-icons\"><span><a href=\"https:\/\/www.facebook.com\/sharer.php?u=https%3A%2F%2Fgrand-angle.lavenir.net%2Fdebrief%2Fle-debrief-du-mois-daout-2022-salman-rushdie-poignarde-thiam-encore-en-or-rentree-inedite%2F&amp;t=Le%20d%C3%A9brief%20du%20mois%20d%E2%80%99ao%C3%BBt%202022%E2%80%89%3A%20Salman%20Rushdie%20poignard%C3%A9%2C%20Thiam%20encore%20en%20or%2C%20rentr%C3%A9e%20in%C3%A9dite\" target=\"_blank\" rel=\"noreferrer\" title=\"Facebook\" aria-label=\"Facebook\" data-placement=\"top\" data-toggle=\"tooltip\" data-title=\"Facebook\"><i class=\"fusion-social-network-icon fusion-tooltip fusion-facebook awb-icon-facebook\" style=\"color:#ffffff;background-color:#3b5998;border-color:#3b5998;border-radius:50%;\" aria-hidden=\"true\"><\/i><\/a><\/span><span><a href=\"https:\/\/x.com\/intent\/post?text=Le%20d%C3%A9brief%20du%20mois%20d%E2%80%99ao%C3%BBt%202022%E2%80%89%3A%20Salman%20Rushdie%20poignard%C3%A9%2C%20Thiam%20encore%20en%20or%2C%20rentr%C3%A9e%20in%C3%A9dite&amp;url=https%3A%2F%2Fgrand-angle.lavenir.net%2Fdebrief%2Fle-debrief-du-mois-daout-2022-salman-rushdie-poignarde-thiam-encore-en-or-rentree-inedite%2F\" target=\"_blank\" rel=\"noopener noreferrer\" title=\"X\" aria-label=\"X\" data-placement=\"top\" data-toggle=\"tooltip\" data-title=\"X\"><i class=\"fusion-social-network-icon fusion-tooltip fusion-twitter awb-icon-twitter\" style=\"color:#ffffff;background-color:#000000;border-color:#000000;border-radius:50%;\" aria-hidden=\"true\"><\/i><\/a><\/span><\/div><\/div><div class=\"fusion-text fusion-text-1\"><h1 style=\"text-align: center;\">Le D\u00e9brief du mois d&rsquo;ao\u00fbt 2022<\/h1>\n<\/div><div class=\"fusion-text fusion-text-2\"><p style=\"text-align: center;\">&#8211; <a href=\"https:\/\/grand-angle.lavenir.net\/debrief\/le-debrief-du-mois-de-juillet-2022\/\" target=\"_blank\" rel=\"noopener noreferrer\">Le d\u00e9brief du mois de juillet 2022<\/a> &#8211;<\/p>\n<\/div><div class=\"fusion-text fusion-text-3\"><div>\n<p>Salman Rushdie poignard\u00e9, le plein de m\u00e9dailles belges \u00e0 l\u2019Euro d\u2019athl\u00e9tisme, une rentr\u00e9e scolaire \u00ab\u2009historique\u2009\u00bb,\u2026 : la r\u00e9daction a s\u00e9lectionn\u00e9 les infos du mois d\u2019ao\u00fbt 2022 dans l\u2019actualit\u00e9 internationale, belge, sportive et r\u00e9gionale.<\/p>\n<\/div>\n<\/div><div class=\"fusion-clearfix\"><\/div><\/div><\/div><\/div><\/div><div class=\"fusion-fullwidth fullwidth-box fusion-builder-row-2 hundred-percent-fullwidth non-hundred-percent-height-scrolling fusion-no-small-visibility fusion-no-medium-visibility\" style=\"--awb-border-radius-top-left:0px;--awb-border-radius-top-right:0px;--awb-border-radius-bottom-right:0px;--awb-border-radius-bottom-left:0px;--awb-flex-wrap:wrap;\" ><div class=\"fusion-builder-row fusion-row\"><div class=\"fusion-layout-column fusion_builder_column fusion-builder-column-1 fusion_builder_column_1_1 1_1 fusion-one-full fusion-column-first fusion-column-last\" style=\"--awb-bg-size:cover;\"><div class=\"fusion-column-wrapper fusion-column-has-shadow fusion-flex-column-wrapper-legacy\"><div class=\"flourish-embed flourish-cards\" data-src=\"visualisation\/10996165\"><script src=\"https:\/\/public.flourish.studio\/resources\/embed.js\"><\/script><\/div>\n\n<div class=\"fusion-clearfix\"><\/div><\/div><\/div><\/div><\/div><div class=\"fusion-fullwidth fullwidth-box fusion-builder-row-3 hundred-percent-fullwidth non-hundred-percent-height-scrolling fusion-no-large-visibility\" style=\"--awb-border-radius-top-left:0px;--awb-border-radius-top-right:0px;--awb-border-radius-bottom-right:0px;--awb-border-radius-bottom-left:0px;--awb-flex-wrap:wrap;\" ><div class=\"fusion-builder-row fusion-row\"><div class=\"fusion-layout-column fusion_builder_column fusion-builder-column-2 fusion_builder_column_1_1 1_1 fusion-one-full fusion-column-first fusion-column-last\" style=\"--awb-bg-size:cover;\"><div class=\"fusion-column-wrapper fusion-column-has-shadow fusion-flex-column-wrapper-legacy\"><div class=\"flourish-embed flourish-cards\" data-src=\"visualisation\/10996172\"><script src=\"https:\/\/public.flourish.studio\/resources\/embed.js\"><\/script><\/div><div class=\"fusion-clearfix\"><\/div><\/div><\/div><\/div><\/div><\/p>\n","protected":false},"excerpt":{"rendered":"","protected":false},"author":1,"featured_media":399,"parent":0,"menu_order":0,"comment_status":"closed","ping_status":"closed","template":"100-width.php","meta":{"footnotes":""},"class_list":["post-398","page","type-page","status-publish","has-post-thumbnail","hentry"],"yoast_head":"<!-- This site is optimized with the Yoast SEO plugin v27.1.1 - https:\/\/yoast.com\/product\/yoast-seo-wordpress\/ -->\n<title>Le d\u00e9brief du mois d\u2019ao\u00fbt 2022\u2009: Salman Rushdie poignard\u00e9, Thiam encore en or, rentr\u00e9e in\u00e9dite<\/title>\n<meta name=\"description\" content=\"Salman Rushdie poignard\u00e9, le plein de m\u00e9dailles belges \u00e0 l\u2019Euro d\u2019athl\u00e9tisme, une rentr\u00e9e scolaire \u00ab\u2009historique\u2009\u00bb,\u2026 : la r\u00e9daction a s\u00e9lectionn\u00e9 les infos du mois d\u2019ao\u00fbt 2022 dans l\u2019actualit\u00e9 internationale, belge, sportive et r\u00e9gionale.\" \/>\n<meta name=\"robots\" content=\"index, follow, max-snippet:-1, max-image-preview:large, max-video-preview:-1\" \/>\n<link rel=\"canonical\" href=\"https:\/\/grand-angle.lavenir.net\/debrief\/le-debrief-du-mois-daout-2022-salman-rushdie-poignarde-thiam-encore-en-or-rentree-inedite\/\" \/>\n<meta property=\"og:locale\" content=\"fr_FR\" \/>\n<meta property=\"og:type\" content=\"article\" \/>\n<meta property=\"og:title\" content=\"Le d\u00e9brief du mois d\u2019ao\u00fbt 2022\u2009: Salman Rushdie poignard\u00e9, Thiam encore en or, rentr\u00e9e in\u00e9dite\" \/>\n<meta property=\"og:description\" content=\"Salman Rushdie poignard\u00e9, le plein de m\u00e9dailles belges \u00e0 l\u2019Euro d\u2019athl\u00e9tisme, une rentr\u00e9e scolaire \u00ab\u2009historique\u2009\u00bb,\u2026 : la r\u00e9daction a s\u00e9lectionn\u00e9 les infos du mois d\u2019ao\u00fbt 2022 dans l\u2019actualit\u00e9 internationale, belge, sportive et r\u00e9gionale.\" \/>\n<meta property=\"og:url\" content=\"https:\/\/grand-angle.lavenir.net\/debrief\/le-debrief-du-mois-daout-2022-salman-rushdie-poignarde-thiam-encore-en-or-rentree-inedite\/\" \/>\n<meta property=\"og:site_name\" content=\"Le D\u00e9brief du mois\" \/>\n<meta property=\"article:modified_time\" content=\"2022-08-30T11:35:39+00:00\" \/>\n<meta property=\"og:image\" content=\"https:\/\/grand-angle.lavenir.net\/debrief\/wp-content\/uploads\/sites\/100\/2022\/08\/LLCP3HGLBNAWFPTQRD22L7WNFE.jpg\" \/>\n\t<meta property=\"og:image:width\" content=\"772\" \/>\n\t<meta property=\"og:image:height\" content=\"500\" \/>\n\t<meta property=\"og:image:type\" content=\"image\/jpeg\" \/>\n<meta name=\"twitter:card\" content=\"summary_large_image\" \/>\n<meta name=\"twitter:title\" content=\"Le d\u00e9brief du mois d\u2019ao\u00fbt 2022\u2009: Salman Rushdie poignard\u00e9, Thiam encore en or, rentr\u00e9e in\u00e9dite\" \/>\n<meta name=\"twitter:description\" content=\"Salman Rushdie poignard\u00e9, le plein de m\u00e9dailles belges \u00e0 l\u2019Euro d\u2019athl\u00e9tisme, une rentr\u00e9e scolaire \u00ab\u2009historique\u2009\u00bb,\u2026 : la r\u00e9daction a s\u00e9lectionn\u00e9 les infos du mois d\u2019ao\u00fbt 2022 dans l\u2019actualit\u00e9 internationale, belge, sportive et r\u00e9gionale.\" \/>\n<meta name=\"twitter:image\" content=\"https:\/\/grand-angle.lavenir.net\/debrief\/wp-content\/uploads\/sites\/100\/2022\/08\/LLCP3HGLBNAWFPTQRD22L7WNFE.jpg\" \/>\n<meta name=\"twitter:label1\" content=\"Dur\u00e9e de lecture est.\" \/>\n\t<meta name=\"twitter:data1\" content=\"4 minutes\" \/>\n<script type=\"application\/ld+json\" class=\"yoast-schema-graph\">{\"@context\":\"https:\/\/schema.org\",\"@graph\":[{\"@type\":\"WebPage\",\"@id\":\"https:\/\/grand-angle.lavenir.net\/debrief\/le-debrief-du-mois-daout-2022-salman-rushdie-poignarde-thiam-encore-en-or-rentree-inedite\/\",\"url\":\"https:\/\/grand-angle.lavenir.net\/debrief\/le-debrief-du-mois-daout-2022-salman-rushdie-poignarde-thiam-encore-en-or-rentree-inedite\/\",\"name\":\"Le d\u00e9brief du mois d\u2019ao\u00fbt 2022\u2009: Salman Rushdie poignard\u00e9, Thiam encore en or, rentr\u00e9e in\u00e9dite\",\"isPartOf\":{\"@id\":\"https:\/\/grand-angle.lavenir.net\/debrief\/#website\"},\"primaryImageOfPage\":{\"@id\":\"https:\/\/grand-angle.lavenir.net\/debrief\/le-debrief-du-mois-daout-2022-salman-rushdie-poignarde-thiam-encore-en-or-rentree-inedite\/#primaryimage\"},\"image\":{\"@id\":\"https:\/\/grand-angle.lavenir.net\/debrief\/le-debrief-du-mois-daout-2022-salman-rushdie-poignarde-thiam-encore-en-or-rentree-inedite\/#primaryimage\"},\"thumbnailUrl\":\"https:\/\/grand-angle.lavenir.net\/debrief\/wp-content\/uploads\/sites\/100\/2022\/08\/LLCP3HGLBNAWFPTQRD22L7WNFE.jpg\",\"datePublished\":\"2022-08-30T11:35:16+00:00\",\"dateModified\":\"2022-08-30T11:35:39+00:00\",\"description\":\"Salman Rushdie poignard\u00e9, le plein de m\u00e9dailles belges \u00e0 l\u2019Euro d\u2019athl\u00e9tisme, une rentr\u00e9e scolaire \u00ab\u2009historique\u2009\u00bb,\u2026 : la r\u00e9daction a s\u00e9lectionn\u00e9 les infos du mois d\u2019ao\u00fbt 2022 dans l\u2019actualit\u00e9 internationale, belge, sportive et r\u00e9gionale.\",\"breadcrumb\":{\"@id\":\"https:\/\/grand-angle.lavenir.net\/debrief\/le-debrief-du-mois-daout-2022-salman-rushdie-poignarde-thiam-encore-en-or-rentree-inedite\/#breadcrumb\"},\"inLanguage\":\"fr-BE\",\"potentialAction\":[{\"@type\":\"ReadAction\",\"target\":[\"https:\/\/grand-angle.lavenir.net\/debrief\/le-debrief-du-mois-daout-2022-salman-rushdie-poignarde-thiam-encore-en-or-rentree-inedite\/\"]}]},{\"@type\":\"ImageObject\",\"inLanguage\":\"fr-BE\",\"@id\":\"https:\/\/grand-angle.lavenir.net\/debrief\/le-debrief-du-mois-daout-2022-salman-rushdie-poignarde-thiam-encore-en-or-rentree-inedite\/#primaryimage\",\"url\":\"https:\/\/grand-angle.lavenir.net\/debrief\/wp-content\/uploads\/sites\/100\/2022\/08\/LLCP3HGLBNAWFPTQRD22L7WNFE.jpg\",\"contentUrl\":\"https:\/\/grand-angle.lavenir.net\/debrief\/wp-content\/uploads\/sites\/100\/2022\/08\/LLCP3HGLBNAWFPTQRD22L7WNFE.jpg\",\"width\":772,\"height\":500},{\"@type\":\"BreadcrumbList\",\"@id\":\"https:\/\/grand-angle.lavenir.net\/debrief\/le-debrief-du-mois-daout-2022-salman-rushdie-poignarde-thiam-encore-en-or-rentree-inedite\/#breadcrumb\",\"itemListElement\":[{\"@type\":\"ListItem\",\"position\":1,\"name\":\"Home\",\"item\":\"https:\/\/grand-angle.lavenir.net\/debrief\/\"},{\"@type\":\"ListItem\",\"position\":2,\"name\":\"Le d\u00e9brief du mois d\u2019ao\u00fbt 2022\u2009: Salman Rushdie poignard\u00e9, Thiam encore en or, rentr\u00e9e in\u00e9dite\"}]},{\"@type\":\"WebSite\",\"@id\":\"https:\/\/grand-angle.lavenir.net\/debrief\/#website\",\"url\":\"https:\/\/grand-angle.lavenir.net\/debrief\/\",\"name\":\"Le D\u00e9brief du mois\",\"description\":\"\",\"potentialAction\":[{\"@type\":\"SearchAction\",\"target\":{\"@type\":\"EntryPoint\",\"urlTemplate\":\"https:\/\/grand-angle.lavenir.net\/debrief\/?s={search_term_string}\"},\"query-input\":{\"@type\":\"PropertyValueSpecification\",\"valueRequired\":true,\"valueName\":\"search_term_string\"}}],\"inLanguage\":\"fr-BE\"}]}<\/script>\n<!-- \/ Yoast SEO plugin. -->","yoast_head_json":{"title":"Le d\u00e9brief du mois d\u2019ao\u00fbt 2022\u2009: Salman Rushdie poignard\u00e9, Thiam encore en or, rentr\u00e9e in\u00e9dite","description":"Salman Rushdie poignard\u00e9, le plein de m\u00e9dailles belges \u00e0 l\u2019Euro d\u2019athl\u00e9tisme, une rentr\u00e9e scolaire \u00ab\u2009historique\u2009\u00bb,\u2026 : la r\u00e9daction a s\u00e9lectionn\u00e9 les infos du mois d\u2019ao\u00fbt 2022 dans l\u2019actualit\u00e9 internationale, belge, sportive et r\u00e9gionale.","robots":{"index":"index","follow":"follow","max-snippet":"max-snippet:-1","max-image-preview":"max-image-preview:large","max-video-preview":"max-video-preview:-1"},"canonical":"https:\/\/grand-angle.lavenir.net\/debrief\/le-debrief-du-mois-daout-2022-salman-rushdie-poignarde-thiam-encore-en-or-rentree-inedite\/","og_locale":"fr_FR","og_type":"article","og_title":"Le d\u00e9brief du mois d\u2019ao\u00fbt 2022\u2009: Salman Rushdie poignard\u00e9, Thiam encore en or, rentr\u00e9e in\u00e9dite","og_description":"Salman Rushdie poignard\u00e9, le plein de m\u00e9dailles belges \u00e0 l\u2019Euro d\u2019athl\u00e9tisme, une rentr\u00e9e scolaire \u00ab\u2009historique\u2009\u00bb,\u2026 : la r\u00e9daction a s\u00e9lectionn\u00e9 les infos du mois d\u2019ao\u00fbt 2022 dans l\u2019actualit\u00e9 internationale, belge, sportive et r\u00e9gionale.","og_url":"https:\/\/grand-angle.lavenir.net\/debrief\/le-debrief-du-mois-daout-2022-salman-rushdie-poignarde-thiam-encore-en-or-rentree-inedite\/","og_site_name":"Le D\u00e9brief du mois","article_modified_time":"2022-08-30T11:35:39+00:00","og_image":[{"width":772,"height":500,"url":"https:\/\/grand-angle.lavenir.net\/debrief\/wp-content\/uploads\/sites\/100\/2022\/08\/LLCP3HGLBNAWFPTQRD22L7WNFE.jpg","type":"image\/jpeg"}],"twitter_card":"summary_large_image","twitter_title":"Le d\u00e9brief du mois d\u2019ao\u00fbt 2022\u2009: Salman Rushdie poignard\u00e9, Thiam encore en or, rentr\u00e9e in\u00e9dite","twitter_description":"Salman Rushdie poignard\u00e9, le plein de m\u00e9dailles belges \u00e0 l\u2019Euro d\u2019athl\u00e9tisme, une rentr\u00e9e scolaire \u00ab\u2009historique\u2009\u00bb,\u2026 : la r\u00e9daction a s\u00e9lectionn\u00e9 les infos du mois d\u2019ao\u00fbt 2022 dans l\u2019actualit\u00e9 internationale, belge, sportive et r\u00e9gionale.","twitter_image":"https:\/\/grand-angle.lavenir.net\/debrief\/wp-content\/uploads\/sites\/100\/2022\/08\/LLCP3HGLBNAWFPTQRD22L7WNFE.jpg","twitter_misc":{"Dur\u00e9e de lecture est.":"4 minutes"},"schema":{"@context":"https:\/\/schema.org","@graph":[{"@type":"WebPage","@id":"https:\/\/grand-angle.lavenir.net\/debrief\/le-debrief-du-mois-daout-2022-salman-rushdie-poignarde-thiam-encore-en-or-rentree-inedite\/","url":"https:\/\/grand-angle.lavenir.net\/debrief\/le-debrief-du-mois-daout-2022-salman-rushdie-poignarde-thiam-encore-en-or-rentree-inedite\/","name":"Le d\u00e9brief du mois d\u2019ao\u00fbt 2022\u2009: Salman Rushdie poignard\u00e9, Thiam encore en or, rentr\u00e9e in\u00e9dite","isPartOf":{"@id":"https:\/\/grand-angle.lavenir.net\/debrief\/#website"},"primaryImageOfPage":{"@id":"https:\/\/grand-angle.lavenir.net\/debrief\/le-debrief-du-mois-daout-2022-salman-rushdie-poignarde-thiam-encore-en-or-rentree-inedite\/#primaryimage"},"image":{"@id":"https:\/\/grand-angle.lavenir.net\/debrief\/le-debrief-du-mois-daout-2022-salman-rushdie-poignarde-thiam-encore-en-or-rentree-inedite\/#primaryimage"},"thumbnailUrl":"https:\/\/grand-angle.lavenir.net\/debrief\/wp-content\/uploads\/sites\/100\/2022\/08\/LLCP3HGLBNAWFPTQRD22L7WNFE.jpg","datePublished":"2022-08-30T11:35:16+00:00","dateModified":"2022-08-30T11:35:39+00:00","description":"Salman Rushdie poignard\u00e9, le plein de m\u00e9dailles belges \u00e0 l\u2019Euro d\u2019athl\u00e9tisme, une rentr\u00e9e scolaire \u00ab\u2009historique\u2009\u00bb,\u2026 : la r\u00e9daction a s\u00e9lectionn\u00e9 les infos du mois d\u2019ao\u00fbt 2022 dans l\u2019actualit\u00e9 internationale, belge, sportive et r\u00e9gionale.","breadcrumb":{"@id":"https:\/\/grand-angle.lavenir.net\/debrief\/le-debrief-du-mois-daout-2022-salman-rushdie-poignarde-thiam-encore-en-or-rentree-inedite\/#breadcrumb"},"inLanguage":"fr-BE","potentialAction":[{"@type":"ReadAction","target":["https:\/\/grand-angle.lavenir.net\/debrief\/le-debrief-du-mois-daout-2022-salman-rushdie-poignarde-thiam-encore-en-or-rentree-inedite\/"]}]},{"@type":"ImageObject","inLanguage":"fr-BE","@id":"https:\/\/grand-angle.lavenir.net\/debrief\/le-debrief-du-mois-daout-2022-salman-rushdie-poignarde-thiam-encore-en-or-rentree-inedite\/#primaryimage","url":"https:\/\/grand-angle.lavenir.net\/debrief\/wp-content\/uploads\/sites\/100\/2022\/08\/LLCP3HGLBNAWFPTQRD22L7WNFE.jpg","contentUrl":"https:\/\/grand-angle.lavenir.net\/debrief\/wp-content\/uploads\/sites\/100\/2022\/08\/LLCP3HGLBNAWFPTQRD22L7WNFE.jpg","width":772,"height":500},{"@type":"BreadcrumbList","@id":"https:\/\/grand-angle.lavenir.net\/debrief\/le-debrief-du-mois-daout-2022-salman-rushdie-poignarde-thiam-encore-en-or-rentree-inedite\/#breadcrumb","itemListElement":[{"@type":"ListItem","position":1,"name":"Home","item":"https:\/\/grand-angle.lavenir.net\/debrief\/"},{"@type":"ListItem","position":2,"name":"Le d\u00e9brief du mois d\u2019ao\u00fbt 2022\u2009: Salman Rushdie poignard\u00e9, Thiam encore en or, rentr\u00e9e in\u00e9dite"}]},{"@type":"WebSite","@id":"https:\/\/grand-angle.lavenir.net\/debrief\/#website","url":"https:\/\/grand-angle.lavenir.net\/debrief\/","name":"Le D\u00e9brief du mois","description":"","potentialAction":[{"@type":"SearchAction","target":{"@type":"EntryPoint","urlTemplate":"https:\/\/grand-angle.lavenir.net\/debrief\/?s={search_term_string}"},"query-input":{"@type":"PropertyValueSpecification","valueRequired":true,"valueName":"search_term_string"}}],"inLanguage":"fr-BE"}]}},"_links":{"self":[{"href":"https:\/\/grand-angle.lavenir.net\/debrief\/wp-json\/wp\/v2\/pages\/398","targetHints":{"allow":["GET"]}}],"collection":[{"href":"https:\/\/grand-angle.lavenir.net\/debrief\/wp-json\/wp\/v2\/pages"}],"about":[{"href":"https:\/\/grand-angle.lavenir.net\/debrief\/wp-json\/wp\/v2\/types\/page"}],"author":[{"embeddable":true,"href":"https:\/\/grand-angle.lavenir.net\/debrief\/wp-json\/wp\/v2\/users\/1"}],"replies":[{"embeddable":true,"href":"https:\/\/grand-angle.lavenir.net\/debrief\/wp-json\/wp\/v2\/comments?post=398"}],"version-history":[{"count":0,"href":"https:\/\/grand-angle.lavenir.net\/debrief\/wp-json\/wp\/v2\/pages\/398\/revisions"}],"wp:featuredmedia":[{"embeddable":true,"href":"https:\/\/grand-angle.lavenir.net\/debrief\/wp-json\/wp\/v2\/media\/399"}],"wp:attachment":[{"href":"https:\/\/grand-angle.lavenir.net\/debrief\/wp-json\/wp\/v2\/media?parent=398"}],"curies":[{"name":"wp","href":"https:\/\/api.w.org\/{rel}","templated":true}]}}