{"id":390,"date":"2022-05-27T10:08:18","date_gmt":"2022-05-27T08:08:18","guid":{"rendered":"https:\/\/grand-angle.lavenir.net\/debrief\/?page_id=390"},"modified":"2022-05-27T10:09:08","modified_gmt":"2022-05-27T08:09:08","slug":"le-debrief-de-mai-2022-un-nouveau-virus-emmanuel-macron-reelu-les-suites-de-la-guerre-en-ukraine-bruges-champion-de-belgique","status":"publish","type":"page","link":"https:\/\/grand-angle.lavenir.net\/debrief\/le-debrief-de-mai-2022-un-nouveau-virus-emmanuel-macron-reelu-les-suites-de-la-guerre-en-ukraine-bruges-champion-de-belgique\/","title":{"rendered":"Le d\u00e9brief de mai 2022: Un nouveau virus, Emmanuel Macron r\u00e9\u00e9lu, les suites de la guerre en Ukraine, Bruges champion de Belgique"},"content":{"rendered":"<p><div class=\"fusion-fullwidth fullwidth-box fusion-builder-row-1 hundred-percent-fullwidth non-hundred-percent-height-scrolling\" style=\"--awb-border-radius-top-left:0px;--awb-border-radius-top-right:0px;--awb-border-radius-bottom-right:0px;--awb-border-radius-bottom-left:0px;--awb-flex-wrap:wrap;\" ><div class=\"fusion-builder-row fusion-row\"><div class=\"fusion-layout-column fusion_builder_column fusion-builder-column-0 fusion_builder_column_1_1 1_1 fusion-one-full fusion-column-first fusion-column-last\" style=\"--awb-bg-size:cover;\"><div class=\"fusion-column-wrapper fusion-column-has-shadow fusion-flex-column-wrapper-legacy\"><div class=\"fusion-sharing-box fusion-sharing-box-1 boxed-icons has-taglines layout-floated layout-medium-floated layout-small-stacked\" style=\"background-color:#f2f2f2;--awb-separator-border-sizes:0px;--awb-layout:row;--awb-alignment-small:space-between;--awb-stacked-align-small:center;\" data-title=\"Le d\u00e9brief de mai 2022: Un nouveau virus, Emmanuel Macron r\u00e9\u00e9lu, les suites de la guerre en Ukraine, Bruges champion de Belgique\" data-description=\"Le D\u00e9brief du mois de mai 2022 \r\n- Le d\u00e9brief du mois d&#039;avril 2022 - \r\nUn nouveau virus, Emmanuel Macron r\u00e9\u00e9lu, les suites de la guerre en Ukraine, Bruges champion de Belgique : la r\u00e9daction a s\u00e9lectionn\u00e9 les informations du mois de mai dans l\u2019actualit\u00e9 internationale,\" data-link=\"https:\/\/grand-angle.lavenir.net\/debrief\/le-debrief-de-mai-2022-un-nouveau-virus-emmanuel-macron-reelu-les-suites-de-la-guerre-en-ukraine-bruges-champion-de-belgique\/\"><div class=\"fusion-social-networks sharingbox-shortcode-icon-wrapper sharingbox-shortcode-icon-wrapper-1 boxed-icons\"><span><a href=\"https:\/\/www.facebook.com\/sharer.php?u=https%3A%2F%2Fgrand-angle.lavenir.net%2Fdebrief%2Fle-debrief-de-mai-2022-un-nouveau-virus-emmanuel-macron-reelu-les-suites-de-la-guerre-en-ukraine-bruges-champion-de-belgique%2F&amp;t=Le%20d%C3%A9brief%20de%20mai%202022%3A%20Un%20nouveau%20virus%2C%20Emmanuel%20Macron%20r%C3%A9%C3%A9lu%2C%20les%20suites%20de%20la%20guerre%20en%20Ukraine%2C%20Bruges%20champion%20de%20Belgique\" target=\"_blank\" rel=\"noreferrer\" title=\"Facebook\" aria-label=\"Facebook\" data-placement=\"top\" data-toggle=\"tooltip\" data-title=\"Facebook\"><i class=\"fusion-social-network-icon fusion-tooltip fusion-facebook awb-icon-facebook\" style=\"color:#ffffff;background-color:#3b5998;border-color:#3b5998;border-radius:50%;\" aria-hidden=\"true\"><\/i><\/a><\/span><span><a href=\"https:\/\/x.com\/intent\/post?text=Le%20d%C3%A9brief%20de%20mai%202022%3A%20Un%20nouveau%20virus%2C%20Emmanuel%20Macron%20r%C3%A9%C3%A9lu%2C%20les%20suites%20de%20la%20guerre%20en%20Ukraine%2C%20Bruges%20champion%20de%20Belgique&amp;url=https%3A%2F%2Fgrand-angle.lavenir.net%2Fdebrief%2Fle-debrief-de-mai-2022-un-nouveau-virus-emmanuel-macron-reelu-les-suites-de-la-guerre-en-ukraine-bruges-champion-de-belgique%2F\" target=\"_blank\" rel=\"noopener noreferrer\" title=\"X\" aria-label=\"X\" data-placement=\"top\" data-toggle=\"tooltip\" data-title=\"X\"><i class=\"fusion-social-network-icon fusion-tooltip fusion-twitter awb-icon-twitter\" style=\"color:#ffffff;background-color:#000000;border-color:#000000;border-radius:50%;\" aria-hidden=\"true\"><\/i><\/a><\/span><\/div><\/div><div class=\"fusion-text fusion-text-1\"><h1 style=\"text-align: center;\">Le D\u00e9brief du mois de mai 2022<\/h1>\n<\/div><div class=\"fusion-text fusion-text-2\"><p style=\"text-align: center;\">&#8211; <a href=\"https:\/\/grand-angle.lavenir.net\/debrief\/le-debrief-du-mois-d-avril-2022\/\" target=\"_blank\" rel=\"noopener noreferrer\">Le d\u00e9brief du mois d&rsquo;avril 2022<\/a> &#8211;<\/p>\n<\/div><div class=\"fusion-text fusion-text-3\"><div>Un nouveau virus, Emmanuel Macron r\u00e9\u00e9lu, les suites de la guerre en Ukraine, Bruges champion de Belgique : la r\u00e9daction a s\u00e9lectionn\u00e9 les informations du mois de mai dans l\u2019actualit\u00e9 internationale, belge, sportive et r\u00e9gionale.<\/div>\n<\/div><div class=\"fusion-clearfix\"><\/div><\/div><\/div><\/div><\/div><div class=\"fusion-fullwidth fullwidth-box fusion-builder-row-2 hundred-percent-fullwidth non-hundred-percent-height-scrolling fusion-no-small-visibility fusion-no-medium-visibility\" style=\"--awb-border-radius-top-left:0px;--awb-border-radius-top-right:0px;--awb-border-radius-bottom-right:0px;--awb-border-radius-bottom-left:0px;--awb-flex-wrap:wrap;\" ><div class=\"fusion-builder-row fusion-row\"><div class=\"fusion-layout-column fusion_builder_column fusion-builder-column-1 fusion_builder_column_1_1 1_1 fusion-one-full fusion-column-first fusion-column-last\" style=\"--awb-bg-size:cover;\"><div class=\"fusion-column-wrapper fusion-column-has-shadow fusion-flex-column-wrapper-legacy\"><div class=\"flourish-embed flourish-cards\" data-src=\"visualisation\/10118105\"><script src=\"https:\/\/public.flourish.studio\/resources\/embed.js\"><\/script><\/div><div class=\"fusion-clearfix\"><\/div><\/div><\/div><\/div><\/div><div class=\"fusion-fullwidth fullwidth-box fusion-builder-row-3 hundred-percent-fullwidth non-hundred-percent-height-scrolling fusion-no-large-visibility\" style=\"--awb-border-radius-top-left:0px;--awb-border-radius-top-right:0px;--awb-border-radius-bottom-right:0px;--awb-border-radius-bottom-left:0px;--awb-flex-wrap:wrap;\" ><div class=\"fusion-builder-row fusion-row\"><div class=\"fusion-layout-column fusion_builder_column fusion-builder-column-2 fusion_builder_column_1_1 1_1 fusion-one-full fusion-column-first fusion-column-last\" style=\"--awb-bg-size:cover;\"><div class=\"fusion-column-wrapper fusion-column-has-shadow fusion-flex-column-wrapper-legacy\"><div class=\"flourish-embed flourish-cards\" data-src=\"visualisation\/10118096\"><script src=\"https:\/\/public.flourish.studio\/resources\/embed.js\"><\/script><\/div><div class=\"fusion-clearfix\"><\/div><\/div><\/div><\/div><\/div><\/p>\n","protected":false},"excerpt":{"rendered":"","protected":false},"author":1,"featured_media":391,"parent":0,"menu_order":0,"comment_status":"closed","ping_status":"closed","template":"100-width.php","meta":{"footnotes":""},"class_list":["post-390","page","type-page","status-publish","has-post-thumbnail","hentry"],"yoast_head":"<!-- This site is optimized with the Yoast SEO plugin v27.1.1 - https:\/\/yoast.com\/product\/yoast-seo-wordpress\/ -->\n<title>Le d\u00e9brief de mai 2022: Un nouveau virus, Emmanuel Macron r\u00e9\u00e9lu, les suites de la guerre en Ukraine, Bruges champion de Belgique<\/title>\n<meta name=\"description\" content=\"La mort au carnaval, de l\u2019or pour la Belgique, le nucl\u00e9aire prolong\u00e9 et le d\u00e9c\u00e8s d\u2019un pr\u00e9sentateur vedette\" \/>\n<meta name=\"robots\" content=\"index, follow, max-snippet:-1, max-image-preview:large, max-video-preview:-1\" \/>\n<link rel=\"canonical\" href=\"https:\/\/grand-angle.lavenir.net\/debrief\/le-debrief-de-mai-2022-un-nouveau-virus-emmanuel-macron-reelu-les-suites-de-la-guerre-en-ukraine-bruges-champion-de-belgique\/\" \/>\n<meta property=\"og:locale\" content=\"fr_FR\" \/>\n<meta property=\"og:type\" content=\"article\" \/>\n<meta property=\"og:title\" content=\"Le d\u00e9brief de mai 2022: Un nouveau virus, Emmanuel Macron r\u00e9\u00e9lu, les suites de la guerre en Ukraine, Bruges champion de Belgique\" \/>\n<meta property=\"og:description\" content=\"Les Belges sont orphelins d\u2019Arno, Macron r\u00e9\u00e9lu pr\u00e9sident de la France, Remco Evenepoel remporte Li\u00e8ge-Bastogne-Li\u00e8ge\u2026 la r\u00e9daction a s\u00e9lectionn\u00e9 les informations du mois d\u2019avril dans l\u2019actualit\u00e9 internationale, belge, sportive et r\u00e9gionale.\" \/>\n<meta property=\"og:url\" content=\"https:\/\/grand-angle.lavenir.net\/debrief\/le-debrief-de-mai-2022-un-nouveau-virus-emmanuel-macron-reelu-les-suites-de-la-guerre-en-ukraine-bruges-champion-de-belgique\/\" \/>\n<meta property=\"og:site_name\" content=\"Le D\u00e9brief du mois\" \/>\n<meta property=\"article:modified_time\" content=\"2022-05-27T08:09:08+00:00\" \/>\n<meta property=\"og:image\" content=\"https:\/\/grand-angle.lavenir.net\/debrief\/wp-content\/uploads\/sites\/100\/2022\/04\/DEBRIEF-AVRIL.jpg\" \/>\n\t<meta property=\"og:image:width\" content=\"996\" \/>\n\t<meta property=\"og:image:height\" content=\"500\" \/>\n\t<meta property=\"og:image:type\" content=\"image\/jpeg\" \/>\n<meta name=\"twitter:card\" content=\"summary_large_image\" \/>\n<meta name=\"twitter:title\" content=\"Le d\u00e9brief de mai 2022: Un nouveau virus, Emmanuel Macron r\u00e9\u00e9lu, les suites de la guerre en Ukraine, Bruges champion de Belgique\" \/>\n<meta name=\"twitter:description\" content=\"Les Belges sont orphelins d\u2019Arno, Macron r\u00e9\u00e9lu pr\u00e9sident de la France, Remco Evenepoel remporte Li\u00e8ge-Bastogne-Li\u00e8ge\u2026 la r\u00e9daction a s\u00e9lectionn\u00e9 les informations du mois d\u2019avril dans l\u2019actualit\u00e9 internationale, belge, sportive et r\u00e9gionale.\" \/>\n<meta name=\"twitter:image\" content=\"https:\/\/grand-angle.lavenir.net\/debrief\/wp-content\/uploads\/sites\/100\/2022\/04\/DEBRIEF-AVRIL.jpg\" \/>\n<meta name=\"twitter:label1\" content=\"Dur\u00e9e de lecture est.\" \/>\n\t<meta name=\"twitter:data1\" content=\"4 minutes\" \/>\n<script type=\"application\/ld+json\" class=\"yoast-schema-graph\">{\"@context\":\"https:\/\/schema.org\",\"@graph\":[{\"@type\":\"WebPage\",\"@id\":\"https:\/\/grand-angle.lavenir.net\/debrief\/le-debrief-de-mai-2022-un-nouveau-virus-emmanuel-macron-reelu-les-suites-de-la-guerre-en-ukraine-bruges-champion-de-belgique\/\",\"url\":\"https:\/\/grand-angle.lavenir.net\/debrief\/le-debrief-de-mai-2022-un-nouveau-virus-emmanuel-macron-reelu-les-suites-de-la-guerre-en-ukraine-bruges-champion-de-belgique\/\",\"name\":\"Le d\u00e9brief de mai 2022: Un nouveau virus, Emmanuel Macron r\u00e9\u00e9lu, les suites de la guerre en Ukraine, Bruges champion de Belgique\",\"isPartOf\":{\"@id\":\"https:\/\/grand-angle.lavenir.net\/debrief\/#website\"},\"primaryImageOfPage\":{\"@id\":\"https:\/\/grand-angle.lavenir.net\/debrief\/le-debrief-de-mai-2022-un-nouveau-virus-emmanuel-macron-reelu-les-suites-de-la-guerre-en-ukraine-bruges-champion-de-belgique\/#primaryimage\"},\"image\":{\"@id\":\"https:\/\/grand-angle.lavenir.net\/debrief\/le-debrief-de-mai-2022-un-nouveau-virus-emmanuel-macron-reelu-les-suites-de-la-guerre-en-ukraine-bruges-champion-de-belgique\/#primaryimage\"},\"thumbnailUrl\":\"https:\/\/grand-angle.lavenir.net\/debrief\/wp-content\/uploads\/sites\/100\/2022\/05\/debrief-avril-2022.jpg\",\"datePublished\":\"2022-05-27T08:08:18+00:00\",\"dateModified\":\"2022-05-27T08:09:08+00:00\",\"description\":\"La mort au carnaval, de l\u2019or pour la Belgique, le nucl\u00e9aire prolong\u00e9 et le d\u00e9c\u00e8s d\u2019un pr\u00e9sentateur vedette\",\"breadcrumb\":{\"@id\":\"https:\/\/grand-angle.lavenir.net\/debrief\/le-debrief-de-mai-2022-un-nouveau-virus-emmanuel-macron-reelu-les-suites-de-la-guerre-en-ukraine-bruges-champion-de-belgique\/#breadcrumb\"},\"inLanguage\":\"fr-BE\",\"potentialAction\":[{\"@type\":\"ReadAction\",\"target\":[\"https:\/\/grand-angle.lavenir.net\/debrief\/le-debrief-de-mai-2022-un-nouveau-virus-emmanuel-macron-reelu-les-suites-de-la-guerre-en-ukraine-bruges-champion-de-belgique\/\"]}]},{\"@type\":\"ImageObject\",\"inLanguage\":\"fr-BE\",\"@id\":\"https:\/\/grand-angle.lavenir.net\/debrief\/le-debrief-de-mai-2022-un-nouveau-virus-emmanuel-macron-reelu-les-suites-de-la-guerre-en-ukraine-bruges-champion-de-belgique\/#primaryimage\",\"url\":\"https:\/\/grand-angle.lavenir.net\/debrief\/wp-content\/uploads\/sites\/100\/2022\/05\/debrief-avril-2022.jpg\",\"contentUrl\":\"https:\/\/grand-angle.lavenir.net\/debrief\/wp-content\/uploads\/sites\/100\/2022\/05\/debrief-avril-2022.jpg\",\"width\":996,\"height\":500},{\"@type\":\"BreadcrumbList\",\"@id\":\"https:\/\/grand-angle.lavenir.net\/debrief\/le-debrief-de-mai-2022-un-nouveau-virus-emmanuel-macron-reelu-les-suites-de-la-guerre-en-ukraine-bruges-champion-de-belgique\/#breadcrumb\",\"itemListElement\":[{\"@type\":\"ListItem\",\"position\":1,\"name\":\"Home\",\"item\":\"https:\/\/grand-angle.lavenir.net\/debrief\/\"},{\"@type\":\"ListItem\",\"position\":2,\"name\":\"Le d\u00e9brief de mai 2022: Un nouveau virus, Emmanuel Macron r\u00e9\u00e9lu, les suites de la guerre en Ukraine, Bruges champion de Belgique\"}]},{\"@type\":\"WebSite\",\"@id\":\"https:\/\/grand-angle.lavenir.net\/debrief\/#website\",\"url\":\"https:\/\/grand-angle.lavenir.net\/debrief\/\",\"name\":\"Le D\u00e9brief du mois\",\"description\":\"\",\"potentialAction\":[{\"@type\":\"SearchAction\",\"target\":{\"@type\":\"EntryPoint\",\"urlTemplate\":\"https:\/\/grand-angle.lavenir.net\/debrief\/?s={search_term_string}\"},\"query-input\":{\"@type\":\"PropertyValueSpecification\",\"valueRequired\":true,\"valueName\":\"search_term_string\"}}],\"inLanguage\":\"fr-BE\"}]}<\/script>\n<!-- \/ Yoast SEO plugin. -->","yoast_head_json":{"title":"Le d\u00e9brief de mai 2022: Un nouveau virus, Emmanuel Macron r\u00e9\u00e9lu, les suites de la guerre en Ukraine, Bruges champion de Belgique","description":"La mort au carnaval, de l\u2019or pour la Belgique, le nucl\u00e9aire prolong\u00e9 et le d\u00e9c\u00e8s d\u2019un pr\u00e9sentateur vedette","robots":{"index":"index","follow":"follow","max-snippet":"max-snippet:-1","max-image-preview":"max-image-preview:large","max-video-preview":"max-video-preview:-1"},"canonical":"https:\/\/grand-angle.lavenir.net\/debrief\/le-debrief-de-mai-2022-un-nouveau-virus-emmanuel-macron-reelu-les-suites-de-la-guerre-en-ukraine-bruges-champion-de-belgique\/","og_locale":"fr_FR","og_type":"article","og_title":"Le d\u00e9brief de mai 2022: Un nouveau virus, Emmanuel Macron r\u00e9\u00e9lu, les suites de la guerre en Ukraine, Bruges champion de Belgique","og_description":"Les Belges sont orphelins d\u2019Arno, Macron r\u00e9\u00e9lu pr\u00e9sident de la France, Remco Evenepoel remporte Li\u00e8ge-Bastogne-Li\u00e8ge\u2026 la r\u00e9daction a s\u00e9lectionn\u00e9 les informations du mois d\u2019avril dans l\u2019actualit\u00e9 internationale, belge, sportive et r\u00e9gionale.","og_url":"https:\/\/grand-angle.lavenir.net\/debrief\/le-debrief-de-mai-2022-un-nouveau-virus-emmanuel-macron-reelu-les-suites-de-la-guerre-en-ukraine-bruges-champion-de-belgique\/","og_site_name":"Le D\u00e9brief du mois","article_modified_time":"2022-05-27T08:09:08+00:00","og_image":[{"width":996,"height":500,"url":"https:\/\/grand-angle.lavenir.net\/debrief\/wp-content\/uploads\/sites\/100\/2022\/04\/DEBRIEF-AVRIL.jpg","type":"image\/jpeg"}],"twitter_card":"summary_large_image","twitter_title":"Le d\u00e9brief de mai 2022: Un nouveau virus, Emmanuel Macron r\u00e9\u00e9lu, les suites de la guerre en Ukraine, Bruges champion de Belgique","twitter_description":"Les Belges sont orphelins d\u2019Arno, Macron r\u00e9\u00e9lu pr\u00e9sident de la France, Remco Evenepoel remporte Li\u00e8ge-Bastogne-Li\u00e8ge\u2026 la r\u00e9daction a s\u00e9lectionn\u00e9 les informations du mois d\u2019avril dans l\u2019actualit\u00e9 internationale, belge, sportive et r\u00e9gionale.","twitter_image":"https:\/\/grand-angle.lavenir.net\/debrief\/wp-content\/uploads\/sites\/100\/2022\/04\/DEBRIEF-AVRIL.jpg","twitter_misc":{"Dur\u00e9e de lecture est.":"4 minutes"},"schema":{"@context":"https:\/\/schema.org","@graph":[{"@type":"WebPage","@id":"https:\/\/grand-angle.lavenir.net\/debrief\/le-debrief-de-mai-2022-un-nouveau-virus-emmanuel-macron-reelu-les-suites-de-la-guerre-en-ukraine-bruges-champion-de-belgique\/","url":"https:\/\/grand-angle.lavenir.net\/debrief\/le-debrief-de-mai-2022-un-nouveau-virus-emmanuel-macron-reelu-les-suites-de-la-guerre-en-ukraine-bruges-champion-de-belgique\/","name":"Le d\u00e9brief de mai 2022: Un nouveau virus, Emmanuel Macron r\u00e9\u00e9lu, les suites de la guerre en Ukraine, Bruges champion de Belgique","isPartOf":{"@id":"https:\/\/grand-angle.lavenir.net\/debrief\/#website"},"primaryImageOfPage":{"@id":"https:\/\/grand-angle.lavenir.net\/debrief\/le-debrief-de-mai-2022-un-nouveau-virus-emmanuel-macron-reelu-les-suites-de-la-guerre-en-ukraine-bruges-champion-de-belgique\/#primaryimage"},"image":{"@id":"https:\/\/grand-angle.lavenir.net\/debrief\/le-debrief-de-mai-2022-un-nouveau-virus-emmanuel-macron-reelu-les-suites-de-la-guerre-en-ukraine-bruges-champion-de-belgique\/#primaryimage"},"thumbnailUrl":"https:\/\/grand-angle.lavenir.net\/debrief\/wp-content\/uploads\/sites\/100\/2022\/05\/debrief-avril-2022.jpg","datePublished":"2022-05-27T08:08:18+00:00","dateModified":"2022-05-27T08:09:08+00:00","description":"La mort au carnaval, de l\u2019or pour la Belgique, le nucl\u00e9aire prolong\u00e9 et le d\u00e9c\u00e8s d\u2019un pr\u00e9sentateur vedette","breadcrumb":{"@id":"https:\/\/grand-angle.lavenir.net\/debrief\/le-debrief-de-mai-2022-un-nouveau-virus-emmanuel-macron-reelu-les-suites-de-la-guerre-en-ukraine-bruges-champion-de-belgique\/#breadcrumb"},"inLanguage":"fr-BE","potentialAction":[{"@type":"ReadAction","target":["https:\/\/grand-angle.lavenir.net\/debrief\/le-debrief-de-mai-2022-un-nouveau-virus-emmanuel-macron-reelu-les-suites-de-la-guerre-en-ukraine-bruges-champion-de-belgique\/"]}]},{"@type":"ImageObject","inLanguage":"fr-BE","@id":"https:\/\/grand-angle.lavenir.net\/debrief\/le-debrief-de-mai-2022-un-nouveau-virus-emmanuel-macron-reelu-les-suites-de-la-guerre-en-ukraine-bruges-champion-de-belgique\/#primaryimage","url":"https:\/\/grand-angle.lavenir.net\/debrief\/wp-content\/uploads\/sites\/100\/2022\/05\/debrief-avril-2022.jpg","contentUrl":"https:\/\/grand-angle.lavenir.net\/debrief\/wp-content\/uploads\/sites\/100\/2022\/05\/debrief-avril-2022.jpg","width":996,"height":500},{"@type":"BreadcrumbList","@id":"https:\/\/grand-angle.lavenir.net\/debrief\/le-debrief-de-mai-2022-un-nouveau-virus-emmanuel-macron-reelu-les-suites-de-la-guerre-en-ukraine-bruges-champion-de-belgique\/#breadcrumb","itemListElement":[{"@type":"ListItem","position":1,"name":"Home","item":"https:\/\/grand-angle.lavenir.net\/debrief\/"},{"@type":"ListItem","position":2,"name":"Le d\u00e9brief de mai 2022: Un nouveau virus, Emmanuel Macron r\u00e9\u00e9lu, les suites de la guerre en Ukraine, Bruges champion de Belgique"}]},{"@type":"WebSite","@id":"https:\/\/grand-angle.lavenir.net\/debrief\/#website","url":"https:\/\/grand-angle.lavenir.net\/debrief\/","name":"Le D\u00e9brief du mois","description":"","potentialAction":[{"@type":"SearchAction","target":{"@type":"EntryPoint","urlTemplate":"https:\/\/grand-angle.lavenir.net\/debrief\/?s={search_term_string}"},"query-input":{"@type":"PropertyValueSpecification","valueRequired":true,"valueName":"search_term_string"}}],"inLanguage":"fr-BE"}]}},"_links":{"self":[{"href":"https:\/\/grand-angle.lavenir.net\/debrief\/wp-json\/wp\/v2\/pages\/390","targetHints":{"allow":["GET"]}}],"collection":[{"href":"https:\/\/grand-angle.lavenir.net\/debrief\/wp-json\/wp\/v2\/pages"}],"about":[{"href":"https:\/\/grand-angle.lavenir.net\/debrief\/wp-json\/wp\/v2\/types\/page"}],"author":[{"embeddable":true,"href":"https:\/\/grand-angle.lavenir.net\/debrief\/wp-json\/wp\/v2\/users\/1"}],"replies":[{"embeddable":true,"href":"https:\/\/grand-angle.lavenir.net\/debrief\/wp-json\/wp\/v2\/comments?post=390"}],"version-history":[{"count":0,"href":"https:\/\/grand-angle.lavenir.net\/debrief\/wp-json\/wp\/v2\/pages\/390\/revisions"}],"wp:featuredmedia":[{"embeddable":true,"href":"https:\/\/grand-angle.lavenir.net\/debrief\/wp-json\/wp\/v2\/media\/391"}],"wp:attachment":[{"href":"https:\/\/grand-angle.lavenir.net\/debrief\/wp-json\/wp\/v2\/media?parent=390"}],"curies":[{"name":"wp","href":"https:\/\/api.w.org\/{rel}","templated":true}]}}