{"id":331,"date":"2020-11-30T13:37:28","date_gmt":"2020-11-30T12:37:28","guid":{"rendered":"https:\/\/grand-angle.lavenir.net\/debrief\/?page_id=331"},"modified":"2020-11-30T13:47:36","modified_gmt":"2020-11-30T12:47:36","slug":"le-debrief-du-mois-novembre-2020","status":"publish","type":"page","link":"https:\/\/grand-angle.lavenir.net\/debrief\/le-debrief-du-mois-novembre-2020\/","title":{"rendered":"Le d\u00e9brief du mois de novembre 2020"},"content":{"rendered":"<p><div class=\"fusion-fullwidth fullwidth-box fusion-builder-row-1 nonhundred-percent-fullwidth non-hundred-percent-height-scrolling\" style=\"--awb-border-radius-top-left:0px;--awb-border-radius-top-right:0px;--awb-border-radius-bottom-right:0px;--awb-border-radius-bottom-left:0px;--awb-flex-wrap:wrap;\" ><div class=\"fusion-builder-row fusion-row\"><div class=\"fusion-layout-column fusion_builder_column fusion-builder-column-0 fusion_builder_column_1_1 1_1 fusion-one-full fusion-column-first fusion-column-last\" style=\"--awb-bg-size:cover;\"><div class=\"fusion-column-wrapper fusion-column-has-shadow fusion-flex-column-wrapper-legacy\"><div class=\"fusion-sharing-box fusion-sharing-box-1 boxed-icons has-taglines layout-floated layout-medium-floated layout-small-floated\" style=\"background-color:#f2f2f2;--awb-layout:row;--awb-alignment-small:space-between;\" data-title=\"Le d\u00e9brief du mois d\u2019octobre : retour en force du Covid-19, fin de la saga Bo\u00ebl et nouveau gouvernement De Croo\" data-description=\"Le mois d\u2019octobre a \u00e9t\u00e9 marqu\u00e9 par le retour en force du coronavirus en Europe, la fin de la saga Delphine Bo\u00ebl, une d\u00e9faite des Diables rouges et la mise en route du gouvernement De Croo.\" data-link=\"https:\/\/grand-angle.lavenir.net\/debrief\/le-debrief-du-mois-d-octobre-2020\/\"><div class=\"fusion-social-networks sharingbox-shortcode-icon-wrapper sharingbox-shortcode-icon-wrapper-1 boxed-icons\"><span><a href=\"https:\/\/www.facebook.com\/sharer.php?u=https%3A%2F%2Fgrand-angle.lavenir.net%2Fdebrief%2Fle-debrief-du-mois-d-octobre-2020%2F&amp;t=Le%20d%C3%A9brief%20du%20mois%20d%E2%80%99octobre%20%3A%20retour%20en%20force%20du%20Covid-19%2C%20fin%20de%20la%20saga%20Bo%C3%ABl%20et%20nouveau%20gouvernement%20De%20Croo\" target=\"_blank\" rel=\"noreferrer\" title=\"Facebook\" aria-label=\"Facebook\" data-placement=\"top\" data-toggle=\"tooltip\" data-title=\"Facebook\"><i class=\"fusion-social-network-icon fusion-tooltip fusion-facebook awb-icon-facebook\" style=\"color:#ffffff;background-color:#3b5998;border-color:#3b5998;border-radius:50%;\" aria-hidden=\"true\"><\/i><\/a><\/span><span><a href=\"https:\/\/x.com\/intent\/post?text=Le%20d%C3%A9brief%20du%20mois%20d%E2%80%99octobre%20%3A%20retour%20en%20force%20du%20Covid-19%2C%20fin%20de%20la%20saga%20Bo%C3%ABl%20et%20nouveau%20gouvernement%20De%20Croo&amp;url=https%3A%2F%2Fgrand-angle.lavenir.net%2Fdebrief%2Fle-debrief-du-mois-d-octobre-2020%2F\" target=\"_blank\" rel=\"noopener noreferrer\" title=\"X\" aria-label=\"X\" data-placement=\"top\" data-toggle=\"tooltip\" data-title=\"X\"><i class=\"fusion-social-network-icon fusion-tooltip fusion-twitter awb-icon-twitter\" style=\"color:#ffffff;background-color:#000000;border-color:#000000;border-radius:50%;\" aria-hidden=\"true\"><\/i><\/a><\/span><\/div><\/div><div class=\"fusion-text fusion-text-1\"><h1 style=\"text-align: center; font-size: 40px!important;\">Le D\u00e9brief du mois de novembre 2020<\/h1>\n<\/div><div class=\"fusion-text fusion-text-2\"><p style=\"text-align: center;\">&#8211; <a href=\"https:\/\/grand-angle.lavenir.net\/debrief\/le-debrief-du-mois-d-octobre\/\" target=\"_blank\" rel=\"noopener noreferrer\">Le d\u00e9brief du mois d&rsquo;octobre 2020<\/a> &#8211;<\/p>\n<\/div><div class=\"fusion-clearfix\"><\/div><\/div><\/div><\/div><\/div><div class=\"fusion-fullwidth fullwidth-box fusion-builder-row-2 hundred-percent-fullwidth non-hundred-percent-height-scrolling fusion-no-small-visibility fusion-no-medium-visibility\" style=\"--awb-border-radius-top-left:0px;--awb-border-radius-top-right:0px;--awb-border-radius-bottom-right:0px;--awb-border-radius-bottom-left:0px;--awb-flex-wrap:wrap;\" ><div class=\"fusion-builder-row fusion-row\"><div class=\"fusion-layout-column fusion_builder_column fusion-builder-column-1 fusion_builder_column_1_1 1_1 fusion-one-full fusion-column-first fusion-column-last\" style=\"--awb-bg-size:cover;\"><div class=\"fusion-column-wrapper fusion-column-has-shadow fusion-flex-column-wrapper-legacy\"><div class=\"flourish-embed flourish-cards\" data-src=\"visualisation\/4512726\"><script src=\"https:\/\/public.flourish.studio\/resources\/embed.js\"><\/script><\/div><div class=\"fusion-clearfix\"><\/div><\/div><\/div><\/div><\/div><div class=\"fusion-fullwidth fullwidth-box fusion-builder-row-3 hundred-percent-fullwidth non-hundred-percent-height-scrolling fusion-no-large-visibility\" style=\"--awb-border-radius-top-left:0px;--awb-border-radius-top-right:0px;--awb-border-radius-bottom-right:0px;--awb-border-radius-bottom-left:0px;--awb-flex-wrap:wrap;\" ><div class=\"fusion-builder-row fusion-row\"><div class=\"fusion-layout-column fusion_builder_column fusion-builder-column-2 fusion_builder_column_1_1 1_1 fusion-one-full fusion-column-first fusion-column-last\" style=\"--awb-bg-size:cover;\"><div class=\"fusion-column-wrapper fusion-column-has-shadow fusion-flex-column-wrapper-legacy\"><div class=\"flourish-embed flourish-cards\" data-src=\"visualisation\/4512521\"><script src=\"https:\/\/public.flourish.studio\/resources\/embed.js\"><\/script><\/div><div class=\"fusion-clearfix\"><\/div><\/div><\/div><\/div><\/div><\/p>\n","protected":false},"excerpt":{"rendered":"","protected":false},"author":1,"featured_media":332,"parent":0,"menu_order":0,"comment_status":"closed","ping_status":"closed","template":"100-width.php","meta":{"footnotes":""},"class_list":["post-331","page","type-page","status-publish","has-post-thumbnail","hentry"],"yoast_head":"<!-- This site is optimized with the Yoast SEO plugin v27.1.1 - https:\/\/yoast.com\/product\/yoast-seo-wordpress\/ -->\n<title>Le d\u00e9brief du mois de novembre 2020<\/title>\n<meta name=\"description\" content=\"Entre la victoire de Joe Biden \u00e0 la pr\u00e9sidentielle am\u00e9ricaine, la d\u00e9couverte de plusieurs vaccins efficaces contre le Covid, la qualification des Diables rouges pour le Final 4 de la Nations League ou encore la mort de Diego Maradona, retour sur un mois de novembre charg\u00e9.\" \/>\n<meta name=\"robots\" content=\"index, follow, max-snippet:-1, max-image-preview:large, max-video-preview:-1\" \/>\n<link rel=\"canonical\" href=\"https:\/\/grand-angle.lavenir.net\/debrief\/le-debrief-du-mois-novembre-2020\/\" \/>\n<meta property=\"og:locale\" content=\"fr_FR\" \/>\n<meta property=\"og:type\" content=\"article\" \/>\n<meta property=\"og:title\" content=\"Le d\u00e9brief du mois de novembre\" \/>\n<meta property=\"og:description\" content=\"Entre la victoire de Joe Biden \u00e0 la pr\u00e9sidentielle am\u00e9ricaine, la d\u00e9couverte de plusieurs vaccins efficaces contre le Covid, la qualification des Diables rouges pour le Final 4 de la Nations League ou encore la mort de Diego Maradona, retour sur un mois de novembre charg\u00e9.\" \/>\n<meta property=\"og:url\" content=\"https:\/\/grand-angle.lavenir.net\/debrief\/le-debrief-du-mois-novembre-2020\/\" \/>\n<meta property=\"og:site_name\" content=\"Le D\u00e9brief du mois\" \/>\n<meta property=\"article:modified_time\" content=\"2020-11-30T12:47:36+00:00\" \/>\n<meta property=\"og:image\" content=\"https:\/\/grand-angle.lavenir.net\/debrief\/wp-content\/uploads\/sites\/100\/2020\/11\/partage-novembre.png\" \/>\n\t<meta property=\"og:image:width\" content=\"996\" \/>\n\t<meta property=\"og:image:height\" content=\"500\" \/>\n\t<meta property=\"og:image:type\" content=\"image\/png\" \/>\n<meta name=\"twitter:card\" content=\"summary_large_image\" \/>\n<meta name=\"twitter:title\" content=\"Le d\u00e9brief du mois de novembre\" \/>\n<meta name=\"twitter:description\" content=\"Entre la victoire de Joe Biden \u00e0 la pr\u00e9sidentielle am\u00e9ricaine, la d\u00e9couverte de plusieurs vaccins efficaces contre le Covid, la qualification des Diables rouges pour le Final 4 de la Nations League ou encore la mort de Diego Maradona, retour sur un mois de novembre charg\u00e9.\" \/>\n<meta name=\"twitter:image\" content=\"https:\/\/grand-angle.lavenir.net\/debrief\/wp-content\/uploads\/sites\/100\/2020\/11\/partage-novembre.png\" \/>\n<meta name=\"twitter:label1\" content=\"Dur\u00e9e de lecture est.\" \/>\n\t<meta name=\"twitter:data1\" content=\"8 minutes\" \/>\n<script type=\"application\/ld+json\" class=\"yoast-schema-graph\">{\"@context\":\"https:\/\/schema.org\",\"@graph\":[{\"@type\":\"WebPage\",\"@id\":\"https:\/\/grand-angle.lavenir.net\/debrief\/le-debrief-du-mois-novembre-2020\/\",\"url\":\"https:\/\/grand-angle.lavenir.net\/debrief\/le-debrief-du-mois-novembre-2020\/\",\"name\":\"Le d\u00e9brief du mois de novembre 2020\",\"isPartOf\":{\"@id\":\"https:\/\/grand-angle.lavenir.net\/debrief\/#website\"},\"primaryImageOfPage\":{\"@id\":\"https:\/\/grand-angle.lavenir.net\/debrief\/le-debrief-du-mois-novembre-2020\/#primaryimage\"},\"image\":{\"@id\":\"https:\/\/grand-angle.lavenir.net\/debrief\/le-debrief-du-mois-novembre-2020\/#primaryimage\"},\"thumbnailUrl\":\"https:\/\/grand-angle.lavenir.net\/debrief\/wp-content\/uploads\/sites\/100\/2020\/11\/partage-novembre.png\",\"datePublished\":\"2020-11-30T12:37:28+00:00\",\"dateModified\":\"2020-11-30T12:47:36+00:00\",\"description\":\"Entre la victoire de Joe Biden \u00e0 la pr\u00e9sidentielle am\u00e9ricaine, la d\u00e9couverte de plusieurs vaccins efficaces contre le Covid, la qualification des Diables rouges pour le Final 4 de la Nations League ou encore la mort de Diego Maradona, retour sur un mois de novembre charg\u00e9.\",\"breadcrumb\":{\"@id\":\"https:\/\/grand-angle.lavenir.net\/debrief\/le-debrief-du-mois-novembre-2020\/#breadcrumb\"},\"inLanguage\":\"fr-BE\",\"potentialAction\":[{\"@type\":\"ReadAction\",\"target\":[\"https:\/\/grand-angle.lavenir.net\/debrief\/le-debrief-du-mois-novembre-2020\/\"]}]},{\"@type\":\"ImageObject\",\"inLanguage\":\"fr-BE\",\"@id\":\"https:\/\/grand-angle.lavenir.net\/debrief\/le-debrief-du-mois-novembre-2020\/#primaryimage\",\"url\":\"https:\/\/grand-angle.lavenir.net\/debrief\/wp-content\/uploads\/sites\/100\/2020\/11\/partage-novembre.png\",\"contentUrl\":\"https:\/\/grand-angle.lavenir.net\/debrief\/wp-content\/uploads\/sites\/100\/2020\/11\/partage-novembre.png\",\"width\":996,\"height\":500},{\"@type\":\"BreadcrumbList\",\"@id\":\"https:\/\/grand-angle.lavenir.net\/debrief\/le-debrief-du-mois-novembre-2020\/#breadcrumb\",\"itemListElement\":[{\"@type\":\"ListItem\",\"position\":1,\"name\":\"Home\",\"item\":\"https:\/\/grand-angle.lavenir.net\/debrief\/\"},{\"@type\":\"ListItem\",\"position\":2,\"name\":\"Le d\u00e9brief du mois de novembre 2020\"}]},{\"@type\":\"WebSite\",\"@id\":\"https:\/\/grand-angle.lavenir.net\/debrief\/#website\",\"url\":\"https:\/\/grand-angle.lavenir.net\/debrief\/\",\"name\":\"Le D\u00e9brief du mois\",\"description\":\"\",\"potentialAction\":[{\"@type\":\"SearchAction\",\"target\":{\"@type\":\"EntryPoint\",\"urlTemplate\":\"https:\/\/grand-angle.lavenir.net\/debrief\/?s={search_term_string}\"},\"query-input\":{\"@type\":\"PropertyValueSpecification\",\"valueRequired\":true,\"valueName\":\"search_term_string\"}}],\"inLanguage\":\"fr-BE\"}]}<\/script>\n<!-- \/ Yoast SEO plugin. -->","yoast_head_json":{"title":"Le d\u00e9brief du mois de novembre 2020","description":"Entre la victoire de Joe Biden \u00e0 la pr\u00e9sidentielle am\u00e9ricaine, la d\u00e9couverte de plusieurs vaccins efficaces contre le Covid, la qualification des Diables rouges pour le Final 4 de la Nations League ou encore la mort de Diego Maradona, retour sur un mois de novembre charg\u00e9.","robots":{"index":"index","follow":"follow","max-snippet":"max-snippet:-1","max-image-preview":"max-image-preview:large","max-video-preview":"max-video-preview:-1"},"canonical":"https:\/\/grand-angle.lavenir.net\/debrief\/le-debrief-du-mois-novembre-2020\/","og_locale":"fr_FR","og_type":"article","og_title":"Le d\u00e9brief du mois de novembre","og_description":"Entre la victoire de Joe Biden \u00e0 la pr\u00e9sidentielle am\u00e9ricaine, la d\u00e9couverte de plusieurs vaccins efficaces contre le Covid, la qualification des Diables rouges pour le Final 4 de la Nations League ou encore la mort de Diego Maradona, retour sur un mois de novembre charg\u00e9.","og_url":"https:\/\/grand-angle.lavenir.net\/debrief\/le-debrief-du-mois-novembre-2020\/","og_site_name":"Le D\u00e9brief du mois","article_modified_time":"2020-11-30T12:47:36+00:00","og_image":[{"width":996,"height":500,"url":"https:\/\/grand-angle.lavenir.net\/debrief\/wp-content\/uploads\/sites\/100\/2020\/11\/partage-novembre.png","type":"image\/png"}],"twitter_card":"summary_large_image","twitter_title":"Le d\u00e9brief du mois de novembre","twitter_description":"Entre la victoire de Joe Biden \u00e0 la pr\u00e9sidentielle am\u00e9ricaine, la d\u00e9couverte de plusieurs vaccins efficaces contre le Covid, la qualification des Diables rouges pour le Final 4 de la Nations League ou encore la mort de Diego Maradona, retour sur un mois de novembre charg\u00e9.","twitter_image":"https:\/\/grand-angle.lavenir.net\/debrief\/wp-content\/uploads\/sites\/100\/2020\/11\/partage-novembre.png","twitter_misc":{"Dur\u00e9e de lecture est.":"8 minutes"},"schema":{"@context":"https:\/\/schema.org","@graph":[{"@type":"WebPage","@id":"https:\/\/grand-angle.lavenir.net\/debrief\/le-debrief-du-mois-novembre-2020\/","url":"https:\/\/grand-angle.lavenir.net\/debrief\/le-debrief-du-mois-novembre-2020\/","name":"Le d\u00e9brief du mois de novembre 2020","isPartOf":{"@id":"https:\/\/grand-angle.lavenir.net\/debrief\/#website"},"primaryImageOfPage":{"@id":"https:\/\/grand-angle.lavenir.net\/debrief\/le-debrief-du-mois-novembre-2020\/#primaryimage"},"image":{"@id":"https:\/\/grand-angle.lavenir.net\/debrief\/le-debrief-du-mois-novembre-2020\/#primaryimage"},"thumbnailUrl":"https:\/\/grand-angle.lavenir.net\/debrief\/wp-content\/uploads\/sites\/100\/2020\/11\/partage-novembre.png","datePublished":"2020-11-30T12:37:28+00:00","dateModified":"2020-11-30T12:47:36+00:00","description":"Entre la victoire de Joe Biden \u00e0 la pr\u00e9sidentielle am\u00e9ricaine, la d\u00e9couverte de plusieurs vaccins efficaces contre le Covid, la qualification des Diables rouges pour le Final 4 de la Nations League ou encore la mort de Diego Maradona, retour sur un mois de novembre charg\u00e9.","breadcrumb":{"@id":"https:\/\/grand-angle.lavenir.net\/debrief\/le-debrief-du-mois-novembre-2020\/#breadcrumb"},"inLanguage":"fr-BE","potentialAction":[{"@type":"ReadAction","target":["https:\/\/grand-angle.lavenir.net\/debrief\/le-debrief-du-mois-novembre-2020\/"]}]},{"@type":"ImageObject","inLanguage":"fr-BE","@id":"https:\/\/grand-angle.lavenir.net\/debrief\/le-debrief-du-mois-novembre-2020\/#primaryimage","url":"https:\/\/grand-angle.lavenir.net\/debrief\/wp-content\/uploads\/sites\/100\/2020\/11\/partage-novembre.png","contentUrl":"https:\/\/grand-angle.lavenir.net\/debrief\/wp-content\/uploads\/sites\/100\/2020\/11\/partage-novembre.png","width":996,"height":500},{"@type":"BreadcrumbList","@id":"https:\/\/grand-angle.lavenir.net\/debrief\/le-debrief-du-mois-novembre-2020\/#breadcrumb","itemListElement":[{"@type":"ListItem","position":1,"name":"Home","item":"https:\/\/grand-angle.lavenir.net\/debrief\/"},{"@type":"ListItem","position":2,"name":"Le d\u00e9brief du mois de novembre 2020"}]},{"@type":"WebSite","@id":"https:\/\/grand-angle.lavenir.net\/debrief\/#website","url":"https:\/\/grand-angle.lavenir.net\/debrief\/","name":"Le D\u00e9brief du mois","description":"","potentialAction":[{"@type":"SearchAction","target":{"@type":"EntryPoint","urlTemplate":"https:\/\/grand-angle.lavenir.net\/debrief\/?s={search_term_string}"},"query-input":{"@type":"PropertyValueSpecification","valueRequired":true,"valueName":"search_term_string"}}],"inLanguage":"fr-BE"}]}},"_links":{"self":[{"href":"https:\/\/grand-angle.lavenir.net\/debrief\/wp-json\/wp\/v2\/pages\/331","targetHints":{"allow":["GET"]}}],"collection":[{"href":"https:\/\/grand-angle.lavenir.net\/debrief\/wp-json\/wp\/v2\/pages"}],"about":[{"href":"https:\/\/grand-angle.lavenir.net\/debrief\/wp-json\/wp\/v2\/types\/page"}],"author":[{"embeddable":true,"href":"https:\/\/grand-angle.lavenir.net\/debrief\/wp-json\/wp\/v2\/users\/1"}],"replies":[{"embeddable":true,"href":"https:\/\/grand-angle.lavenir.net\/debrief\/wp-json\/wp\/v2\/comments?post=331"}],"version-history":[{"count":0,"href":"https:\/\/grand-angle.lavenir.net\/debrief\/wp-json\/wp\/v2\/pages\/331\/revisions"}],"wp:featuredmedia":[{"embeddable":true,"href":"https:\/\/grand-angle.lavenir.net\/debrief\/wp-json\/wp\/v2\/media\/332"}],"wp:attachment":[{"href":"https:\/\/grand-angle.lavenir.net\/debrief\/wp-json\/wp\/v2\/media?parent=331"}],"curies":[{"name":"wp","href":"https:\/\/api.w.org\/{rel}","templated":true}]}}