{"id":318,"date":"2020-07-31T11:21:32","date_gmt":"2020-07-31T09:21:32","guid":{"rendered":"https:\/\/grand-angle.lavenir.net\/debrief\/?page_id=318"},"modified":"2020-07-31T16:07:34","modified_gmt":"2020-07-31T14:07:34","slug":"le-debrief-du-mois-de-juillet-2020","status":"publish","type":"page","link":"https:\/\/grand-angle.lavenir.net\/debrief\/le-debrief-du-mois-de-juillet-2020\/","title":{"rendered":"Le d\u00e9brief du mois de juillet 2020"},"content":{"rendered":"<p><div class=\"fusion-fullwidth fullwidth-box fusion-builder-row-1 nonhundred-percent-fullwidth non-hundred-percent-height-scrolling\" style=\"--awb-border-radius-top-left:0px;--awb-border-radius-top-right:0px;--awb-border-radius-bottom-right:0px;--awb-border-radius-bottom-left:0px;--awb-flex-wrap:wrap;\" ><div class=\"fusion-builder-row fusion-row\"><div class=\"fusion-layout-column fusion_builder_column fusion-builder-column-0 fusion_builder_column_1_1 1_1 fusion-one-full fusion-column-first fusion-column-last\" style=\"--awb-bg-size:cover;\"><div class=\"fusion-column-wrapper fusion-column-has-shadow fusion-flex-column-wrapper-legacy\"><div class=\"fusion-sharing-box fusion-sharing-box-1 boxed-icons has-taglines layout-floated layout-medium-floated layout-small-floated\" style=\"background-color:#f2f2f2;--awb-layout:row;--awb-alignment-small:space-between;\" data-title=\"Le d\u00e9brief de juillet\u2009: le duo Magnette-De Wever, \u00e9jection de Targnion, accord chez les Hallyday\" data-description=\"Un mois de juillet particuli\u00e8rement riche en \u00e9v\u00e9nements politiques, sportifs et people. Sans parler du retour du coronavirus sur le devant de la sc\u00e8ne.\" data-link=\"https:\/\/grand-angle.lavenir.net\/debrief\/le-debrief-du-mois-de-juillet-2020\/\"><div class=\"fusion-social-networks sharingbox-shortcode-icon-wrapper sharingbox-shortcode-icon-wrapper-1 boxed-icons\"><span><a href=\"https:\/\/www.facebook.com\/sharer.php?u=https%3A%2F%2Fgrand-angle.lavenir.net%2Fdebrief%2Fle-debrief-du-mois-de-juillet-2020%2F&amp;t=Le%20d%C3%A9brief%20de%20juillet%E2%80%89%3A%20le%20duo%20Magnette-De%20Wever%2C%20%C3%A9jection%20de%20Targnion%2C%20accord%20chez%20les%20Hallyday\" target=\"_blank\" rel=\"noreferrer\" title=\"Facebook\" aria-label=\"Facebook\" data-placement=\"top\" data-toggle=\"tooltip\" data-title=\"Facebook\"><i class=\"fusion-social-network-icon fusion-tooltip fusion-facebook awb-icon-facebook\" style=\"color:#ffffff;background-color:#3b5998;border-color:#3b5998;border-radius:50%;\" aria-hidden=\"true\"><\/i><\/a><\/span><span><a href=\"https:\/\/x.com\/intent\/post?text=Le%20d%C3%A9brief%20de%20juillet%E2%80%89%3A%20le%20duo%20Magnette-De%20Wever%2C%20%C3%A9jection%20de%20Targnion%2C%20accord%20chez%20les%20Hallyday&amp;url=https%3A%2F%2Fgrand-angle.lavenir.net%2Fdebrief%2Fle-debrief-du-mois-de-juillet-2020%2F\" target=\"_blank\" rel=\"noopener noreferrer\" title=\"X\" aria-label=\"X\" data-placement=\"top\" data-toggle=\"tooltip\" data-title=\"X\"><i class=\"fusion-social-network-icon fusion-tooltip fusion-twitter awb-icon-twitter\" style=\"color:#ffffff;background-color:#000000;border-color:#000000;border-radius:50%;\" aria-hidden=\"true\"><\/i><\/a><\/span><\/div><\/div><div class=\"fusion-text fusion-text-1\"><h1 style=\"text-align: center;\">Le D\u00e9brief du mois de juillet 2020<\/h1>\n<\/div><div class=\"fusion-text fusion-text-2\"><p style=\"text-align: center;\">&#8211; <a href=\"https:\/\/grand-angle.lavenir.net\/debrief\/le-debrief-du-mois-de-juin-2020\/\" target=\"_blank\" rel=\"noopener noreferrer\">Le d\u00e9brief du mois de juin 2020<\/a> &#8211;<\/p>\n<\/div><div class=\"fusion-clearfix\"><\/div><\/div><\/div><\/div><\/div><div class=\"fusion-fullwidth fullwidth-box fusion-builder-row-2 hundred-percent-fullwidth non-hundred-percent-height-scrolling fusion-no-small-visibility fusion-no-medium-visibility\" style=\"--awb-border-radius-top-left:0px;--awb-border-radius-top-right:0px;--awb-border-radius-bottom-right:0px;--awb-border-radius-bottom-left:0px;--awb-flex-wrap:wrap;\" ><div class=\"fusion-builder-row fusion-row\"><div class=\"fusion-layout-column fusion_builder_column fusion-builder-column-1 fusion_builder_column_1_1 1_1 fusion-one-full fusion-column-first fusion-column-last\" style=\"--awb-bg-size:cover;\"><div class=\"fusion-column-wrapper fusion-column-has-shadow fusion-flex-column-wrapper-legacy\"><div class=\"flourish-embed flourish-cards\" data-src=\"visualisation\/3344610\" data-url=\"https:\/\/flo.uri.sh\/visualisation\/3344610\/embed\"><script src=\"https:\/\/public.flourish.studio\/resources\/embed.js\"><\/script><\/div><div class=\"fusion-clearfix\"><\/div><\/div><\/div><\/div><\/div><div class=\"fusion-fullwidth fullwidth-box fusion-builder-row-3 hundred-percent-fullwidth non-hundred-percent-height-scrolling fusion-no-large-visibility\" style=\"--awb-border-radius-top-left:0px;--awb-border-radius-top-right:0px;--awb-border-radius-bottom-right:0px;--awb-border-radius-bottom-left:0px;--awb-flex-wrap:wrap;\" ><div class=\"fusion-builder-row fusion-row\"><div class=\"fusion-layout-column fusion_builder_column fusion-builder-column-2 fusion_builder_column_1_1 1_1 fusion-one-full fusion-column-first fusion-column-last\" style=\"--awb-bg-size:cover;\"><div class=\"fusion-column-wrapper fusion-column-has-shadow fusion-flex-column-wrapper-legacy\"><div class=\"flourish-embed flourish-cards\" data-src=\"visualisation\/3344818\" data-url=\"https:\/\/flo.uri.sh\/visualisation\/3344818\/embed\"><script src=\"https:\/\/public.flourish.studio\/resources\/embed.js\"><\/script><\/div><div class=\"fusion-clearfix\"><\/div><\/div><\/div><\/div><\/div><\/p>\n","protected":false},"excerpt":{"rendered":"","protected":false},"author":1,"featured_media":319,"parent":0,"menu_order":0,"comment_status":"closed","ping_status":"closed","template":"100-width.php","meta":{"footnotes":""},"class_list":["post-318","page","type-page","status-publish","has-post-thumbnail","hentry"],"yoast_head":"<!-- This site is optimized with the Yoast SEO plugin v27.1.1 - https:\/\/yoast.com\/product\/yoast-seo-wordpress\/ -->\n<title>Le d\u00e9brief du mois de juillet 2020 - Le D\u00e9brief du mois<\/title>\n<meta name=\"robots\" content=\"index, follow, max-snippet:-1, max-image-preview:large, max-video-preview:-1\" \/>\n<link rel=\"canonical\" href=\"https:\/\/grand-angle.lavenir.net\/debrief\/le-debrief-du-mois-de-juillet-2020\/\" \/>\n<meta property=\"og:locale\" content=\"fr_FR\" \/>\n<meta property=\"og:type\" content=\"article\" \/>\n<meta property=\"og:title\" content=\"Le d\u00e9brief de juillet\u2009: le duo Magnette-De Wever, \u00e9jection de Targnion, accord chez les Hallyday\" \/>\n<meta property=\"og:description\" content=\"Un mois de juillet particuli\u00e8rement riche en \u00e9v\u00e9nements politiques, sportifs et people. Sans parler du retour du coronavirus sur le devant de la sc\u00e8ne.\" \/>\n<meta property=\"og:url\" content=\"https:\/\/grand-angle.lavenir.net\/debrief\/le-debrief-du-mois-de-juillet-2020\/\" \/>\n<meta property=\"og:site_name\" content=\"Le D\u00e9brief du mois\" \/>\n<meta property=\"article:modified_time\" content=\"2020-07-31T14:07:34+00:00\" \/>\n<meta property=\"og:image\" content=\"https:\/\/grand-angle.lavenir.net\/debrief\/wp-content\/uploads\/sites\/100\/2020\/07\/DEBRIEF-DU-MOIS-final.jpg\" \/>\n\t<meta property=\"og:image:width\" content=\"996\" \/>\n\t<meta property=\"og:image:height\" content=\"500\" \/>\n\t<meta property=\"og:image:type\" content=\"image\/jpeg\" \/>\n<meta name=\"twitter:card\" content=\"summary_large_image\" \/>\n<meta name=\"twitter:title\" content=\"Le d\u00e9brief de juillet\u2009: le duo Magnette-De Wever, \u00e9jection de Targnion, accord chez les Hallyday\" \/>\n<meta name=\"twitter:description\" content=\"Un mois de juillet particuli\u00e8rement riche en \u00e9v\u00e9nements politiques, sportifs et people. Sans parler du retour du coronavirus sur le devant de la sc\u00e8ne.\" \/>\n<meta name=\"twitter:label1\" content=\"Dur\u00e9e de lecture est.\" \/>\n\t<meta name=\"twitter:data1\" content=\"6 minutes\" \/>\n<script type=\"application\/ld+json\" class=\"yoast-schema-graph\">{\"@context\":\"https:\/\/schema.org\",\"@graph\":[{\"@type\":\"WebPage\",\"@id\":\"https:\/\/grand-angle.lavenir.net\/debrief\/le-debrief-du-mois-de-juillet-2020\/\",\"url\":\"https:\/\/grand-angle.lavenir.net\/debrief\/le-debrief-du-mois-de-juillet-2020\/\",\"name\":\"Le d\u00e9brief du mois de juillet 2020 - Le D\u00e9brief du mois\",\"isPartOf\":{\"@id\":\"https:\/\/grand-angle.lavenir.net\/debrief\/#website\"},\"primaryImageOfPage\":{\"@id\":\"https:\/\/grand-angle.lavenir.net\/debrief\/le-debrief-du-mois-de-juillet-2020\/#primaryimage\"},\"image\":{\"@id\":\"https:\/\/grand-angle.lavenir.net\/debrief\/le-debrief-du-mois-de-juillet-2020\/#primaryimage\"},\"thumbnailUrl\":\"https:\/\/grand-angle.lavenir.net\/debrief\/wp-content\/uploads\/sites\/100\/2020\/07\/DEBRIEF-DU-MOIS-final.jpg\",\"datePublished\":\"2020-07-31T09:21:32+00:00\",\"dateModified\":\"2020-07-31T14:07:34+00:00\",\"breadcrumb\":{\"@id\":\"https:\/\/grand-angle.lavenir.net\/debrief\/le-debrief-du-mois-de-juillet-2020\/#breadcrumb\"},\"inLanguage\":\"fr-BE\",\"potentialAction\":[{\"@type\":\"ReadAction\",\"target\":[\"https:\/\/grand-angle.lavenir.net\/debrief\/le-debrief-du-mois-de-juillet-2020\/\"]}]},{\"@type\":\"ImageObject\",\"inLanguage\":\"fr-BE\",\"@id\":\"https:\/\/grand-angle.lavenir.net\/debrief\/le-debrief-du-mois-de-juillet-2020\/#primaryimage\",\"url\":\"https:\/\/grand-angle.lavenir.net\/debrief\/wp-content\/uploads\/sites\/100\/2020\/07\/DEBRIEF-DU-MOIS-final.jpg\",\"contentUrl\":\"https:\/\/grand-angle.lavenir.net\/debrief\/wp-content\/uploads\/sites\/100\/2020\/07\/DEBRIEF-DU-MOIS-final.jpg\",\"width\":996,\"height\":500},{\"@type\":\"BreadcrumbList\",\"@id\":\"https:\/\/grand-angle.lavenir.net\/debrief\/le-debrief-du-mois-de-juillet-2020\/#breadcrumb\",\"itemListElement\":[{\"@type\":\"ListItem\",\"position\":1,\"name\":\"Home\",\"item\":\"https:\/\/grand-angle.lavenir.net\/debrief\/\"},{\"@type\":\"ListItem\",\"position\":2,\"name\":\"Le d\u00e9brief du mois de juillet 2020\"}]},{\"@type\":\"WebSite\",\"@id\":\"https:\/\/grand-angle.lavenir.net\/debrief\/#website\",\"url\":\"https:\/\/grand-angle.lavenir.net\/debrief\/\",\"name\":\"Le D\u00e9brief du mois\",\"description\":\"\",\"potentialAction\":[{\"@type\":\"SearchAction\",\"target\":{\"@type\":\"EntryPoint\",\"urlTemplate\":\"https:\/\/grand-angle.lavenir.net\/debrief\/?s={search_term_string}\"},\"query-input\":{\"@type\":\"PropertyValueSpecification\",\"valueRequired\":true,\"valueName\":\"search_term_string\"}}],\"inLanguage\":\"fr-BE\"}]}<\/script>\n<!-- \/ Yoast SEO plugin. -->","yoast_head_json":{"title":"Le d\u00e9brief du mois de juillet 2020 - Le D\u00e9brief du mois","robots":{"index":"index","follow":"follow","max-snippet":"max-snippet:-1","max-image-preview":"max-image-preview:large","max-video-preview":"max-video-preview:-1"},"canonical":"https:\/\/grand-angle.lavenir.net\/debrief\/le-debrief-du-mois-de-juillet-2020\/","og_locale":"fr_FR","og_type":"article","og_title":"Le d\u00e9brief de juillet\u2009: le duo Magnette-De Wever, \u00e9jection de Targnion, accord chez les Hallyday","og_description":"Un mois de juillet particuli\u00e8rement riche en \u00e9v\u00e9nements politiques, sportifs et people. Sans parler du retour du coronavirus sur le devant de la sc\u00e8ne.","og_url":"https:\/\/grand-angle.lavenir.net\/debrief\/le-debrief-du-mois-de-juillet-2020\/","og_site_name":"Le D\u00e9brief du mois","article_modified_time":"2020-07-31T14:07:34+00:00","og_image":[{"width":996,"height":500,"url":"https:\/\/grand-angle.lavenir.net\/debrief\/wp-content\/uploads\/sites\/100\/2020\/07\/DEBRIEF-DU-MOIS-final.jpg","type":"image\/jpeg"}],"twitter_card":"summary_large_image","twitter_title":"Le d\u00e9brief de juillet\u2009: le duo Magnette-De Wever, \u00e9jection de Targnion, accord chez les Hallyday","twitter_description":"Un mois de juillet particuli\u00e8rement riche en \u00e9v\u00e9nements politiques, sportifs et people. Sans parler du retour du coronavirus sur le devant de la sc\u00e8ne.","twitter_misc":{"Dur\u00e9e de lecture est.":"6 minutes"},"schema":{"@context":"https:\/\/schema.org","@graph":[{"@type":"WebPage","@id":"https:\/\/grand-angle.lavenir.net\/debrief\/le-debrief-du-mois-de-juillet-2020\/","url":"https:\/\/grand-angle.lavenir.net\/debrief\/le-debrief-du-mois-de-juillet-2020\/","name":"Le d\u00e9brief du mois de juillet 2020 - Le D\u00e9brief du mois","isPartOf":{"@id":"https:\/\/grand-angle.lavenir.net\/debrief\/#website"},"primaryImageOfPage":{"@id":"https:\/\/grand-angle.lavenir.net\/debrief\/le-debrief-du-mois-de-juillet-2020\/#primaryimage"},"image":{"@id":"https:\/\/grand-angle.lavenir.net\/debrief\/le-debrief-du-mois-de-juillet-2020\/#primaryimage"},"thumbnailUrl":"https:\/\/grand-angle.lavenir.net\/debrief\/wp-content\/uploads\/sites\/100\/2020\/07\/DEBRIEF-DU-MOIS-final.jpg","datePublished":"2020-07-31T09:21:32+00:00","dateModified":"2020-07-31T14:07:34+00:00","breadcrumb":{"@id":"https:\/\/grand-angle.lavenir.net\/debrief\/le-debrief-du-mois-de-juillet-2020\/#breadcrumb"},"inLanguage":"fr-BE","potentialAction":[{"@type":"ReadAction","target":["https:\/\/grand-angle.lavenir.net\/debrief\/le-debrief-du-mois-de-juillet-2020\/"]}]},{"@type":"ImageObject","inLanguage":"fr-BE","@id":"https:\/\/grand-angle.lavenir.net\/debrief\/le-debrief-du-mois-de-juillet-2020\/#primaryimage","url":"https:\/\/grand-angle.lavenir.net\/debrief\/wp-content\/uploads\/sites\/100\/2020\/07\/DEBRIEF-DU-MOIS-final.jpg","contentUrl":"https:\/\/grand-angle.lavenir.net\/debrief\/wp-content\/uploads\/sites\/100\/2020\/07\/DEBRIEF-DU-MOIS-final.jpg","width":996,"height":500},{"@type":"BreadcrumbList","@id":"https:\/\/grand-angle.lavenir.net\/debrief\/le-debrief-du-mois-de-juillet-2020\/#breadcrumb","itemListElement":[{"@type":"ListItem","position":1,"name":"Home","item":"https:\/\/grand-angle.lavenir.net\/debrief\/"},{"@type":"ListItem","position":2,"name":"Le d\u00e9brief du mois de juillet 2020"}]},{"@type":"WebSite","@id":"https:\/\/grand-angle.lavenir.net\/debrief\/#website","url":"https:\/\/grand-angle.lavenir.net\/debrief\/","name":"Le D\u00e9brief du mois","description":"","potentialAction":[{"@type":"SearchAction","target":{"@type":"EntryPoint","urlTemplate":"https:\/\/grand-angle.lavenir.net\/debrief\/?s={search_term_string}"},"query-input":{"@type":"PropertyValueSpecification","valueRequired":true,"valueName":"search_term_string"}}],"inLanguage":"fr-BE"}]}},"_links":{"self":[{"href":"https:\/\/grand-angle.lavenir.net\/debrief\/wp-json\/wp\/v2\/pages\/318","targetHints":{"allow":["GET"]}}],"collection":[{"href":"https:\/\/grand-angle.lavenir.net\/debrief\/wp-json\/wp\/v2\/pages"}],"about":[{"href":"https:\/\/grand-angle.lavenir.net\/debrief\/wp-json\/wp\/v2\/types\/page"}],"author":[{"embeddable":true,"href":"https:\/\/grand-angle.lavenir.net\/debrief\/wp-json\/wp\/v2\/users\/1"}],"replies":[{"embeddable":true,"href":"https:\/\/grand-angle.lavenir.net\/debrief\/wp-json\/wp\/v2\/comments?post=318"}],"version-history":[{"count":0,"href":"https:\/\/grand-angle.lavenir.net\/debrief\/wp-json\/wp\/v2\/pages\/318\/revisions"}],"wp:featuredmedia":[{"embeddable":true,"href":"https:\/\/grand-angle.lavenir.net\/debrief\/wp-json\/wp\/v2\/media\/319"}],"wp:attachment":[{"href":"https:\/\/grand-angle.lavenir.net\/debrief\/wp-json\/wp\/v2\/media?parent=318"}],"curies":[{"name":"wp","href":"https:\/\/api.w.org\/{rel}","templated":true}]}}