{"id":6,"date":"2017-03-27T13:06:24","date_gmt":"2017-03-27T11:06:24","guid":{"rendered":"https:\/\/grand-angle.lavenir.net\/dans-les-pas-des-hooligans-wallons\/?page_id=6"},"modified":"2018-04-12T16:58:28","modified_gmt":"2018-04-12T14:58:28","slug":"introduction","status":"publish","type":"page","link":"https:\/\/grand-angle.lavenir.net\/dans-les-pas-des-hooligans-wallons\/","title":{"rendered":"Introduction"},"content":{"rendered":"<div class=\"fusion-fullwidth fullwidth-box fusion-builder-row-1 nonhundred-percent-fullwidth non-hundred-percent-height-scrolling\" style=\"--awb-border-radius-top-left:0px;--awb-border-radius-top-right:0px;--awb-border-radius-bottom-right:0px;--awb-border-radius-bottom-left:0px;--awb-padding-top:0px;--awb-padding-right:20px;--awb-padding-bottom:20px;--awb-padding-left:20px;--awb-background-color:rgba(255,255,255,0.8);--awb-flex-wrap:wrap;\" ><div class=\"fusion-builder-row fusion-row\"><div class=\"fusion-layout-column fusion_builder_column fusion-builder-column-0 fusion_builder_column_1_1 1_1 fusion-one-full fusion-column-first fusion-column-last\" style=\"--awb-padding-top:0px;--awb-bg-size:cover;--awb-margin-bottom:0px;\"><div class=\"fusion-column-wrapper fusion-flex-column-wrapper-legacy\"><div class=\"fusion-text fusion-text-1\"><h1 style=\"text-align: center;\"><strong>Les \u00ab\u00a0nouveaux\u00a0\u00bb hooligans belges<\/strong><\/h1>\n<h2 style=\"text-align: center;\">Des pains et du jeu<\/h2>\n<\/div><div class=\"fusion-text fusion-text-2\"><p style=\"text-align: center;\"><em><strong>Journaliste : Alan Marchal | Graphisme : S\u00e9bastien Cattalini | Photos : Mathieu Golinvaux &#8211; Alan Marchal &#8211; Fr\u00e9d\u00e9ric Paulus<br \/>\nWebmaster : Kevin Rolin &#8211; C\u00e9dric Dussart<\/strong><\/em><\/p>\n<\/div><div class=\"fusion-text fusion-text-3\"><p>Alors que les principaux clubs de football du pays entrent dans la derni\u00e8re ligne droite de leur championnat respectif, leurs supporters sont \u00e9galement pr\u00eats \u00e0 en d\u00e9coudre. Pour certains, au sens propre&#8230;<\/p>\n<p>Parmi eux, une \u00ab\u00a0caste\u00a0\u00bb fait encore beaucoup parler d&rsquo;elle malgr\u00e9 les mesures r\u00e9pressives que les zones de police appliquent aux abords des terrains. Eux, ce sont les hooligans.<\/p>\n<p>Car s&rsquo;ils sont moins visibles depuis la fin des ann\u00e9es 90, les hooligans belges sont toujours bien pr\u00e9sents dans les tribunes du pays. Tant\u00f4t plus \u00ab\u00a0m\u00e9diterran\u00e9ens\u00a0\u00bb que \u00ab\u00a0britanniques\u00a0\u00bb, tant\u00f4t plus discrets et pr\u00e9par\u00e9s qu&rsquo;\u00e0 leur \u00ab\u00a0apog\u00e9e\u00a0\u00bb, dans les ann\u00e9es 80, ils se sont adapt\u00e9s au football 2.0. Par obligation. Par n\u00e9cessit\u00e9.<\/p>\n<p>Zoom sur les nombreux \u201chools\u201d qui peuplent les trav\u00e9es de Sclessin, Anderlecht, Charleroi ou encore le R.F.C. Li\u00e8ge, leurs pratiques, leurs motivations et leurs attentes. Sans pr\u00e9jug\u00e9s et sans concession.<\/p>\n<\/div><div class=\"fusion-soundcloud\"><iframe scrolling=\"no\" frameborder=\"no\" width=\"100%\" height=\"450\" allow=\"autoplay\" src=\"https:\/\/w.soundcloud.com\/player\/?url=https:\/\/soundcloud.com\/lavenir\/musique-webdoc-hooliganisme-en-wallonie&amp;auto_play=true&amp;hide_related=true&amp;show_comments=false&amp;show_user=false&amp;show_reposts=false&amp;visual=true&amp;color=df4e4e\" title=\"soundcloud\"><\/iframe><\/div><div class=\"fusion-sharing-box fusion-sharing-box-1 has-taglines layout-floated layout-medium-floated layout-small-floated\" style=\"background-color:#f6f6f6;--awb-layout:row;--awb-alignment-small:space-between;\" data-title=\"Dans les pas des hooligans wallons\" data-description=\"Alors que les principaux clubs de football du pays entrent dans la derni\u00e8re ligne droite de leur championnat respectif, leurs supporters sont \u00e9galement pr\u00eats \u00e0 en d\u00e9coudre. Pour certains, au sens propre\u2026\" data-link=\"https:\/\/grand-angle.lavenir.net\/dans-les-pas-des-hooligans-wallons\/\"><h4 class=\"tagline\" style=\"color:#333333;\">Partagez ce reportage<\/h4><div class=\"fusion-social-networks sharingbox-shortcode-icon-wrapper sharingbox-shortcode-icon-wrapper-1\"><span><a href=\"https:\/\/www.facebook.com\/sharer.php?u=https%3A%2F%2Fgrand-angle.lavenir.net%2Fdans-les-pas-des-hooligans-wallons%2F&amp;t=Dans%20les%20pas%20des%20hooligans%20wallons\" target=\"_blank\" rel=\"noreferrer\" title=\"Facebook\" aria-label=\"Facebook\" data-placement=\"top\" data-toggle=\"tooltip\" data-title=\"Facebook\"><i class=\"fusion-social-network-icon fusion-tooltip fusion-facebook awb-icon-facebook\" style=\"color:#bebdbd;\" aria-hidden=\"true\"><\/i><\/a><\/span><span><a href=\"https:\/\/x.com\/intent\/post?text=Dans%20les%20pas%20des%20hooligans%20wallons&amp;url=https%3A%2F%2Fgrand-angle.lavenir.net%2Fdans-les-pas-des-hooligans-wallons%2F\" target=\"_blank\" rel=\"noopener noreferrer\" title=\"X\" aria-label=\"X\" data-placement=\"top\" data-toggle=\"tooltip\" data-title=\"X\"><i class=\"fusion-social-network-icon fusion-tooltip fusion-twitter awb-icon-twitter\" style=\"color:#bebdbd;\" aria-hidden=\"true\"><\/i><\/a><\/span><\/div><\/div><div class=\"fusion-clearfix\"><\/div><\/div><\/div><div class=\"fusion-layout-column fusion_builder_column fusion-builder-column-1 fusion_builder_column_1_2 1_2 fusion-one-half fusion-column-first\" style=\"--awb-bg-size:cover;width:50%;width:calc(50% - ( ( 4% ) * 0.5 ) );margin-right: 4%;\"><div class=\"fusion-column-wrapper fusion-flex-column-wrapper-legacy\"><div class=\"chapitre\">\n<a href=\"https:\/\/grand-angle.lavenir.net\/dans-les-pas-des-hooligans-wallons\/dans-lombre-des-spotters-tout-est-sous-controle\/\">\n<figure class=\"effect-goliath\"><img decoding=\"async\" class=\"alignnone size-large wp-image-18\" src=\"https:\/\/grand-angle.lavenir.net\/dans-les-pas-des-hooligans-wallons\/wp-content\/uploads\/sites\/10\/2017\/03\/CHAP01-1024x678.jpg\" alt=\"\" width=\"1024\" height=\"678\" srcset=\"https:\/\/grand-angle.lavenir.net\/dans-les-pas-des-hooligans-wallons\/wp-content\/uploads\/sites\/10\/2017\/03\/CHAP01-200x133.jpg 200w, https:\/\/grand-angle.lavenir.net\/dans-les-pas-des-hooligans-wallons\/wp-content\/uploads\/sites\/10\/2017\/03\/CHAP01-300x199.jpg 300w, https:\/\/grand-angle.lavenir.net\/dans-les-pas-des-hooligans-wallons\/wp-content\/uploads\/sites\/10\/2017\/03\/CHAP01-400x265.jpg 400w, https:\/\/grand-angle.lavenir.net\/dans-les-pas-des-hooligans-wallons\/wp-content\/uploads\/sites\/10\/2017\/03\/CHAP01-600x398.jpg 600w, https:\/\/grand-angle.lavenir.net\/dans-les-pas-des-hooligans-wallons\/wp-content\/uploads\/sites\/10\/2017\/03\/CHAP01-768x509.jpg 768w, https:\/\/grand-angle.lavenir.net\/dans-les-pas-des-hooligans-wallons\/wp-content\/uploads\/sites\/10\/2017\/03\/CHAP01-800x530.jpg 800w, https:\/\/grand-angle.lavenir.net\/dans-les-pas-des-hooligans-wallons\/wp-content\/uploads\/sites\/10\/2017\/03\/CHAP01-1024x678.jpg 1024w, https:\/\/grand-angle.lavenir.net\/dans-les-pas-des-hooligans-wallons\/wp-content\/uploads\/sites\/10\/2017\/03\/CHAP01-1200x795.jpg 1200w, https:\/\/grand-angle.lavenir.net\/dans-les-pas-des-hooligans-wallons\/wp-content\/uploads\/sites\/10\/2017\/03\/CHAP01.jpg 1280w\" sizes=\"(max-width: 1024px) 100vw, 1024px\" \/><img decoding=\"async\" class=\"alignnone size-large wp-image-27 hover\" src=\"https:\/\/grand-angle.lavenir.net\/dans-les-pas-des-hooligans-wallons\/wp-content\/uploads\/sites\/10\/2017\/03\/CHAP01-hover-1024x678.jpg\" alt=\"\" width=\"1024\" height=\"678\" srcset=\"https:\/\/grand-angle.lavenir.net\/dans-les-pas-des-hooligans-wallons\/wp-content\/uploads\/sites\/10\/2017\/03\/CHAP01-hover-200x133.jpg 200w, https:\/\/grand-angle.lavenir.net\/dans-les-pas-des-hooligans-wallons\/wp-content\/uploads\/sites\/10\/2017\/03\/CHAP01-hover-300x199.jpg 300w, https:\/\/grand-angle.lavenir.net\/dans-les-pas-des-hooligans-wallons\/wp-content\/uploads\/sites\/10\/2017\/03\/CHAP01-hover-400x265.jpg 400w, https:\/\/grand-angle.lavenir.net\/dans-les-pas-des-hooligans-wallons\/wp-content\/uploads\/sites\/10\/2017\/03\/CHAP01-hover-600x398.jpg 600w, https:\/\/grand-angle.lavenir.net\/dans-les-pas-des-hooligans-wallons\/wp-content\/uploads\/sites\/10\/2017\/03\/CHAP01-hover-768x509.jpg 768w, https:\/\/grand-angle.lavenir.net\/dans-les-pas-des-hooligans-wallons\/wp-content\/uploads\/sites\/10\/2017\/03\/CHAP01-hover-800x530.jpg 800w, https:\/\/grand-angle.lavenir.net\/dans-les-pas-des-hooligans-wallons\/wp-content\/uploads\/sites\/10\/2017\/03\/CHAP01-hover-1024x678.jpg 1024w, https:\/\/grand-angle.lavenir.net\/dans-les-pas-des-hooligans-wallons\/wp-content\/uploads\/sites\/10\/2017\/03\/CHAP01-hover-1200x795.jpg 1200w, https:\/\/grand-angle.lavenir.net\/dans-les-pas-des-hooligans-wallons\/wp-content\/uploads\/sites\/10\/2017\/03\/CHAP01-hover.jpg 1280w\" sizes=\"(max-width: 1024px) 100vw, 1024px\" \/><figcaption>\n<h2>Chapitre I<\/h2>\n<p>\nDans l'ombre des spotters :\n\"Tout est sous contr\u00f4le !\"\n<\/p>\n<\/figcaption><\/figure>\n<\/a>\n\n<\/div><div class=\"fusion-clearfix\"><\/div><\/div><\/div><div class=\"fusion-layout-column fusion_builder_column fusion-builder-column-2 fusion_builder_column_1_2 1_2 fusion-one-half fusion-column-last\" style=\"--awb-bg-size:cover;width:50%;width:calc(50% - ( ( 4% ) * 0.5 ) );\"><div class=\"fusion-column-wrapper fusion-flex-column-wrapper-legacy\"><div class=\"chapitre\">\n<a href=\"https:\/\/grand-angle.lavenir.net\/dans-les-pas-des-hooligans-wallons\/on-mappelle-le-traitre\/\">\n<figure class=\"effect-goliath\"><img decoding=\"async\" class=\"alignnone size-large wp-image-19\" src=\"https:\/\/grand-angle.lavenir.net\/dans-les-pas-des-hooligans-wallons\/wp-content\/uploads\/sites\/10\/2017\/03\/CHAP02-1024x678.jpg\" alt=\"\" width=\"1024\" height=\"678\" srcset=\"https:\/\/grand-angle.lavenir.net\/dans-les-pas-des-hooligans-wallons\/wp-content\/uploads\/sites\/10\/2017\/03\/CHAP02-200x133.jpg 200w, https:\/\/grand-angle.lavenir.net\/dans-les-pas-des-hooligans-wallons\/wp-content\/uploads\/sites\/10\/2017\/03\/CHAP02-300x199.jpg 300w, https:\/\/grand-angle.lavenir.net\/dans-les-pas-des-hooligans-wallons\/wp-content\/uploads\/sites\/10\/2017\/03\/CHAP02-400x265.jpg 400w, https:\/\/grand-angle.lavenir.net\/dans-les-pas-des-hooligans-wallons\/wp-content\/uploads\/sites\/10\/2017\/03\/CHAP02-600x398.jpg 600w, https:\/\/grand-angle.lavenir.net\/dans-les-pas-des-hooligans-wallons\/wp-content\/uploads\/sites\/10\/2017\/03\/CHAP02-768x509.jpg 768w, https:\/\/grand-angle.lavenir.net\/dans-les-pas-des-hooligans-wallons\/wp-content\/uploads\/sites\/10\/2017\/03\/CHAP02-800x530.jpg 800w, https:\/\/grand-angle.lavenir.net\/dans-les-pas-des-hooligans-wallons\/wp-content\/uploads\/sites\/10\/2017\/03\/CHAP02-1024x678.jpg 1024w, https:\/\/grand-angle.lavenir.net\/dans-les-pas-des-hooligans-wallons\/wp-content\/uploads\/sites\/10\/2017\/03\/CHAP02-1200x795.jpg 1200w, https:\/\/grand-angle.lavenir.net\/dans-les-pas-des-hooligans-wallons\/wp-content\/uploads\/sites\/10\/2017\/03\/CHAP02.jpg 1280w\" sizes=\"(max-width: 1024px) 100vw, 1024px\" \/><img decoding=\"async\" class=\"alignnone size-large wp-image-28 hover\" src=\"https:\/\/grand-angle.lavenir.net\/dans-les-pas-des-hooligans-wallons\/wp-content\/uploads\/sites\/10\/2017\/03\/CHAP02-hover-1024x678.jpg\" alt=\"\" width=\"1024\" height=\"678\" srcset=\"https:\/\/grand-angle.lavenir.net\/dans-les-pas-des-hooligans-wallons\/wp-content\/uploads\/sites\/10\/2017\/03\/CHAP02-hover-200x133.jpg 200w, https:\/\/grand-angle.lavenir.net\/dans-les-pas-des-hooligans-wallons\/wp-content\/uploads\/sites\/10\/2017\/03\/CHAP02-hover-300x199.jpg 300w, https:\/\/grand-angle.lavenir.net\/dans-les-pas-des-hooligans-wallons\/wp-content\/uploads\/sites\/10\/2017\/03\/CHAP02-hover-400x265.jpg 400w, https:\/\/grand-angle.lavenir.net\/dans-les-pas-des-hooligans-wallons\/wp-content\/uploads\/sites\/10\/2017\/03\/CHAP02-hover-600x398.jpg 600w, https:\/\/grand-angle.lavenir.net\/dans-les-pas-des-hooligans-wallons\/wp-content\/uploads\/sites\/10\/2017\/03\/CHAP02-hover-768x509.jpg 768w, https:\/\/grand-angle.lavenir.net\/dans-les-pas-des-hooligans-wallons\/wp-content\/uploads\/sites\/10\/2017\/03\/CHAP02-hover-800x530.jpg 800w, https:\/\/grand-angle.lavenir.net\/dans-les-pas-des-hooligans-wallons\/wp-content\/uploads\/sites\/10\/2017\/03\/CHAP02-hover-1024x678.jpg 1024w, https:\/\/grand-angle.lavenir.net\/dans-les-pas-des-hooligans-wallons\/wp-content\/uploads\/sites\/10\/2017\/03\/CHAP02-hover-1200x795.jpg 1200w, https:\/\/grand-angle.lavenir.net\/dans-les-pas-des-hooligans-wallons\/wp-content\/uploads\/sites\/10\/2017\/03\/CHAP02-hover.jpg 1280w\" sizes=\"(max-width: 1024px) 100vw, 1024px\" \/><figcaption>\n<h2>Chapitre II<\/h2>\n<p>\nDes tribunes \u00e0 la s\u00e9curit\u00e9 :\n\"On m'appelle le tra\u00eetre\"\n<\/p>\n<\/figcaption><\/figure>\n<\/a>\n<\/div><div class=\"fusion-clearfix\"><\/div><\/div><\/div><div class=\"fusion-layout-column fusion_builder_column fusion-builder-column-3 fusion_builder_column_1_3 1_3 fusion-one-third fusion-column-first\" style=\"--awb-bg-size:cover;width:33.3333333333%;width:calc(33.3333333333% - ( ( 4% + 4% ) * 0.333333333333 ) );margin-right: 4%;\"><div class=\"fusion-column-wrapper fusion-flex-column-wrapper-legacy\"><div class=\"chapitre\">\n<a href=\"https:\/\/grand-angle.lavenir.net\/dans-les-pas-des-hooligans-wallons\/quand-on-est-au-foot-on-se-transforme\/\">\n<figure class=\"effect-goliath\"><img decoding=\"async\" class=\"alignnone size-large wp-image-20\" src=\"https:\/\/grand-angle.lavenir.net\/dans-les-pas-des-hooligans-wallons\/wp-content\/uploads\/sites\/10\/2017\/03\/CHAP03-1024x678.jpg\" alt=\"\" width=\"1024\" height=\"678\" srcset=\"https:\/\/grand-angle.lavenir.net\/dans-les-pas-des-hooligans-wallons\/wp-content\/uploads\/sites\/10\/2017\/03\/CHAP03-200x133.jpg 200w, https:\/\/grand-angle.lavenir.net\/dans-les-pas-des-hooligans-wallons\/wp-content\/uploads\/sites\/10\/2017\/03\/CHAP03-300x199.jpg 300w, https:\/\/grand-angle.lavenir.net\/dans-les-pas-des-hooligans-wallons\/wp-content\/uploads\/sites\/10\/2017\/03\/CHAP03-400x265.jpg 400w, https:\/\/grand-angle.lavenir.net\/dans-les-pas-des-hooligans-wallons\/wp-content\/uploads\/sites\/10\/2017\/03\/CHAP03-600x398.jpg 600w, https:\/\/grand-angle.lavenir.net\/dans-les-pas-des-hooligans-wallons\/wp-content\/uploads\/sites\/10\/2017\/03\/CHAP03-768x509.jpg 768w, https:\/\/grand-angle.lavenir.net\/dans-les-pas-des-hooligans-wallons\/wp-content\/uploads\/sites\/10\/2017\/03\/CHAP03-800x530.jpg 800w, https:\/\/grand-angle.lavenir.net\/dans-les-pas-des-hooligans-wallons\/wp-content\/uploads\/sites\/10\/2017\/03\/CHAP03-1024x678.jpg 1024w, https:\/\/grand-angle.lavenir.net\/dans-les-pas-des-hooligans-wallons\/wp-content\/uploads\/sites\/10\/2017\/03\/CHAP03-1200x795.jpg 1200w, https:\/\/grand-angle.lavenir.net\/dans-les-pas-des-hooligans-wallons\/wp-content\/uploads\/sites\/10\/2017\/03\/CHAP03.jpg 1280w\" sizes=\"(max-width: 1024px) 100vw, 1024px\" \/><img decoding=\"async\" class=\"alignnone size-large wp-image-29 hover\" src=\"https:\/\/grand-angle.lavenir.net\/dans-les-pas-des-hooligans-wallons\/wp-content\/uploads\/sites\/10\/2017\/03\/CHAP03-hover-1024x678.jpg\" alt=\"\" width=\"1024\" height=\"678\" srcset=\"https:\/\/grand-angle.lavenir.net\/dans-les-pas-des-hooligans-wallons\/wp-content\/uploads\/sites\/10\/2017\/03\/CHAP03-hover-200x133.jpg 200w, https:\/\/grand-angle.lavenir.net\/dans-les-pas-des-hooligans-wallons\/wp-content\/uploads\/sites\/10\/2017\/03\/CHAP03-hover-300x199.jpg 300w, https:\/\/grand-angle.lavenir.net\/dans-les-pas-des-hooligans-wallons\/wp-content\/uploads\/sites\/10\/2017\/03\/CHAP03-hover-400x265.jpg 400w, https:\/\/grand-angle.lavenir.net\/dans-les-pas-des-hooligans-wallons\/wp-content\/uploads\/sites\/10\/2017\/03\/CHAP03-hover-600x398.jpg 600w, https:\/\/grand-angle.lavenir.net\/dans-les-pas-des-hooligans-wallons\/wp-content\/uploads\/sites\/10\/2017\/03\/CHAP03-hover-768x509.jpg 768w, https:\/\/grand-angle.lavenir.net\/dans-les-pas-des-hooligans-wallons\/wp-content\/uploads\/sites\/10\/2017\/03\/CHAP03-hover-800x530.jpg 800w, https:\/\/grand-angle.lavenir.net\/dans-les-pas-des-hooligans-wallons\/wp-content\/uploads\/sites\/10\/2017\/03\/CHAP03-hover-1024x678.jpg 1024w, https:\/\/grand-angle.lavenir.net\/dans-les-pas-des-hooligans-wallons\/wp-content\/uploads\/sites\/10\/2017\/03\/CHAP03-hover-1200x795.jpg 1200w, https:\/\/grand-angle.lavenir.net\/dans-les-pas-des-hooligans-wallons\/wp-content\/uploads\/sites\/10\/2017\/03\/CHAP03-hover.jpg 1280w\" sizes=\"(max-width: 1024px) 100vw, 1024px\" \/><figcaption>\n<h2>Chapitre III<\/h2>\n<p>\nParole de hooligans :\n\"Au foot, on se transforme\"\n<\/p>\n<\/figcaption><\/figure>\n<\/a>\n<\/div><div class=\"fusion-clearfix\"><\/div><\/div><\/div><div class=\"fusion-layout-column fusion_builder_column fusion-builder-column-4 fusion_builder_column_1_3 1_3 fusion-one-third\" style=\"--awb-bg-size:cover;width:33.3333333333%;width:calc(33.3333333333% - ( ( 4% + 4% ) * 0.333333333333 ) );margin-right: 4%;\"><div class=\"fusion-column-wrapper fusion-flex-column-wrapper-legacy\"><div class=\"chapitre\">\n<a href=\"https:\/\/grand-angle.lavenir.net\/dans-les-pas-des-hooligans-wallons\/la-tolerance-zero-pour-tout-le-monde\/\">\n<figure class=\"effect-goliath\"><img decoding=\"async\" class=\"size-large wp-image-21\" src=\"https:\/\/grand-angle.lavenir.net\/dans-les-pas-des-hooligans-wallons\/wp-content\/uploads\/sites\/10\/2017\/03\/CHAP04-1024x678.jpg\" alt=\"\" width=\"1024\" height=\"678\" srcset=\"https:\/\/grand-angle.lavenir.net\/dans-les-pas-des-hooligans-wallons\/wp-content\/uploads\/sites\/10\/2017\/03\/CHAP04-200x133.jpg 200w, https:\/\/grand-angle.lavenir.net\/dans-les-pas-des-hooligans-wallons\/wp-content\/uploads\/sites\/10\/2017\/03\/CHAP04-300x199.jpg 300w, https:\/\/grand-angle.lavenir.net\/dans-les-pas-des-hooligans-wallons\/wp-content\/uploads\/sites\/10\/2017\/03\/CHAP04-400x265.jpg 400w, https:\/\/grand-angle.lavenir.net\/dans-les-pas-des-hooligans-wallons\/wp-content\/uploads\/sites\/10\/2017\/03\/CHAP04-600x398.jpg 600w, https:\/\/grand-angle.lavenir.net\/dans-les-pas-des-hooligans-wallons\/wp-content\/uploads\/sites\/10\/2017\/03\/CHAP04-768x509.jpg 768w, https:\/\/grand-angle.lavenir.net\/dans-les-pas-des-hooligans-wallons\/wp-content\/uploads\/sites\/10\/2017\/03\/CHAP04-800x530.jpg 800w, https:\/\/grand-angle.lavenir.net\/dans-les-pas-des-hooligans-wallons\/wp-content\/uploads\/sites\/10\/2017\/03\/CHAP04-1024x678.jpg 1024w, https:\/\/grand-angle.lavenir.net\/dans-les-pas-des-hooligans-wallons\/wp-content\/uploads\/sites\/10\/2017\/03\/CHAP04-1200x795.jpg 1200w, https:\/\/grand-angle.lavenir.net\/dans-les-pas-des-hooligans-wallons\/wp-content\/uploads\/sites\/10\/2017\/03\/CHAP04.jpg 1280w\" sizes=\"(max-width: 1024px) 100vw, 1024px\" \/><img decoding=\"async\" class=\"size-large wp-image-26 hover\" src=\"https:\/\/grand-angle.lavenir.net\/dans-les-pas-des-hooligans-wallons\/wp-content\/uploads\/sites\/10\/2017\/03\/CHAP04-hover-1024x678.jpg\" alt=\"\" width=\"1024\" height=\"678\" srcset=\"https:\/\/grand-angle.lavenir.net\/dans-les-pas-des-hooligans-wallons\/wp-content\/uploads\/sites\/10\/2017\/03\/CHAP04-hover-200x133.jpg 200w, https:\/\/grand-angle.lavenir.net\/dans-les-pas-des-hooligans-wallons\/wp-content\/uploads\/sites\/10\/2017\/03\/CHAP04-hover-300x199.jpg 300w, https:\/\/grand-angle.lavenir.net\/dans-les-pas-des-hooligans-wallons\/wp-content\/uploads\/sites\/10\/2017\/03\/CHAP04-hover-400x265.jpg 400w, https:\/\/grand-angle.lavenir.net\/dans-les-pas-des-hooligans-wallons\/wp-content\/uploads\/sites\/10\/2017\/03\/CHAP04-hover-600x398.jpg 600w, https:\/\/grand-angle.lavenir.net\/dans-les-pas-des-hooligans-wallons\/wp-content\/uploads\/sites\/10\/2017\/03\/CHAP04-hover-768x509.jpg 768w, https:\/\/grand-angle.lavenir.net\/dans-les-pas-des-hooligans-wallons\/wp-content\/uploads\/sites\/10\/2017\/03\/CHAP04-hover-800x530.jpg 800w, https:\/\/grand-angle.lavenir.net\/dans-les-pas-des-hooligans-wallons\/wp-content\/uploads\/sites\/10\/2017\/03\/CHAP04-hover-1024x678.jpg 1024w, https:\/\/grand-angle.lavenir.net\/dans-les-pas-des-hooligans-wallons\/wp-content\/uploads\/sites\/10\/2017\/03\/CHAP04-hover-1200x795.jpg 1200w, https:\/\/grand-angle.lavenir.net\/dans-les-pas-des-hooligans-wallons\/wp-content\/uploads\/sites\/10\/2017\/03\/CHAP04-hover.jpg 1280w\" sizes=\"(max-width: 1024px) 100vw, 1024px\" \/><figcaption>\n<h2>Chapitre IV<\/h2>\n<p>\n\"La tol\u00e9rance z\u00e9ro pour tout le monde\"\n<\/p>\n<\/figcaption><\/figure>\n<\/a>\n<\/div><div class=\"fusion-clearfix\"><\/div><\/div><\/div><div class=\"fusion-layout-column fusion_builder_column fusion-builder-column-5 fusion_builder_column_1_3 1_3 fusion-one-third fusion-column-last\" style=\"--awb-bg-size:cover;width:33.3333333333%;width:calc(33.3333333333% - ( ( 4% + 4% ) * 0.333333333333 ) );\"><div class=\"fusion-column-wrapper fusion-flex-column-wrapper-legacy\"><div class=\"chapitre\">\n<a href=\"https:\/\/grand-angle.lavenir.net\/dans-les-pas-des-hooligans-wallons\/la-culture-pour-etablir-des-ponts-et-responsabiliser-les-supporters\/\">\n<figure class=\"effect-goliath\"><img decoding=\"async\" class=\"size-large wp-image-21\" src=\"https:\/\/grand-angle.lavenir.net\/dans-les-pas-des-hooligans-wallons\/wp-content\/uploads\/sites\/10\/2017\/03\/Cedric4.jpg\" alt=\"\" width=\"1024\" height=\"678\" \/><img decoding=\"async\" class=\"size-large wp-image-26 hover\" src=\"https:\/\/grand-angle.lavenir.net\/dans-les-pas-des-hooligans-wallons\/wp-content\/uploads\/sites\/10\/2017\/03\/Cedric4.jpg\" alt=\"\" width=\"1024\" height=\"678\" \/><figcaption>\n<h2>Chapitre V<\/h2>\n<p>\n\"La culture pour \u00e9tablir des ponts\"\n<\/p>\n<\/figcaption><\/figure>\n<\/a>\n<\/div><div class=\"fusion-clearfix\"><\/div><\/div><\/div><\/div><\/div>\n","protected":false},"excerpt":{"rendered":"","protected":false},"author":1,"featured_media":7,"parent":0,"menu_order":0,"comment_status":"closed","ping_status":"closed","template":"","meta":{"footnotes":""},"class_list":["post-6","page","type-page","status-publish","has-post-thumbnail","hentry"],"_links":{"self":[{"href":"https:\/\/grand-angle.lavenir.net\/dans-les-pas-des-hooligans-wallons\/wp-json\/wp\/v2\/pages\/6","targetHints":{"allow":["GET"]}}],"collection":[{"href":"https:\/\/grand-angle.lavenir.net\/dans-les-pas-des-hooligans-wallons\/wp-json\/wp\/v2\/pages"}],"about":[{"href":"https:\/\/grand-angle.lavenir.net\/dans-les-pas-des-hooligans-wallons\/wp-json\/wp\/v2\/types\/page"}],"author":[{"embeddable":true,"href":"https:\/\/grand-angle.lavenir.net\/dans-les-pas-des-hooligans-wallons\/wp-json\/wp\/v2\/users\/1"}],"replies":[{"embeddable":true,"href":"https:\/\/grand-angle.lavenir.net\/dans-les-pas-des-hooligans-wallons\/wp-json\/wp\/v2\/comments?post=6"}],"version-history":[{"count":0,"href":"https:\/\/grand-angle.lavenir.net\/dans-les-pas-des-hooligans-wallons\/wp-json\/wp\/v2\/pages\/6\/revisions"}],"wp:featuredmedia":[{"embeddable":true,"href":"https:\/\/grand-angle.lavenir.net\/dans-les-pas-des-hooligans-wallons\/wp-json\/wp\/v2\/media\/7"}],"wp:attachment":[{"href":"https:\/\/grand-angle.lavenir.net\/dans-les-pas-des-hooligans-wallons\/wp-json\/wp\/v2\/media?parent=6"}],"curies":[{"name":"wp","href":"https:\/\/api.w.org\/{rel}","templated":true}]}}