{"id":1127,"date":"2021-09-24T01:00:05","date_gmt":"2021-09-23T23:00:05","guid":{"rendered":"https:\/\/grand-angle.lavenir.net\/assassinat-de-wivinne-marion-un-soleil-a-jamais-eteint\/?page_id=1127"},"modified":"2021-10-06T12:09:22","modified_gmt":"2021-10-06T10:09:22","slug":"wivinne-marion-un-soleil-a-jamais-eteint","status":"publish","type":"page","link":"https:\/\/grand-angle.lavenir.net\/assassinat-de-wivinne-marion-un-soleil-a-jamais-eteint\/","title":{"rendered":"Wivinne Marion: un soleil \u00e0 jamais \u00e9teint"},"content":{"rendered":"<p><div class=\"fusion-fullwidth fullwidth-box fusion-builder-row-1 fusion-flex-container nonhundred-percent-fullwidth non-hundred-percent-height-scrolling\" style=\"--awb-border-radius-top-left:0px;--awb-border-radius-top-right:0px;--awb-border-radius-bottom-right:0px;--awb-border-radius-bottom-left:0px;--awb-margin-top:4%;--awb-flex-wrap:wrap;\" ><div class=\"fusion-builder-row fusion-row fusion-flex-align-items-flex-start fusion-flex-content-wrap\" style=\"max-width:832px;margin-left: calc(-4% \/ 2 );margin-right: calc(-4% \/ 2 );\"><div class=\"fusion-layout-column fusion_builder_column fusion-builder-column-0 fusion_builder_column_1_1 1_1 fusion-flex-column\" style=\"--awb-bg-size:cover;--awb-width-large:100%;--awb-margin-top-large:0px;--awb-spacing-right-large:1.92%;--awb-margin-bottom-large:20px;--awb-spacing-left-large:1.92%;--awb-width-medium:100%;--awb-order-medium:0;--awb-spacing-right-medium:1.92%;--awb-spacing-left-medium:1.92%;--awb-width-small:100%;--awb-order-small:0;--awb-spacing-right-small:1.92%;--awb-spacing-left-small:1.92%;\"><div class=\"fusion-column-wrapper fusion-column-has-shadow fusion-flex-justify-content-flex-start fusion-content-layout-column\"><div class=\"fusion-text fusion-text-1\"><h2 style=\"text-align: center;\">Le 1er novembre 2018, Wivinne Marion est tu\u00e9e par Xavier Van Dam lors de son jogging . Un r\u00e9cit gla\u00e7ant.<\/h2>\n<\/div><\/div><\/div><\/div><\/div><div class=\"fusion-fullwidth fullwidth-box fusion-builder-row-2 nonhundred-percent-fullwidth non-hundred-percent-height-scrolling\" style=\"--awb-border-radius-top-left:0px;--awb-border-radius-top-right:0px;--awb-border-radius-bottom-right:0px;--awb-border-radius-bottom-left:0px;--awb-flex-wrap:wrap;\" ><div class=\"fusion-builder-row fusion-row\"><div class=\"fusion-layout-column fusion_builder_column fusion-builder-column-1 fusion_builder_column_1_1 1_1 fusion-one-full fusion-column-first fusion-column-last\" style=\"--awb-bg-size:cover;\"><div class=\"fusion-column-wrapper fusion-column-has-shadow fusion-flex-column-wrapper-legacy\"><link rel=\"stylesheet\" href=\"https:\/\/use.typekit.net\/uji0zse.css\">\n<style>\n.chapitre figure {\n\tposition: relative;\n\toverflow: hidden;\n\tmargin: 10px 1%;\n\t\/*max-width: 480px;\n\tmax-height: 360px;*\/\n\tbackground: #dd1f26 !important;\n\ttext-align: left;\n\tcursor: pointer;\n}\n\n.chapitre figure img {\n\tposition: relative;\n\tdisplay: block;\n\tmin-height: 100%;\n\tmax-width: 100%;\n\topacity: 0.8;\n}\n\n.chapitre figure figcaption {\n\tpadding: 2em;\n\tcolor: #fff;\n\ttext-transform: uppercase;\n\tfont-size: 1.25em;\n\t-webkit-backface-visibility: hidden;\n\tbackface-visibility: hidden;\n}\n\n.chapitre figure figcaption::before,\n.chapitre figure figcaption::after {\n\tpointer-events: none;\n}\n\n.chapitre figure figcaption,\n.chapitre figure figcaption > a {\n\tposition: absolute;\n\ttop: 0;\n\tleft: 0;\n\twidth: 100%;\n\theight: 100%;\n}\n.chapitre figure figcaption a {\n\tz-index: 1000;\n\twhite-space: nowrap;\n\tdisplay: block;\n}\nfigure.effect-goliath {\n\tbackground: #D60A11;\n}\n\nfigure.effect-goliath img.hover {\nopacity: 0;\nposition: absolute;\ntop: 0;\nleft: 0;\n\n}\nfigure.effect-goliath img,\nfigure.effect-goliath h2 {\n\t-webkit-transition: -webkit-transform 0.35s;\n\ttransition:  opacity 0.35s,transform 0.35s;\n}\n\nfigure.effect-goliath img {\n\t-webkit-backface-visibility: hidden;\n\tbackface-visibility: hidden;\n}\n\nfigure.effect-goliath h2,\nfigure.effect-goliath p {\n\tposition: absolute;\n\tbottom: 0;\n\tleft: 0;\n\tpadding: 10px;\n}\nfigure.effect-goliath h2 {\n\tposition: absolute;\n\tbottom: 0;\n\tleft: 0;\n\tpadding: 30px;\n\tcolor: #FFF;\n\tfont-weight: bold !important;\n\tfont-size: 24px !important;\n\ttext-shadow: 0px 0px 4px rgba(0,0,0,0.9);\n\tmargin: 0;\n\t\/* padding-bottom: 10px; *\/\n}\n\nfigure.effect-goliath p {\n\ttext-transform: none;\n\tfont-size: 85%;\n\topacity: 0;\n\t-webkit-transition: opacity 0.35s, -webkit-transform 0.35s;\n\ttransition: opacity 0.35s, transform 0.35s;\n\t-webkit-transform: translate3d(0,50px,0);\n\ttransform: translate3d(0,50px,0);\n       margin-bottom: 0px;\n}\n\nfigure.effect-goliath:hover img {\n\t-webkit-transform: translate3d(0,-75px,0);\n\ttransform: translate3d(0,-75px,0);\n}\nfigure.effect-goliath:hover img.hover {\n       opacity: 1;\n}\n\nfigure.effect-goliath:hover h2 {\n\t-webkit-transform: translate3d(0,-100px,0);\n\ttransform: translate3d(0,-100px,0);\n}\n\nfigure.effect-goliath:hover p {\n\topacity: 1;\n\t-webkit-transform: translate3d(0,0,0);\n\ttransform: translate3d(0,0,0);\n}\n<\/style><div class=\"fusion-clearfix\"><\/div><\/div><\/div><div class=\"fusion-layout-column fusion_builder_column fusion-builder-column-2 fusion_builder_column_1_2 1_2 fusion-one-half fusion-column-first\" style=\"--awb-bg-size:cover;width:50%;width:calc(50% - ( ( 4% ) * 0.5 ) );margin-right: 4%;\"><div class=\"fusion-column-wrapper fusion-column-has-shadow fusion-flex-column-wrapper-legacy\"><div class=\"chapitre\">\n  <a href=\"https:\/\/grand-angle.lavenir.net\/assassinat-de-wivinne-marion-un-soleil-a-jamais-eteint\/meurtre-de-wivinne-marion-que-sest-il-passe-le-jour-du-drame\/\">\n    <figure class=\"effect-goliath\">\n      <img decoding=\"async\" class=\"lazyload alignnone\" src=\"data:image\/svg+xml,%3Csvg%20xmlns%3D%27http%3A%2F%2Fwww.w3.org%2F2000%2Fsvg%27%20width%3D%271920%27%20height%3D%271396%27%20viewBox%3D%270%200%201920%201396%27%3E%3Crect%20width%3D%271920%27%20height%3D%271396%27%20fill-opacity%3D%220%22%2F%3E%3C%2Fsvg%3E\" data-orig-src=\"https:\/\/grand-angle.lavenir.net\/assassinat-de-wivinne-marion-un-soleil-a-jamais-eteint\/wp-content\/uploads\/sites\/144\/2021\/09\/Photo-Reconstitution02.jpg\">\n      <figcaption>\n        <h2 data-fontsize=\"24\" data-lineheight=\"36\">Chapitre 1<\/h2>\n        <p>\n          Que s\u2019est-il pass\u00e9 le jour du drame ?\n        <\/p>\n      <\/figcaption>\n    <\/figure>\n  <\/a>\n<\/div><div class=\"fusion-clearfix\"><\/div><\/div><\/div><div class=\"fusion-layout-column fusion_builder_column fusion-builder-column-3 fusion_builder_column_1_2 1_2 fusion-one-half fusion-column-last\" style=\"--awb-bg-size:cover;width:50%;width:calc(50% - ( ( 4% ) * 0.5 ) );\"><div class=\"fusion-column-wrapper fusion-column-has-shadow fusion-flex-column-wrapper-legacy\"><div class=\"chapitre\">\n  <a href=\"https:\/\/grand-angle.lavenir.net\/assassinat-de-wivinne-marion-un-soleil-a-jamais-eteint\/pediatre-wivinne-marion-comptait-quitter-le-milieu-hospitalier\/\">\n    <figure class=\"effect-goliath\">\n      <img decoding=\"async\" class=\"lazyload alignnone\" src=\"data:image\/svg+xml,%3Csvg%20xmlns%3D%27http%3A%2F%2Fwww.w3.org%2F2000%2Fsvg%27%20width%3D%271920%27%20height%3D%271396%27%20viewBox%3D%270%200%201920%201396%27%3E%3Crect%20width%3D%271920%27%20height%3D%271396%27%20fill-opacity%3D%220%22%2F%3E%3C%2Fsvg%3E\" data-orig-src=\"https:\/\/grand-angle.lavenir.net\/assassinat-de-wivinne-marion-un-soleil-a-jamais-eteint\/wp-content\/uploads\/sites\/144\/2021\/09\/Portrait-Wivinne-02.jpg\">\n      <figcaption>\n        <h2 data-fontsize=\"24\" data-lineheight=\"36\">Chapitre 2<\/h2>\n        <p>\n           P\u00e9diatre, Wivinne Marion comptait quitter le milieu hospitalier\n        <\/p>\n      <\/figcaption>\n    <\/figure>\n  <\/a>\n<\/div><div class=\"fusion-clearfix\"><\/div><\/div><\/div><div class=\"fusion-layout-column fusion_builder_column fusion-builder-column-4 fusion_builder_column_1_2 1_2 fusion-one-half fusion-column-first\" style=\"--awb-bg-size:cover;width:50%;width:calc(50% - ( ( 4% ) * 0.5 ) );margin-right: 4%;\"><div class=\"fusion-column-wrapper fusion-column-has-shadow fusion-flex-column-wrapper-legacy\"><div class=\"chapitre\">\n  <a href=\"https:\/\/grand-angle.lavenir.net\/assassinat-de-wivinne-marion-un-soleil-a-jamais-eteint\/xavier-van-dam-un-ancien-soldat-considerant-la-femme-comme-une-proie\/\">\n    <figure class=\"effect-goliath\">\n      <img decoding=\"async\" class=\"lazyload alignnone\" src=\"data:image\/svg+xml,%3Csvg%20xmlns%3D%27http%3A%2F%2Fwww.w3.org%2F2000%2Fsvg%27%20width%3D%271920%27%20height%3D%271396%27%20viewBox%3D%270%200%201920%201396%27%3E%3Crect%20width%3D%271920%27%20height%3D%271396%27%20fill-opacity%3D%220%22%2F%3E%3C%2Fsvg%3E\" data-orig-src=\"https:\/\/grand-angle.lavenir.net\/assassinat-de-wivinne-marion-un-soleil-a-jamais-eteint\/wp-content\/uploads\/sites\/144\/2021\/09\/Chronologie02.jpg\">\n      <figcaption>\n        <h2 data-fontsize=\"24\" data-lineheight=\"36\">Chapitre 3<\/h2>\n        <p>\n         Xavier Van Dam, un ancien soldat consid\u00e9rant la femme comme une proie ?\n        <\/p>\n      <\/figcaption>\n    <\/figure>\n  <\/a>\n<\/div><div class=\"fusion-clearfix\"><\/div><\/div><\/div><div class=\"fusion-layout-column fusion_builder_column fusion-builder-column-5 fusion_builder_column_1_2 1_2 fusion-one-half fusion-column-last\" style=\"--awb-bg-size:cover;width:50%;width:calc(50% - ( ( 4% ) * 0.5 ) );\"><div class=\"fusion-column-wrapper fusion-column-has-shadow fusion-flex-column-wrapper-legacy\"><div class=\"chapitre\">\n  <a href=\"https:\/\/grand-angle.lavenir.net\/assassinat-de-wivinne-marion-un-soleil-a-jamais-eteint\/5-faits-marquants-du-proces\/\">\n    <figure class=\"effect-goliath\">\n      <img decoding=\"async\" class=\"lazyload alignnone\" src=\"data:image\/svg+xml,%3Csvg%20xmlns%3D%27http%3A%2F%2Fwww.w3.org%2F2000%2Fsvg%27%20width%3D%271920%27%20height%3D%271396%27%20viewBox%3D%270%200%201920%201396%27%3E%3Crect%20width%3D%271920%27%20height%3D%271396%27%20fill-opacity%3D%220%22%2F%3E%3C%2Fsvg%3E\" data-orig-src=\"https:\/\/grand-angle.lavenir.net\/assassinat-de-wivinne-marion-un-soleil-a-jamais-eteint\/wp-content\/uploads\/sites\/144\/2021\/10\/verdict-wvinne-marion-2.jpg\">\n      <figcaption>\n        <h2 data-fontsize=\"24\" data-lineheight=\"36\">Chapitre 4<\/h2>\n        <p>\n         5 faits marquants du proc\u00e8s\n        <\/p>\n      <\/figcaption>\n    <\/figure>\n  <\/a>\n<\/div><div class=\"fusion-clearfix\"><\/div><\/div><\/div><div class=\"fusion-layout-column fusion_builder_column fusion-builder-column-6 fusion_builder_column_1_2 1_2 fusion-one-half fusion-column-first\" style=\"--awb-bg-size:cover;width:50%;width:calc(50% - ( ( 4% ) * 0.5 ) );margin-right: 4%;\"><div class=\"fusion-column-wrapper fusion-column-has-shadow fusion-flex-column-wrapper-legacy\"><div class=\"chapitre\">\n  <a href=\"https:\/\/www.lavenir.net\/tag\/homicide-de-wivinne-marion\">\n    <figure class=\"effect-goliath\">\n      <img decoding=\"async\" class=\"lazyload alignnone\" src=\"data:image\/svg+xml,%3Csvg%20xmlns%3D%27http%3A%2F%2Fwww.w3.org%2F2000%2Fsvg%27%20width%3D%271920%27%20height%3D%271396%27%20viewBox%3D%270%200%201920%201396%27%3E%3Crect%20width%3D%271920%27%20height%3D%271396%27%20fill-opacity%3D%220%22%2F%3E%3C%2Fsvg%3E\" data-orig-src=\"https:\/\/grand-angle.lavenir.net\/assassinat-de-wivinne-marion-un-soleil-a-jamais-eteint\/wp-content\/uploads\/sites\/144\/2021\/09\/dossier-wivinne-marion.jpg\">\n      <figcaption>\n        <h2 data-fontsize=\"24\" data-lineheight=\"36\">DOSSIER | Tout savoir sur ce proc\u00e8s d'assises<\/h2>\n        <p>\n         \n        <\/p>\n      <\/figcaption>\n    <\/figure>\n  <\/a>\n<\/div><div class=\"fusion-clearfix\"><\/div><\/div><\/div><\/div><\/div>\n<\/p>\n","protected":false},"excerpt":{"rendered":"","protected":false},"author":1,"featured_media":0,"parent":0,"menu_order":0,"comment_status":"closed","ping_status":"closed","template":"","meta":{"footnotes":""},"class_list":["post-1127","page","type-page","status-publish","hentry"],"yoast_head":"<!-- This site is optimized with the Yoast SEO plugin v27.1.1 - https:\/\/yoast.com\/product\/yoast-seo-wordpress\/ -->\n<title>Wivinne Marion: un soleil \u00e0 jamais \u00e9teint<\/title>\n<meta name=\"description\" content=\"Le 1er novembre 2018, Wivinne Marion est tu\u00e9e par Xavier Van Dam lors de son jogging. Un r\u00e9cit gla\u00e7ant.\" \/>\n<meta name=\"robots\" content=\"index, follow, max-snippet:-1, max-image-preview:large, max-video-preview:-1\" \/>\n<link rel=\"canonical\" href=\"https:\/\/grand-angle.lavenir.net\/assassinat-de-wivinne-marion-un-soleil-a-jamais-eteint\/\" \/>\n<meta property=\"og:locale\" content=\"fr_FR\" \/>\n<meta property=\"og:type\" content=\"article\" \/>\n<meta property=\"og:title\" content=\"Wivinne Marion: un soleil \u00e0 jamais \u00e9teint\" \/>\n<meta property=\"og:description\" content=\"Le 1er novembre 2018, Wivinne Marion est tu\u00e9e par Xavier Van Dam lors de son jogging. Un r\u00e9cit gla\u00e7ant.\" \/>\n<meta property=\"og:url\" content=\"https:\/\/grand-angle.lavenir.net\/assassinat-de-wivinne-marion-un-soleil-a-jamais-eteint\/\" \/>\n<meta property=\"og:site_name\" content=\"Assassinat de Wivinne Marion : un soleil \u00e0 jamais \u00e9teint\" \/>\n<meta property=\"article:modified_time\" content=\"2021-10-06T10:09:22+00:00\" \/>\n<meta property=\"og:image\" content=\"https:\/\/grand-angle.lavenir.net\/assassinat-de-wivinne-marion-un-soleil-a-jamais-eteint\/wp-content\/uploads\/sites\/144\/2021\/09\/Photo-Cover01.jpg\" \/>\n\t<meta property=\"og:image:width\" content=\"1920\" \/>\n\t<meta property=\"og:image:height\" content=\"1396\" \/>\n\t<meta property=\"og:image:type\" content=\"image\/jpeg\" \/>\n<meta name=\"twitter:card\" content=\"summary_large_image\" \/>\n<meta name=\"twitter:title\" content=\"Wivinne Marion: un soleil \u00e0 jamais \u00e9teint\" \/>\n<meta name=\"twitter:description\" content=\"Le 1er novembre 2018, Wivinne Marion est tu\u00e9e par Xavier Van Dam lors de son jogging. Un r\u00e9cit gla\u00e7ant.\" \/>\n<meta name=\"twitter:image\" content=\"https:\/\/grand-angle.lavenir.net\/assassinat-de-wivinne-marion-un-soleil-a-jamais-eteint\/wp-content\/uploads\/sites\/144\/2021\/09\/Photo-Cover01.jpg\" \/>\n<meta name=\"twitter:label1\" content=\"Dur\u00e9e de lecture est.\" \/>\n\t<meta name=\"twitter:data1\" content=\"2 minutes\" \/>\n<script type=\"application\/ld+json\" class=\"yoast-schema-graph\">{\"@context\":\"https:\/\/schema.org\",\"@graph\":[{\"@type\":\"WebPage\",\"@id\":\"https:\/\/grand-angle.lavenir.net\/assassinat-de-wivinne-marion-un-soleil-a-jamais-eteint\/\",\"url\":\"https:\/\/grand-angle.lavenir.net\/assassinat-de-wivinne-marion-un-soleil-a-jamais-eteint\/\",\"name\":\"Wivinne Marion: un soleil \u00e0 jamais \u00e9teint\",\"isPartOf\":{\"@id\":\"https:\/\/grand-angle.lavenir.net\/assassinat-de-wivinne-marion-un-soleil-a-jamais-eteint\/#website\"},\"datePublished\":\"2021-09-23T23:00:05+00:00\",\"dateModified\":\"2021-10-06T10:09:22+00:00\",\"description\":\"Le 1er novembre 2018, Wivinne Marion est tu\u00e9e par Xavier Van Dam lors de son jogging. Un r\u00e9cit gla\u00e7ant.\",\"breadcrumb\":{\"@id\":\"https:\/\/grand-angle.lavenir.net\/assassinat-de-wivinne-marion-un-soleil-a-jamais-eteint\/#breadcrumb\"},\"inLanguage\":\"fr-BE\",\"potentialAction\":[{\"@type\":\"ReadAction\",\"target\":[\"https:\/\/grand-angle.lavenir.net\/assassinat-de-wivinne-marion-un-soleil-a-jamais-eteint\/\"]}]},{\"@type\":\"BreadcrumbList\",\"@id\":\"https:\/\/grand-angle.lavenir.net\/assassinat-de-wivinne-marion-un-soleil-a-jamais-eteint\/#breadcrumb\",\"itemListElement\":[{\"@type\":\"ListItem\",\"position\":1,\"name\":\"Home\",\"item\":\"https:\/\/grand-angle.lavenir.net\/assassinat-de-wivinne-marion-un-soleil-a-jamais-eteint\/\"},{\"@type\":\"ListItem\",\"position\":2,\"name\":\"Wivinne Marion: un soleil \u00e0 jamais \u00e9teint\"}]},{\"@type\":\"WebSite\",\"@id\":\"https:\/\/grand-angle.lavenir.net\/assassinat-de-wivinne-marion-un-soleil-a-jamais-eteint\/#website\",\"url\":\"https:\/\/grand-angle.lavenir.net\/assassinat-de-wivinne-marion-un-soleil-a-jamais-eteint\/\",\"name\":\"Assassinat de Wivinne Marion : un soleil \u00e0 jamais \u00e9teint\",\"description\":\"\",\"potentialAction\":[{\"@type\":\"SearchAction\",\"target\":{\"@type\":\"EntryPoint\",\"urlTemplate\":\"https:\/\/grand-angle.lavenir.net\/assassinat-de-wivinne-marion-un-soleil-a-jamais-eteint\/?s={search_term_string}\"},\"query-input\":{\"@type\":\"PropertyValueSpecification\",\"valueRequired\":true,\"valueName\":\"search_term_string\"}}],\"inLanguage\":\"fr-BE\"}]}<\/script>\n<!-- \/ Yoast SEO plugin. -->","yoast_head_json":{"title":"Wivinne Marion: un soleil \u00e0 jamais \u00e9teint","description":"Le 1er novembre 2018, Wivinne Marion est tu\u00e9e par Xavier Van Dam lors de son jogging. Un r\u00e9cit gla\u00e7ant.","robots":{"index":"index","follow":"follow","max-snippet":"max-snippet:-1","max-image-preview":"max-image-preview:large","max-video-preview":"max-video-preview:-1"},"canonical":"https:\/\/grand-angle.lavenir.net\/assassinat-de-wivinne-marion-un-soleil-a-jamais-eteint\/","og_locale":"fr_FR","og_type":"article","og_title":"Wivinne Marion: un soleil \u00e0 jamais \u00e9teint","og_description":"Le 1er novembre 2018, Wivinne Marion est tu\u00e9e par Xavier Van Dam lors de son jogging. Un r\u00e9cit gla\u00e7ant.","og_url":"https:\/\/grand-angle.lavenir.net\/assassinat-de-wivinne-marion-un-soleil-a-jamais-eteint\/","og_site_name":"Assassinat de Wivinne Marion : un soleil \u00e0 jamais \u00e9teint","article_modified_time":"2021-10-06T10:09:22+00:00","og_image":[{"width":1920,"height":1396,"url":"https:\/\/grand-angle.lavenir.net\/assassinat-de-wivinne-marion-un-soleil-a-jamais-eteint\/wp-content\/uploads\/sites\/144\/2021\/09\/Photo-Cover01.jpg","type":"image\/jpeg"}],"twitter_card":"summary_large_image","twitter_title":"Wivinne Marion: un soleil \u00e0 jamais \u00e9teint","twitter_description":"Le 1er novembre 2018, Wivinne Marion est tu\u00e9e par Xavier Van Dam lors de son jogging. Un r\u00e9cit gla\u00e7ant.","twitter_image":"https:\/\/grand-angle.lavenir.net\/assassinat-de-wivinne-marion-un-soleil-a-jamais-eteint\/wp-content\/uploads\/sites\/144\/2021\/09\/Photo-Cover01.jpg","twitter_misc":{"Dur\u00e9e de lecture est.":"2 minutes"},"schema":{"@context":"https:\/\/schema.org","@graph":[{"@type":"WebPage","@id":"https:\/\/grand-angle.lavenir.net\/assassinat-de-wivinne-marion-un-soleil-a-jamais-eteint\/","url":"https:\/\/grand-angle.lavenir.net\/assassinat-de-wivinne-marion-un-soleil-a-jamais-eteint\/","name":"Wivinne Marion: un soleil \u00e0 jamais \u00e9teint","isPartOf":{"@id":"https:\/\/grand-angle.lavenir.net\/assassinat-de-wivinne-marion-un-soleil-a-jamais-eteint\/#website"},"datePublished":"2021-09-23T23:00:05+00:00","dateModified":"2021-10-06T10:09:22+00:00","description":"Le 1er novembre 2018, Wivinne Marion est tu\u00e9e par Xavier Van Dam lors de son jogging. Un r\u00e9cit gla\u00e7ant.","breadcrumb":{"@id":"https:\/\/grand-angle.lavenir.net\/assassinat-de-wivinne-marion-un-soleil-a-jamais-eteint\/#breadcrumb"},"inLanguage":"fr-BE","potentialAction":[{"@type":"ReadAction","target":["https:\/\/grand-angle.lavenir.net\/assassinat-de-wivinne-marion-un-soleil-a-jamais-eteint\/"]}]},{"@type":"BreadcrumbList","@id":"https:\/\/grand-angle.lavenir.net\/assassinat-de-wivinne-marion-un-soleil-a-jamais-eteint\/#breadcrumb","itemListElement":[{"@type":"ListItem","position":1,"name":"Home","item":"https:\/\/grand-angle.lavenir.net\/assassinat-de-wivinne-marion-un-soleil-a-jamais-eteint\/"},{"@type":"ListItem","position":2,"name":"Wivinne Marion: un soleil \u00e0 jamais \u00e9teint"}]},{"@type":"WebSite","@id":"https:\/\/grand-angle.lavenir.net\/assassinat-de-wivinne-marion-un-soleil-a-jamais-eteint\/#website","url":"https:\/\/grand-angle.lavenir.net\/assassinat-de-wivinne-marion-un-soleil-a-jamais-eteint\/","name":"Assassinat de Wivinne Marion : un soleil \u00e0 jamais \u00e9teint","description":"","potentialAction":[{"@type":"SearchAction","target":{"@type":"EntryPoint","urlTemplate":"https:\/\/grand-angle.lavenir.net\/assassinat-de-wivinne-marion-un-soleil-a-jamais-eteint\/?s={search_term_string}"},"query-input":{"@type":"PropertyValueSpecification","valueRequired":true,"valueName":"search_term_string"}}],"inLanguage":"fr-BE"}]}},"_links":{"self":[{"href":"https:\/\/grand-angle.lavenir.net\/assassinat-de-wivinne-marion-un-soleil-a-jamais-eteint\/wp-json\/wp\/v2\/pages\/1127","targetHints":{"allow":["GET"]}}],"collection":[{"href":"https:\/\/grand-angle.lavenir.net\/assassinat-de-wivinne-marion-un-soleil-a-jamais-eteint\/wp-json\/wp\/v2\/pages"}],"about":[{"href":"https:\/\/grand-angle.lavenir.net\/assassinat-de-wivinne-marion-un-soleil-a-jamais-eteint\/wp-json\/wp\/v2\/types\/page"}],"author":[{"embeddable":true,"href":"https:\/\/grand-angle.lavenir.net\/assassinat-de-wivinne-marion-un-soleil-a-jamais-eteint\/wp-json\/wp\/v2\/users\/1"}],"replies":[{"embeddable":true,"href":"https:\/\/grand-angle.lavenir.net\/assassinat-de-wivinne-marion-un-soleil-a-jamais-eteint\/wp-json\/wp\/v2\/comments?post=1127"}],"version-history":[{"count":0,"href":"https:\/\/grand-angle.lavenir.net\/assassinat-de-wivinne-marion-un-soleil-a-jamais-eteint\/wp-json\/wp\/v2\/pages\/1127\/revisions"}],"wp:attachment":[{"href":"https:\/\/grand-angle.lavenir.net\/assassinat-de-wivinne-marion-un-soleil-a-jamais-eteint\/wp-json\/wp\/v2\/media?parent=1127"}],"curies":[{"name":"wp","href":"https:\/\/api.w.org\/{rel}","templated":true}]}}