{"id":85,"date":"2017-07-03T15:48:34","date_gmt":"2017-07-03T13:48:34","guid":{"rendered":"https:\/\/grand-angle.lavenir.net\/art-giratoire\/?page_id=85"},"modified":"2017-08-25T10:49:50","modified_gmt":"2017-08-25T08:49:50","slug":"qui-choisit","status":"publish","type":"page","link":"https:\/\/grand-angle.lavenir.net\/art-giratoire\/qui-choisit\/","title":{"rendered":"Qui choisit ?"},"content":{"rendered":"<p><div class=\"fusion-fullwidth fullwidth-box fusion-builder-row-1 nonhundred-percent-fullwidth non-hundred-percent-height-scrolling\" style=\"--awb-border-radius-top-left:0px;--awb-border-radius-top-right:0px;--awb-border-radius-bottom-right:0px;--awb-border-radius-bottom-left:0px;--awb-flex-wrap:wrap;\" ><div class=\"fusion-builder-row fusion-row\"><div class=\"fusion-layout-column fusion_builder_column fusion-builder-column-0 fusion_builder_column_1_1 1_1 fusion-one-full fusion-column-first fusion-column-last\" style=\"--awb-bg-size:cover;\"><div class=\"fusion-column-wrapper fusion-flex-column-wrapper-legacy\"><div class=\"fusion-text fusion-text-1\"><h1 style=\"text-align: center;\">Qui choisit ?<\/h1>\n<p>Une fois les co\u00fbts fix\u00e9s, reste \u00e0 faire le choix de l\u2019\u0153uvre d\u2019art. Et l\u00e0, c\u2019est la Commission des Arts de Wallonie qui entre en sc\u00e8ne.<\/p>\n<p>La s\u00e9lection de l\u2019\u0153uvre peut prendre diff\u00e9rents chemins. Soit la Commune, ou l\u2019un des intervenants, a \u00ab\u00a0flash\u00e9\u00a0\u00bb sur une \u0153uvre existante et se l\u2019offre (comme les deux cas andennais pr\u00e9sent\u00e9s par ailleurs). Soit il y a appel \u00e0 projets. Un concours est d\u00e8s lors organis\u00e9. Ce concours est pr\u00e9sid\u00e9 par un jury de la Commission des Arts de Wallonie.<\/p>\n<p>Harold Grandjean (SPW)\u00a0: \u00ab\u00a0<em>Dans le cadre d\u2019une \u0153uvre \u00e0 r\u00e9aliser, la loi sur les march\u00e9s publics complique un peu les choses. M\u00eame s\u2019il y a des d\u00e9rogations culturelles possibles. Le moyen le plus simple est de travailler avec la Commission des Arts de Wallonie. On met en place un appel \u00e0 projets et un concours sur un th\u00e8me d\u00e9fini par la Commune. Il y a alors une premi\u00e8re s\u00e9lection sur 3 projets (sur papier) puis ils ont x mois pour proposer un 3D de leur projet chiffr\u00e9 et budg\u00e9tis\u00e9. Il y a alors une derni\u00e8re s\u00e9lection du jury qui d\u00e9finit l\u2019\u0153uvre laur\u00e9ate. Mais ce n\u2019est pas n\u00e9cessairement l\u2019\u0153uvre la moins ch\u00e8re qui sera choisie, du moment qu\u2019elle rentre dans l\u2019enveloppe du budget. Apr\u00e8s, c\u2019est un choix artistique, esth\u00e9tique, de faisabilit\u00e9 &#8230; Ce qui est d\u00e9j\u00e0 arriv\u00e9, c\u2019est qu\u2019apr\u00e8s l\u2019appel \u00e0 projets, on n\u2019en s\u00e9lectionne aucun.<\/em>\u00a0\u00bb<\/p>\n<p>Ceci, c\u2019est pour une \u0153uvre qui entre sous la responsabilit\u00e9 de la R\u00e9gion et pour son r\u00e9seau. Si une Commune ne fait pas appel \u00e0 elle (pour son r\u00e9seau communal), elle peut g\u00e9rer le dossier avec plus de libert\u00e9.<\/p>\n<p>C\u00e9cile Cr\u00e8vecoeur, \u00e9chevine de la Culture \u00e0 Namur\u00a0: \u00ab\u00a0<em>Il y a deux mani\u00e8res de faire. Soit on fait un appel \u00e0 projet quand on veut commander une pi\u00e8ce pour un lieu d\u00e9fini sans avoir une id\u00e9e pr\u00e9cise du projet. Ou alors, on choisit directement un artiste en actionnant le levier de la sp\u00e9cificit\u00e9 culturelle ou de la renomm\u00e9e de celui-ci.\u00a0Pour le choix final, un jury est constitu\u00e9 avec des personnes de la Ville mais aussi externes (Acad\u00e9mie des Beaux-Arts, Les Arts de Wallonie, \u2026) pour d\u00e9terminer le choix parmi les candidats qui auront rentr\u00e9 un projet budg\u00e9tis\u00e9.\u00bb<\/em><\/p>\n<\/div><div class=\"fusion-sharing-box fusion-sharing-box-1 boxed-icons has-taglines layout-floated layout-medium-floated layout-small-floated\" style=\"background-color:rgba(246,246,246,0);padding:0;--awb-layout:row;--awb-alignment-small:space-between;\" data-title=\"Qui choisit ?\" data-description=\"Co\u00fbt, anecdotes, coulisses.&lt;br \/&gt;\nTout ce que vous ne savez pas sur les ronds-points de Wallonie et leurs \u0153uvres d\u2019art\" data-link=\"https:\/\/grand-angle.lavenir.net\/art-giratoire\/qui-choisit\/\"><div class=\"fusion-social-networks sharingbox-shortcode-icon-wrapper sharingbox-shortcode-icon-wrapper-1 boxed-icons\"><span><a href=\"https:\/\/www.facebook.com\/sharer.php?u=https%3A%2F%2Fgrand-angle.lavenir.net%2Fart-giratoire%2Fqui-choisit%2F&amp;t=Qui%20choisit%20%3F\" target=\"_blank\" rel=\"noreferrer\" title=\"Facebook\" aria-label=\"Facebook\" data-placement=\"top\" data-toggle=\"tooltip\" data-title=\"Facebook\"><i class=\"fusion-social-network-icon fusion-tooltip fusion-facebook awb-icon-facebook\" style=\"color:#ffffff;background-color:#3b5998;border-color:#3b5998;border-radius:64px;\" aria-hidden=\"true\"><\/i><\/a><\/span><span><a href=\"https:\/\/x.com\/intent\/post?text=Qui%20choisit%20%3F&amp;url=https%3A%2F%2Fgrand-angle.lavenir.net%2Fart-giratoire%2Fqui-choisit%2F\" target=\"_blank\" rel=\"noopener noreferrer\" title=\"X\" aria-label=\"X\" data-placement=\"top\" data-toggle=\"tooltip\" data-title=\"X\"><i class=\"fusion-social-network-icon fusion-tooltip fusion-twitter awb-icon-twitter\" style=\"color:#ffffff;background-color:#000000;border-color:#000000;border-radius:64px;\" aria-hidden=\"true\"><\/i><\/a><\/span><\/div><\/div><div class=\"fusion-clearfix\"><\/div><\/div><\/div><\/div><\/div><div class=\"fusion-fullwidth fullwidth-box fusion-builder-row-2 nonhundred-percent-fullwidth non-hundred-percent-height-scrolling\" style=\"--awb-border-radius-top-left:0px;--awb-border-radius-top-right:0px;--awb-border-radius-bottom-right:0px;--awb-border-radius-bottom-left:0px;--awb-flex-wrap:wrap;\" ><div class=\"fusion-builder-row fusion-row\"><div class=\"fusion-layout-column fusion_builder_column fusion-builder-column-1 fusion_builder_column_1_1 1_1 fusion-one-full fusion-column-first fusion-column-last\" style=\"--awb-bg-size:cover;\"><div class=\"fusion-column-wrapper fusion-flex-column-wrapper-legacy\"><div class=\"fusion-title title fusion-title-1 fusion-title-text fusion-title-size-one\" style=\"--awb-margin-top-small:10px;--awb-margin-right-small:0px;--awb-margin-bottom-small:10px;--awb-margin-left-small:0px;\"><h1 class=\"fusion-title-heading title-heading-left\" style=\"margin:0;\"><h1><strong>\u00c0 Namur, trois cas particuliers<\/strong><\/h1><\/h1><span class=\"awb-title-spacer\"><\/span><div class=\"title-sep-container\"><div class=\"title-sep sep-double sep-solid\" style=\"border-color:#e0dede;\"><\/div><\/div><\/div><div class=\"fusion-text fusion-text-2\"><p>Namur, capitale de la Wallonie, a vu pousser les ronds-points comme des champignons ces derni\u00e8res ann\u00e9es. Avec quelques \u0153uvres remarquables dont trois pr\u00e9sentent certaines particularit\u00e9s qui montrent aussi qu\u2019\u00e0 Namur, si on n\u2019a pas n\u00e9cessairement beaucoup de moyens, on a des id\u00e9es.<\/p>\n<\/div><div class=\"fusion-clearfix\"><\/div><\/div><\/div><div class=\"fusion-layout-column fusion_builder_column fusion-builder-column-2 fusion_builder_column_1_3 1_3 fusion-one-third fusion-column-first\" style=\"--awb-bg-size:cover;width:33.3333333333%;width:calc(33.3333333333% - ( ( 4% + 4% ) * 0.333333333333 ) );margin-right: 4%;\"><div class=\"fusion-column-wrapper fusion-flex-column-wrapper-legacy\"><div class=\"fusion-image-element in-legacy-container\" style=\"--awb-liftup-border-radius:0px;--awb-caption-title-font-family:var(--h2_typography-font-family);--awb-caption-title-font-weight:var(--h2_typography-font-weight);--awb-caption-title-font-style:var(--h2_typography-font-style);--awb-caption-title-size:var(--h2_typography-font-size);--awb-caption-title-transform:var(--h2_typography-text-transform);--awb-caption-title-line-height:var(--h2_typography-line-height);--awb-caption-title-letter-spacing:var(--h2_typography-letter-spacing);\"><div class=\"awb-image-frame awb-image-frame-1 imageframe-liftup\"><span class=\" fusion-imageframe imageframe-none imageframe-1\"><img decoding=\"async\" width=\"1024\" height=\"681\" title=\"1&#8212;Namur&#8212;echasseurs&#8212;Guy-Leclercq\" src=\"https:\/\/grand-angle.lavenir.net\/art-giratoire\/wp-content\/uploads\/sites\/13\/2017\/07\/1-Namur-echasseurs-Guy-Leclercq-1024x681.jpg\" alt class=\"img-responsive wp-image-98\" srcset=\"https:\/\/grand-angle.lavenir.net\/art-giratoire\/wp-content\/uploads\/sites\/13\/2017\/07\/1-Namur-echasseurs-Guy-Leclercq-200x133.jpg 200w, https:\/\/grand-angle.lavenir.net\/art-giratoire\/wp-content\/uploads\/sites\/13\/2017\/07\/1-Namur-echasseurs-Guy-Leclercq-400x266.jpg 400w, https:\/\/grand-angle.lavenir.net\/art-giratoire\/wp-content\/uploads\/sites\/13\/2017\/07\/1-Namur-echasseurs-Guy-Leclercq-600x399.jpg 600w, https:\/\/grand-angle.lavenir.net\/art-giratoire\/wp-content\/uploads\/sites\/13\/2017\/07\/1-Namur-echasseurs-Guy-Leclercq-800x532.jpg 800w, https:\/\/grand-angle.lavenir.net\/art-giratoire\/wp-content\/uploads\/sites\/13\/2017\/07\/1-Namur-echasseurs-Guy-Leclercq-1200x798.jpg 1200w\" sizes=\"(max-width: 800px) 100vw, 400px\" \/><\/span><\/div><\/div><div class=\"fusion-text fusion-text-3\"><p>Guy Leclercq<\/p>\n<\/div><div class=\"fusion-clearfix\"><\/div><\/div><\/div><div class=\"fusion-layout-column fusion_builder_column fusion-builder-column-3 fusion_builder_column_1_3 1_3 fusion-one-third\" style=\"--awb-bg-size:cover;width:33.3333333333%;width:calc(33.3333333333% - ( ( 4% + 4% ) * 0.333333333333 ) );margin-right: 4%;\"><div class=\"fusion-column-wrapper fusion-flex-column-wrapper-legacy\"><div class=\"fusion-image-element in-legacy-container\" style=\"--awb-liftup-border-radius:0px;--awb-caption-title-font-family:var(--h2_typography-font-family);--awb-caption-title-font-weight:var(--h2_typography-font-weight);--awb-caption-title-font-style:var(--h2_typography-font-style);--awb-caption-title-size:var(--h2_typography-font-size);--awb-caption-title-transform:var(--h2_typography-text-transform);--awb-caption-title-line-height:var(--h2_typography-line-height);--awb-caption-title-letter-spacing:var(--h2_typography-letter-spacing);\"><div class=\"awb-image-frame awb-image-frame-2 imageframe-liftup\"><span class=\" fusion-imageframe imageframe-none imageframe-2\"><img decoding=\"async\" width=\"1024\" height=\"652\" title=\"2&#8212;Namur&#8212;Strebelle&#8212;Olivier-Strebelle\" src=\"https:\/\/grand-angle.lavenir.net\/art-giratoire\/wp-content\/uploads\/sites\/13\/2017\/07\/2-Namur-Strebelle-Olivier-Strebelle-1024x652.jpg\" alt class=\"img-responsive wp-image-99\" srcset=\"https:\/\/grand-angle.lavenir.net\/art-giratoire\/wp-content\/uploads\/sites\/13\/2017\/07\/2-Namur-Strebelle-Olivier-Strebelle-200x127.jpg 200w, https:\/\/grand-angle.lavenir.net\/art-giratoire\/wp-content\/uploads\/sites\/13\/2017\/07\/2-Namur-Strebelle-Olivier-Strebelle-400x255.jpg 400w, https:\/\/grand-angle.lavenir.net\/art-giratoire\/wp-content\/uploads\/sites\/13\/2017\/07\/2-Namur-Strebelle-Olivier-Strebelle-600x382.jpg 600w, https:\/\/grand-angle.lavenir.net\/art-giratoire\/wp-content\/uploads\/sites\/13\/2017\/07\/2-Namur-Strebelle-Olivier-Strebelle-800x510.jpg 800w, https:\/\/grand-angle.lavenir.net\/art-giratoire\/wp-content\/uploads\/sites\/13\/2017\/07\/2-Namur-Strebelle-Olivier-Strebelle-1200x764.jpg 1200w\" sizes=\"(max-width: 800px) 100vw, 400px\" \/><\/span><\/div><\/div><div class=\"fusion-text fusion-text-4\"><p>Olivier Strebelle<\/p>\n<\/div><div class=\"fusion-clearfix\"><\/div><\/div><\/div><div class=\"fusion-layout-column fusion_builder_column fusion-builder-column-4 fusion_builder_column_1_3 1_3 fusion-one-third fusion-column-last\" style=\"--awb-bg-size:cover;width:33.3333333333%;width:calc(33.3333333333% - ( ( 4% + 4% ) * 0.333333333333 ) );\"><div class=\"fusion-column-wrapper fusion-flex-column-wrapper-legacy\"><div class=\"fusion-image-element in-legacy-container\" style=\"--awb-liftup-border-radius:0px;--awb-caption-title-font-family:var(--h2_typography-font-family);--awb-caption-title-font-weight:var(--h2_typography-font-weight);--awb-caption-title-font-style:var(--h2_typography-font-style);--awb-caption-title-size:var(--h2_typography-font-size);--awb-caption-title-transform:var(--h2_typography-text-transform);--awb-caption-title-line-height:var(--h2_typography-line-height);--awb-caption-title-letter-spacing:var(--h2_typography-letter-spacing);\"><div class=\"awb-image-frame awb-image-frame-3 imageframe-liftup\"><span class=\" fusion-imageframe imageframe-none imageframe-3\"><img decoding=\"async\" width=\"1024\" height=\"683\" title=\"3&#8212;-Namur-Albert&#8212;Victor-Demanet\" src=\"https:\/\/grand-angle.lavenir.net\/art-giratoire\/wp-content\/uploads\/sites\/13\/2017\/07\/3-Namur-Albert-Victor-Demanet-1024x683.jpg\" alt class=\"img-responsive wp-image-97\" srcset=\"https:\/\/grand-angle.lavenir.net\/art-giratoire\/wp-content\/uploads\/sites\/13\/2017\/07\/3-Namur-Albert-Victor-Demanet-200x133.jpg 200w, https:\/\/grand-angle.lavenir.net\/art-giratoire\/wp-content\/uploads\/sites\/13\/2017\/07\/3-Namur-Albert-Victor-Demanet-400x267.jpg 400w, https:\/\/grand-angle.lavenir.net\/art-giratoire\/wp-content\/uploads\/sites\/13\/2017\/07\/3-Namur-Albert-Victor-Demanet-600x400.jpg 600w, https:\/\/grand-angle.lavenir.net\/art-giratoire\/wp-content\/uploads\/sites\/13\/2017\/07\/3-Namur-Albert-Victor-Demanet-800x534.jpg 800w, https:\/\/grand-angle.lavenir.net\/art-giratoire\/wp-content\/uploads\/sites\/13\/2017\/07\/3-Namur-Albert-Victor-Demanet-1200x801.jpg 1200w\" sizes=\"(max-width: 800px) 100vw, 400px\" \/><\/span><\/div><\/div><div class=\"fusion-text fusion-text-5\"><p>Victor Demanet<\/p>\n<\/div><div class=\"fusion-clearfix\"><\/div><\/div><\/div><div class=\"fusion-layout-column fusion_builder_column fusion-builder-column-5 fusion_builder_column_1_1 1_1 fusion-one-full fusion-column-first fusion-column-last\" style=\"--awb-bg-size:cover;\"><div class=\"fusion-column-wrapper fusion-flex-column-wrapper-legacy\"><div class=\"fusion-text fusion-text-6\"><p>Ces cas particuliers d\u00e9montrent les multiples possibilit\u00e9s qu\u2019une Ville peut trouver pour financer les \u0153uvres d\u2019art pos\u00e9es sur le domaine publique.<\/p>\n<p>L\u2019\u00e9chevine de la Culture, C\u00e9cile Cr\u00e8vrecoeur, nous explique le parcours de ces trois \u0153uvres.<\/p>\n<h2><strong>Merci le MET<\/strong><\/h2>\n<p>Premier cas, celui des \u00c9chasseurs, dont nous vous avons racont\u00e9 les m\u00e9saventures par ailleurs. Cette \u0153uvre du namurois Guy Leclercq orne depuis pr\u00e8s de 20 ans le rond-point du square Arthur Masson. On se trouve ici face \u00e0 une situation assez classique d\u2019une \u0153uvre command\u00e9e \u00e0 un artiste par le MET (devenu SPW depuis).<\/p>\n<p>Il s\u2019agit d\u2019un bronze repr\u00e9sentant deux \u00e9chasseurs se livrant combat. Il est pos\u00e9 sur un bloc de granit de 18 tonnes provenant d\u2019une carri\u00e8re \u00e0 Andenne. Cette \u0153uvre a co\u00fbt\u00e9 \u00e0 l\u2019\u00e9poque environ 2,5 millions de francs (+\/- 62.500 \u20ac). Ce qui repr\u00e9sente un co\u00fbt habituel. La particularit\u00e9 ici est que c\u2019est le MET qui a pris en charge la totalit\u00e9 des co\u00fbts. Pour la Ville, c\u2019est cadeau. Reste pour elle le co\u00fbt de l\u2019entretien du bronze et de l\u2019assurance.<\/p>\n<p>\u00c0 ce sujet, la plupart des statues situ\u00e9es \u00e0 Namur sont couvertes par une assurance \u00ab\u00a0groupe\u00a0\u00bb. Elles font partie du patrimoine communal et sont assur\u00e9es dans un contrat de globalit\u00e9, elles ne sont pas assur\u00e9es \u00ab\u00a0\u00e0 la pi\u00e8ce\u00a0\u00bb (sauf le Strebelle).<\/p>\n<p>&nbsp;<\/p>\n<h2><strong>Un Strebelle \u00e0 l\u2019\u0153il<\/strong><\/h2>\n<p>Autre cas int\u00e9ressant, c\u2019est celui de l\u2019\u0153uvre d\u2019Olivier Strebelle, \u00ab\u00a0<em>\u00c0 bras ouverts<\/em>\u00a0\u00bb,<strong>\u00a0<\/strong>situ\u00e9e \u00e0 proximit\u00e9 du confluent\u00a0 Sambre et Meuse.<\/p>\n<p>C\u00e9cile Cr\u00e8vrecoeur\u00a0: \u00ab\u00a0<em>C\u2019est une \u0153uvre qui est en d\u00e9p\u00f4t suite \u00e0 une exposition \u2018\u2019\u00a0Parcours sculpture en ville\u00a0\u2018\u2019 qui \u00e9tait consacr\u00e9e \u00e0 Olivier Strebelle en 2014. Apr\u00e8s le d\u00e9montage de cette exposition (une douzaine d\u2019\u0153uvres en ville) et suite aux nombreuses r\u00e9actions positives du public, Olivier Strebelle a propos\u00e9 \u00e0 la Ville de laisser cette \u0153uvre sur place, en d\u00e9p\u00f4t. Il n\u2019y a pas de date limite \u00e0 ce d\u00e9p\u00f4t\/pr\u00eat.<\/em>\u00a0<em>L\u2019artiste ici ne demande rien en \u00e9change si ce n\u2019est que la Ville prenne en charge l\u2019assurance (2.500 \u20ac par an pour un montant assur\u00e9 de 240.000 \u20ac) et les frais d\u2019enl\u00e8vement le jour o\u00f9 il voudra la r\u00e9cup\u00e9rer (+\/- 5.000 \u20ac). Sauf si d\u2019ici l\u00e0, la Ville d\u00e9cide finalement de l\u2019acheter. Mais un achat n\u2019est pas \u00e0 l\u2019ordre du jour actuellement. Pour cela, il faudrait trouver un m\u00e9c\u00e8ne, un partenaire, \u2026<\/em>\u00bb<\/p>\n<p>Il s\u2019agit ici d\u2019un bronze qui a \u00e9t\u00e9 r\u00e9alis\u00e9 en 1999 et a \u00e9t\u00e9 install\u00e9 sur ce rond-point en 2014. C\u2019est de nouveau une op\u00e9ration quasiment blanche pour la Ville.<\/p>\n<p>&nbsp;<\/p>\n<h2><strong>La r\u00e9novation d\u2019Albert<\/strong><\/h2>\n<p>Enfin, la cas particulier de la statue \u00e9questre d\u2019Albert Ier\u00a0. Elle \u00e9tait situ\u00e9e au confluent de la Meuse et la Sambre depuis 1955. \u00c0 l\u2019\u00e9poque, ce tr\u00e8s grand bronze de pr\u00e8s de 5 m de haut et de 4 tonnes avait co\u00fbt\u00e9 7,4 millions de francs\u00a0!<\/p>\n<p>C\u00e9cile Cr\u00e8vrecoeur\u00a0: <em>\u00ab\u00a0Cette statue \u00e9questre a \u00e9t\u00e9 restaur\u00e9e et d\u00e9plac\u00e9e sur un nouveau rond-point avenue Albert Ier pour un co\u00fbt total de 175.346,79 \u20ac. En ce compris un montant forfaitaire de 150 \u20ac <\/em>(\u00a0!) <em>pour l\u2019arm\u00e9e qui a r\u00e9alis\u00e9 un spectaculaire d\u00e9m\u00e9nagement depuis le confluent vers le chantier naval de Beez o\u00f9 elle a \u00e9t\u00e9 restaur\u00e9e par une soci\u00e9t\u00e9 sp\u00e9cialis\u00e9e. Tous les co\u00fbts ont \u00e9t\u00e9 pris en charge par la Ville. Pas d\u2019aide ni de subside r\u00e9gionaux ici, malheureusement.<\/em>\u00a0\u00bb<\/p>\n<p>L\u2019entretien est assur\u00e9 par la Ville pour un co\u00fbt de +\/- 1.700 \u20ac tous les deux ans.<\/p>\n<\/div><div class=\"fusion-sharing-box fusion-sharing-box-2 boxed-icons has-taglines layout-floated layout-medium-floated layout-small-floated\" style=\"background-color:rgba(246,246,246,0);padding:0;--awb-layout:row;--awb-alignment-small:space-between;\" data-title=\"Qui choisit ?\" data-description=\"Co\u00fbt, anecdotes, coulisses.&lt;br \/&gt;\nTout ce que vous ne savez pas sur les ronds-points de Wallonie et leurs \u0153uvres d\u2019art\" data-link=\"https:\/\/grand-angle.lavenir.net\/art-giratoire\/qui-choisit\/\"><div class=\"fusion-social-networks sharingbox-shortcode-icon-wrapper sharingbox-shortcode-icon-wrapper-2 boxed-icons\"><span><a href=\"https:\/\/www.facebook.com\/sharer.php?u=https%3A%2F%2Fgrand-angle.lavenir.net%2Fart-giratoire%2Fqui-choisit%2F&amp;t=Qui%20choisit%20%3F\" target=\"_blank\" rel=\"noreferrer\" title=\"Facebook\" aria-label=\"Facebook\" data-placement=\"top\" data-toggle=\"tooltip\" data-title=\"Facebook\"><i class=\"fusion-social-network-icon fusion-tooltip fusion-facebook awb-icon-facebook\" style=\"color:#ffffff;background-color:#3b5998;border-color:#3b5998;border-radius:64px;\" aria-hidden=\"true\"><\/i><\/a><\/span><span><a href=\"https:\/\/x.com\/intent\/post?text=Qui%20choisit%20%3F&amp;url=https%3A%2F%2Fgrand-angle.lavenir.net%2Fart-giratoire%2Fqui-choisit%2F\" target=\"_blank\" rel=\"noopener noreferrer\" title=\"X\" aria-label=\"X\" data-placement=\"top\" data-toggle=\"tooltip\" data-title=\"X\"><i class=\"fusion-social-network-icon fusion-tooltip fusion-twitter awb-icon-twitter\" style=\"color:#ffffff;background-color:#000000;border-color:#000000;border-radius:64px;\" aria-hidden=\"true\"><\/i><\/a><\/span><\/div><\/div><div class=\"fusion-clearfix\"><\/div><\/div><\/div><\/div><\/div><\/p>\n","protected":false},"excerpt":{"rendered":"","protected":false},"author":1,"featured_media":0,"parent":0,"menu_order":0,"comment_status":"closed","ping_status":"closed","template":"","meta":{"footnotes":""},"class_list":["post-85","page","type-page","status-publish","hentry"],"_links":{"self":[{"href":"https:\/\/grand-angle.lavenir.net\/art-giratoire\/wp-json\/wp\/v2\/pages\/85","targetHints":{"allow":["GET"]}}],"collection":[{"href":"https:\/\/grand-angle.lavenir.net\/art-giratoire\/wp-json\/wp\/v2\/pages"}],"about":[{"href":"https:\/\/grand-angle.lavenir.net\/art-giratoire\/wp-json\/wp\/v2\/types\/page"}],"author":[{"embeddable":true,"href":"https:\/\/grand-angle.lavenir.net\/art-giratoire\/wp-json\/wp\/v2\/users\/1"}],"replies":[{"embeddable":true,"href":"https:\/\/grand-angle.lavenir.net\/art-giratoire\/wp-json\/wp\/v2\/comments?post=85"}],"version-history":[{"count":0,"href":"https:\/\/grand-angle.lavenir.net\/art-giratoire\/wp-json\/wp\/v2\/pages\/85\/revisions"}],"wp:attachment":[{"href":"https:\/\/grand-angle.lavenir.net\/art-giratoire\/wp-json\/wp\/v2\/media?parent=85"}],"curies":[{"name":"wp","href":"https:\/\/api.w.org\/{rel}","templated":true}]}}