{"id":126,"date":"2017-07-05T10:00:42","date_gmt":"2017-07-05T08:00:42","guid":{"rendered":"https:\/\/grand-angle.lavenir.net\/art-giratoire\/?page_id=126"},"modified":"2017-08-25T10:49:37","modified_gmt":"2017-08-25T08:49:37","slug":"conclusion","status":"publish","type":"page","link":"https:\/\/grand-angle.lavenir.net\/art-giratoire\/conclusion\/","title":{"rendered":"Conclusion"},"content":{"rendered":"<p><div class=\"fusion-fullwidth fullwidth-box fusion-builder-row-1 hundred-percent-fullwidth non-hundred-percent-height-scrolling\" style=\"--awb-border-radius-top-left:0px;--awb-border-radius-top-right:0px;--awb-border-radius-bottom-right:0px;--awb-border-radius-bottom-left:0px;--awb-flex-wrap:wrap;\" ><div class=\"fusion-builder-row fusion-row\"><div class=\"fusion-layout-column fusion_builder_column fusion-builder-column-0 fusion_builder_column_1_1 1_1 fusion-one-full fusion-column-first fusion-column-last\" style=\"--awb-bg-size:cover;\"><div class=\"fusion-column-wrapper fusion-flex-column-wrapper-legacy\"><div class=\"fusion-text fusion-text-1\"><p>Fl\u00e9malle \u2013 Robin Vokaer<\/p>\n<\/div><div class=\"fusion-clearfix\"><\/div><\/div><\/div><\/div><\/div><div class=\"fusion-fullwidth fullwidth-box fusion-builder-row-2 nonhundred-percent-fullwidth non-hundred-percent-height-scrolling\" style=\"--awb-border-radius-top-left:0px;--awb-border-radius-top-right:0px;--awb-border-radius-bottom-right:0px;--awb-border-radius-bottom-left:0px;--awb-flex-wrap:wrap;\" ><div class=\"fusion-builder-row fusion-row\"><div class=\"fusion-layout-column fusion_builder_column fusion-builder-column-1 fusion_builder_column_1_1 1_1 fusion-one-full fusion-column-first fusion-column-last\" style=\"--awb-bg-size:cover;\"><div class=\"fusion-column-wrapper fusion-flex-column-wrapper-legacy\"><div class=\"fusion-text fusion-text-2\"><p>Les \u0153uvres sur les ronds-points ont-elles leur utilit\u00e9\u00a0? La r\u00e9ponse est clairement oui. Mais il faut que les choix soient judicieux. Comme nous le pr\u00e9cisait Louis Richardeau, <em>si l\u2019art n\u2019est pas d\u2019aujourd\u2019hui, il est pass\u00e9iste. L\u2019art est toujours contemporain, \u00e9vitons le faux vieux, la nostalgie.<\/em><\/p>\n<p>Quant au c\u00f4t\u00e9 financier des choses, on ne peut que souligner les efforts des pouvoirs publics \u00e0 proposer des \u0153uvres de qualit\u00e9, dans des budgets \u00ab\u00a0contenus\u00a0\u00bb. Et lorsqu\u2019un m\u00e9c\u00e8ne intervient, tout le monde est finalement gagnant.<\/p>\n<p>Pour les passionn\u00e9s de la chose giratoire, sachez qu\u2019il existe plusieurs blogs qui recensent les ronds-points de France (principalement) et d\u2019ailleurs\u00a0:<\/p>\n<ul>\n<li>Blog rond-point\u00a0: <a href=\"https:\/\/trobenet.canalblog.com\/\" target=\"_blank\" rel=\"noopener\">https:\/\/trobenet.canalblog.com\/<\/a><\/li>\n<li>Le blog des ronds-points\u00a0: <a href=\"https:\/\/trobenet.over-blog.com\/\" target=\"_blank\" rel=\"noopener\">https:\/\/trobenet.over-blog.com\/<\/a><\/li>\n<\/ul>\n<\/div><div class=\"fusion-clearfix\"><\/div><\/div><\/div><\/div><\/div><div class=\"fusion-fullwidth fullwidth-box fusion-builder-row-3 nonhundred-percent-fullwidth non-hundred-percent-height-scrolling\" style=\"--awb-border-radius-top-left:0px;--awb-border-radius-top-right:0px;--awb-border-radius-bottom-right:0px;--awb-border-radius-bottom-left:0px;--awb-padding-top:10px;--awb-padding-right:20px;--awb-padding-bottom:20px;--awb-padding-left:10px;--awb-background-color:rgba(209,209,209,0.5);--awb-flex-wrap:wrap;\" ><div class=\"fusion-builder-row fusion-row\"><div class=\"fusion-layout-column fusion_builder_column fusion-builder-column-2 fusion_builder_column_1_1 1_1 fusion-one-full fusion-column-first fusion-column-last\" style=\"--awb-bg-size:cover;\"><div class=\"fusion-column-wrapper fusion-flex-column-wrapper-legacy\"><div class=\"fusion-text fusion-text-3\"><p>Textes, interviews, photos, vid\u00e9os\u00a0: Jacques Duchateau<\/p>\n<p>Sauf\u00a0: La fille au parapluie (in situ)\u00a0: Archives L\u2019Avenir \/ J\u00e9r\u00f4me Heymans<\/p>\n<p>Siop encha\u00een\u00e9\u00a0: extrait du JT de la RTBf\u00a0\u2013 Archives Sonuma<\/p>\n<p>Webmasters\u00a0: C\u00e9dric Dussart \u2013 Arnaud W\u00e9ry<\/p>\n<\/div><div class=\"fusion-sharing-box fusion-sharing-box-1 boxed-icons has-taglines layout-floated layout-medium-floated layout-small-floated\" style=\"background-color:rgba(246,246,246,0);padding:0;--awb-layout:row;--awb-alignment-small:space-between;\" data-title=\"Conclusion\" data-description=\"Co\u00fbt, anecdotes, coulisses.&lt;br \/&gt;\nTout ce que vous ne savez pas sur les ronds-points de Wallonie et leurs \u0153uvres d\u2019art\" data-link=\"https:\/\/grand-angle.lavenir.net\/art-giratoire\/conclusion\/\"><div class=\"fusion-social-networks sharingbox-shortcode-icon-wrapper sharingbox-shortcode-icon-wrapper-1 boxed-icons\"><span><a href=\"https:\/\/www.facebook.com\/sharer.php?u=https%3A%2F%2Fgrand-angle.lavenir.net%2Fart-giratoire%2Fconclusion%2F&amp;t=Conclusion\" target=\"_blank\" rel=\"noreferrer\" title=\"Facebook\" aria-label=\"Facebook\" data-placement=\"top\" data-toggle=\"tooltip\" data-title=\"Facebook\"><i class=\"fusion-social-network-icon fusion-tooltip fusion-facebook awb-icon-facebook\" style=\"color:#ffffff;background-color:#3b5998;border-color:#3b5998;border-radius:64px;\" aria-hidden=\"true\"><\/i><\/a><\/span><span><a href=\"https:\/\/x.com\/intent\/post?text=Conclusion&amp;url=https%3A%2F%2Fgrand-angle.lavenir.net%2Fart-giratoire%2Fconclusion%2F\" target=\"_blank\" rel=\"noopener noreferrer\" title=\"X\" aria-label=\"X\" data-placement=\"top\" data-toggle=\"tooltip\" data-title=\"X\"><i class=\"fusion-social-network-icon fusion-tooltip fusion-twitter awb-icon-twitter\" style=\"color:#ffffff;background-color:#000000;border-color:#000000;border-radius:64px;\" aria-hidden=\"true\"><\/i><\/a><\/span><\/div><\/div><div class=\"fusion-clearfix\"><\/div><\/div><\/div><\/div><\/div><\/p>\n","protected":false},"excerpt":{"rendered":"","protected":false},"author":1,"featured_media":0,"parent":0,"menu_order":0,"comment_status":"closed","ping_status":"closed","template":"100-width.php","meta":{"footnotes":""},"class_list":["post-126","page","type-page","status-publish","hentry"],"_links":{"self":[{"href":"https:\/\/grand-angle.lavenir.net\/art-giratoire\/wp-json\/wp\/v2\/pages\/126","targetHints":{"allow":["GET"]}}],"collection":[{"href":"https:\/\/grand-angle.lavenir.net\/art-giratoire\/wp-json\/wp\/v2\/pages"}],"about":[{"href":"https:\/\/grand-angle.lavenir.net\/art-giratoire\/wp-json\/wp\/v2\/types\/page"}],"author":[{"embeddable":true,"href":"https:\/\/grand-angle.lavenir.net\/art-giratoire\/wp-json\/wp\/v2\/users\/1"}],"replies":[{"embeddable":true,"href":"https:\/\/grand-angle.lavenir.net\/art-giratoire\/wp-json\/wp\/v2\/comments?post=126"}],"version-history":[{"count":0,"href":"https:\/\/grand-angle.lavenir.net\/art-giratoire\/wp-json\/wp\/v2\/pages\/126\/revisions"}],"wp:attachment":[{"href":"https:\/\/grand-angle.lavenir.net\/art-giratoire\/wp-json\/wp\/v2\/media?parent=126"}],"curies":[{"name":"wp","href":"https:\/\/api.w.org\/{rel}","templated":true}]}}