{"id":18,"date":"2019-06-04T11:50:45","date_gmt":"2019-06-04T09:50:45","guid":{"rendered":"https:\/\/grand-angle.lavenir.net\/albert-2-sa-vie-en-images\/?page_id=18"},"modified":"2019-06-05T14:11:43","modified_gmt":"2019-06-05T12:11:43","slug":"85-ans-dalbert-ii-sa-vie-en-images","status":"publish","type":"page","link":"https:\/\/grand-angle.lavenir.net\/albert-2-sa-vie-en-images\/","title":{"rendered":"85 ans d&rsquo;Albert II : sa vie en images"},"content":{"rendered":"<p><div class=\"fusion-fullwidth fullwidth-box fusion-builder-row-1 hundred-percent-fullwidth non-hundred-percent-height-scrolling fusion-no-small-visibility fusion-no-medium-visibility\" style=\"--awb-border-radius-top-left:0px;--awb-border-radius-top-right:0px;--awb-border-radius-bottom-right:0px;--awb-border-radius-bottom-left:0px;--awb-flex-wrap:wrap;\" ><div class=\"fusion-builder-row fusion-row\"><div class=\"fusion-layout-column fusion_builder_column fusion-builder-column-0 fusion_builder_column_1_1 1_1 fusion-one-full fusion-column-first fusion-column-last\" style=\"--awb-bg-size:cover;\"><div class=\"fusion-column-wrapper fusion-column-has-shadow fusion-flex-column-wrapper-legacy\">[rev_slider alias=\u00a0\u00bbalbert\u00a0\u00bb \/]<div class=\"fusion-clearfix\"><\/div><\/div><\/div><\/div><\/div><div class=\"fusion-fullwidth fullwidth-box fusion-builder-row-2 nonhundred-percent-fullwidth non-hundred-percent-height-scrolling fusion-no-large-visibility\" style=\"--awb-border-radius-top-left:0px;--awb-border-radius-top-right:0px;--awb-border-radius-bottom-right:0px;--awb-border-radius-bottom-left:0px;--awb-flex-wrap:wrap;\" ><div class=\"fusion-builder-row fusion-row\"><div class=\"fusion-layout-column fusion_builder_column fusion-builder-column-1 fusion_builder_column_1_1 1_1 fusion-one-full fusion-column-first fusion-column-last\" style=\"--awb-bg-size:cover;\"><div class=\"fusion-column-wrapper fusion-column-has-shadow fusion-flex-column-wrapper-legacy\">[rev_slider alias=\u00a0\u00bbalbert-mobile\u00a0\u00bb \/]<div class=\"fusion-clearfix\"><\/div><\/div><\/div><\/div><\/div><\/p>\n","protected":false},"excerpt":{"rendered":"","protected":false},"author":1,"featured_media":0,"parent":0,"menu_order":0,"comment_status":"closed","ping_status":"closed","template":"100-width.php","meta":{"footnotes":""},"class_list":["post-18","page","type-page","status-publish","hentry"],"yoast_head":"<!-- This site is optimized with the Yoast SEO plugin v27.1.1 - https:\/\/yoast.com\/product\/yoast-seo-wordpress\/ -->\n<title>85 ans d&#039;Albert II : sa vie en images<\/title>\n<meta name=\"description\" content=\"Ce 6 juin 2019, le roi Albert II f\u00eate ses 85 ans. Retour en images sur les \u00e9v\u00e9nements marquants de sa vie.\" \/>\n<meta name=\"robots\" content=\"index, follow, max-snippet:-1, max-image-preview:large, max-video-preview:-1\" \/>\n<link rel=\"canonical\" href=\"https:\/\/grand-angle.lavenir.net\/albert-2-sa-vie-en-images\/\" \/>\n<meta property=\"og:locale\" content=\"fr_FR\" \/>\n<meta property=\"og:type\" content=\"article\" \/>\n<meta property=\"og:title\" content=\"85 ans d&#039;Albert II : sa vie en images\" \/>\n<meta property=\"og:description\" content=\"Ce 6 juin 2019, le roi Albert II f\u00eate ses 85 ans. Retour en images sur les \u00e9v\u00e9nements marquants de sa vie.\" \/>\n<meta property=\"og:url\" content=\"https:\/\/grand-angle.lavenir.net\/albert-2-sa-vie-en-images\/\" \/>\n<meta property=\"og:site_name\" content=\"Albert II - Sa vie en images\" \/>\n<meta property=\"article:modified_time\" content=\"2019-06-05T12:11:43+00:00\" \/>\n<meta name=\"twitter:card\" content=\"summary_large_image\" \/>\n<meta name=\"twitter:label1\" content=\"Dur\u00e9e de lecture est.\" \/>\n\t<meta name=\"twitter:data1\" content=\"2 minutes\" \/>\n<script type=\"application\/ld+json\" class=\"yoast-schema-graph\">{\"@context\":\"https:\/\/schema.org\",\"@graph\":[{\"@type\":\"WebPage\",\"@id\":\"https:\/\/grand-angle.lavenir.net\/albert-2-sa-vie-en-images\/\",\"url\":\"https:\/\/grand-angle.lavenir.net\/albert-2-sa-vie-en-images\/\",\"name\":\"85 ans d'Albert II : sa vie en images\",\"isPartOf\":{\"@id\":\"https:\/\/grand-angle.lavenir.net\/albert-2-sa-vie-en-images\/#website\"},\"datePublished\":\"2019-06-04T09:50:45+00:00\",\"dateModified\":\"2019-06-05T12:11:43+00:00\",\"description\":\"Ce 6 juin 2019, le roi Albert II f\u00eate ses 85 ans. Retour en images sur les \u00e9v\u00e9nements marquants de sa vie.\",\"breadcrumb\":{\"@id\":\"https:\/\/grand-angle.lavenir.net\/albert-2-sa-vie-en-images\/#breadcrumb\"},\"inLanguage\":\"fr-BE\",\"potentialAction\":[{\"@type\":\"ReadAction\",\"target\":[\"https:\/\/grand-angle.lavenir.net\/albert-2-sa-vie-en-images\/\"]}]},{\"@type\":\"BreadcrumbList\",\"@id\":\"https:\/\/grand-angle.lavenir.net\/albert-2-sa-vie-en-images\/#breadcrumb\",\"itemListElement\":[{\"@type\":\"ListItem\",\"position\":1,\"name\":\"Home\",\"item\":\"https:\/\/grand-angle.lavenir.net\/albert-2-sa-vie-en-images\/\"},{\"@type\":\"ListItem\",\"position\":2,\"name\":\"85 ans d&rsquo;Albert II : sa vie en images\"}]},{\"@type\":\"WebSite\",\"@id\":\"https:\/\/grand-angle.lavenir.net\/albert-2-sa-vie-en-images\/#website\",\"url\":\"https:\/\/grand-angle.lavenir.net\/albert-2-sa-vie-en-images\/\",\"name\":\"Albert II - Sa vie en images\",\"description\":\"Ce 6 juin 2019, le roi Albert II f\u00eate ses 85 ans. Retour en images sur les \u00e9v\u00e9nements marquants de sa vie.\",\"potentialAction\":[{\"@type\":\"SearchAction\",\"target\":{\"@type\":\"EntryPoint\",\"urlTemplate\":\"https:\/\/grand-angle.lavenir.net\/albert-2-sa-vie-en-images\/?s={search_term_string}\"},\"query-input\":{\"@type\":\"PropertyValueSpecification\",\"valueRequired\":true,\"valueName\":\"search_term_string\"}}],\"inLanguage\":\"fr-BE\"}]}<\/script>\n<!-- \/ Yoast SEO plugin. -->","yoast_head_json":{"title":"85 ans d'Albert II : sa vie en images","description":"Ce 6 juin 2019, le roi Albert II f\u00eate ses 85 ans. Retour en images sur les \u00e9v\u00e9nements marquants de sa vie.","robots":{"index":"index","follow":"follow","max-snippet":"max-snippet:-1","max-image-preview":"max-image-preview:large","max-video-preview":"max-video-preview:-1"},"canonical":"https:\/\/grand-angle.lavenir.net\/albert-2-sa-vie-en-images\/","og_locale":"fr_FR","og_type":"article","og_title":"85 ans d'Albert II : sa vie en images","og_description":"Ce 6 juin 2019, le roi Albert II f\u00eate ses 85 ans. Retour en images sur les \u00e9v\u00e9nements marquants de sa vie.","og_url":"https:\/\/grand-angle.lavenir.net\/albert-2-sa-vie-en-images\/","og_site_name":"Albert II - Sa vie en images","article_modified_time":"2019-06-05T12:11:43+00:00","twitter_card":"summary_large_image","twitter_misc":{"Dur\u00e9e de lecture est.":"2 minutes"},"schema":{"@context":"https:\/\/schema.org","@graph":[{"@type":"WebPage","@id":"https:\/\/grand-angle.lavenir.net\/albert-2-sa-vie-en-images\/","url":"https:\/\/grand-angle.lavenir.net\/albert-2-sa-vie-en-images\/","name":"85 ans d'Albert II : sa vie en images","isPartOf":{"@id":"https:\/\/grand-angle.lavenir.net\/albert-2-sa-vie-en-images\/#website"},"datePublished":"2019-06-04T09:50:45+00:00","dateModified":"2019-06-05T12:11:43+00:00","description":"Ce 6 juin 2019, le roi Albert II f\u00eate ses 85 ans. Retour en images sur les \u00e9v\u00e9nements marquants de sa vie.","breadcrumb":{"@id":"https:\/\/grand-angle.lavenir.net\/albert-2-sa-vie-en-images\/#breadcrumb"},"inLanguage":"fr-BE","potentialAction":[{"@type":"ReadAction","target":["https:\/\/grand-angle.lavenir.net\/albert-2-sa-vie-en-images\/"]}]},{"@type":"BreadcrumbList","@id":"https:\/\/grand-angle.lavenir.net\/albert-2-sa-vie-en-images\/#breadcrumb","itemListElement":[{"@type":"ListItem","position":1,"name":"Home","item":"https:\/\/grand-angle.lavenir.net\/albert-2-sa-vie-en-images\/"},{"@type":"ListItem","position":2,"name":"85 ans d&rsquo;Albert II : sa vie en images"}]},{"@type":"WebSite","@id":"https:\/\/grand-angle.lavenir.net\/albert-2-sa-vie-en-images\/#website","url":"https:\/\/grand-angle.lavenir.net\/albert-2-sa-vie-en-images\/","name":"Albert II - Sa vie en images","description":"Ce 6 juin 2019, le roi Albert II f\u00eate ses 85 ans. Retour en images sur les \u00e9v\u00e9nements marquants de sa vie.","potentialAction":[{"@type":"SearchAction","target":{"@type":"EntryPoint","urlTemplate":"https:\/\/grand-angle.lavenir.net\/albert-2-sa-vie-en-images\/?s={search_term_string}"},"query-input":{"@type":"PropertyValueSpecification","valueRequired":true,"valueName":"search_term_string"}}],"inLanguage":"fr-BE"}]}},"_links":{"self":[{"href":"https:\/\/grand-angle.lavenir.net\/albert-2-sa-vie-en-images\/wp-json\/wp\/v2\/pages\/18","targetHints":{"allow":["GET"]}}],"collection":[{"href":"https:\/\/grand-angle.lavenir.net\/albert-2-sa-vie-en-images\/wp-json\/wp\/v2\/pages"}],"about":[{"href":"https:\/\/grand-angle.lavenir.net\/albert-2-sa-vie-en-images\/wp-json\/wp\/v2\/types\/page"}],"author":[{"embeddable":true,"href":"https:\/\/grand-angle.lavenir.net\/albert-2-sa-vie-en-images\/wp-json\/wp\/v2\/users\/1"}],"replies":[{"embeddable":true,"href":"https:\/\/grand-angle.lavenir.net\/albert-2-sa-vie-en-images\/wp-json\/wp\/v2\/comments?post=18"}],"version-history":[{"count":0,"href":"https:\/\/grand-angle.lavenir.net\/albert-2-sa-vie-en-images\/wp-json\/wp\/v2\/pages\/18\/revisions"}],"wp:attachment":[{"href":"https:\/\/grand-angle.lavenir.net\/albert-2-sa-vie-en-images\/wp-json\/wp\/v2\/media?parent=18"}],"curies":[{"name":"wp","href":"https:\/\/api.w.org\/{rel}","templated":true}]}}